{"id":1188,"date":"2022-07-26T14:15:57","date_gmt":"2022-07-26T14:15:57","guid":{"rendered":"https:\/\/nazcatrips.webja.pt\/?post_type=product&#038;p=1188"},"modified":"2026-04-03T16:14:41","modified_gmt":"2026-04-03T16:14:41","slug":"nazca-lines-islas-ballestas-and-huacachina-oasis-private-transport-from-lima","status":"publish","type":"product","link":"https:\/\/nazcatrips.com\/de\/shop\/nazca-lines\/nazca-linien-islas-ballestas-und-huacachina-oasis-privater-transport-von-lima\/","title":{"rendered":"Nazca-Linien, Islas Ballestas und Huacachina-Oase (Privater Transport von Lima)"},"content":{"rendered":"<h3>Reiseplan<\/h3>\n<p><strong>Tag 01 - Lima nach Paracas, Ballestas-Inseln, Naturschutzgebiet und Huacachina-Oase.<\/strong><\/p>\n<p>4:15 Uhr. Unsere Tour zu den geheimnisvollen Nazca-Linien beginnt.<\/p>\n<p>Unsere Kunden werden von ihrem jeweiligen Hotel oder vom Flughafen Lima abgeholt und dann f\u00fcr eine 3-st\u00fcndige Fahrt nach Paracas gebracht. Und 15 Min. Durch die weltber\u00fchmte Pan-American Highway South.<\/p>\n<p>Ankunft in der Stadt Paracas um ca. 7:35 Uhr. Sie werden von unserem offiziellen Reiseleiter begleitet und zum Hafen von Paracas gebracht. Dann werden wir in der Exkursion in Abstimmung zu den bereits ber\u00fchmten Galapagos von Peru eintauchen!<\/p>\n<p>08:00 Uhr. Beginn der Tour, die 2.00 Stunden dauern wird. Die Ballestas-Inseln. Sie sind die Hauptattraktion der Tierwelt von Paracas. Sie werden viele exotische Arten von V\u00f6geln und Meereslebewesen finden, einige einzigartig in Peru.<\/p>\n<p>Diese zweist\u00fcndige Tour zu den ber\u00fchmtesten Inseln Perus erm\u00f6glicht es Ihnen, herrliche, von der Natur geformte Felsformationen zu bewundern und ist die Heimat der Humboldt-Pinguine, der Seel\u00f6wen S\u00fcdamerikas und einer Vielzahl von Seev\u00f6geln. Gleichzeitig k\u00f6nnen wir den ber\u00fchmten Geoglifo, den Kandelaber, sehen. Wir werden das gro\u00dfe historische Erbe der Menschen im alten Peru bewundern und respektieren.<\/p>\n<p>10:00 Uhr. Freie Zeit Um ein gutes Fr\u00fchst\u00fcck zu haben und Ihre Batterien f\u00fcr die n\u00e4chste Tour zum Paracas Naturreservat aufzuladen.<\/p>\n<p>11:00 Uhr. Wir beginnen unsere Tour zum Paracas-Naturreservat. Das Paracas-Nationalreservat ist eines der gr\u00f6\u00dften Meeresreservate in Peru und beherbergt mehr als 200 Vogelarten und eine gro\u00dfe Anzahl von Meeresarten.<\/p>\n<p>Auf der Tour zum Nationalreservat von Paracas k\u00f6nnen wir nicht nur fabelhafte Meeres- und W\u00fcstenlandschaften genie\u00dfen, sondern auch etwas \u00fcber die alten Paracas-Menschen erfahren, die rote Haare hatten (in Peru gibt es keine roten Haare .... ) und auch \u00fcber die l\u00e4nglichen Sch\u00e4del staunen (einige Forscher glauben, dass sie G\u00f6tter waren).<\/p>\n<p>14:00 Uhr. Wir werden eine Stunde Zeit haben, um zu Mittag zu essen, um dann direkt zur Oase Huacachina in Ica zu fahren; diese Fahrt wird nur 1 Stunde dauern.<\/p>\n<p>16:00 Uhr. Nach der Ankunft in der Oase von Amerika - Huacachina. Sp\u00e4ter machen Sie eine aufregende Fahrt im Buggy (Sandautos), w\u00e4hrend Sie gleichzeitig die H\u00e4nge der D\u00fcnen \u00fcberqueren und sich auf Brettern oder Skiern die D\u00fcne hinunterwagen k\u00f6nnen. Dies kann im Stehen, Bauch oder im Sitzen geschehen.<\/p>\n<p>Diese Abenteuertour in den Sandd\u00fcnen verspricht, Sie mit Adrenalin zu erf\u00fcllen und Ihr Herz bis zu 1000 Mal pro Stunde beschleunigen zu lassen!<\/p>\n<p>Am Ende der Abenteuertour bringen wir Sie zu Ihrem Hotel, wo Sie die Nacht verbringen.<\/p>\n<p><strong>Tag 02. \u00dcberflug der Nazca-Linien, Cantalloc-Aqu\u00e4dukte und R\u00fcckkehr nach Lima.<\/strong><\/p>\n<p>07:00 Uhr Wir holen Sie von Ihrem Hotel ab und bringen Sie in die Stadt Nazca. Diese Reise wird 2 Stunden und 30 Minuten dauern.<\/p>\n<p>9:30 Uhr. Nach Ihrer Ankunft in der Stadt der geheimnisvollen Nnazca-Linien werden Sie von unserem offiziellen Fremdenf\u00fchrer auf dem Flugplatz Mar\u00eda Reiche empfangen.<\/p>\n<p>Am Flugplatz werden wir die Daten mit dem Pass best\u00e4tigen und wir werden die besten Ratschl\u00e4ge geben, um einen gro\u00dfartigen \u00dcberflug zu den Ahnenlinien von Nazca zu genie\u00dfen. Bevor wir die Abflugzone betreten, wird unser F\u00fchrer eine historische Kontextualisierung der faszinierenden Nazca-Linien geben.<\/p>\n<p>Das Gebiet, in dem sich die Nazca-Linien befinden, ist 500 km2 gro\u00df. Dort sehen Sie die folgenden Figuren und Linien: Der Wal, das Trapez, der Astronaut, der Affe, der Hund, der Kolibri, der Kondor, die Spinne, der Fregattvogel, der Papagei, der Baum und die H\u00e4nde (Sie werden auch die restaurierte Figur der Eidechse sehen). Einige der Figuren sind mehr als 300 Meter lang und die meisten k\u00f6nnen nur aus der Luft betrachtet werden. Wer hat sie geschaffen und wozu, wenn man sie nur vom Himmel aus sehen kann?<\/p>\n<p>Dieser \u00dcberflug verspricht, Sie auf eine Reise in die Vergangenheit mitzunehmen und Ihnen eines der gr\u00f6\u00dften Wunder der Erde n\u00e4her zu bringen.<\/p>\n<p>Nachdem Sie eines der besten Erlebnisse Ihres Lebens genossen haben, wird unser Reiseleiter aufmerksam auf die Landung warten. Sp\u00e4ter fahren wir Sie ins Zentrum der Stadt. Genie\u00dfen Sie ein schmackhaftes Touristenmen\u00fc in einem der empfehlenswertesten Restaurants der Stadt (das Mittagessen ist nicht inbegriffen).<\/p>\n<p>Um 12:00 Uhr sind wir mit unserem Programm fertig und je nach Wunsch fahren wir zur\u00fcck nach Lima, wo wir um 17:00 bis 18:00 Uhr ankommen. Optional k\u00f6nnen wir sp\u00e4ter eine kurze Landtour machen, um mehr \u00fcber die faszinierende Nasca-Zivilisation zu erfahren. Der Besuch eines der gr\u00f6\u00dften Ausdr\u00fccke des Wasserbaus, die ber\u00fchmten Aqu\u00e4dukte von Cantalloc oder der faszinierende Friedhof von Chauchilla (wenn Sie diese optionale Tour genommen haben, f\u00fcgen Sie 02 Stunden mehr zum Programm hinzu), diese optionale Tour kostet 30 usd pro Person.<\/p>\n<p>Am Ende der Tour werden wir uns von der faszinierenden Nazca-Zivilisation verabschieden und in die Stadt der K\u00f6nige - Lima - zur\u00fcckkehren.<\/p>\n<p>Dankbar, dass Sie uns f\u00fcr Ihren Besuch in der tausendj\u00e4hrigen und erstaunlichen Nazca Linien und Paracas Kultur w\u00e4hlen. Wird das Ende unserer Dienstleistungen sein.<\/p>\n<h3>Ausschl\u00fcsse im Dienst<\/h3>\n<p>Touristenf\u00fchrer auf der Strecke.<br \/>\n\u00dcbernachtung in Ica.<br \/>\nAlle Arten von Mahlzeiten.<\/p>\n<h3>Zus\u00e4tzliche Informationen<\/h3>\n<p>Diese Tour muss mindestens 01 Tag vor dem Reisedatum gebucht werden, indem Sie eine E-Mail an info@nazcatrips.com senden.<br \/>\nWir beantworten gerne alle Fragen, die Sie haben. Wir ben\u00f6tigen mindestens 2 Kunden f\u00fcr die Durchf\u00fchrung dieser Tour<\/p>","protected":false},"excerpt":{"rendered":"<h3>\u00dcber Islas Ballestas<\/h3>\n<p>Die kleine Stadt Paracas, 260 Kilometer s\u00fcdlich von Lima, ist der Ausgangspunkt, um das gr\u00f6\u00dfte Naturschutzgebiet Perus kennen zu lernen: das Paracas National Reserve. In dieser Region ist eine Gruppe von Inselchen namens Islas Ballestas ein Muss.<\/p>","protected":false},"featured_media":1189,"template":"","meta":{"_acf_changed":false},"product_brand":[],"product_cat":[39,23],"product_tag":[],"class_list":{"0":"post-1188","1":"product","2":"type-product","3":"status-publish","4":"has-post-thumbnail","6":"product_cat-nazca-lines","7":"product_cat-nazca-tour","8":"wt_location-lima","10":"first","11":"instock","12":"sold-individually","13":"shipping-taxable","14":"purchasable","15":"product-type-simple"},"acf":{"resumo_email":""},"_links":{"self":[{"href":"https:\/\/nazcatrips.com\/de\/wp-json\/wp\/v2\/product\/1188","targetHints":{"allow":["GET"]}}],"collection":[{"href":"https:\/\/nazcatrips.com\/de\/wp-json\/wp\/v2\/product"}],"about":[{"href":"https:\/\/nazcatrips.com\/de\/wp-json\/wp\/v2\/types\/product"}],"wp:featuredmedia":[{"embeddable":true,"href":"https:\/\/nazcatrips.com\/de\/wp-json\/wp\/v2\/media\/1189"}],"wp:attachment":[{"href":"https:\/\/nazcatrips.com\/de\/wp-json\/wp\/v2\/media?parent=1188"}],"wp:term":[{"taxonomy":"product_brand","embeddable":true,"href":"https:\/\/nazcatrips.com\/de\/wp-json\/wp\/v2\/product_brand?post=1188"},{"taxonomy":"product_cat","embeddable":true,"href":"https:\/\/nazcatrips.com\/de\/wp-json\/wp\/v2\/product_cat?post=1188"},{"taxonomy":"product_tag","embeddable":true,"href":"https:\/\/nazcatrips.com\/de\/wp-json\/wp\/v2\/product_tag?post=1188"}],"curies":[{"name":"wp","href":"https:\/\/api.w.org\/{rel}","templated":true}]}}