{"id":1190,"date":"2022-07-26T14:28:32","date_gmt":"2022-07-26T14:28:32","guid":{"rendered":"https:\/\/nazcatrips.webja.pt\/?post_type=product&#038;p=1190"},"modified":"2025-07-24T19:30:35","modified_gmt":"2025-07-24T19:30:35","slug":"nazca-lines-islas-ballestas-and-huacachina-oasis-tourist-bus-from-lima","status":"publish","type":"product","link":"https:\/\/nazcatrips.com\/de\/shop\/nazca-lines\/nazca-lines-islas-ballestas-und-huacachina-oasis-touristenbus-von-lima\/","title":{"rendered":"Nazca-Linien, Islas Ballestas und Huacachina-Oase (Touristenbus von Lima)"},"content":{"rendered":"<h3 style=\"padding-left: 40px\">Reiseplan<\/h3>\n<p><strong>Tag 01 - Lima nach Paracas, Ballestas-Inseln, Naturschutzgebiet und Huacachina-Oase.<\/strong><\/p>\n<p>4:15 Uhr. Unser Tour zu den geheimnisvollen Nazca-Linien wird beginnen.<\/p>\n<p>Unsere Kunden werden von ihrem jeweiligen Hotel abgeholt und zum Busterminal gebracht, von wo aus sie eine 3-st\u00fcndige Fahrt antreten. Und 15 Min. \u00dcber die weltber\u00fchmte Panamericana S\u00fcd.<\/p>\n<p>Ankunft in der Stadt Paracas um ca. 7:15 Uhr. Sie werden von unserem offiziellen Reiseleiter begleitet und zum Hafen von Paracas gebracht. Dann werden wir in der Exkursion in Abstimmung zu den bereits ber\u00fchmten Galapagos von Peru eintauchen!<\/p>\n<p>08:00 Uhr. Beginn der Tour, die 2.00 Stunden dauern wird. Die Ballestas-Inseln. Sie sind die Hauptattraktion der Tierwelt von Paracas. Sie werden viele exotische Arten von V\u00f6geln und Meereslebewesen finden, einige einzigartig in Peru.<\/p>\n<p>Diese zweist\u00fcndige Tour zu den ber\u00fchmtesten Inseln Perus erm\u00f6glicht es Ihnen, herrliche, von der Natur geformte Felsformationen zu bewundern und ist die Heimat der Humboldt-Pinguine, der Seel\u00f6wen S\u00fcdamerikas und einer Vielzahl von Seev\u00f6geln. Gleichzeitig k\u00f6nnen wir den ber\u00fchmten Geoglifo, den Kandelaber, sehen. Wir werden das gro\u00dfe historische Erbe der Menschen im alten Peru bewundern und respektieren.<\/p>\n<p>10:00 Uhr. Freie Zeit Um ein gutes Fr\u00fchst\u00fcck zu haben und Ihre Batterien f\u00fcr die n\u00e4chste Tour zum Paracas Naturreservat aufzuladen.<\/p>\n<p>11:00 Uhr. Wir beginnen unsere Tour zum Paracas-Naturreservat. Das Paracas-Nationalreservat ist eines der gr\u00f6\u00dften Meeresreservate in Peru und beherbergt mehr als 200 Vogelarten und eine gro\u00dfe Anzahl von Meeresarten.<\/p>\n<p>Auf der Tour zum Nationalreservat von Paracas k\u00f6nnen wir nicht nur fabelhafte Meeres- und W\u00fcstenlandschaften genie\u00dfen, sondern auch etwas \u00fcber die alten Paracas-Menschen erfahren, die rote Haare hatten (in Peru gibt es keine roten Haare.... ) und auch \u00fcber die l\u00e4nglichen Sch\u00e4del staunen (einige Forscher glauben, dass sie G\u00f6tter waren).<\/p>\n<p>14:00 Uhr. Wir werden eine Stunde Zeit haben, um zu Mittag zu essen, dann werden sie zum Busbahnhof gebracht, wo sie in die Stadt Ica einsteigen werden.<\/p>\n<p>16:45 Uhr Nach der Ankunft in der Stadt Ica werden Sie von unserem offiziellen Reiseleiter begleitet und in die Oase Amerikas - Huacachina - gebracht. Sp\u00e4ter werden Sie eine aufregende Fahrt in einem Buggy (Sandauto) machen, w\u00e4hrend Sie gleichzeitig die H\u00e4nge der D\u00fcnen \u00fcberqueren und sich auf Brettern oder Skiern die D\u00fcne hinunterwagen k\u00f6nnen. Dies kann im Stehen, Bauch oder im Sitzen geschehen.<\/p>\n<p>Diese Abenteuertour in den Sandd\u00fcnen verspricht, Sie mit Adrenalin zu erf\u00fcllen und Ihr Herz bis zu 1000 Mal pro Stunde beschleunigen zu lassen!<\/p>\n<p>Am Ende der Abenteuertour bringen wir Sie zu Ihrem Hotel, wo Sie die Nacht verbringen.<\/p>\n<p><strong>Tag 02. \u00dcberflug der Nazca-Linien, Cantalloc-Aqu\u00e4dukte und R\u00fcckkehr nach Lima.<\/strong><\/p>\n<p>08:45 Uhr Wir holen Sie von Ihrem Hotel ab und bringen Sie zum Busterminal, wo Sie in den Bus einsteigen und zur Stadt Nasca fahren. Die Fahrt wird 2 Stunden und 30 Minuten dauern.<\/p>\n<p>11:30 Uhr Nach Ihrer Ankunft in der Stadt der geheimnisvollen Nnazca-Linien werden Sie von unserem offiziellen Fremdenf\u00fchrer begleitet und zum Flugplatz Mar\u00eda Reiche gebracht.<\/p>\n<p>Am Flugplatz werden wir die Daten mit dem Pass best\u00e4tigen und wir werden die besten Ratschl\u00e4ge geben, um einen gro\u00dfartigen \u00dcberflug zu den Ahnenlinien von Nazca zu genie\u00dfen. Bevor wir die Abflugzone betreten, wird unser F\u00fchrer eine historische Kontextualisierung der faszinierenden Nazca-Linien geben.<\/p>\n<p>Das Gebiet, in dem sich die Nazca-Linien befinden, ist 500 km2 gro\u00df. Dort sehen Sie die folgenden Figuren und Linien: Der Wal, das Trapez, der Astronaut, der Affe, der Hund, der Kolibri, der Kondor, die Spinne, der Fregattvogel, der Papagei, der Baum und die H\u00e4nde (Sie werden auch die restaurierte Figur der Eidechse sehen). Einige der Figuren sind mehr als 300 Meter lang und die meisten k\u00f6nnen nur aus der Luft betrachtet werden. Wer hat sie geschaffen und wozu, wenn man sie nur vom Himmel aus sehen kann?<\/p>\n<p>Dieser \u00dcberflug verspricht, Sie auf eine Reise in die Vergangenheit mitzunehmen und Ihnen eines der gr\u00f6\u00dften Wunder der Erde n\u00e4her zu bringen.<\/p>\n<p>Nachdem Sie eines der besten Erlebnisse Ihres Lebens genossen haben, wird unser Reiseleiter aufmerksam auf die Landung warten. Um Sie dann ins Zentrum der Stadt zu fahren. Um ein leckeres Touristenmen\u00fc in einem der empfehlenswertesten Restaurants der Stadt zu genie\u00dfen.<\/p>\n<p>Sp\u00e4ter werden wir eine kurze Landtour unternehmen, um mehr \u00fcber die faszinierende Nasca-Zivilisation zu erfahren. Wir besichtigen einen der gr\u00f6\u00dften Ausdr\u00fccke des Wasserbaus, die ber\u00fchmten Aqu\u00e4dukte von Cantalloc oder den faszinierenden Friedhof von Chauchilla.<\/p>\n<p>Am Ende der Tour kehren wir in die Stadt zur\u00fcck und fahren dann zum Busterminal.<\/p>\n<p>Um 4:10 oder 4:15 Uhr besteigen Sie einen Bus f\u00fcr Ihre gro\u00dfe R\u00fcckkehr in die Stadt der K\u00f6nige.<\/p>\n<p>Bei Ihrer Ankunft wird unser Fahrer \/ Vertreter auf Sie warten, um Sie zu Ihrem jeweiligen Hotel zu bringen.<\/p>\n<p>Dankbar, dass Sie uns f\u00fcr Ihren Besuch in der tausendj\u00e4hrigen und erstaunlichen nazca Linien wird es das Ende unserer Dienstleistungen sein.<\/p>\n<h3>Ausschl\u00fcsse im Dienst<\/h3>\n<p>Touristenf\u00fchrer im Bus..<\/p>\n<h3>Verf\u00fcgbarkeit<\/h3>\n<p>T\u00e4glich<\/p>\n<h3>T\u00e4gliche Abfahrten von Lima<\/h3>\n<p>Abholung von der Hotellobby: 04:15 Uhr<br \/>\nDer Bus beginnt seine Fahrt um 05:00 Uhr morgens.<\/p>\n<h3>Zus\u00e4tzliche Informationen<\/h3>\n<p>Diese Tour muss mindestens 01 Tag vor dem Reisedatum gebucht werden, indem Sie eine E-Mail an info@nazcatrips.com senden.<\/p>","protected":false},"excerpt":{"rendered":"<h3>\u00dcber die Huacachina-Oase<\/h3>\n<p>Huacachina im S\u00fcdwesten Perus ist eine von Sandd\u00fcnen umgebene Stadt, die sich um eine kleine Oase herum entwickelt hat. Sie befindet sich im Bezirk Ica der Provinz Ica, f\u00fcnf Kilometer von der Stadt Ica entfernt. Im Jahr 1991 wurde die Oase als Motiv auf der R\u00fcckseite der 50-Nuevo-Sol-Note hinzugef\u00fcgt.<\/p>","protected":false},"featured_media":1191,"template":"","meta":{"_acf_changed":false},"product_brand":[],"product_cat":[39,23],"product_tag":[],"class_list":{"0":"post-1190","1":"product","2":"type-product","3":"status-publish","4":"has-post-thumbnail","6":"product_cat-nazca-lines","7":"product_cat-nazca-tour","8":"wt_location-lima","10":"first","11":"instock","12":"sold-individually","13":"shipping-taxable","14":"purchasable","15":"product-type-simple"},"acf":{"resumo_email":""},"_links":{"self":[{"href":"https:\/\/nazcatrips.com\/de\/wp-json\/wp\/v2\/product\/1190","targetHints":{"allow":["GET"]}}],"collection":[{"href":"https:\/\/nazcatrips.com\/de\/wp-json\/wp\/v2\/product"}],"about":[{"href":"https:\/\/nazcatrips.com\/de\/wp-json\/wp\/v2\/types\/product"}],"wp:featuredmedia":[{"embeddable":true,"href":"https:\/\/nazcatrips.com\/de\/wp-json\/wp\/v2\/media\/1191"}],"wp:attachment":[{"href":"https:\/\/nazcatrips.com\/de\/wp-json\/wp\/v2\/media?parent=1190"}],"wp:term":[{"taxonomy":"product_brand","embeddable":true,"href":"https:\/\/nazcatrips.com\/de\/wp-json\/wp\/v2\/product_brand?post=1190"},{"taxonomy":"product_cat","embeddable":true,"href":"https:\/\/nazcatrips.com\/de\/wp-json\/wp\/v2\/product_cat?post=1190"},{"taxonomy":"product_tag","embeddable":true,"href":"https:\/\/nazcatrips.com\/de\/wp-json\/wp\/v2\/product_tag?post=1190"}],"curies":[{"name":"wp","href":"https:\/\/api.w.org\/{rel}","templated":true}]}}