{"id":1192,"date":"2022-07-26T14:42:03","date_gmt":"2022-07-26T14:42:03","guid":{"rendered":"https:\/\/nazcatrips.webja.pt\/?post_type=product&#038;p=1192"},"modified":"2026-03-20T20:35:21","modified_gmt":"2026-03-20T20:35:21","slug":"1-day-tour-program-by-private-transport-nazca-lines-tour-from-lima","status":"publish","type":"product","link":"https:\/\/nazcatrips.com\/de\/shop\/nazca-lines\/1-tagiges-tour-programm-mit-privatem-transport-nazca-linien-tour-von-lima\/","title":{"rendered":"1-Tages-Tour-Programm mit privatem Transport (Nazca-Linien-Tour von Lima)"},"content":{"rendered":"<h3>Reiseplan<\/h3>\n<p>Diese Tour zu den geheimnisvollen Nazca-Linien ist der schnellste und einfachste Weg, das Weltkulturerbe Nazca-Linien zu sehen. Mit dieser Tour sparen Sie eine wertvolle Zeit Reise von 6 Stunden, wenn Sie nicht in der Lage sind, die wunderbare Nazca-Stadt zu besuchen.<\/p>\n<p>Um 6:30 Uhr beginnt unser Abenteuer mit der Abholung unserer lieben Passagiere von ihrem Hotel und dem Transfer in die Stadt der Paracas-Zivilisation. Die Fahrt wird 3 Stunden und 40 Minuten dauern. Sie fahren \u00fcber die ber\u00fchmte Panamericana Richtung S\u00fcden. Nach Ihrer Ankunft in der Stadt Paracas werden Sie von unserem offiziellen Reiseleiter begleitet. Sp\u00e4ter werden Sie zum nahe gelegenen Flughafen von Pisco gebracht. Dort wird Ihnen unser Reiseleiter bei den Formalit\u00e4ten vor dem Flug behilflich sein, z.B. bei der Zahlung der Flughafensteuer, dem Wiegen und der Registrierung des Fluges. Unser Reiseleiter wird Ihnen auch eine geschichtliche Einordnung der ber\u00fchmten Nazca-Linien geben. Wenn Ihre Flugzeit gekommen ist, werden Sie an Bord einer modernen Cessna Grand Caravan gehen, einem Flugzeug, das bequem bis zu 12 Passagiere aufnehmen kann. Pilot und Co-Pilot gehen an Bord. Das Flugzeug dreht nach links und rechts und durchfliegt jede Figur einmal auf jeder Seite. Auf diese Weise k\u00f6nnen Sie sich alle Figuren deutlich vorstellen.<\/p>\n<p>Sobald wir die Genehmigung des Kontrollturms erhalten haben, starten wir in Richtung der Nazca-W\u00fcste und steigen auf eine H\u00f6he von 7500 Fu\u00df auf, von wo aus wir die wundersch\u00f6ne Landschaft der Paracas-Bucht und den Ozean beobachten k\u00f6nnen, um dann die Ica-W\u00fcste zu sehen. Die Sandd\u00fcnen, die Ankunft an der Schaltung der Nazca-Linien, wird der Kontrollturm das Flugzeug zu 2500 Fu\u00df oder 3000 Fu\u00df (H\u00f6he des Eingangs zu den Nazca-Linien), wo Sie sehen, 12 Figuren absteigen zu genehmigen.<\/p>\n<p>Das Gebiet, in dem sich die Nazca-Linien befinden, ist 500 km2 gro\u00df. Dort sehen Sie die folgenden Figuren und Linien: Der Wal, das Trapez, der Astronaut, der Affe, der Hund, der Kolibri, der Kondor, die Spinne, der Fregattvogel, der Papagei, der Baum und die H\u00e4nde (Sie werden auch die restaurierte Figur der Eidechse sehen). Einige der Figuren sind mehr als 300 Meter lang und die meisten k\u00f6nnen nur aus der Luft betrachtet werden. Wer hat sie geschaffen und wozu, wenn man sie nur vom Himmel aus sehen kann?<\/p>\n<p>Dieser \u00dcberflug verspricht, Sie auf eine Reise in die Vergangenheit mitzunehmen und Ihnen eines der gr\u00f6\u00dften Wunder der Erde n\u00e4her zu bringen.<\/p>\n<p>Am Ende der Tour werden wir uns von der faszinierenden Nasca-Zivilisation und ihren Linien verabschieden, um sp\u00e4ter in die Stadt der K\u00f6nige - Lima - zur\u00fcckzukehren.<\/p>\n<h3>Ausschl\u00fcsse im Dienst<\/h3>\n<p>Reiseleiter auf der Strecke.<\/p>\n<h3>Verf\u00fcgbarkeit<\/h3>\n<p>T\u00e4glich<\/p>\n<h3>T\u00e4gliche Abfahrten von Lima<\/h3>\n<p>Abholung von der Hotellobby: 6:30 Uhr.<\/p>\n<h3>Zus\u00e4tzliche Informationen<\/h3>\n<p>Diese Tour muss mindestens 1 Woche vor dem Reisedatum gebucht werden, indem Sie eine E-Mail an info@nazcatrips.com senden. Bitte kontaktieren Sie uns \u00fcber unsere Whatsapp-Nummer, wenn Sie Fragen oder Bedenken \u00fcber das Programm haben, wir freuen uns, das Programm per Anruf besser erkl\u00e4ren zu k\u00f6nnen.<\/p>","protected":false},"excerpt":{"rendered":"<h3>Nazca-Linien Flug<\/h3>\n<p>Erleben Sie die sch\u00f6nsten \u00dcberfl\u00fcge \u00fcber die Nazca-Linien fr\u00fch am Morgen in einem sicheren Flugzeug mit erfahrenen Piloten. Jeder unserer Fl\u00fcge zu den Nazca-Linien h\u00e4lt sich streng an die von der DGA festgelegten Richtlinien. \u00dcberfl\u00fcge mit echten peruanischen Botschaftern zu den Nazca-Linien.<\/p>","protected":false},"featured_media":1193,"template":"","meta":{"_acf_changed":false},"product_brand":[],"product_cat":[39,23],"product_tag":[],"class_list":{"0":"post-1192","1":"product","2":"type-product","3":"status-publish","4":"has-post-thumbnail","6":"product_cat-nazca-lines","7":"product_cat-nazca-tour","8":"wt_location-pisco","10":"first","11":"instock","12":"sold-individually","13":"shipping-taxable","14":"purchasable","15":"product-type-simple"},"acf":{"resumo_email":""},"_links":{"self":[{"href":"https:\/\/nazcatrips.com\/de\/wp-json\/wp\/v2\/product\/1192","targetHints":{"allow":["GET"]}}],"collection":[{"href":"https:\/\/nazcatrips.com\/de\/wp-json\/wp\/v2\/product"}],"about":[{"href":"https:\/\/nazcatrips.com\/de\/wp-json\/wp\/v2\/types\/product"}],"wp:featuredmedia":[{"embeddable":true,"href":"https:\/\/nazcatrips.com\/de\/wp-json\/wp\/v2\/media\/1193"}],"wp:attachment":[{"href":"https:\/\/nazcatrips.com\/de\/wp-json\/wp\/v2\/media?parent=1192"}],"wp:term":[{"taxonomy":"product_brand","embeddable":true,"href":"https:\/\/nazcatrips.com\/de\/wp-json\/wp\/v2\/product_brand?post=1192"},{"taxonomy":"product_cat","embeddable":true,"href":"https:\/\/nazcatrips.com\/de\/wp-json\/wp\/v2\/product_cat?post=1192"},{"taxonomy":"product_tag","embeddable":true,"href":"https:\/\/nazcatrips.com\/de\/wp-json\/wp\/v2\/product_tag?post=1192"}],"curies":[{"name":"wp","href":"https:\/\/api.w.org\/{rel}","templated":true}]}}