{"id":1194,"date":"2022-07-26T14:52:20","date_gmt":"2022-07-26T14:52:20","guid":{"rendered":"https:\/\/nazcatrips.webja.pt\/?post_type=product&#038;p=1194"},"modified":"2025-01-07T22:43:24","modified_gmt":"2025-01-07T22:43:24","slug":"nazca-lines-flight-from-pisco","status":"publish","type":"product","link":"https:\/\/nazcatrips.com\/de\/shop\/nazca-lines\/nazca-fluge-von-pisco\/","title":{"rendered":"Flug der Nazca-Linien von Pisco"},"content":{"rendered":"<h3>\u00dcber die Tour<\/h3>\n<p>Genie\u00dfen Sie die gr\u00f6\u00dfte Erfahrung Ihres Lebens, fliegen Sie \u00fcber die r\u00e4tselhaften Nazca-Linien von Pisco.<\/p>\n<p><strong>Warum dieses Erlebnis buchen?<\/strong><\/p>\n<p>\u2022 Sie fliegen \u00fcber eine der mysteri\u00f6sesten Formen und Linien der Erde: Die Nazca-Linien<br \/>\n\u2022 Die Linien von Nazca wurden von der UNESCO zum Kulturerbe der Menschheit erkl\u00e4rt.<br \/>\n\u2022 Wir sind ein professionelles Team von .ass mit 10 Jahren Erfahrung.<br \/>\n\u2022 Effizienz bei jedem bereitgestellten Service.<\/p>\n<h3>Reiseplan<\/h3>\n<p>Der Tag der Aktivit\u00e4t (\u00dcberflug \u00fcber die Nazca-Linien von Pisco) Sie werden von Ihrem Hotel in Pisco, Paracas oder dem Busbahnhof abgeholt. Sp\u00e4ter werden Sie in einem privaten Fahrzeug zum Flughafen in Pisco gebracht, wo Sie an Bord eines Cessna Grand Caravan-Flugzeugs gehen, einem Flugzeug, das bequem Platz f\u00fcr bis zu 12 Passagiere bietet. Wo Pilot und Co-Pilot an Bord gehen. Das Flugzeug dreht sich nach links und rechts und passiert jede Figur 1 Mal auf jeder Seite. Auf diese Weise k\u00f6nnen Sie alle Zahlen \u00fcbersichtlich darstellen.<\/p>\n<p>Sobald wir die Genehmigung vom Kontrollturm erhalten haben, werden wir in Richtung der Nazca-W\u00fcste starten und auf eine H\u00f6he von 7500 Fu\u00df aufsteigen, wo wir die wundersch\u00f6ne Landschaft der Paracas-Bucht und des Ozeans beobachten k\u00f6nnen, und dann Beobachten Sie die Ica-W\u00fcste. Wenn Sie die Sandd\u00fcnen erreichen, wird der Kontrollturm dem Flugzeug erlauben, auf 2500 Fu\u00df oder 3000 Fu\u00df (H\u00f6he des Eingangs zu den Nazca-Linien) abzusteigen, wo Sie 12 Figuren sehen werden.<\/p>\n<p>Das Gebiet, in dem sich die Nazca-Linien befinden, ist 500 km2 gro\u00df, wo Sie die folgenden Figuren und Linien sehen werden: Der Wal, das Trapez, der Astronaut, der Affe, der Hund, der Kolibri, der Kondor, die Spinne, der Fregattvogel, der Papagei, der Baum und die H\u00e4nde (Sie werden auch die restaurierte Figur der Eidechse sehen). Einige der Figuren k\u00f6nnen mehr als 300 Meter messen und die meisten sind nur aus der Luft zu erkennen. Wer hat sie gemacht und wozu, wenn man sie nur vom Himmel aus sehen k\u00f6nnte?<\/p>\n<p>Dieser \u00dcberflug verspricht, Sie auf eine Reise in die Vergangenheit mitzunehmen und Ihnen eines der gr\u00f6\u00dften Wunder der Erde n\u00e4her zu bringen.<\/p>\n<p>Am Ende der Tour werden wir uns von der faszinierenden Nasca-Zivilisation und ihren Linien verabschieden, um sp\u00e4ter in die Stadt der K\u00f6nige - Lima - zur\u00fcckzukehren.<\/p>\n<p>Dankbar daf\u00fcr, uns f\u00fcr ihren Besuch der tausendj\u00e4hrigen und \u00fcberraschenden Nazca-Linie ausgew\u00e4hlt zu haben, wird das Ende unserer Dienstleistungen sein.<\/p>\n<p>R\u00fcckfahrt vom Flughafen in Pisco.<\/p>\n<p>Am Ende des \u00dcberflugs der Nazca-Linien werden Sie an Ihrem jeweiligen Hotel in Pisco, Paracas oder am Busbahnhof abgesetzt.<\/p>\n<h3>Ausschl\u00fcsse<\/h3>\n<p>Flughafensteuer ($ 4,86 pro Person) plus (Touristenkarte 47 peruanische Soles pro Person). Diese Steuer muss pers\u00f6nlich Minuten vor dem Einsteigen bezahlt werden.<\/p>\n<h3>Verf\u00fcgbarkeit<\/h3>\n<p>T\u00e4glich<\/p>\n<h3>Erste Abflugzeit und letzter Flug<\/h3>\n<p>Von 8:00 Uhr bis 15:00 Uhr<\/p>\n<h3>R\u00fcckkehrzeit<\/h3>\n<p>Nebensaison: Es kann 02:00 Uhr dauern (manchmal gibt es kurze Verz\u00f6gerungen), in der Zwischenzeit k\u00f6nnen wir ein Video \u00fcber die Nazca-Linien sehen, um weitere Informationen zu erhalten (manchmal nicht verf\u00fcgbar). Unser Reiseleiter begleitet Sie und hilft Ihnen w\u00e4hrend des gesamten \u00dcberflugs . Daher k\u00f6nnen Sie ihm alle gew\u00fcnschten Fragen stellen.<\/p>\n<p>Hochsaison: Die genaue Abflugzeit h\u00e4ngt von den Wetterbedingungen und dem Flugverkehr ab, bitte denken Sie daran, dass wir uns zu dieser Zeit im Winter befinden.<\/p>\n<h3>Zus\u00e4tzliche Informationen<\/h3>\n<p>Ist notwendig<\/p>\n<p>Diese Tour muss mindestens 01 Tag vor dem Reisedatum per E-Mail an info@nazcatrips.com gebucht werden.<br \/>\nWir beantworten gerne alle Fragen, die Sie haben.<\/p>","protected":false},"excerpt":{"rendered":"<h3>Warum dieses Erlebnis buchen?<\/h3>\n<p>Sie werden \u00fcber eine der geheimnisvollsten Formen und Linien der Erde fliegen: Die Nazca-Linien. Die Nazca-Linien wurden von der UNESCO zum Kulturerbe der Menschheit erkl\u00e4rt. Wir sind ein professionelles Team von .ass mit 15 Jahren Erfahrung. Verantwortung und Sicherheit in jedem Service zur Verf\u00fcgung gestellt.<\/p>","protected":false},"featured_media":1195,"template":"","meta":{"_acf_changed":false},"product_brand":[],"product_cat":[39,29],"product_tag":[],"class_list":{"0":"post-1194","1":"product","2":"type-product","3":"status-publish","4":"has-post-thumbnail","6":"product_cat-nazca-lines","7":"product_cat-flight","8":"wt_location-pisco","10":"first","11":"instock","12":"sold-individually","13":"shipping-taxable","14":"purchasable","15":"product-type-simple"},"acf":{"resumo_email":""},"_links":{"self":[{"href":"https:\/\/nazcatrips.com\/de\/wp-json\/wp\/v2\/product\/1194","targetHints":{"allow":["GET"]}}],"collection":[{"href":"https:\/\/nazcatrips.com\/de\/wp-json\/wp\/v2\/product"}],"about":[{"href":"https:\/\/nazcatrips.com\/de\/wp-json\/wp\/v2\/types\/product"}],"wp:featuredmedia":[{"embeddable":true,"href":"https:\/\/nazcatrips.com\/de\/wp-json\/wp\/v2\/media\/1195"}],"wp:attachment":[{"href":"https:\/\/nazcatrips.com\/de\/wp-json\/wp\/v2\/media?parent=1194"}],"wp:term":[{"taxonomy":"product_brand","embeddable":true,"href":"https:\/\/nazcatrips.com\/de\/wp-json\/wp\/v2\/product_brand?post=1194"},{"taxonomy":"product_cat","embeddable":true,"href":"https:\/\/nazcatrips.com\/de\/wp-json\/wp\/v2\/product_cat?post=1194"},{"taxonomy":"product_tag","embeddable":true,"href":"https:\/\/nazcatrips.com\/de\/wp-json\/wp\/v2\/product_tag?post=1194"}],"curies":[{"name":"wp","href":"https:\/\/api.w.org\/{rel}","templated":true}]}}