{"id":1198,"date":"2022-07-26T15:05:41","date_gmt":"2022-07-26T15:05:41","guid":{"rendered":"https:\/\/nazcatrips.webja.pt\/?post_type=product&#038;p=1198"},"modified":"2024-10-04T12:01:50","modified_gmt":"2024-10-04T12:01:50","slug":"nazca-lines-tour-from-arequipa-3-days","status":"publish","type":"product","link":"https:\/\/nazcatrips.com\/de\/shop\/nazca-lines\/nazca-linien-tour-von-arequipa-3-tage\/","title":{"rendered":"Nazca-Linien Tour von Arequipa (3 Tage)"},"content":{"rendered":"<h3>TAG 1: Reise mit dem Touristenbus von Arequipa nach Nazca.<\/h3>\n<p>08:20 Uhr Beginn unserer Tour zu den geheimnisvollen Nazca-Linien. Unsere Kunden werden von ihren Hotels in Cusco abgeholt und dann zum Busbahnhof gebracht, um eine Fahrt von ca. 9.00 Std. 30 Min. \u00dcber die s\u00fcdliche panamerikanische Landstra\u00dfe.<\/p>\n<p>Einschl\u00fcsse an diesem Tag<\/p>\n<p>Abholung von Ihrem Hotel in Arequipa und Transfer zum Busbahnhof.<br \/>\nTouristenbustickets nach Nazca mit dem Cruz del Sur Cruise Service.<\/p>\n<h3>TAG 2: \u00dcberflug der Nazca-Linien und der Huacachina-Oase<\/h3>\n<p>07:00 Uhr. Bei der Ankunft in der Stadt Nazca werden Sie von unserem offiziellen Reiseleiter empfangen, der Ihnen hilft und Sie zum Flugplatz Maria Reiche bringt. Nach der Best\u00e4tigung der Daten mit dem Pass werden wir die besten Ratschl\u00e4ge geben, um einen gro\u00dfen \u00dcberflug zu den uralten Nazca-Linien zu genie\u00dfen. Vor dem Eintritt in die Abflugzone wird unser F\u00fchrer eine historische Kontextualisierung der faszinierenden Nazca-Linien bieten.<\/p>\n<p>Das Gebiet, in dem sich die Nazca-Linien befinden, ist 500 km2 gro\u00df, wo Sie die folgenden Figuren und Linien sehen k\u00f6nnen: Der Wal, das Trapez, der Astronaut, der Affe, der Hund, der Kolibri, der Kondor, die Spinne, der Fregattvogel, der Papagei, der Baum und die H\u00e4nde (Sie werden auch die restaurierte Figur der Eidechse sehen). Einige der Figuren sind mehr als 300 Meter lang und die meisten von ihnen k\u00f6nnen nur aus der Luft betrachtet werden. F\u00fcr wen haben sie das getan, wenn man sie nur vom Himmel aus sehen kann?<\/p>\n<p>Dieser \u00dcberflug verspricht, Sie auf eine Reise in die Vergangenheit mitzunehmen und Sie dem Genuss und der tiefen Bewunderung eines der gr\u00f6\u00dften Wunder des gesamten Planeten n\u00e4her zu bringen.<\/p>\n<p>Nachdem Sie eine der besten Erfahrungen Ihres Lebens gemacht haben. Unser F\u00fchrer wird aufmerksam auf die Landung warten. Um dann in die Stadt Nazca fahren, um ein angemessenes Fr\u00fchst\u00fcck haben und dann an Bord eines Busses in die Stadt Ica zu gehen. Die Fahrt wird 2 Stunden und 30 Minuten dauern.<\/p>\n<p>15:20 Uhr. Nach der Ankunft in der Stadt Ica, werden Sie von unserem offiziellen Reiseleiter begleitet und zur Oase Amerikas - Huacachina - gebracht. Sp\u00e4ter werden sie eine aufregende Fahrt im Buggy (Sandkarren) machen und dabei die H\u00e4nge der D\u00fcnen \u00fcberqueren und sich auf Brettern oder Skiern die D\u00fcne hinunterwagen. Dies kann im Stehen, Bauch und im Sitzen geschehen.<\/p>\n<p>Diese Abenteuertour in den Sandd\u00fcnen verspricht, Sie mit Adrenalin zu erf\u00fcllen und Ihr Herz bis zu 1000 Mal pro Stunde beschleunigen zu lassen!<\/p>\n<p>Am Ende der Huacachina-Oasentour besteigen wir einen Bus, der uns in die Stadt Paracas bringt, wo wir die Nacht verbringen werden.<\/p>\n<h3>Einschl\u00fcsse an diesem Tag<\/h3>\n<p>Empfang und Unterst\u00fctzung bei der Ankunft in der Stadt Nazca durch unseren offiziellen Reiseleiter.<br \/>\nTransfer zum Flugplatz Maria Reiche.<br \/>\nAssistenz und historische Kontextualisierung der Nazca-Linien.<br \/>\n35 Minuten \u00dcberflug zu den Nazca-Linien.<br \/>\nFlughafensteuer.<br \/>\nTransfer zum Terminal Cruz del Sur.<br \/>\nTouristenbusticket von Nazca nach Ica.<br \/>\nEmpfang und Betreuung bei der Ankunft in der Stadt Ica.<br \/>\nTransfer zur Oase Huacachina.<br \/>\nTour in Buggys (Sandkarren) und Sandboarding (Sport an Bord) in den D\u00fcnen von Huacachina.<br \/>\nEmpfang am Ende der Buggie Tour und Transfer zum Busbahnhof.<br \/>\nTicket f\u00fcr den Touristenbus von Ica nach Paracas.<br \/>\nEmpfang und Betreuung durch unseren offiziellen Reiseleiter bei Ihrer Ankunft in der Stadt Paracas.<br \/>\nTransfer zu Ihrem ausgew\u00e4hlten Hotel.<\/p>\n<h3>TAG 3: Ballestas-Inseln, Nationalpark Paracas und R\u00fcckfahrt nach Lima<\/h3>\n<p>7:15 Uhr. Unsere Kunden werden unterst\u00fctzt und zum Hafen von Paracas gebracht. Dann tauchen wir in den Ausflug in Abstimmung zu den bereits ber\u00fchmten Galapagos von Peru ein!<\/p>\n<p>08:00 Uhr. Starten Sie die Tour, die 2.00 Stunden dauern wird. Die Ballestas-Inseln sind die Haupttierattraktion von Paracas. Sie werden viele exotische Vogelarten und Meereslebewesen finden, von denen einige in Peru einzigartig sind.<\/p>\n<p>Diese zweist\u00fcndige Tour zu den ber\u00fchmtesten Inseln Perus erm\u00f6glicht es Ihnen, herrliche, von der Natur geformte Felsformationen zu bewundern und ist die Heimat der Humboldt-Pinguine, der Seel\u00f6wen S\u00fcdamerikas und einer Vielzahl von Seev\u00f6geln. Gleichzeitig k\u00f6nnen wir den ber\u00fchmten Geoglifo, den Kandelaber, sehen. Wir werden das gro\u00dfe historische Erbe der Menschen im alten Peru bewundern und respektieren.<\/p>\n<p>11:00 Uhr. Wir beginnen unsere Tour zum Paracas-Naturreservat. Das Paracas-Nationalreservat ist eines der gr\u00f6\u00dften Meeresreservate in Peru und beherbergt mehr als 200 Vogelarten und eine gro\u00dfe Anzahl von Meeresarten.<\/p>\n<p>Die Tour zum Nationalreservat von Paracas l\u00e4sst uns nicht nur fabelhafte Meeres- und W\u00fcstenlandschaften genie\u00dfen, sondern wir k\u00f6nnen auch etwas \u00fcber den alten Paracas-Mann erfahren, der diese Gebiete vor mehr als 2000 Jahren bewohnte und in seiner Nekropole eine gro\u00dfe Vielfalt als Beweis hinterlie\u00df von wundersch\u00f6nen Stoffen, die die Welt in Erstaunen versetzen.<\/p>\n<p>Am Ende der Tour begleiten wir Sie zum Busbahnhof, um Ihr Gep\u00e4ck zu kontrollieren und unseren Bus in Richtung Lima zu nehmen.<\/p>\n<p>14:05 Uhr Abflug von Paracas nach Lima.<\/p>\n<p>Bei Ihrer Ankunft um ca. 18:00 Uhr erwarten wir Sie am Busbahnhof Javier Pravo und bringen Sie zu Ihrem Hotel oder zum internationalen Flughafen Jorge Chavez.<\/p>\n<p>Wir sind dankbar, dass Sie sich f\u00fcr uns entschieden haben, und freuen uns, dass wir Ihnen helfen konnten, die besten Erinnerungen an diesen kleinen Teil unseres Perus mitzunehmen, und damit enden unsere Dienste.<\/p>\n<h3>Einschl\u00fcsse an diesem Tag<\/h3>\n<p>\u2022 Abholung von Ihrem Hotel in Paracas und Transfer zum Kai von Paracas.<br \/>\n\u2022 Tour In Abstimmung zu Isla Ballestas.<br \/>\n\u2022 Empfang am Ende Ihrer Tour und Transfer zum Start der National Reserve Tour.<br \/>\n\u2022 Private Tour zum Paracas Nationalreservat.<br \/>\n\u2022 Alle Steuern und Touristentickets.<br \/>\n\u2022 Empfang und Transfer zum Busbahnhof.<br \/>\n\u2022 Ticket f\u00fcr den Touristenbus in die Stadt Lima.<\/p>\n<p>- Empfang in Lima und Transfer zum Hotel oder zum internationalen Flughafen Jorge Chavez.<\/p>\n<h3>Ausschl\u00fcsse<\/h3>\n<p>Fremdenf\u00fchrer auf der Strecke Paracas \u2013 Lima.<br \/>\nMittagessen, Fr\u00fchst\u00fcck und Abendessen.<\/p>\n<h3>Dauer<\/h3>\n<p>2 Tage &amp; 1 Nacht.<\/p>\n<h3>T\u00e4gliche Abfahrten von Lima<\/h3>\n<p>Von (1) 06:30 Uhr bis (2) 12:30 Uhr.<\/p>\n<p>Wichtig: F\u00fcr diesen Ausflug sind mindestens 2 Teilnehmer erforderlich. Diese Tour bietet Ihnen mehr Komfort und zeitliche Flexibilit\u00e4t.<\/p>\n<h3>Zus\u00e4tzliche Informationen<\/h3>\n<p>Es gibt 12 VIP-Pl\u00e4tze in Bussen; Um sie haben zu k\u00f6nnen, ist es notwendig, sie im Voraus zu reservieren.<br \/>\nDiese Tour muss mindestens 1 Woche vor dem Datum der Tour gebucht werden.<\/p>","protected":false},"excerpt":{"rendered":"<h3>Warum dieses Erlebnis buchen?<\/h3>\n<p>Sie werden \u00fcber eine der geheimnisvollsten Formen und Linien der Erde fliegen: Die Nazca-Linien. Die Nazca-Linien wurden von der UNESCO zum Kulturerbe der Menschheit erkl\u00e4rt. Wir sind ein professionelles Team mit 15 Jahren Erfahrung. Effizienz in jeder Dienstleistung.<\/p>","protected":false},"featured_media":966,"template":"","meta":{"_acf_changed":false},"product_brand":[],"product_cat":[39,23],"product_tag":[],"class_list":{"0":"post-1198","1":"product","2":"type-product","3":"status-publish","4":"has-post-thumbnail","6":"product_cat-nazca-lines","7":"product_cat-nazca-tour","8":"wt_location-arequipa","10":"first","11":"instock","12":"sold-individually","13":"shipping-taxable","14":"purchasable","15":"product-type-simple"},"acf":{"resumo_email":""},"_links":{"self":[{"href":"https:\/\/nazcatrips.com\/de\/wp-json\/wp\/v2\/product\/1198","targetHints":{"allow":["GET"]}}],"collection":[{"href":"https:\/\/nazcatrips.com\/de\/wp-json\/wp\/v2\/product"}],"about":[{"href":"https:\/\/nazcatrips.com\/de\/wp-json\/wp\/v2\/types\/product"}],"wp:featuredmedia":[{"embeddable":true,"href":"https:\/\/nazcatrips.com\/de\/wp-json\/wp\/v2\/media\/966"}],"wp:attachment":[{"href":"https:\/\/nazcatrips.com\/de\/wp-json\/wp\/v2\/media?parent=1198"}],"wp:term":[{"taxonomy":"product_brand","embeddable":true,"href":"https:\/\/nazcatrips.com\/de\/wp-json\/wp\/v2\/product_brand?post=1198"},{"taxonomy":"product_cat","embeddable":true,"href":"https:\/\/nazcatrips.com\/de\/wp-json\/wp\/v2\/product_cat?post=1198"},{"taxonomy":"product_tag","embeddable":true,"href":"https:\/\/nazcatrips.com\/de\/wp-json\/wp\/v2\/product_tag?post=1198"}],"curies":[{"name":"wp","href":"https:\/\/api.w.org\/{rel}","templated":true}]}}