{"id":1205,"date":"2022-07-26T15:16:38","date_gmt":"2022-07-26T15:16:38","guid":{"rendered":"https:\/\/nazcatrips.webja.pt\/?post_type=product&#038;p=1205"},"modified":"2024-03-01T16:11:08","modified_gmt":"2024-03-01T16:11:08","slug":"nazca-lines-tour-from-cusco","status":"publish","type":"product","link":"https:\/\/nazcatrips.com\/de\/shop\/nazca-lines\/nazca-linien-tour-ab-cusco-3-tage\/","title":{"rendered":"Nazca-Linien Tour von Cusco (2 Tage)"},"content":{"rendered":"<h3>Nacht 1: Fahrt mit dem Tourist Bus von Cusco nach Nazca<\/h3>\n<p>16:20 Uhr. Wir beginnen unsere Tour zu den mysteri\u00f6sen Nazca-Linien. Unsere Kunden werden von ihren Hotels in Cusco abgeholt und dann zum Busbahnhof gebracht, um eine Fahrt von ca. 14.00 Std. zu unternehmen. 30 Min. \u00dcber die s\u00fcdliche panamerikanische Landstra\u00dfe.<\/p>\n<h4>Einschl\u00fcsse an diesem Tag<\/h4>\n<p>Abholung von Ihrem Hotel in Cusco und Transfer zum Busbahnhof.<br \/>\nTourist Bustickets nach Nazca mit dem Cruz del Sur Suite Service (Bus sit 160\u00ba).<\/p>\n<p>Unser Bus wird um 17:00 Uhr abfahren.<\/p>\n<h3>DAY 1: \u00dcberflug der Nazca-Linien und der Huacachina-Oase<\/h3>\n<p>08:30 Uhr. Bei der Ankunft in der Stadt Nazca werden Sie von unserem offiziellen Reisef\u00fchrer empfangen, der Ihnen hilft und Sie zum Flugplatz Maria Reiche bringt. Nach der Best\u00e4tigung der Daten mit dem Pass werden wir die besten Ratschl\u00e4ge geben, um einen gro\u00dfen \u00dcberflug zu den Ahnenlinien von Nazca zu genie\u00dfen. Bevor Sie die Abflughalle betreten, wird unser F\u00fchrer eine historische Kontextualisierung der faszinierenden Nazca-Linien bieten.<\/p>\n<p>Das Gebiet, in dem sich die Nazca-Linien befinden, ist 500 km2 gro\u00df, wo Sie die folgenden Figuren und Linien sehen werden: Der Wal, das Trapez, der Astronaut, der Affe, der Hund, der Kolibri, der Kondor, die Spinne, der Fregattvogel, der Papagei, der Baum und die H\u00e4nde (Sie werden auch die restaurierte Figur der Eidechse sehen). Einige der Figuren k\u00f6nnen mehr als 300 Meter messen und die meisten sind nur aus der Luft zu erkennen. F\u00fcr wen haben sie das getan, wenn man sie nur vom Himmel aus sehen k\u00f6nnte? .<\/p>\n<p>Dieser \u00dcberflug verspricht, Sie auf eine Reise in die Vergangenheit mitzunehmen und Sie dem Genuss und der tiefen Bewunderung eines der gr\u00f6\u00dften Wunder des gesamten Planeten n\u00e4her zu bringen.<\/p>\n<p>Nachdem Sie eine der besten Erfahrungen Ihres Lebens gemacht haben. Unser Reiseleiter wird aufmerksam sein und auf die Landung warten. Um dann in die Stadt Nazca zu fahren, um ein angemessenes Fr\u00fchst\u00fcck zu haben und dann werden wir Sie mit einem privaten Transport in die Stadt Ica fahren. die Fahrt wird 2 Stunden und 30 Minuten dauern.<\/p>\n<p>14:00 Uhr. Nach der Ankunft in der Stadt Ica, werden Sie von unserem offiziellen Reiseleiter begleitet und zu Ihrem Hotel in Ica - Huacachina gebracht. Von 14:00 Uhr bis 16:00 Uhr werden Sie eine Pause in Ihrem Hotel haben.<\/p>\n<p>Um 16:00 Uhr holen wir Sie ab, um zur Oase zu fahren und eine aufregende Fahrt im Buggy (Sandkarren) zu machen, w\u00e4hrend sie gleichzeitig die H\u00e4nge der D\u00fcnen \u00fcberqueren und die D\u00fcne auf Brettern oder Skiern hinunterfahren k\u00f6nnen. Dies kann im Stehen, Bauch und im Sitzen geschehen. (wir machen diese Tour zu dieser Zeit, um den sch\u00f6nsten Sonnenuntergang zu genie\u00dfen, w\u00e4hrend wir Buggye und Sanboarding machen)<\/p>\n<p>Diese Abenteuertour in den Sandd\u00fcnen verspricht, Sie mit Adrenalin zu erf\u00fcllen und Ihr Herz bis zu 1000 Mal pro Stunde beschleunigen zu lassen!<\/p>\n<p>Am Ende der Huacachina-Oasentour bringen wir Sie zur\u00fcck zu Ihrem Hotel, wo wir die Nacht verbringen werden.<\/p>\n<h4>Einschl\u00fcsse an diesem Tag<\/h4>\n<p>Empfang und Unterst\u00fctzung bei der Ankunft in der Stadt Nazca durch unseren offiziellen Reiseleiter.<br \/>\nTransfer zum Flugplatz Maria Reiche.<br \/>\nAssistenz und historische Kontextualisierung der Nazca-Linien.<br \/>\n35 Minuten \u00dcberflug zu den Nazca-Linien.<br \/>\nFlughafensteuer.<br \/>\nPrivater Transport nach Ica - Huacachina<br \/>\nEmpfang und Betreuung bei der Ankunft in der Stadt Ica.<br \/>\nTransfer zur Oase Huacachina.<br \/>\nTour in Buggys (Sandkarren) und Sandboarding (Sport an Bord) in den D\u00fcnen von Huacachina.<br \/>\nEmpfang am Ende des Buggie Tour und Transfer zu Ihrem Hotel.<\/p>\n<h3>TAG 2: Ballestas-Inseln, Paracas-Nationalreservat und R\u00fcckkehr nach Lima<\/h3>\n<p>6:30 Uhr. Wir holen Sie ab und bringen Sie zur Anlegestelle in Paracas. Dann werden wir in der Exkursion in Abstimmung zu den bereits ber\u00fchmten Galapagos von Peru eintauchen!<\/p>\n<p>08:00 Uhr. Starten Sie die Tour, die 2.00 Stunden dauern wird. Die Ballestas-Inseln sind die Haupttierattraktion von Paracas. Sie werden viele exotische Vogelarten und Meereslebewesen finden, von denen einige in Peru einzigartig sind.<\/p>\n<p>Diese zweist\u00fcndige Tour zu den ber\u00fchmtesten Inseln Perus erm\u00f6glicht es Ihnen, herrliche, von der Natur geformte Felsformationen zu bewundern und ist die Heimat der Humboldt-Pinguine, der Seel\u00f6wen S\u00fcdamerikas und einer Vielzahl von Seev\u00f6geln. Gleichzeitig k\u00f6nnen wir den ber\u00fchmten Geoglifo, den Kandelaber, sehen. Wir werden das gro\u00dfe historische Erbe der Menschen im alten Peru bewundern und respektieren.<\/p>\n<p>11:00 Uhr. Wir beginnen unsere Tour zum Paracas-Naturreservat. Das Paracas-Nationalreservat ist eines der gr\u00f6\u00dften Meeresreservate in Peru und beherbergt mehr als 200 Vogelarten und eine gro\u00dfe Anzahl von Meeresarten.<\/p>\n<p>Die Tour zum Nationalen Reservat von Paracas wird uns nicht nur fabelhafte Meeres- und W\u00fcstenlandschaften genie\u00dfen lassen, sondern wir k\u00f6nnen auch etwas \u00fcber den alten Paracas-Menschen erfahren, der diese Gebiete vor mehr als 2000 Jahren bewohnte und als Beweis in seiner Nekropole eine gro\u00dfe Vielfalt an sch\u00f6nen Stoffen hinterlie\u00df, die die Welt in Erstaunen versetzen. Danach werden wir ein Mittagessen einnehmen und Sie dann zum Busbahnhof bringen, um zur\u00fcck in die Stadt der K\u00f6nige (Lima) zu fahren.<\/p>\n<p>14:10 Uhr. Wir nehmen unseren Bus, um zur\u00fcck nach Lima zu kommen.<\/p>\n<p>17:55 Uhr werden wir auf Sie warten und Sie zu Ihrem Hotel oder zum Flughafen Jorge Chavez bringen. ( Zu diesem Zeitpunkt wird das Ende unserer Dienstleistungen sein :))<\/p>\n<h4>Einschl\u00fcsse an diesem Tag<\/h4>\n<p>Abholung von Ihrem Hotel in Ica und privater Transfer zur Anlegestelle in Paracas.<br \/>\nTour In Abstimmung zu Isla Ballestas.<br \/>\nEmpfang am Ende Ihrer Tour und Transfer zum Start der National Reserve Tour.<br \/>\nPrivate Tour zum Paracas Nationalreservat.<br \/>\nAlle Steuern und Touristentickets.<br \/>\nEmpfang und Transfer zum Busbahnhof.<br \/>\nTicket f\u00fcr den Touristenbus in die Stadt Lima.<\/p>\n<p>Empfang bei Ihrer Ankunft und Transfer zu Ihrem Hotel oder zum Flughafen Jorge Chavez<\/p>\n<h4>Ausschl\u00fcsse<\/h4>\n<p>\u2022 Fremdenf\u00fchrer auf der Strecke Paracas \u2013 Lima.<br \/>\n\u2022 Mittagessen, Fr\u00fchst\u00fcck und Abendessen.<\/p>\n<p>- \u00dcbernachtung in Ica.<\/p>\n<h3>Dauer<\/h3>\n<p>2 Tage und 2 N\u00e4chte.<\/p>\n<h3>T\u00e4gliche Abfahrten von Lima<\/h3>\n<p>Ab (1) 17:00 Uhr.<\/p>\n<p>Wichtig: F\u00fcr diesen Ausflug sind mindestens 2 Teilnehmer erforderlich. Diese Tour bietet Ihnen mehr Komfort und zeitliche Flexibilit\u00e4t. (allerdings k\u00f6nnen wir die Tour auch f\u00fcr SOLO-Reisende mit vorherigen Kontakten durchf\u00fchren)<\/p>\n<h3>Zus\u00e4tzliche Informationen<\/h3>\n<p>Es gibt 12 VIP-Pl\u00e4tze in Bussen; Um sie haben zu k\u00f6nnen, ist es notwendig, sie im Voraus zu reservieren.<br \/>\nDiese Tour muss mindestens 1 Woche vor dem Datum der Tour gebucht werden.<\/p>\n<p>Dankbar, dass sie uns f\u00fcr ihren Besuch in der tausendj\u00e4hrigen und \u00fcberraschenden Linie von Nazca, der gro\u00dfen Oase von Huacachina, den \u00fcberraschenden Ballestas-Inseln und dem Paracas-Nationalreservat ausgew\u00e4hlt haben. Es wird das Ende unserer Dienste sein.<\/p>","protected":false},"excerpt":{"rendered":"<h3>Warum dieses Erlebnis buchen?<\/h3>\n<p>Sie werden \u00fcber eine der geheimnisvollsten Formen und Linien der Erde fliegen: Die Nazca-Linien. Die Nazca-Linien wurden von der UNESCO zum Kulturerbe der Menschheit erkl\u00e4rt. Wir sind ein professionelles Team von .ass mit 15 Jahren Erfahrung. VERANTWORTUNGSVOLLKEIT UND SICHERHEIT bei jeder Dienstleistung. (NAZCA-REISEN PRO-TEAM)<\/p>","protected":false},"featured_media":1206,"template":"","meta":{"_acf_changed":false},"product_brand":[],"product_cat":[39,23],"product_tag":[],"class_list":{"0":"post-1205","1":"product","2":"type-product","3":"status-publish","4":"has-post-thumbnail","6":"product_cat-nazca-lines","7":"product_cat-nazca-tour","8":"wt_location-cusco","10":"first","11":"instock","12":"sold-individually","13":"shipping-taxable","14":"purchasable","15":"product-type-simple"},"acf":{"resumo_email":""},"_links":{"self":[{"href":"https:\/\/nazcatrips.com\/de\/wp-json\/wp\/v2\/product\/1205","targetHints":{"allow":["GET"]}}],"collection":[{"href":"https:\/\/nazcatrips.com\/de\/wp-json\/wp\/v2\/product"}],"about":[{"href":"https:\/\/nazcatrips.com\/de\/wp-json\/wp\/v2\/types\/product"}],"wp:featuredmedia":[{"embeddable":true,"href":"https:\/\/nazcatrips.com\/de\/wp-json\/wp\/v2\/media\/1206"}],"wp:attachment":[{"href":"https:\/\/nazcatrips.com\/de\/wp-json\/wp\/v2\/media?parent=1205"}],"wp:term":[{"taxonomy":"product_brand","embeddable":true,"href":"https:\/\/nazcatrips.com\/de\/wp-json\/wp\/v2\/product_brand?post=1205"},{"taxonomy":"product_cat","embeddable":true,"href":"https:\/\/nazcatrips.com\/de\/wp-json\/wp\/v2\/product_cat?post=1205"},{"taxonomy":"product_tag","embeddable":true,"href":"https:\/\/nazcatrips.com\/de\/wp-json\/wp\/v2\/product_tag?post=1205"}],"curies":[{"name":"wp","href":"https:\/\/api.w.org\/{rel}","templated":true}]}}