{"id":1282,"date":"2022-08-01T13:00:18","date_gmt":"2022-08-01T13:00:18","guid":{"rendered":"https:\/\/nazcatrips.webja.pt\/?post_type=product&#038;p=1282"},"modified":"2025-09-29T18:48:08","modified_gmt":"2025-09-29T18:48:08","slug":"nazca-lines-and-palpa-lines-flight","status":"publish","type":"product","link":"https:\/\/nazcatrips.com\/de\/shop\/nazca-lines\/nazca-linien-und-palpa-linien-flug\/","title":{"rendered":"Nazca-Linien und Palpa-Linien Flug"},"content":{"rendered":"<ul>\n<li>IItinerary<\/li>\n<\/ul>\n<p>Tag Aktivit\u00e4t Sie werden von Ihrem Hotel in Nazca abgeholt und in einem klimatisierten Fahrzeug zum Flugplatz gebracht, wo Sie an Bord eines Leichtflugzeugs gehen, um einen unvergesslichen Flug \u00fcber Nazca und die Palpa-Linien zu unternehmen. Ein zweisprachiger F\u00fchrer (Englisch\/Spanisch) wird Sie auf dieser Tour begleiten.<\/p>\n<p>Dieser Flug \u00fcber die Nazca-Linien und Palpa wird die Weite der steinigen Nazca- und Palpa-W\u00fcste abdecken, deren Oberfl\u00e4che von gigantischen Zeichnungen und geometrischen Formen gezeichnet ist. Der Flug dauert genau 60 Minuten und ist der beste Weg, um diese faszinierenden Linien und Figuren zu sehen.<\/p>\n<p>Es ist eines der unglaublichsten Verm\u00e4chtnisse, die eine Kultur hinterlassen hat, und kann nur aus dem Himmel in einer H\u00f6he von 1500 Fu\u00df bewundert werden.<\/p>\n<h3>Einschl\u00fcsse<\/h3>\n<p>Hin- und R\u00fccktransfer vom und zum Hotel von ausgew\u00e4hlten Hotels in Nazca.<\/p>\n<p>Wenn Sie aus Arequipa oder Cusco anreisen, teilen Sie uns einfach den Namen des Busunternehmens und die ca. Zeit Ihrer Ankunft, um Sie abzuholen.<\/p>\n<p>Zweisprachiger Reisef\u00fchrer (Englisch \/ Spanisch).<\/p>\n<p>Vorf\u00fchrung eines Videos \u00fcber die Nazca-Linien am Flughafen.<\/p>\n<p>60 Minuten Rundflug \u00fcber die Nazca-Linien<\/p>\n<h3>Ausschl\u00fcsse<\/h3>\n<p>Flughafensteuer (S\/. 77.00 pro Person)<\/p>\n<h3>Verf\u00fcgbar<\/h3>\n<p>T\u00e4gliche Fl\u00fcge der Nazca Lines vom Flughafen Nasca \/ Panamerican Road Km.450<\/p>\n<h3>Erste Abflugzeit und letzter Flug<\/h3>\n<p>Der Flug ist verf\u00fcgbar ab:7:00 Uhr. bis 14:30 Uhr.<\/p>\n<p>Aber morgens zu fliegen ist weitaus besser als nachmittags zu fliegen.<\/p>\n<h3>R\u00fcckkehrzeit Ihres Fluges<\/h3>\n<p>1. Nebensaison: Der gesamte Flugbetrieb kann 2 Stunden dauern (manchmal gibt es kurze Verz\u00f6gerungen vor dem Flug, in der Zwischenzeit k\u00f6nnen wir einen Videofilm ansehen, um mehr Informationen \u00fcber die Nazca-Linien zu erhalten).<\/p>\n<p>2. Hochsaison: Der genaue Abflug h\u00e4ngt von den Wetterbedingungen und dem Flugverkehr ab, bitte denken Sie daran, dass wir uns in der Winterzeit befinden.<\/p>\n<p>Zus\u00e4tzliche Informationen zu Ihrem Nasca-Flug:<\/p>\n<p>1. Dieser Flug muss mindestens 1 Tag vor Ihrem Reisedatum gebucht werden, wenn Sie ihn \u00fcber unsere Website buchen m\u00f6chten.<\/p>\n<p>2. Um Ihren klassischen Flug \u00fcber die Nazca-Linien zu buchen, ben\u00f6tigen wir bestimmte Informationen von Ihnen, wie zum Beispiel:<\/p>\n<p>Vollst\u00e4ndige Namen der Teilnehmer:<br \/>\nNationalit\u00e4ten:<br \/>\nPassnummern:<br \/>\nAlter:<br \/>\nGenaues Gewicht:<br \/>\nHoteladresse in Nasca:<br \/>\nDatum des Nasca- und Palpa-Flugs:<\/p>\n<p>Teilnehmerbeschr\u00e4nkungen:<\/p>\n<p>Teilnehmer mit einem Gewicht von mehr als 90 kg (198 Pfund) m\u00fcssen einen zus\u00e4tzlichen Sitzplatz buchen, um die Gewichtsbeschr\u00e4nkungen zu ber\u00fccksichtigen.<\/p>\n<p>Important note: the time flight viewing will be 45 minutes. take note as well is weather influence this flight experience.<\/p>","protected":false},"excerpt":{"rendered":"<h3>1 Stunde Flugerlebnis<\/h3>\n<p>Die Linien von Palpa sind Figuren, die die Paracas-Zivilisation darstellen, die von 700 n. Chr. bis 200 n. Chr. Datieren. Diese Zivilisation entwickelte die gr\u00f6\u00dften Muster polychromer Textilkunst. Au\u00dferdem war er eine der ersten menschlichen Gemeinschaften, die Sch\u00e4deltrepanationen durchf\u00fchrte. Sie ver\u00e4nderten absichtlich die Sch\u00e4delform, um sie l\u00e4nger zu machen, deren Zweck bis heute ein R\u00e4tsel bleibt. In diesem 1-st\u00fcndigen Flug visualisieren Sie die 12 Figuren der Linien von Nazca + 10 Figuren der Paracas-Zivilisation wie: die Familie Paracas, die Sonnenuhr, den Stern, den Reisenden und andere.<\/p>","protected":false},"featured_media":966,"template":"","meta":{"_acf_changed":false},"product_brand":[],"product_cat":[39,29],"product_tag":[],"class_list":{"0":"post-1282","1":"product","2":"type-product","3":"status-publish","4":"has-post-thumbnail","6":"product_cat-nazca-lines","7":"product_cat-flight","8":"wt_location-nazca-tour","10":"first","11":"instock","12":"sold-individually","13":"shipping-taxable","14":"purchasable","15":"product-type-simple"},"acf":{"resumo_email":"<h3>Itinerary<\/h3>\r\nDay Activity You will be picked up from your hotel in Nazca and taken in an air-conditioned vehicle to the aerodrome where you will board a light aircraft for a memorable Flight over Nazca and Palpa Lines. A bilingual guide (English\/ Spanish) will accompany you on this tour.\r\n\r\nThis flight over the Nazca Lines and Palpa will cover the expanse of stony Nazca and Palpa desert,the surface of wich is scarred by gigantic drawings and geometrical shapes. The flight last exactly 60 minutes and is the best way to see these fascinating lines and figures.\r\n\r\nIt is one of the most incredible legacies that a culture has left behind and can be appreciated only from the sky to an altitude of 1500 feet."},"_links":{"self":[{"href":"https:\/\/nazcatrips.com\/de\/wp-json\/wp\/v2\/product\/1282","targetHints":{"allow":["GET"]}}],"collection":[{"href":"https:\/\/nazcatrips.com\/de\/wp-json\/wp\/v2\/product"}],"about":[{"href":"https:\/\/nazcatrips.com\/de\/wp-json\/wp\/v2\/types\/product"}],"wp:featuredmedia":[{"embeddable":true,"href":"https:\/\/nazcatrips.com\/de\/wp-json\/wp\/v2\/media\/966"}],"wp:attachment":[{"href":"https:\/\/nazcatrips.com\/de\/wp-json\/wp\/v2\/media?parent=1282"}],"wp:term":[{"taxonomy":"product_brand","embeddable":true,"href":"https:\/\/nazcatrips.com\/de\/wp-json\/wp\/v2\/product_brand?post=1282"},{"taxonomy":"product_cat","embeddable":true,"href":"https:\/\/nazcatrips.com\/de\/wp-json\/wp\/v2\/product_cat?post=1282"},{"taxonomy":"product_tag","embeddable":true,"href":"https:\/\/nazcatrips.com\/de\/wp-json\/wp\/v2\/product_tag?post=1282"}],"curies":[{"name":"wp","href":"https:\/\/api.w.org\/{rel}","templated":true}]}}