{"id":636,"date":"2022-08-01T10:00:50","date_gmt":"2022-08-01T10:00:50","guid":{"rendered":"https:\/\/nazcatrips.webja.pt\/?post_type=product&#038;p=636"},"modified":"2022-08-26T00:44:29","modified_gmt":"2022-08-26T00:44:29","slug":"tour-to-the-petroglyphs-of-chichictara-palpa-peru","status":"publish","type":"product","link":"https:\/\/nazcatrips.com\/de\/shop\/nazca-tour\/tour-zu-den-petroglyphen-von-chichictara-palpa-peru\/","title":{"rendered":"Tour zu den Petroglyphen von Chichictara, Palpa, Peru"},"content":{"rendered":"<h3>\u00dcber die Tour<\/h3>\n<p>Tausende von Petroglyphen sind in der Region Nasca-Palpa zu finden. Viele von ihnen haben eine gro\u00dfe \u00c4hnlichkeit mit den k\u00fcrzlich entdeckten Geoglyphen aus der Paracas-Zeit (800\u2013200 v. Chr.), Offensichtlich die Vorl\u00e4ufer der ber\u00fchmten Geoglyphen der nachfolgenden Nasca-Zeit (200 v. Chr.\u2013650 n. Chr.). W\u00e4hrend die Geoglyphen von Nasca im Mittelpunkt zahlreicher wissenschaftlicher Arbeiten stehen, waren Petroglyphen und Geoglyphen von Paracas noch nicht Gegenstand der Untersuchung.<\/p>\n<p>Die Untersuchungsergebnisse deuten darauf hin, dass Petroglyphenfundstellen in diesem Gebiet antike Rastpl\u00e4tze an Fernhandelsrouten waren, die die K\u00fcstenregion mit dem Hochland und vermutlich sogar dem Amazonasgebiet verbanden. In diesem Zusammenhang wird ein neues Licht auf die Petroglyphen f\u00fcr ikonografische Interpretationen geworfen.<\/p>\n<p>Einige Petroglyphen von Chichictara wurden bereits vor einigen Jahrzehnten als typische Chav\u00ednoid- oder Paracas-Figuren erkannt (Mej\u00eda Xesspe 1972), hier stehen vor allem Ergebnisse zur arch\u00e4ologisch definierten Paracas-Kultur (heute datiert 800 bis 200 v. Chr.) im Vordergrund.<\/p>\n<p>Eine der Petroglyphen auf Felsen Nummer 6 von Chichictaras Sektor zeigt eine \u00e4hnliche Darstellung des Chav\u00edn-Kopfes<\/p>\n<p>Insbesondere die Darstellungen des sogenannten Chav\u00edn-Kopfes sind schl\u00fcssig und k\u00f6nnen direkt mit der Petroglyphe Nummer 6 in Verbindung gebracht werden. Dies ist zumindest ein Hinweis auf die Datierung der Petroglyphen.<\/p>\n<p>Die Forschung zur Anfangszeit (1800\u2013800 v. Chr.) wurde in der s\u00fcdlichen K\u00fcstenregion nur am Rande durchgef\u00fchrt und konzentrierte sich fast ausschlie\u00dflich auf Zentral- und Nordperu. Es ist daher v\u00f6llig unklar, ob die Paracas-Kultur ihre Wurzeln in dieser Region hat oder ob sie das Ergebnis einer Verbreitung des Chav\u00edn-Stils aus dem zentralen und n\u00f6rdlichen Hochland ist.<\/p>\n<p>Au\u00dferdem werden wir eine der sch\u00f6nsten Petroglyphen von La Viuda bewundern. Dieser Felsen hei\u00dft<\/p>\n<p>\u201eLas Tres Edades\u201c = die drei Zeitalter.<\/p>\n<h3>Warum dieses Erlebnis buchen?<\/h3>\n<p>Verstehen Sie die Urspr\u00fcnge des Menschen an der peruanischen K\u00fcste und seine Entwicklung f\u00fcr die Interpretationen der gro\u00dfen Leinw\u00e4nde, die in zuk\u00fcnftigen Zivilisationen hergestellt wurden.<\/p>\n<h3>Reiseplan<\/h3>\n<p>Sie werden zur geplanten Zeit in Nazca von Ihrem Hotel abgeholt und zu einer arch\u00e4ologischen Abenteuertour in Indiana Jones mitgenommen.<\/p>\n<p>Auf dem Weg werden wir die W\u00fcstenlandschaft bewundern, die durch das Gebiet f\u00fchrt, in dem sich die Nazca- und Pal\u00e1-Linien befinden. Wir werden an den beiden metallischen Aussichtspunkten anhalten: Dies, um die Komposition der ber\u00fchmten Linien und Figuren von Nazca und Palpa zu sch\u00e4tzen.<\/p>\n<p>Am Ende besuchen wir das Palpa-Museum und sp\u00e4ter steigen wir auf einen sehr kleinen Berg und entdecken mit Bewunderung die Petroglyphen von Palpa!<\/p>\n<p>Bewundert und mit noch in Bearbeitung befindlichen Informationen kehren wir in die Stadt Nazca zur\u00fcck und lassen Sie in Ihrem Hotel oder an einem anderen Punkt in der Stadt zur\u00fcck.<\/p>\n<h3>Einschl\u00fcsse<\/h3>\n<p>Hin- und R\u00fccktransfer vom und zum Hotel von ausgew\u00e4hlten Hotels in Nazca.<\/p>\n<p>Privater Reiseleiter\/Fahrer (Englisch \u2013 Spanisch \u2013 Franz\u00f6sisch \u2013 Italienisch)<\/p>\n<h3>Ausschl\u00fcsse<\/h3>\n<p>Mahlzeiten oder Snacks.<\/p>\n<h3>Zus\u00e4tzliche Informationen f\u00fcr diese Landtour<\/h3>\n<p>Bringen Sie Wasser und leichte Kleidung mit, wir befinden uns in der trockensten W\u00fcste der Welt!<\/p>","protected":false},"excerpt":{"rendered":"<h3>Tausende von Petroglyphen sind in der Region Nasca-Palpa zu finden.<\/h3>\n<p>Viele von ihnen haben eine gro\u00dfe \u00c4hnlichkeit mit den k\u00fcrzlich entdeckten Geoglyphen aus der Paracas-Zeit (800\u2013200 v. Chr.), Offensichtlich die Vorl\u00e4ufer der ber\u00fchmten Geoglyphen der nachfolgenden Nasca-Zeit (200 v. Chr.\u2013650 n. Chr.). W\u00e4hrend die Geoglyphen von Nasca im Mittelpunkt zahlreicher wissenschaftlicher Arbeiten stehen, waren Petroglyphen und Geoglyphen von Paracas noch nicht Gegenstand der Untersuchung.<\/p>","protected":false},"featured_media":947,"template":"","meta":{"_acf_changed":false},"product_brand":[],"product_cat":[23],"product_tag":[],"class_list":{"0":"post-636","1":"product","2":"type-product","3":"status-publish","4":"has-post-thumbnail","6":"product_cat-nazca-tour","7":"wt_location-nazca-tour","9":"first","10":"instock","11":"sold-individually","12":"shipping-taxable","13":"purchasable","14":"product-type-simple"},"acf":{"resumo_email":""},"_links":{"self":[{"href":"https:\/\/nazcatrips.com\/de\/wp-json\/wp\/v2\/product\/636","targetHints":{"allow":["GET"]}}],"collection":[{"href":"https:\/\/nazcatrips.com\/de\/wp-json\/wp\/v2\/product"}],"about":[{"href":"https:\/\/nazcatrips.com\/de\/wp-json\/wp\/v2\/types\/product"}],"wp:featuredmedia":[{"embeddable":true,"href":"https:\/\/nazcatrips.com\/de\/wp-json\/wp\/v2\/media\/947"}],"wp:attachment":[{"href":"https:\/\/nazcatrips.com\/de\/wp-json\/wp\/v2\/media?parent=636"}],"wp:term":[{"taxonomy":"product_brand","embeddable":true,"href":"https:\/\/nazcatrips.com\/de\/wp-json\/wp\/v2\/product_brand?post=636"},{"taxonomy":"product_cat","embeddable":true,"href":"https:\/\/nazcatrips.com\/de\/wp-json\/wp\/v2\/product_cat?post=636"},{"taxonomy":"product_tag","embeddable":true,"href":"https:\/\/nazcatrips.com\/de\/wp-json\/wp\/v2\/product_tag?post=636"}],"curies":[{"name":"wp","href":"https:\/\/api.w.org\/{rel}","templated":true}]}}