{"id":948,"date":"2022-08-01T12:30:11","date_gmt":"2022-08-01T12:30:11","guid":{"rendered":"https:\/\/nazcatrips.webja.pt\/?post_type=product&#038;p=948"},"modified":"2024-01-14T22:50:57","modified_gmt":"2024-01-14T22:50:57","slug":"nazca-lines-viewing-tower-tour","status":"publish","type":"product","link":"https:\/\/nazcatrips.com\/de\/shop\/nazca-lines\/nazca-linien-aussichtsturm-tour\/","title":{"rendered":"Nazca-Linien-Aussichtsturm-Tour"},"content":{"rendered":"<h3>\u00dcber die Tour<\/h3>\n<p>Das Gebiet, in dem sich die Nazca-Linien befinden, hat 500 km 2, auf denen sich Hunderte von Figuren und<br \/>\nTausende von Linien und Trapezen. Einige von ihnen sind: Der Wal, das Trapez, der Astronaut, der Affe, der Hund, der Kolibri, der Kondor, die Spinne,<br \/>\nVogel Fragata, Der Papagei, Der Baum und Die H\u00e4nde. Einige der Figuren sind mehr als 300 Meter hoch und die meisten k\u00f6nnen nur aus der Luft betrachtet werden. F\u00fcr wen wurden sie gemacht, wenn man sie meist nur aus der Luft sehen kann?<\/p>\n<p>Diese Tour verspricht, Sie auf eine Reise in die Vergangenheit mitzunehmen und Ihnen eines der gr\u00f6\u00dften Wunder der Welt n\u00e4her zu bringen. Nachdem Sie eines der besten Erlebnisse Ihres Lebens genossen haben, bringen wir Sie zu Ihrem Hotel oder irgendwo in der Stadt zur\u00fcck. Dankbar daf\u00fcr, dass Sie uns f\u00fcr Ihren Besuch der tausendj\u00e4hrigen und erstaunlichen Nazca-Linien gew\u00e4hlt haben, werden unsere Dienstleistungen beendet sein.<\/p>\n<h3>Warum dieses Erlebnis buchen?<\/h3>\n<p>Auf jeden Fall, wenn Sie nach Peru kommen, ist Nazca eine der interessantesten Kulturen des alten Peru. Wenn Sie nicht \u00fcber sie fliegen k\u00f6nnen, k\u00f6nnen sie immer noch wunderbare Erinnerungen tragen sie auf dem Boden zu sehen.<\/p>\n<h3>Nazca-Linien Reiseroute<\/h3>\n<p>Wir holen Sie von Ihrem Hotel oder Busbahnhof ab und unsere arch\u00e4ologische Tour f\u00fchrt uns \u00fcber die weltber\u00fchmte S\u00fcd-Panamerikastra\u00dfe, die von Nazca nach Norden f\u00fchrt. Wir werden die W\u00fcstenlandschaft bewundern und an einem nat\u00fcrlichen Aussichtspunkt anhalten, von dem aus wir Linien und Trapeze sehen k\u00f6nnen, die in Richtung dieses Berges konvergieren. Sp\u00e4ter besuchen wir das Maria-Recihe-Museum, wo wir mehr \u00fcber die harte Arbeit erfahren, die diese spektakul\u00e4re Frau f\u00fcr das Studium, die Erhaltung und die Verbreitung der Linien von Nasca geleistet hat.<\/p>\n<p>Der n\u00e4chste Halt ist der Palpa-Turm, von wo aus wir 5 weitere Figuren sehen werden! Diese Figuren geh\u00f6ren laut Arch\u00e4ologen zur Paracas-Kultur. Sie sind bekannt als die Paracas-Familie und einige andere beziehen sie auf die Gott-Astronauten.<\/p>\n<p>Im letzten Teil werden wir den metallischen Aussichtspunkt besuchen und die Figuren der H\u00e4nde, des Baumes und der Eidechse sehen. (Das Material zu sehen, mit dem sie gemacht wurden, und die Geschichte von einem lokalen F\u00fchrer zu h\u00f6ren, ist eine einzigartige Erinnerung an einen der interessantesten Orte der Welt). Bewundert und mit vielen Informationen im Gep\u00e4ck kehren wir in die Stadt Nasca zur\u00fcck und setzen Sie an Ihrem Hotel oder irgendwo in der Stadt ab. Dankbar, dass Sie uns f\u00fcr Ihren Besuch in der Hutmacherei und erstaunliche Nazca Linien gew\u00e4hlt haben, wird das Ende unserer Dienstleistungen sein.<\/p>\n<h3>Zus\u00e4tzliche Informationen<\/h3>\n<p>Bringen Sie Wasser und leichte Kleidung mit, wir befinden uns in der trockensten W\u00fcste der Welt!<\/p>\n<p>USD 50.00 pro Person<\/p>","protected":false},"excerpt":{"rendered":"<h3>\u00dcber den Aussichtsturm der Nazca-Linien<\/h3>\n<p>Dieser kurze Halt (an einem ziemlich surrealen Ort mitten in der W\u00fcste) und der Zugang zum Aussichtsturm sind in der Durchfahrt durch Nazca enthalten. Von der 13-Meter-H\u00f6he des Turms aus kann man die Grundformen von drei der Nazca-Figuren erkennen.<\/p>\n<p>Auf diese Weise k\u00f6nnen Sie die Linien aus n\u00e4chster N\u00e4he betrachten, auch wenn Ihre Aufnahmen nicht so beeindruckend sein werden, wie wenn Sie das Flugzeug besteigen. Au\u00dferdem erfahren Sie auf unserer Tour mehr \u00fcber den faszinierenden Hintergrund der alten Nazca-Gesellschaft und die vorherrschenden Hypothesen hinter den r\u00e4tselhaften Linien.<\/p>","protected":false},"featured_media":949,"template":"","meta":{"_acf_changed":false},"product_brand":[],"product_cat":[39,23],"product_tag":[],"class_list":{"0":"post-948","1":"product","2":"type-product","3":"status-publish","4":"has-post-thumbnail","6":"product_cat-nazca-lines","7":"product_cat-nazca-tour","8":"wt_location-nazca-tour","10":"first","11":"instock","12":"sold-individually","13":"shipping-taxable","14":"purchasable","15":"product-type-simple"},"acf":{"resumo_email":""},"_links":{"self":[{"href":"https:\/\/nazcatrips.com\/de\/wp-json\/wp\/v2\/product\/948","targetHints":{"allow":["GET"]}}],"collection":[{"href":"https:\/\/nazcatrips.com\/de\/wp-json\/wp\/v2\/product"}],"about":[{"href":"https:\/\/nazcatrips.com\/de\/wp-json\/wp\/v2\/types\/product"}],"wp:featuredmedia":[{"embeddable":true,"href":"https:\/\/nazcatrips.com\/de\/wp-json\/wp\/v2\/media\/949"}],"wp:attachment":[{"href":"https:\/\/nazcatrips.com\/de\/wp-json\/wp\/v2\/media?parent=948"}],"wp:term":[{"taxonomy":"product_brand","embeddable":true,"href":"https:\/\/nazcatrips.com\/de\/wp-json\/wp\/v2\/product_brand?post=948"},{"taxonomy":"product_cat","embeddable":true,"href":"https:\/\/nazcatrips.com\/de\/wp-json\/wp\/v2\/product_cat?post=948"},{"taxonomy":"product_tag","embeddable":true,"href":"https:\/\/nazcatrips.com\/de\/wp-json\/wp\/v2\/product_tag?post=948"}],"curies":[{"name":"wp","href":"https:\/\/api.w.org\/{rel}","templated":true}]}}