{"id":950,"date":"2022-08-01T11:00:07","date_gmt":"2022-08-01T11:00:07","guid":{"rendered":"https:\/\/nazcatrips.webja.pt\/?post_type=product&#038;p=950"},"modified":"2022-08-26T00:41:44","modified_gmt":"2022-08-26T00:41:44","slug":"pampa-galeras-national-reserve-tour","status":"publish","type":"product","link":"https:\/\/nazcatrips.com\/de\/shop\/nazca-tour\/pampa-galeras-nationalreservat-tour\/","title":{"rendered":"Tour durch das Nationalreservat Pampa Galeras"},"content":{"rendered":"<h3>\u00dcber die Tour<\/h3>\n<p>In der Provinz Lucanas beherbergt dieses Naturgebiet die gr\u00f6\u00dfte Vicu\u00f1a-Population des Landes und der Welt, konzentriert auf engstem Raum. Es ist auch die Heimat von Tieren wie dem Andenfuchs, Vizcachas und Wieseln sowie dem Andenkondor, dem Andenflamingo und dem Andentinamou. Weitere Attraktionen dieses Nationalreservats sind seine Felsmalereien, das Standortmuseum und das Interpretationszentrum, in dem Arten von Flora und Fauna ausgestellt sind.<\/p>\n<p>Das Pampas Galeras Nationalreservat sch\u00fctzt den hochgelegenen Lebensraum des bedrohten Vicu\u00f1a, dem sch\u00fcchternen und eleganten Verwandten des Alpakas und Lamas. Wenn Sie das Gl\u00fcck haben, eines dieser entz\u00fcckenden, zarten Gesch\u00f6pfe in freier Wildbahn zu sehen, ist es leicht zu verstehen, warum die Inkas sie als heilig betrachteten.<\/p>\n<p>Obwohl auf dem H\u00f6hepunkt des Inka-Reiches etwa 2 Millionen Vicu\u00f1as in den Bergen umherstreiften, wurden die zimtfarbenen Tiere nach der Ankunft der Spanier fast bis zur Ausrottung gejagt. Die Konquistadoren waren hinter ihrem \u00e4u\u00dferst wertvollen Wollmantel her \u2013 das luxuri\u00f6s weiche und warme Vlies der Vicu\u00f1a ist eine der edelsten und teuersten Naturfasern der Welt.<\/p>\n<p>Heute ist Pampas Galeras eines der gr\u00f6\u00dften Schutzgebiete, das sich f\u00fcr den Schutz dieser sch\u00f6nen Kreatur einsetzt. Etwa 5.000 Vicu\u00f1as leben innerhalb der Grenzen des Reservats in H\u00f6hen von \u00fcber 10.000 Fu\u00df. Das Nationalreservat tr\u00e4gt auch zur Unterst\u00fctzung der l\u00e4ndlichen Andengemeinschaften bei, die in Harmonie mit der regionalen Tierwelt leben. Eine erfolgreiche Schutzmethode bestand darin, die lokalen D\u00f6rfer am Schutz der Vicu\u00f1as zu beteiligen<br \/>\nindem die jahrhundertealte Chaccu-Scherzeremonie zur\u00fcckgebracht wird.<\/p>\n<p>Jeden Juni pferchen die Dorfbewohner die Vicu\u00f1as ein, scheren die Wolle, ohne den Tieren zu schaden, und setzen sie wieder in die Wildnis frei. Auf das Scheren folgt oft ein traditionelles Fest mit Musik, Trinken und Tanzen. Dieses Ritual kommt den isolierten Berggemeinden zugute, indem es ihnen das Recht gibt, das teure Vlies der Tiere zu verkaufen, mit dem zus\u00e4tzlichen Vorteil, potenzielle Wilderer abzuschrecken.<\/p>\n<h3>Warum dieses Erlebnis buchen?<\/h3>\n<p>Bewundern Sie das nationale Symbol des tierischen Reichtums dieses Landes.<\/p>\n<h3>Reiseplan<\/h3>\n<p>Zur angegebenen Zeit beginnen wir unsere Tour und durchqueren die W\u00fcste und die Berge auf der Suche nach einem so wertvollen Tier, dem Besitzer der feinsten Wolle der Welt. W\u00e4hrend des Inka-Reiches war es verboten, Vicu\u00f1as zu t\u00f6ten, daher wurde die Wolle auf humane Weise gesammelt<br \/>\nScherritual bekannt als Chaccu, und das seidige Vlies wurde nur vom Adel getragen. Leider verwendeten die spanischen Konquistadoren Gewehre, um die lukrativen Tiere zu jagen, eine Praxis, die Jahrhunderte andauerte, bis das Vicu\u00f1a in den 1970er Jahren als gef\u00e4hrdete Art eingestuft wurde.<br \/>\nWir werden einige strategische Stopps einlegen, um sie n\u00e4her zu sch\u00e4tzen und die wundersch\u00f6ne Naturlandschaft zu genie\u00dfen.<\/p>\n<p>Bewundert und mit noch in Bearbeitung befindlichen Informationen kehren wir in die Stadt Nazca zur\u00fcck und setzen Sie an Ihrem Hotel oder irgendwo in der Stadt ab. Dankbar daf\u00fcr, dass Sie uns f\u00fcr Ihren Besuch der tausendj\u00e4hrigen und erstaunlichen Nazca-Linien ausgew\u00e4hlt haben, wird das Ende unserer Dienstleistungen sein.<\/p>\n<h3>Ausschl\u00fcsse<\/h3>\n<p>Mahlzeiten<\/p>\n<h3>Zus\u00e4tzliche Informationen<\/h3>\n<p>Bedenken Sie, dass wir in Nazca 450 Meter \u00fcber dem Meeresspiegel liegen und in Pampas Galeras 4100 Meter \u00fcber dem Meeresspiegel erreichen k\u00f6nnen.<\/p>","protected":false},"excerpt":{"rendered":"<h3>\u00dcber das Pampa Galeras Nationalreservat<\/h3>\n<p>Das Nationalreservat Pampas Galeras, das hoch in den Anden im peruanischen Departement Ayacucho liegt, bewacht den hochgelegenen Lebensraum des gef\u00e4hrdeten Vicuas, eines sch\u00fcchternen und anmutigen Verwandten des Alpakas und des Lamas. Wenn Sie das Gl\u00fcck haben, einem dieser niedlichen, zarten Kreaturen in freier Wildbahn zu begegnen, ist klar, warum die Inkas sie verehrten.<\/p>","protected":false},"featured_media":951,"template":"","meta":{"_acf_changed":false},"product_brand":[],"product_cat":[23],"product_tag":[],"class_list":{"0":"post-950","1":"product","2":"type-product","3":"status-publish","4":"has-post-thumbnail","6":"product_cat-nazca-tour","7":"wt_location-nazca-tour","9":"first","10":"instock","11":"sold-individually","12":"shipping-taxable","13":"purchasable","14":"product-type-simple"},"acf":{"resumo_email":""},"_links":{"self":[{"href":"https:\/\/nazcatrips.com\/de\/wp-json\/wp\/v2\/product\/950","targetHints":{"allow":["GET"]}}],"collection":[{"href":"https:\/\/nazcatrips.com\/de\/wp-json\/wp\/v2\/product"}],"about":[{"href":"https:\/\/nazcatrips.com\/de\/wp-json\/wp\/v2\/types\/product"}],"wp:featuredmedia":[{"embeddable":true,"href":"https:\/\/nazcatrips.com\/de\/wp-json\/wp\/v2\/media\/951"}],"wp:attachment":[{"href":"https:\/\/nazcatrips.com\/de\/wp-json\/wp\/v2\/media?parent=950"}],"wp:term":[{"taxonomy":"product_brand","embeddable":true,"href":"https:\/\/nazcatrips.com\/de\/wp-json\/wp\/v2\/product_brand?post=950"},{"taxonomy":"product_cat","embeddable":true,"href":"https:\/\/nazcatrips.com\/de\/wp-json\/wp\/v2\/product_cat?post=950"},{"taxonomy":"product_tag","embeddable":true,"href":"https:\/\/nazcatrips.com\/de\/wp-json\/wp\/v2\/product_tag?post=950"}],"curies":[{"name":"wp","href":"https:\/\/api.w.org\/{rel}","templated":true}]}}