{"id":958,"date":"2022-08-01T11:05:54","date_gmt":"2022-08-01T11:05:54","guid":{"rendered":"https:\/\/nazcatrips.webja.pt\/?post_type=product&#038;p=958"},"modified":"2025-05-12T10:13:49","modified_gmt":"2025-05-12T10:13:49","slug":"tour-to-cantalloc-aqueducts","status":"publish","type":"product","link":"https:\/\/nazcatrips.com\/de\/shop\/nazca-tour\/tour-zu-cantalloc-aquadukten\/","title":{"rendered":"Tour zu den Aqu\u00e4dukten von Cantalloc"},"content":{"rendered":"<h3>\u00dcber die Tour<\/h3>\n<p>Cantalloc-Aqu\u00e4dukt ist der Name einer gro\u00dfen Attraktion in Nazca. Es liegt auf dem Weg von Nazca nach Cusco.<\/p>\n<p>In den Aqu\u00e4dukten von Cantalloc, wo die Luft im Freien ist, gibt es ein S-f\u00f6rmiges Rohr, um den Wasserfluss zu verlangsamen und zu verhindern, dass es bei \u00dcberschwemmungen zu schnell flie\u00dft. Die Nazca-Leute bauten auch Zugangspunkte, die auch heute noch direkten Zugang zu sauberem Wasser bieten und das \u00fcberraschend frische Wasser mit Sauerstoff versorgen.<\/p>\n<p>Sie wussten, dass Wasser aus den Anden nicht nur in Fl\u00fcssen, sondern auch in Grundwasserleitern floss, und nutzten diese lebenswichtigen Ressourcen auf intelligente Weise. Einige argumentieren sogar, dass die ber\u00fchmten Nazca-Linien tats\u00e4chlich auf unterirdische Wasserquellen hinweisen und dass die Symbole Hinweise darauf sind, was in dem trockenen Boden zu finden ist.<\/p>\n<h3>Warum dieses Erlebnis buchen?<\/h3>\n<p>1. Bewundern und spazieren Sie entlang der ber\u00fchmten Aqu\u00e4dukte von Cantalloc.<\/p>\n<p>2. Entdecken Sie, wie sie Wasser aus dem Grundwasserspiegel sammeln konnten.<\/p>\n<h3>Reiseplan<\/h3>\n<p>Tagesaktivit\u00e4t Sie werden von Ihrem Hotel in Nazca abgeholt und zur festgelegten Zeit in einem klimatisierten Fahrzeug zu den Aqu\u00e4dukten von Cantalloc gebracht. Ein zweisprachiger Reiseleiter (Englisch\/Spanisch) begleitet Sie auf dieser Tour.<\/p>\n<p>Auf dem Weg zum Wasserkanal k\u00f6nnen wir an einem Ort namens Needles anhalten, um von der Spitze eines kleinen H\u00fcgels aus riesige Nazca-Linien und Trapeze im Originalzustand zu beobachten.<\/p>\n<p>Danach besuchen wir weiter die alten Nazca-Kan\u00e4le von Cantalloc. An dieser Stelle werden wir entlang der riesigen Spirall\u00f6cher und auch der Kan\u00e4le gehen. Unser F\u00fchrer erkl\u00e4rt, wie die alten Nazca-Leute all diese Kan\u00e4le bauen konnten, dann machen wir einen Spaziergang durch die umliegenden Felder, um einige Pflanzen zu sehen, die im Nazca-Tal produziert werden.<\/p>\n<p>Am Ende der Tour werden Sie zu Ihrem Hotel in Nazca zur\u00fcckgebracht.<\/p>\n<h3>Ausschl\u00fcsse<\/h3>\n<p>\u2013 Mahlzeiten &amp; Getr\u00e4nke.<\/p>","protected":false},"excerpt":{"rendered":"<h3>\u00dcber Cantalloc-Aqu\u00e4dukte<\/h3>\n<p>Um zu \u00fcberleben, war der Mensch schon immer schlau, sich an scheinbar unm\u00f6gliche Lebensbedingungen anzupassen, und bei dieser Gelegenheit mussten die Nazca-Leute einen Weg finden, in diesem trockenen W\u00fcstenklima von Nazca Zugang zu Wasser zu haben. Im 5. Jahrhundert wurden die Aqu\u00e4dukte gebaut, um einen jahrelangen Zugang zu Wasser zu erm\u00f6glichen, das f\u00fcr die dauerhafte Besiedlung und Bew\u00e4sserung des Gebiets unerl\u00e4sslich ist.<\/p>\n<p>Wasser, das in Grundwasserleitern floss, wurde mithilfe von k\u00fcnstlichen unterirdischen Kan\u00e4len dorthin geleitet, wo es ben\u00f6tigt wurde. Konzentrische Wege, die zu diesen unterirdischen Kan\u00e4len f\u00fchrten, sorgten f\u00fcr einen direkten Zugang zum Wasser.<\/p>","protected":false},"featured_media":959,"template":"","meta":{"_acf_changed":false},"product_brand":[],"product_cat":[23],"product_tag":[],"class_list":{"0":"post-958","1":"product","2":"type-product","3":"status-publish","4":"has-post-thumbnail","6":"product_cat-nazca-tour","7":"wt_location-nazca-tour","9":"first","10":"instock","11":"sold-individually","12":"shipping-taxable","13":"purchasable","14":"product-type-simple"},"acf":{"resumo_email":""},"_links":{"self":[{"href":"https:\/\/nazcatrips.com\/de\/wp-json\/wp\/v2\/product\/958","targetHints":{"allow":["GET"]}}],"collection":[{"href":"https:\/\/nazcatrips.com\/de\/wp-json\/wp\/v2\/product"}],"about":[{"href":"https:\/\/nazcatrips.com\/de\/wp-json\/wp\/v2\/types\/product"}],"wp:featuredmedia":[{"embeddable":true,"href":"https:\/\/nazcatrips.com\/de\/wp-json\/wp\/v2\/media\/959"}],"wp:attachment":[{"href":"https:\/\/nazcatrips.com\/de\/wp-json\/wp\/v2\/media?parent=958"}],"wp:term":[{"taxonomy":"product_brand","embeddable":true,"href":"https:\/\/nazcatrips.com\/de\/wp-json\/wp\/v2\/product_brand?post=958"},{"taxonomy":"product_cat","embeddable":true,"href":"https:\/\/nazcatrips.com\/de\/wp-json\/wp\/v2\/product_cat?post=958"},{"taxonomy":"product_tag","embeddable":true,"href":"https:\/\/nazcatrips.com\/de\/wp-json\/wp\/v2\/product_tag?post=958"}],"curies":[{"name":"wp","href":"https:\/\/api.w.org\/{rel}","templated":true}]}}