{"id":961,"date":"2022-08-01T11:27:33","date_gmt":"2022-08-01T11:27:33","guid":{"rendered":"https:\/\/nazcatrips.webja.pt\/?post_type=product&#038;p=961"},"modified":"2025-05-12T10:11:55","modified_gmt":"2025-05-12T10:11:55","slug":"chauchilla-cemetery-tour","status":"publish","type":"product","link":"https:\/\/nazcatrips.com\/de\/shop\/nazca-tour\/tour-to-chauchilla-friedhof\/","title":{"rendered":"Friedhof von Chauchilla Tour"},"content":{"rendered":"<h3>\u00dcber die Tour<\/h3>\n<p>Die Nazca-Zivilisation hatte die Angewohnheit, ihre Leute zu begraben. Dank dieser Praxis hinterlie\u00dfen die Nazca-Leute fast unber\u00fchrte Keramiken, bunte Textilien, Mumien, Sch\u00e4del und Ger\u00e4te. Lokale Diebe und Grabr\u00e4uber waren sich dessen seit dem Ende des 20. Jahrhunderts bewusst; Die einzigen Dinge, die sie in der W\u00fcste zur\u00fccklie\u00dfen, waren die Mumien und kleinere Habseligkeiten. Die Mumien werden reorganisiert und in 12 unterirdischen Gr\u00e4bern freigelegt, obwohl Stofffragmente, T\u00f6pferwaren und Knochenscherben immer noch den Boden au\u00dferhalb des markierten Pfades verunreinigen.<\/p>\n<p>Die alten Siedler von Nazca hatten auch den Brauch, ihre Leute in f\u00f6taler Position zu begraben, immer nach Osten ausgerichtet und mit ihren Besitzt\u00fcmern begraben, m\u00f6glicherweise mit einer fantastischen Idee, sie in einer nahen Zukunft wie viele Zivilisationen, die im S\u00fcden bl\u00fchten, nutzen zu k\u00f6nnen Peru.<\/p>\n<h3>Warum dieses Erlebnis buchen?<\/h3>\n<p>1. Sehen und staunen Sie \u00fcber diesen Friedhof von Chauchilla, der Mumien und arch\u00e4ologische \u00dcberreste enth\u00e4lt.<br \/>\n2. Genie\u00dfen Sie die Hitze und die atemberaubende Landschaft der W\u00fcste von Nazca<\/p>\n<h3>Reiseplan<\/h3>\n<p>Sie werden von Ihrem Hotel in Nazca abgeholt und in unserem klimatisierten Fahrzeug zu einer Besichtigungstour des Chauchilla-Friedhofs gebracht. Ein zweisprachiger Guide (Englisch\/Spanisch) begleitet Sie auf dieser Tour.<\/p>\n<p>Wir beginnen unsere Tour zun\u00e4chst mit einem Halt an dem Ort, an dem uns ein Handwerksmeister eine gute Erkl\u00e4rung \u00fcber die Nazca-Keramik gibt, um mehr \u00fcber die Ikonographie und auch dar\u00fcber zu erfahren, wie die alten Nazca-Leute bunte und sch\u00f6ne T\u00f6pferwaren herstellten.<\/p>\n<p>Wir setzen unsere Tour fort und fahren in den S\u00fcden von Nazca, folgen der panamerikanischen Route f\u00fcr etwa 21 Kilometer und machen dann einen Abstecher \u00fcber eine holprige Stra\u00dfe von 7 Kilometern, die zum arch\u00e4ologischen Friedhof von Chauchilla f\u00fchrt.<\/p>\n<p>Auf dem Friedhof von Chauchilla besuchen wir mehrere Gr\u00e4ber, die alte Keramikfragmente und menschliche \u00dcberreste enthalten. Und unser F\u00fchrer zeigt uns auch Gr\u00e4ber, in denen die Menschen nicht waren, um herauszufinden, was dort ist.<\/p>\n<p>Unsere Kunden nehmen auch ein Sonnenbad und genie\u00dfen eine wundersch\u00f6ne W\u00fcstenlandschaft.<\/p>\n<p>Am Ende der Tour werden Sie zu Ihrem Hotel in Nazca zur\u00fcckgebracht.<\/p>\n<h3>Ausschl\u00fcsse<\/h3>\n<p>-Mahlzeiten und Getr\u00e4nke.<\/p>","protected":false},"excerpt":{"rendered":"<h3>\u00dcber den Friedhof von Chauchilla<\/h3>\n<p>Der Chauchilla-Friedhof, 30 km s\u00fcdlich von Nazca, wird jeden Drang befriedigen, alte Knochen, Sch\u00e4del und Mumien zu sehen. Grabr\u00e4uber und Arch\u00e4ologen, die auf die sp\u00e4te Nazca-Zivilisation um 800 n. Chr. zur\u00fcckgehen, belegen die fr\u00fchere Entdeckung der Nazca-Zivilisation in der Nazca-W\u00fcste. Auf dem Chauchilla-Friedhof wurden die K\u00f6rper der alten Nazca-Bev\u00f6lkerung aufbewahrt. Das trockene Klima der Region trug dazu bei, diese K\u00f6rper zu erhalten.<\/p>","protected":false},"featured_media":962,"template":"","meta":{"_acf_changed":false},"product_brand":[],"product_cat":[23],"product_tag":[],"class_list":{"0":"post-961","1":"product","2":"type-product","3":"status-publish","4":"has-post-thumbnail","6":"product_cat-nazca-tour","7":"wt_location-nazca-tour","9":"first","10":"instock","11":"sold-individually","12":"shipping-taxable","13":"purchasable","14":"product-type-simple"},"acf":{"resumo_email":""},"_links":{"self":[{"href":"https:\/\/nazcatrips.com\/de\/wp-json\/wp\/v2\/product\/961","targetHints":{"allow":["GET"]}}],"collection":[{"href":"https:\/\/nazcatrips.com\/de\/wp-json\/wp\/v2\/product"}],"about":[{"href":"https:\/\/nazcatrips.com\/de\/wp-json\/wp\/v2\/types\/product"}],"wp:featuredmedia":[{"embeddable":true,"href":"https:\/\/nazcatrips.com\/de\/wp-json\/wp\/v2\/media\/962"}],"wp:attachment":[{"href":"https:\/\/nazcatrips.com\/de\/wp-json\/wp\/v2\/media?parent=961"}],"wp:term":[{"taxonomy":"product_brand","embeddable":true,"href":"https:\/\/nazcatrips.com\/de\/wp-json\/wp\/v2\/product_brand?post=961"},{"taxonomy":"product_cat","embeddable":true,"href":"https:\/\/nazcatrips.com\/de\/wp-json\/wp\/v2\/product_cat?post=961"},{"taxonomy":"product_tag","embeddable":true,"href":"https:\/\/nazcatrips.com\/de\/wp-json\/wp\/v2\/product_tag?post=961"}],"curies":[{"name":"wp","href":"https:\/\/api.w.org\/{rel}","templated":true}]}}