{"id":963,"date":"2022-08-01T13:05:26","date_gmt":"2022-08-01T13:05:26","guid":{"rendered":"https:\/\/nazcatrips.webja.pt\/?post_type=product&#038;p=963"},"modified":"2026-02-09T14:50:47","modified_gmt":"2026-02-09T14:50:47","slug":"the-grand-experience","status":"publish","type":"product","link":"https:\/\/nazcatrips.com\/de\/shop\/nazca-lines\/das-grose-erlebnis\/","title":{"rendered":"Das gro\u00dfe Erlebnis"},"content":{"rendered":"<p>Diese Tour ist f\u00fcr Liebhaber der antiken Geschichte gedacht, f\u00fcr diejenigen, die die Ruinen der erstaunlichsten Zivilisationen der Welt besuchen und unsere wahre Geschichte wiederentdecken m\u00f6chten.<\/p>\n<p>Eine Reise nach Peru ist ein Synonym f\u00fcr Arch\u00e4ologie und Geheimnisse.<\/p>\n<p>Wir sind die Erben einer der gr\u00f6\u00dften Zivilisationen auf der ganzen Welt. Unsere Gro\u00dfeltern haben es geschafft, ein umfangreiches Wissen \u00fcber Mathematik, Astronomie, Architektur und vieles mehr zu erlangen.<\/p>\n<p>Wie Unsere Liebe Frau (Mar\u00eda Reiche) von den Nasca-Linien uns daran erinnert: Wir haben hier ein gro\u00df angelegtes und in der Welt einzigartiges Zeugnis des ersten Erwachens der exakten Wissenschaften in der Evolution der Menschheit.<\/p>\n<p>Diese Erfahrung wird es Ihnen erm\u00f6glichen, die Nazca-Zivilisation vollst\u00e4ndig und tiefgehend kennenzulernen.<\/p>\n<p>9:00 Uhr: Wir holen Sie von Ihrem Hotel oder Busbahnhof ab und fliegen 35 Minuten \u00fcber die Nazca-Linien. (So fr\u00fch wie m\u00f6glich zu fliegen ist einer der Schl\u00fcssel, um dieses gro\u00dfartige Erbe in vollen Z\u00fcgen zu genie\u00dfen).<\/p>\n<p>10:00 Uhr: Wir werden das Cahuachi Zeremonialzentrum besuchen: Cahuachi ist vergleichbar mit dem Vatikan in Rom oder mit Mekka in Saudi-Arabien. Zur Zeit des Nazca-Volkes 200 n. Chr. und zu besonderen Zeiten kamen Menschen aus dem ganzen alten Peru zusammen, um Cahuachi zu erreichen und an den Zeremonien teilzunehmen. Dieser Ort ist 24,2 km lang und nur weniger als 20% entdecken ihn. Nachdem wir die \u00e4lteste und trockenste W\u00fcste der Welt durchquert haben, machen wir eine Mittagspause (nicht im Preis inbegriffen). Je nach Energie, k\u00f6nnen wir mit der n\u00e4chsten Tour fortsetzen.<\/p>\n<p>Gegen 14:00 Uhr kehren wir in den S\u00fcden der ber\u00fchmten Panamericana zur\u00fcck und besuchen die Nekropole von Chauchilla: Dieser Ort wurde gr\u00f6\u00dftenteils von Grabr\u00e4ubern zerst\u00f6rt, die auf der Suche nach Gold und Sch\u00e4tzen waren. Sie wussten, dass der alte Brauch des Nasca-Volkes darin bestand, die Verstorbenen mit ihren eigenen Habseligkeiten und auch mit verschiedenen Geschenken zu bestatten. Es ist sehr beeindruckend, dass die meisten Zeugnisse so gut erhalten sind, was auf die Trockenheit in der Region zur\u00fcckzuf\u00fchren ist. Wir werden in die Vergangenheit reisen und uns an die Rituale erinnern, mit denen sie beerdigt wurden, sowie an ihre Weltanschauung \u00fcber Leben und Tod.<\/p>\n<p>Zu guter Letzt werden wir die beeindruckenden Cantalloc-Aqu\u00e4dukte besichtigen: Wir bewundern, wie es den Inkas gelang, die Anden in einer sehr unwirtlichen Gegend zu beherrschen. Aber wir m\u00fcssen auch zur\u00fcckblicken und die Vor-Inka-V\u00f6lker wie die Nascas, Moche und Wari bewundern. Sie bauten das beste Beispiel f\u00fcr Wasserbau und verwandelten die W\u00fcste in ein riesiges, fruchtbares und wohlhabendes Tal.<\/p>\n<p>Als Liebhaber der alten Geschichte kann ich es nur empfehlen.<\/p>\n<p>Fast am Ende des Tages wird das Ende unserer Dienste sein.<\/p>\n<p>&nbsp;<\/p>\n<p><a href=\"https:\/\/nazcatrips.com\/wp-content\/uploads\/2022\/08\/2020-10-1361.jpg\"><img fetchpriority=\"high\" decoding=\"async\" class=\"alignnone wp-image-3498 size-full\" src=\"https:\/\/nazcatrips.com\/wp-content\/uploads\/2022\/08\/2020-10-1361.jpg\" alt=\"Cahuachi Tour\" width=\"239\" height=\"239\" srcset=\"https:\/\/nazcatrips.com\/wp-content\/uploads\/2022\/08\/2020-10-1361.jpg 239w, https:\/\/nazcatrips.com\/wp-content\/uploads\/2022\/08\/2020-10-1361-150x150.jpg 150w, https:\/\/nazcatrips.com\/wp-content\/uploads\/2022\/08\/2020-10-1361-12x12.jpg 12w, https:\/\/nazcatrips.com\/wp-content\/uploads\/2022\/08\/2020-10-1361-85x85.jpg 85w, https:\/\/nazcatrips.com\/wp-content\/uploads\/2022\/08\/2020-10-1361-100x100.jpg 100w\" sizes=\"(max-width: 239px) 100vw, 239px\" \/><\/a><a href=\"https:\/\/nazcatrips.com\/wp-content\/uploads\/2022\/08\/2020-10-1363.jpg\"><img decoding=\"async\" class=\"alignnone wp-image-3499 size-full\" src=\"https:\/\/nazcatrips.com\/wp-content\/uploads\/2022\/08\/2020-10-1363.jpg\" alt=\"Nazca-Linien \" width=\"239\" height=\"239\" srcset=\"https:\/\/nazcatrips.com\/wp-content\/uploads\/2022\/08\/2020-10-1363.jpg 239w, https:\/\/nazcatrips.com\/wp-content\/uploads\/2022\/08\/2020-10-1363-150x150.jpg 150w, https:\/\/nazcatrips.com\/wp-content\/uploads\/2022\/08\/2020-10-1363-12x12.jpg 12w, https:\/\/nazcatrips.com\/wp-content\/uploads\/2022\/08\/2020-10-1363-85x85.jpg 85w, https:\/\/nazcatrips.com\/wp-content\/uploads\/2022\/08\/2020-10-1363-100x100.jpg 100w\" sizes=\"(max-width: 239px) 100vw, 239px\" \/><\/a><a href=\"https:\/\/nazcatrips.com\/wp-content\/uploads\/2022\/08\/20181230_160404.jpg\"><img decoding=\"async\" class=\"alignnone wp-image-3500 size-full\" src=\"https:\/\/nazcatrips.com\/wp-content\/uploads\/2022\/08\/20181230_160404.jpg\" alt=\"Nazca-Touren\" width=\"239\" height=\"239\" srcset=\"https:\/\/nazcatrips.com\/wp-content\/uploads\/2022\/08\/20181230_160404.jpg 239w, https:\/\/nazcatrips.com\/wp-content\/uploads\/2022\/08\/20181230_160404-150x150.jpg 150w, https:\/\/nazcatrips.com\/wp-content\/uploads\/2022\/08\/20181230_160404-12x12.jpg 12w, https:\/\/nazcatrips.com\/wp-content\/uploads\/2022\/08\/20181230_160404-85x85.jpg 85w, https:\/\/nazcatrips.com\/wp-content\/uploads\/2022\/08\/20181230_160404-100x100.jpg 100w\" sizes=\"(max-width: 239px) 100vw, 239px\" \/><\/a><a href=\"https:\/\/nazcatrips.com\/wp-content\/uploads\/2022\/08\/nazca-tours-Nazca-1-e1668978200678.jpg\"><img loading=\"lazy\" decoding=\"async\" class=\"alignnone wp-image-3504\" src=\"https:\/\/nazcatrips.com\/wp-content\/uploads\/2022\/08\/nazca-tours-Nazca-1-e1668978200678.jpg\" alt=\"\" width=\"382\" height=\"238\" srcset=\"https:\/\/nazcatrips.com\/wp-content\/uploads\/2022\/08\/nazca-tours-Nazca-1-e1668978200678.jpg 239w, https:\/\/nazcatrips.com\/wp-content\/uploads\/2022\/08\/nazca-tours-Nazca-1-e1668978200678-18x12.jpg 18w\" sizes=\"(max-width: 382px) 100vw, 382px\" \/><\/a><\/p>\n<h3>Einschl\u00fcsse<\/h3>\n<p>1. Abholung vom Hotel und Hin- und R\u00fcckfahrt von Ihrem Hotel in Nazca.<\/p>\n<p>2. Zweisprachiger F\u00fchrer (Englisch\/Spanisch)<\/p>\n<p>3. Eing\u00e4nge (m\u00fcssen vom Kunden bezahlt werden)<\/p>\n<h3>Ausschl\u00fcsse<\/h3>\n<p>- Essen und Trinken.<\/p>\n<p>- 80 peruanische Soles Flughafensteuer<\/p>\n<p>- Eing\u00e4nge an den Akuedukten 10 peruanische Soles<\/p>\n<p>- Eing\u00e4nge im Metallturm Aussichtspunkt nazca = 6 peruanische Soles, palpa = 3 peruanische Soles und Maria reiche Museum = 5 peruanische Soles<\/p>\n<h3>Abfahrten<\/h3>\n<p>- Von:7:00 Uhr bis 18:00 Uhr<\/p>\n<h3>Zus\u00e4tzliche Informationen<\/h3>\n<p>Diese Tour muss mindestens 01 Woche vor dem gew\u00fcnschten Termin gebucht werden.<\/p>","protected":false},"excerpt":{"rendered":"<h3>\u00dcber Nazca-Linien<\/h3>\n<p>Die Nazca-Linien sind eine Gruppe riesiger Geoglyphen, d. h. in die Erde geritzter Muster oder Motive, die sich in der K\u00fcstenebene von Peru, etwa 400 Kilometer s\u00fcdlich von Lima, befinden. Die 2.000 Jahre alten Nazca-Linien, die von der alten Nazca-Zivilisation in S\u00fcdamerika gezeichnet wurden und eine Vielzahl von Pflanzen, Tieren und Formen zeigen, k\u00f6nnen aufgrund ihrer enormen Ausma\u00dfe nur aus der Luft vollst\u00e4ndig wahrgenommen werden.<\/p>","protected":false},"featured_media":964,"template":"","meta":{"_acf_changed":false},"product_brand":[],"product_cat":[39,29,23],"product_tag":[],"class_list":{"0":"post-963","1":"product","2":"type-product","3":"status-publish","4":"has-post-thumbnail","6":"product_cat-nazca-lines","7":"product_cat-flight","8":"product_cat-nazca-tour","9":"wt_location-nazca-tour","11":"first","12":"instock","13":"sold-individually","14":"shipping-taxable","15":"purchasable","16":"product-type-simple"},"acf":{"resumo_email":""},"_links":{"self":[{"href":"https:\/\/nazcatrips.com\/de\/wp-json\/wp\/v2\/product\/963","targetHints":{"allow":["GET"]}}],"collection":[{"href":"https:\/\/nazcatrips.com\/de\/wp-json\/wp\/v2\/product"}],"about":[{"href":"https:\/\/nazcatrips.com\/de\/wp-json\/wp\/v2\/types\/product"}],"wp:featuredmedia":[{"embeddable":true,"href":"https:\/\/nazcatrips.com\/de\/wp-json\/wp\/v2\/media\/964"}],"wp:attachment":[{"href":"https:\/\/nazcatrips.com\/de\/wp-json\/wp\/v2\/media?parent=963"}],"wp:term":[{"taxonomy":"product_brand","embeddable":true,"href":"https:\/\/nazcatrips.com\/de\/wp-json\/wp\/v2\/product_brand?post=963"},{"taxonomy":"product_cat","embeddable":true,"href":"https:\/\/nazcatrips.com\/de\/wp-json\/wp\/v2\/product_cat?post=963"},{"taxonomy":"product_tag","embeddable":true,"href":"https:\/\/nazcatrips.com\/de\/wp-json\/wp\/v2\/product_tag?post=963"}],"curies":[{"name":"wp","href":"https:\/\/api.w.org\/{rel}","templated":true}]}}