{"id":968,"date":"2022-07-25T21:58:08","date_gmt":"2022-07-25T21:58:08","guid":{"rendered":"https:\/\/nazcatrips.webja.pt\/?post_type=product&#038;p=968"},"modified":"2026-03-14T22:24:49","modified_gmt":"2026-03-14T22:24:49","slug":"nazca-lines-tour-one-day-tour-program-from-lima-tourist-bus","status":"publish","type":"product","link":"https:\/\/nazcatrips.com\/de\/shop\/nazca-lines\/nazca-lines-tour-eintagiges-tourprogramm-ab-lima-touristenbus\/","title":{"rendered":"1-Tages-Tour zu den Nazca-Linien von Lima aus (Touristenbus)"},"content":{"rendered":"<h3 style=\"padding-left: 40px\">Reiseplan<\/h3>\n<p>Unsere Tour zu den Nazca-Linien von Lima aus wird die beste Reise Ihres Lebens sein!<\/p>\n<p>21:15 Uhr. Unsere Kunden werden von ihrem jeweiligen Hotel abgeholt, dann werden wir Sie zum Busterminal f\u00fcr eine 7-st\u00fcndige Fahrt bringen. \u00dcber den weltber\u00fchmten Panamerican Highway.<\/p>\n<p>Die Strecke betr\u00e4gt 420 Kilometer und wir erreichen die Stadt Nazca um ca. 5:30 Uhr. Dort werden unsere Kunden von unserem offiziellen Reiseleiter begleitet. Dieser wird Sie zum Flughafen Maria Reiche bringen.<\/p>\n<p>Am Flughafen werden wir die Daten mit dem Pass best\u00e4tigen und wir werden die besten Ratschl\u00e4ge geben, um einen gro\u00dfen \u00dcberflug zu den uralten Nazca-Linien zu genie\u00dfen, bevor wir die Abflugzone betreten, wird unser F\u00fchrer eine historische Kontextualisierung der faszinierenden Nazca-Linien geben.<\/p>\n<p>Das Gebiet, in dem sich die Nazca-Linien befinden, hat eine Fl\u00e4che von 500 km2, auf der Sie die folgenden Figuren und Linien sehen k\u00f6nnen: Der Wal, das Trapez, der Astronaut, der Affe, der Hund, der Kolibri, der Kondor, die Spinne, der Fregattvogel, der Papagei, der Baum und die H\u00e4nde (Sie werden auch die restaurierte Figur der Eidechse sehen). Einige der Figuren k\u00f6nnen mehr als 300 Meter messen und die meisten von ihnen k\u00f6nnen nur aus der Luft betrachtet werden.<\/p>\n<p>Wer hat sie erschaffen und warum kann man sie nur vom Himmel aus sehen?<\/p>\n<p>Dieser \u00dcberflug verspricht, Sie auf eine Reise in die Vergangenheit mitzunehmen und Ihnen eines der gr\u00f6\u00dften Wunder der Erde n\u00e4her zu bringen.<\/p>\n<p>Nachdem Sie eine der besten Erfahrungen Ihres Lebens gemacht haben. Unser Reiseleiter wird aufmerksam auf die Landung warten. Sp\u00e4ter fahren Sie zur\u00fcck in die Stadt Nazca, um ein leckeres Touristenmen\u00fc in einem der empfehlenswertesten Restaurants zu genie\u00dfen.<\/p>\n<p>Later, we will begin a short terrestrial tour to learn more about the intriguing Nazca civilization. The visit will be to one of the greatest expressions of hydraulic engineering, the famous Cantalloc aqueducts (this tour is not include and cost 50 dollar , include transportation and tour guide ).<\/p>\n<p>Am Ende der Tour kehren wir in die Stadt zur\u00fcck und fahren dann zum Busterminal.<\/p>\n<p>Um 14:10 oder 14:15 Uhr steigen wir in den Bus f\u00fcr die gro\u00dfe R\u00fcckkehr in die Stadt der K\u00f6nige.<\/p>\n<p>Bei Ihrer Ankunft wird unser Fahrer \/ Vertreter auf Sie warten, um Sie zum jeweiligen Hotel zu bringen.<\/p>\n<p>Wir sind dankbar, dass Sie uns f\u00fcr Ihren Besuch der tausendj\u00e4hrigen und atemberaubenden Nazca-Linien gew\u00e4hlt haben, denn dies wird das Ende unserer Dienstleistungen sein.<\/p>\n<h3>Ausschl\u00fcsse<\/h3>\n<p>Englischsprachiger Reisef\u00fchrer unterwegs.<\/p>\n<p>Airport tax 77 peruvian soles.<\/p>\n<p>Ticket entrance of cantalloc aqueducts<\/p>\n<h3>T\u00e4gliche Abreise von Lima<\/h3>\n<p>Abholung vom Hotel (Miraflores oder San Isidro, Gebiete au\u00dferhalb dieses Bereichs m\u00fcssen vor der Buchung der Tour abgesprochen werden) um 21:15 Uhr.<br \/>\nBusabfahrt von Lima um 22:00 Uhr.<\/p>\n<h3>Zus\u00e4tzliche Informationen zu dieser Ganztagestour<\/h3>\n<p>Diese Ganztagestour muss mindestens 1 Woche vor Reisebeginn gebucht werden.<\/p>","protected":false},"excerpt":{"rendered":"<h3>\u00dcber Nasca<\/h3>\n<p>An der S\u00fcdk\u00fcste Perus befinden sich eine Stadt und ein Netz von T\u00e4lern namens Nazca. In der Provinz Nazca ist dies auch der Name der gr\u00f6\u00dften noch existierenden Stadt. Der Name geht auf die Nazca-Zivilisation zur\u00fcck, die in der Region zwischen 100 v. Chr. und 800 n. Chr. bl\u00fchte.<br \/>\nDie Nazca-Linien und die zeremonielle Stadt Cahuachi sind Produkte dieser Kultur. Sie bauten auch andere unterirdische Aqu\u00e4dukte, so genannte puquios, als Teil eines regionalen Systems, das noch heute in Betrieb ist. Es wird angenommen, dass die fr\u00fchere Paracas-Kultur die ersten puquios gebaut hat.<\/p>","protected":false},"featured_media":969,"template":"","meta":{"_acf_changed":false},"product_brand":[],"product_cat":[39,23],"product_tag":[],"class_list":{"0":"post-968","1":"product","2":"type-product","3":"status-publish","4":"has-post-thumbnail","6":"product_cat-nazca-lines","7":"product_cat-nazca-tour","8":"wt_location-lima","10":"first","11":"instock","12":"sold-individually","13":"shipping-taxable","14":"purchasable","15":"product-type-simple"},"acf":{"resumo_email":""},"_links":{"self":[{"href":"https:\/\/nazcatrips.com\/de\/wp-json\/wp\/v2\/product\/968","targetHints":{"allow":["GET"]}}],"collection":[{"href":"https:\/\/nazcatrips.com\/de\/wp-json\/wp\/v2\/product"}],"about":[{"href":"https:\/\/nazcatrips.com\/de\/wp-json\/wp\/v2\/types\/product"}],"wp:featuredmedia":[{"embeddable":true,"href":"https:\/\/nazcatrips.com\/de\/wp-json\/wp\/v2\/media\/969"}],"wp:attachment":[{"href":"https:\/\/nazcatrips.com\/de\/wp-json\/wp\/v2\/media?parent=968"}],"wp:term":[{"taxonomy":"product_brand","embeddable":true,"href":"https:\/\/nazcatrips.com\/de\/wp-json\/wp\/v2\/product_brand?post=968"},{"taxonomy":"product_cat","embeddable":true,"href":"https:\/\/nazcatrips.com\/de\/wp-json\/wp\/v2\/product_cat?post=968"},{"taxonomy":"product_tag","embeddable":true,"href":"https:\/\/nazcatrips.com\/de\/wp-json\/wp\/v2\/product_tag?post=968"}],"curies":[{"name":"wp","href":"https:\/\/api.w.org\/{rel}","templated":true}]}}