{"id":970,"date":"2022-07-25T21:59:22","date_gmt":"2022-07-25T21:59:22","guid":{"rendered":"https:\/\/nazcatrips.webja.pt\/?post_type=product&#038;p=970"},"modified":"2025-09-29T21:31:43","modified_gmt":"2025-09-29T21:31:43","slug":"nazca-lines-tour-from-lima-private-transport","status":"publish","type":"product","link":"https:\/\/nazcatrips.com\/de\/shop\/nazca-lines\/nazca-linien-tour-von-lima-privater-transport\/","title":{"rendered":"1-Tages-Tour zu den Nazca-Linien von Lima aus (privater Transport)"},"content":{"rendered":"<ol>\n<li>Erleben Sie die beste und sicherste Nazca Linien Tour von Lima mit Nazcatrips Pro-Team<\/li>\n<\/ol>\n<p>4:30 Uhr. Unsere Kunden werden von ihrem jeweiligen Hotel im Zentrum der Stadt abgeholt. <strong>Lima<\/strong>dann \u00fcber die Panamericana zu fahren; mit Richtung zum weltber\u00fchmten <strong>Nasca<\/strong> Stadt. Die Strecke ist 420 Kilometer lang und dauert 5 Stunden. Ankunft um ca. 9:30 Uhr. W\u00e4hrend der Fahrt zu den au\u00dfergew\u00f6hnlichen und faszinierenden <strong>Nasca<\/strong> <strong>Zivilisation<\/strong> Wir durchqueren lange und atemberaubende W\u00fcsten, aber auch kleine T\u00e4ler wie das Rio-Grande-Tal in Palpa, in dem sich neue und faszinierende Figuren und <strong>Zeilen<\/strong> von <strong>Nasca<\/strong> Wir werden auch das Ingenio-Tal durchqueren, in dem sich ein gro\u00dfer Teil der weltbekannten Linien und Figuren von Nasca befindet, und wo sich auch das Mausoleum der bescheidenen K\u00e4mpferin, Mathematikerin und Neugierigen Maria Reiche Newman befindet. Eine deutsche Frau, die ihr ganzes Leben dem Schutz und der Verbreitung dieses gro\u00dfen tausendj\u00e4hrigen Verm\u00e4chtnisses gewidmet hat. Sie verteidigt die Theorie des gro\u00dfen Astronomischen Kalenders.<\/p>\n<p>Nach unserer Ankunft auf dem Flugplatz Maria Reiche werden wir von unserem offiziellen \u00f6rtlichen Reiseleiter herzlich empfangen, der uns w\u00e4hrend des gesamten Fluges begleitet.<\/p>\n<p>Sobald die Daten mit dem Reisepass best\u00e4tigt wurden, geben wir Ihnen die besten Ratschl\u00e4ge, um einen gro\u00dfartigen \u00dcberflug zu den angestammten Nazca-Linien zu genie\u00dfen. Vor dem Betreten der Abflugzone bietet unser Guide eine historische Kontextualisierung der faszinierenden Nazca-Linien.<\/p>\n<p>Das Gebiet, in dem sich die Nazca-Linien befinden, ist 500 km2 gro\u00df, wo Sie die folgenden Figuren und Linien sehen werden: Der Wal, das Trapez, der Astronaut, der Affe, der Hund, der Kolibri, der Kondor, die Spinne, der Fregattvogel, der Papagei, der Baum und die H\u00e4nde (Sie werden auch die restaurierte Figur der Eidechse sehen). Einige der Figuren k\u00f6nnen mehr als 300 Meter messen und die meisten sind nur aus der Luft zu erkennen. Wer hat sie gemacht, und warum waren nur sie vom Himmel aus zu sehen?<\/p>\n<p>Dieser \u00dcberflug verspricht, Sie auf eine Reise in die Vergangenheit mitzunehmen und Ihnen eines der gr\u00f6\u00dften Wunder der Erde n\u00e4her zu bringen.<\/p>\n<p>Nachdem Sie eines der besten Erlebnisse Ihres Lebens genossen haben, bringt Sie unser Reiseleiter ins Stadtzentrum, wo Sie in einem der empfehlenswertesten Restaurants von Nasca ein leckeres peruanisches Essen genie\u00dfen k\u00f6nnen (dieses Mittagessen ist nicht inbegriffen).<\/p>\n<p>Nach dem Mittagessen besichtigen wir die gro\u00dfartige Wasserbautechnik der Cantalloc-Aqu\u00e4dukte.<\/p>\n<p>Sobald wir die Besichtigung der Cantalloc-Aqu\u00e4dukte beendet haben, kehren wir in die Stadt der K\u00f6nige zur\u00fcck.<\/p>\n<p>Auf dem Weg zur\u00fcck nach Lima werden wir zwei kurze Stopps am metallischen Aussichtspunkt von Nazca einlegen, um die Figur der H\u00e4nde und des Baumes aus nur 15 Metern H\u00f6he zu sehen. Bei diesem kurzen Besuch werden wir das Material und die Tiefe der Nazca-Linien sehen k\u00f6nnen. Wir werden auch am Palpa Metallic Aussichtspunkt anhalten; wo neue Linien und Figuren entdeckt wurden; bekannt als die Paracas Familie; Seltsame Darstellungen von anthropomorphen Wesen. (Sie k\u00f6nnen auch statt der Metallt\u00fcrme die Oase von Huacachina besuchen und Sandboarding \u00fcben)<\/p>\n<p>Schlie\u00dflich verabschieden wir uns von diesem wundervollen Land und fahren zur\u00fcck nach Lima.<\/p>\n<p>Dankbar, dass Sie uns f\u00fcr Ihren Besuch der tausendj\u00e4hrigen und \u00fcberraschenden Nazca-Linien gew\u00e4hlt haben, werden unsere Dienstleistungen enden.<\/p>\n<h3>Ausschl\u00fcsse<\/h3>\n<p>Dankbarkeit<\/p>\n<h3>Verf\u00fcgbar<\/h3>\n<p>T\u00e4glich<\/p>\n<h3>T\u00e4gliche Abreise von Lima<\/h3>\n<p>Ab: 04:30 Uhr.<\/p>\n<h3>Zus\u00e4tzliche Informationen zu Ihrer Ganztagestour<\/h3>\n<p>Diese Ganztagestour muss mindestens 2 Tage vor der Abfahrt gebucht werden.<\/p>","protected":false},"excerpt":{"rendered":"<h3>\u00dcber Nasca<\/h3>\n<p>An der S\u00fcdk\u00fcste Perus befinden sich eine Stadt und ein Netz von T\u00e4lern namens Nazca. In der Provinz Nazca ist dies auch der Name der gr\u00f6\u00dften noch existierenden Stadt. Der Name geht auf die Nazca-Zivilisation zur\u00fcck, die in der Region zwischen 100 v. Chr. und 800 n. Chr. bl\u00fchte.<\/p>\n<p>Die Nazca-Linien und die zeremonielle Stadt Cahuachi sind Produkte dieser Kultur. Sie bauten auch andere unterirdische Aqu\u00e4dukte, so genannte puquios, als Teil eines regionalen Systems, das noch heute in Betrieb ist. Es wird angenommen, dass die fr\u00fchere Paracas-Kultur die ersten puquios gebaut hat.<\/p>","protected":false},"featured_media":971,"template":"","meta":{"_acf_changed":false},"product_brand":[],"product_cat":[39,23],"product_tag":[],"class_list":{"0":"post-970","1":"product","2":"type-product","3":"status-publish","4":"has-post-thumbnail","6":"product_cat-nazca-lines","7":"product_cat-nazca-tour","8":"wt_location-lima","10":"first","11":"instock","12":"sold-individually","13":"shipping-taxable","14":"purchasable","15":"product-type-simple"},"acf":{"resumo_email":"<ol>\r\n \t<li style=\"list-style-type: none\">\r\n<ol>\r\n \t<li><\/li>\r\n<\/ol>\r\n<\/li>\r\n<\/ol>"},"_links":{"self":[{"href":"https:\/\/nazcatrips.com\/de\/wp-json\/wp\/v2\/product\/970","targetHints":{"allow":["GET"]}}],"collection":[{"href":"https:\/\/nazcatrips.com\/de\/wp-json\/wp\/v2\/product"}],"about":[{"href":"https:\/\/nazcatrips.com\/de\/wp-json\/wp\/v2\/types\/product"}],"wp:featuredmedia":[{"embeddable":true,"href":"https:\/\/nazcatrips.com\/de\/wp-json\/wp\/v2\/media\/971"}],"wp:attachment":[{"href":"https:\/\/nazcatrips.com\/de\/wp-json\/wp\/v2\/media?parent=970"}],"wp:term":[{"taxonomy":"product_brand","embeddable":true,"href":"https:\/\/nazcatrips.com\/de\/wp-json\/wp\/v2\/product_brand?post=970"},{"taxonomy":"product_cat","embeddable":true,"href":"https:\/\/nazcatrips.com\/de\/wp-json\/wp\/v2\/product_cat?post=970"},{"taxonomy":"product_tag","embeddable":true,"href":"https:\/\/nazcatrips.com\/de\/wp-json\/wp\/v2\/product_tag?post=970"}],"curies":[{"name":"wp","href":"https:\/\/api.w.org\/{rel}","templated":true}]}}