{"id":1934,"date":"2022-07-30T13:55:24","date_gmt":"2022-07-30T13:55:24","guid":{"rendered":"https:\/\/nazcatrips.com\/?page_id=1934"},"modified":"2023-05-21T12:18:45","modified_gmt":"2023-05-21T12:18:45","slug":"terms-and-conditions","status":"publish","type":"page","link":"https:\/\/nazcatrips.com\/es\/terminos-y-condiciones\/","title":{"rendered":"T\u00e9rminos y condiciones"},"content":{"rendered":"<div data-elementor-type=\"wp-page\" data-elementor-id=\"1934\" class=\"elementor elementor-1934\">\n\t\t\t\t\t\t<section class=\"elementor-section elementor-top-section elementor-element elementor-element-7415328 elementor-section-boxed elementor-section-height-default elementor-section-height-default\" data-id=\"7415328\" data-element_type=\"section\" data-e-type=\"section\">\n\t\t\t\t\t\t<div class=\"elementor-container elementor-column-gap-default\">\n\t\t\t\t\t<div class=\"elementor-column elementor-col-100 elementor-top-column elementor-element elementor-element-a42062d\" data-id=\"a42062d\" data-element_type=\"column\" data-e-type=\"column\">\n\t\t\t<div class=\"elementor-widget-wrap elementor-element-populated\">\n\t\t\t\t\t\t<div class=\"elementor-element elementor-element-f71559b elementor-widget elementor-widget-text-editor\" data-id=\"f71559b\" data-element_type=\"widget\" data-e-type=\"widget\" data-widget_type=\"text-editor.default\">\n\t\t\t\t<div class=\"elementor-widget-container\">\n\t\t\t\t\t\t\t\t\t<h1>T\u00c9RMINOS Y CONDICIONES<\/h1><h2>GENERALIDADES<\/h2><p>Este documento tiene el estatus de contrato. \/ el cliente que compra los servicios acepta los t\u00e9rminos y condiciones presentes. \/ Ning\u00fan extra\u00f1o a NAZCA TRIPS, tiene la capacidad de alterar, limitar o extender el t\u00e9rmino del presente contrato.<\/p><h2>LIBERACI\u00d3N DE RESPONSABILIDAD<\/h2><p>NAZCA TRIPS se responsabiliza \u00fanicamente por hechos realizados por nuestro personal. \/ Nazca Trips no se responsabiliza por cualquier acci\u00f3n o evento que fuera imprevisible o inevitable. No somos responsables de las malas acciones causadas por los clientes o terceros. \/ Nazca Trips no se responsabiliza por mal tiempo, accidentes, da\u00f1os a la propiedad, p\u00e9rdida de efectos personales, desastres naturales, costos adicionales, huelgas, etc. Es responsabilidad de cada cliente contar con un seguro que cubra cualquiera de estos eventos.<\/p><h2>CANCELACIONES Y CAMBIOS DE NEGOCIO<\/h2><p>NAZCA TRIPS AGENCIA DE VIAJES Y TOUR OPERADOR, se reserva el derecho de cancelar cualquier viaje en los siguientes casos:<\/p><p>Si el cliente no paga 100% del precio total del viaje 7 semanas ( 49 d\u00edas ) antes de la fecha del viaje. La agencia puede realizar cualquier cambio en el servicio contratado. \/ haremos un esfuerzo razonable para realizar el tour en venta. Sin embargo, nos reservamos el derecho de reducir o modificar el itinerario o sustituir actividades , hotel, comidas y transporte cuando lo consideremos necesario. \/ Nos reservamos el derecho de cancelar un viaje en cualquier momento por una raz\u00f3n que, en nuestra opini\u00f3n, podr\u00eda comprometer la calidad del viaje o la seguridad de los pasajeros o cualquier otra circunstancia fuera de nuestro control ( huelgas , protestas , vuelos cancelados por condiciones meteorol\u00f3gicas ).<\/p><h2>MODIFICACI\u00d3N REALIZADA POR CLIENTES<\/h2><p>Una vez realizada la reserva y haber pagado total o parcialmente; no hay posibilidad de realizar ning\u00fan cambio, ya sea en la informaci\u00f3n del pasajero o cambio de fecha de viaje. Esto de acuerdo a la disposici\u00f3n del Ministerio de Cultura.<\/p><h2>CANCELACI\u00d3N REALIZADA POR CLIENTES<\/h2><p>Cancellatio no son posibles, la gira se aplazar\u00e1 sin fecha l\u00edmite . \/ El cliente es responsable de los costos o gastos incurridos por no limitados a.  Recomendamos la compra de un seguro de viaje independiente en caso de emergencia m\u00e9dica o de otro tipo, con el fin de tener la m\u00e1xima cobertura , la satisfacci\u00f3n y la paz posible.<\/p><h2>CANCELACIONES DE L\u00cdNEAS A\u00c9REAS<\/h2><p>Todas las cancelaciones de vuelos est\u00e1n sujetas a las condiciones de cancelaci\u00f3n impuestas por las aerol\u00edneas. \/ Actuamos como su agente y no tenemos ninguna responsabilidad por el desempe\u00f1o de los servicios de las Aerol\u00edneas, incluidos accidentes, muerte, lesiones, da\u00f1os o retrasos en el vuelo.<\/p><h2>PRECIOS<\/h2><p>Todos los pagos que se muestran en el sitio web incluyen las tarifas de env\u00edo adicionales.<\/p><h2>CONVENIO<\/h2><p>Estos T\u00e9rminos y Condiciones constituyen un acuerdo entre todas las partes involucradas.<\/p>\t\t\t\t\t\t\t\t<\/div>\n\t\t\t\t<\/div>\n\t\t\t\t\t<\/div>\n\t\t<\/div>\n\t\t\t\t\t<\/div>\n\t\t<\/section>\n\t\t\t\t<\/div>","protected":false},"excerpt":{"rendered":"<p>TERMS AND CONDITIONS GENERALITIES This document has the status of contract. \/ the customer who buys the services accepts the terms and conditions Present. \/ No stranger to NAZCA TRIPS , has the ability to alter , limit or extend the term of this contract. REALESE OF LIABILITY NAZCA TRIPS accepts responsibility only for facts [&hellip;]<\/p>\n","protected":false},"author":1,"featured_media":0,"parent":0,"menu_order":0,"comment_status":"closed","ping_status":"closed","template":"","meta":{"_acf_changed":false,"footnotes":""},"class_list":["post-1934","page","type-page","status-publish","hentry"],"acf":[],"_links":{"self":[{"href":"https:\/\/nazcatrips.com\/es\/wp-json\/wp\/v2\/pages\/1934","targetHints":{"allow":["GET"]}}],"collection":[{"href":"https:\/\/nazcatrips.com\/es\/wp-json\/wp\/v2\/pages"}],"about":[{"href":"https:\/\/nazcatrips.com\/es\/wp-json\/wp\/v2\/types\/page"}],"author":[{"embeddable":true,"href":"https:\/\/nazcatrips.com\/es\/wp-json\/wp\/v2\/users\/1"}],"replies":[{"embeddable":true,"href":"https:\/\/nazcatrips.com\/es\/wp-json\/wp\/v2\/comments?post=1934"}],"version-history":[{"count":0,"href":"https:\/\/nazcatrips.com\/es\/wp-json\/wp\/v2\/pages\/1934\/revisions"}],"wp:attachment":[{"href":"https:\/\/nazcatrips.com\/es\/wp-json\/wp\/v2\/media?parent=1934"}],"curies":[{"name":"wp","href":"https:\/\/api.w.org\/{rel}","templated":true}]}}