{"id":1188,"date":"2022-07-26T14:15:57","date_gmt":"2022-07-26T14:15:57","guid":{"rendered":"https:\/\/nazcatrips.webja.pt\/?post_type=product&#038;p=1188"},"modified":"2026-04-03T16:14:41","modified_gmt":"2026-04-03T16:14:41","slug":"nazca-lines-islas-ballestas-and-huacachina-oasis-private-transport-from-lima","status":"publish","type":"product","link":"https:\/\/nazcatrips.com\/es\/shop\/nazca-lines\/lineas-de-nazca-islas-ballestas-y-oasis-de-huacachina-transporte-privado-desde-lima\/","title":{"rendered":"L\u00edneas de Nazca, Islas Ballestas y Oasis de la Huacachina (Transporte privado desde Lima)"},"content":{"rendered":"<h3>Itinerario<\/h3>\n<p><strong>D\u00eda 01.- Lima a Paracas, Islas Ballestas, Reserva Natural y Oasis de Huacachina.<\/strong><\/p>\n<p>4:15 Hrs. Comienza nuestra excursi\u00f3n a las misteriosas L\u00edneas de Nazca.<\/p>\n<p>Nuestros clientes ser\u00e1n recogidos en su respectivo hotel, o en el aeropuerto de Lima para luego ser trasladados a Paracas en un viaje de 3 horas. Y 15 Min. Por la mundialmente famosa carretera Panamericana Sur.<\/p>\n<p>Al llegar a la ciudad de Paracas, aproximadamente a las 7:35 hrs. Usted ser\u00e1 asistido por nuestro gu\u00eda oficial de turismo y trasladado al puerto de Paracas. \u00a1Luego nos sumergiremos en la excursi\u00f3n en voto a las ya famosas Gal\u00e1pagos del Per\u00fa!<\/p>\n<p>08:00 hrs. Inicio de la excursi\u00f3n que durar\u00e1 2.00 hrs. Las Islas Ballestas. Son la principal atracci\u00f3n de vida silvestre de Paracas. Encontrar\u00e1 muchas especies ex\u00f3ticas de aves y vida marina, algunas \u00fanicas en el Per\u00fa.<\/p>\n<p>Este recorrido de dos horas por las islas m\u00e1s famosas de Per\u00fa permite disfrutar de magn\u00edficas formaciones rocosas esculpidas por la naturaleza y es el hogar de los ping\u00fcinos de Humboldt, los leones marinos de Sudam\u00e9rica y de multitud de aves marinas. Al mismo tiempo podemos ver el famoso Geoglifo el Candelabro. Que nos har\u00e1 admirar y respetar el gran legado hist\u00f3rico de los hombres del antiguo Per\u00fa.<\/p>\n<p>10:00 Hrs. Tiempo libre Para tomar un buen desayuno y recargar las pilas para el siguiente Tour a la Reserva Natural de Paracas.<\/p>\n<p>11:00 hrs. Iniciaremos nuestro recorrido hacia la reserva natural de Paracas, la Reserva Nacional de Paracas cuenta con una de las reservas marinas m\u00e1s grandes del Per\u00fa, albergando m\u00e1s de 200 tipos de aves y un gran n\u00famero de especies marinas.<\/p>\n<p>El tour a la Reserva Nacional de Paracas nos har\u00e1 disfrutar no s\u00f3lo de fabulosos paisajes mar\u00edtimos y des\u00e9rticos, sino que tambi\u00e9n podremos aprender sobre el antiguo hombre de Paracas, que era pelirrojo ( en el Per\u00fa no tenemos pelo rojo .... ) y tambi\u00e9n asombrarnos por los cr\u00e1neos alargados ( algunos investigadores creen que eran dioses ).<\/p>\n<p>14:00 Hrs. Tendremos una hora para almorzar, para luego conducir directamente al Oasis de Huacachina en Ica; este viaje ser\u00e1 de s\u00f3lo 1 hora.<\/p>\n<p>16:00 Hrs. Al llegar al oasis de Am\u00e9rica - Huacachina. Posteriormente se realizar\u00e1 un emocionante paseo en buggy (carros de arena) al mismo tiempo que se atraviesan las laderas de las dunas y se podr\u00e1 aventurar a bajar la duna en tablas o esqu\u00eds. Esto se puede hacer de pie, boca abajo o sentado.<\/p>\n<p>Esta excursi\u00f3n de aventura por las dunas promete llenarte de adrenalina y hacer que tu coraz\u00f3n se acelere a 1000 x horas.<\/p>\n<p>Al final de la excursi\u00f3n de aventura, le trasladaremos a su hotel para pasar la noche.<\/p>\n<p><strong>D\u00eda 02. Sobrevuelo L\u00edneas de Nazca, Acueductos de Cantalloc y regreso a Lima.<\/strong><\/p>\n<p>07:00 Hrs Lo recogeremos de su hotel y lo trasladaremos a la ciudad de Nazca. Este viaje tendr\u00e1 una duraci\u00f3n de 2 Hrs y 30 Min.<\/p>\n<p>9:30 Hrs. A su llegada a la ciudad de las misteriosas l\u00edneas Nnazca, ser\u00e1 atendido por nuestro Gu\u00eda Oficial de Turismo en el aer\u00f3dromo Mar\u00eda Reiche.<\/p>\n<p>En el aer\u00f3dromo reconfirmaremos los datos con el pasaporte y le brindaremos los mejores consejos para disfrutar de un gran sobrevuelo a las ancestrales l\u00edneas de Nazca, Antes de ingresar a la zona de salida, Nuestro Gu\u00eda le brindar\u00e1 una contextualizaci\u00f3n hist\u00f3rica de las fascinantes l\u00edneas de Nazca.<\/p>\n<p>El \u00e1rea donde se ubican las l\u00edneas de nazca es de 500 km2, donde podr\u00e1 ver las siguientes figuras y l\u00edneas: La Ballena, El Trapecio, El Astronauta, El Mono, El Perro, El Colibr\u00ed, El C\u00f3ndor, La Ara\u00f1a, La Fragata, El Loro, El \u00c1rbol y Las Manos (Tambi\u00e9n podr\u00e1 ver la figura restaurada del lagarto). Algunas de las figuras miden m\u00e1s de 300 metros y la mayor\u00eda s\u00f3lo se pueden apreciar desde el aire. \u00bfQui\u00e9n las hizo y para qu\u00e9, si s\u00f3lo se pueden ver desde el cielo?<\/p>\n<p>Este sobrevuelo promete llevarle a un viaje al pasado, acerc\u00e1ndole a disfrutar profundamente de una de las mayores maravillas de todo el planeta.<\/p>\n<p>Despu\u00e9s de haber disfrutado de una de las mejores experiencias de su vida. nuestro gu\u00eda estar\u00e1 atento esperando el desembarco. Para posteriormente conducirle hacia el centro de la ciudad. Para disfrutar de un sabroso men\u00fa tur\u00edstico en uno de los restaurantes m\u00e1s recomendados de la ciudad ( este almuerzo no est\u00e1 incluido).<\/p>\n<p>A las 12:00 am habremos terminado nuestro programa y dependiendo de usted regresaremos directo a Lima LLEGANDO A LAS 5:00 A 6:00 PM O como opcional podemos luego hacer un peque\u00f1o tour terrestre para conocer m\u00e1s sobre la intrigante civilizaci\u00f3n Nasca. Se visitar\u00e1 una de las mayores expresiones de la ingenier\u00eda hidr\u00e1ulica, los famosos acueductos de Cantalloc o el intrigante cementerio de Chauchilla. ( si toma este tour opcional agregue 02 horas m\u00e1s al programa) este tour opcional tiene un costo de 30 usd por persona.<\/p>\n<p>Al final del tour; nos despediremos de la Fascinante Civilizaci\u00f3n de Nazca y regresaremos a la ciudad de los reyes - Lima.<\/p>\n<p>Agradecido por elegirnos para su visita a las milenarias y asombrosas l\u00edneas de Nazca y la Cultura de Paracas. Ser\u00e1 el fin de nuestros servicios.<\/p>\n<h3>Exclusiones en el servicio<\/h3>\n<p>Gu\u00eda tur\u00edstico en ruta.<br \/>\nPasar la noche en Ica.<br \/>\nTodo tipo de comidas.<\/p>\n<h3>Informaci\u00f3n adicional<\/h3>\n<p>Este tour debe ser reservado al menos 01 d\u00eda antes de la fecha de viaje enviando un correo electr\u00f3nico a info@nazcatrips.com .<br \/>\nEstaremos encantados de responder a cualquier pregunta que pueda tener. Necesitamos un m\u00ednimo de 2 Clientes para realizar este tour<\/p>","protected":false},"excerpt":{"rendered":"<h3>Sobre las Islas Ballestas<\/h3>\n<p>La peque\u00f1a localidad de Paracas, a 260 kil\u00f3metros al sur de Lima, es el punto de partida para conocer la mayor zona medioambiental de Per\u00fa: la Reserva Nacional de Paracas. En esta regi\u00f3n, una atracci\u00f3n imprescindible es un grupo de islotes llamados Islas Ballestas.<\/p>","protected":false},"featured_media":1189,"template":"","meta":{"_acf_changed":false},"product_brand":[],"product_cat":[39,23],"product_tag":[],"class_list":{"0":"post-1188","1":"product","2":"type-product","3":"status-publish","4":"has-post-thumbnail","6":"product_cat-nazca-lines","7":"product_cat-nazca-tour","8":"wt_location-lima","10":"first","11":"instock","12":"sold-individually","13":"shipping-taxable","14":"purchasable","15":"product-type-simple"},"acf":{"resumo_email":""},"_links":{"self":[{"href":"https:\/\/nazcatrips.com\/es\/wp-json\/wp\/v2\/product\/1188","targetHints":{"allow":["GET"]}}],"collection":[{"href":"https:\/\/nazcatrips.com\/es\/wp-json\/wp\/v2\/product"}],"about":[{"href":"https:\/\/nazcatrips.com\/es\/wp-json\/wp\/v2\/types\/product"}],"wp:featuredmedia":[{"embeddable":true,"href":"https:\/\/nazcatrips.com\/es\/wp-json\/wp\/v2\/media\/1189"}],"wp:attachment":[{"href":"https:\/\/nazcatrips.com\/es\/wp-json\/wp\/v2\/media?parent=1188"}],"wp:term":[{"taxonomy":"product_brand","embeddable":true,"href":"https:\/\/nazcatrips.com\/es\/wp-json\/wp\/v2\/product_brand?post=1188"},{"taxonomy":"product_cat","embeddable":true,"href":"https:\/\/nazcatrips.com\/es\/wp-json\/wp\/v2\/product_cat?post=1188"},{"taxonomy":"product_tag","embeddable":true,"href":"https:\/\/nazcatrips.com\/es\/wp-json\/wp\/v2\/product_tag?post=1188"}],"curies":[{"name":"wp","href":"https:\/\/api.w.org\/{rel}","templated":true}]}}