{"id":1192,"date":"2022-07-26T14:42:03","date_gmt":"2022-07-26T14:42:03","guid":{"rendered":"https:\/\/nazcatrips.webja.pt\/?post_type=product&#038;p=1192"},"modified":"2026-03-20T20:35:21","modified_gmt":"2026-03-20T20:35:21","slug":"1-day-tour-program-by-private-transport-nazca-lines-tour-from-lima","status":"publish","type":"product","link":"https:\/\/nazcatrips.com\/es\/shop\/nazca-lines\/programa-tour-1-dia-en-transporte-privado-lineas-de-nazca-tour-desde-lima\/","title":{"rendered":"Programa de 1 d\u00eda en transporte privado (Tour L\u00edneas de Nazca desde Lima)"},"content":{"rendered":"<h3>Itinerario<\/h3>\n<p>Este Tour a las misteriosas L\u00edneas de Nazca es la forma m\u00e1s r\u00e1pida y sencilla de ver las L\u00edneas de Nszca, Patrimonio de la Humanidad. Con este tour se ahorrar\u00e1 un precioso tiempo de viaje de 6 horas si no es capaz de viti el maravilloso pueblo de Nazca.<\/p>\n<p>A las 6:30 am se iniciar\u00e1 nuestra aventura con el recojo de nuestros queridos pasajeros de su hotel designado para luego ser trasladados a la ciudad de la Civilizaci\u00f3n Paracas. El recorrido en auto tendr\u00e1 una duraci\u00f3n de 3 Hrs y 40 Min. A trav\u00e9s de la famosa carretera Panamericana sur. A su llegada a la ciudad de Paracas, ser\u00e1 atendido por nuestro gu\u00eda oficial de turismo. Posteriormente ser\u00e1 trasladado al cercano aeropuerto de Pisco. Donde nuestro gu\u00eda le asistir\u00e1 en los tr\u00e1mites previos al vuelo, como el pago de su tasa aeroportuaria, pesaje y registro del vuelo. Nuestro gu\u00eda tambi\u00e9n le proporcionar\u00e1 una contextualizaci\u00f3n de la historia de las l\u00edneas de Nazca. Cuando llegue la hora del vuelo, subir\u00e1 a bordo de una moderna Cessna Grand Caravan, una avioneta que puede albergar c\u00f3modamente hasta 12 pasajeros. El piloto y el copiloto ir\u00e1n a bordo. El avi\u00f3n har\u00e1 giros a la izquierda y a la derecha pasando por cada figura 1 vez en cada lado. De esta manera se pueden visualizar claramente todas las figuras.<\/p>\n<p>Una vez que hayamos recibido la autorizaci\u00f3n de la torre de control, despegaremos en direcci\u00f3n al desierto de Nazca, ascendiendo a una altura de 7500 pies, donde podremos observar el hermoso paisaje de la Bah\u00eda de Paracas y el oc\u00e9ano, para luego observar el desierto de Ica. Las dunas de arena, llegando al circuito de las L\u00edneas de Nazca, la torre de control autorizar\u00e1 al avi\u00f3n a descender a 2500 pies o 3000 pies (altitud de entrada a las L\u00edneas de Nazca) donde se ver\u00e1n 12 figuras.<\/p>\n<p>El \u00e1rea donde se ubican las l\u00edneas de nazca es de 500 km2, donde podr\u00e1 ver las siguientes figuras y l\u00edneas: La Ballena, El Trapecio, El Astronauta, El Mono, El Perro, El Colibr\u00ed, El C\u00f3ndor, La Ara\u00f1a, La Fragata, El Loro, El \u00c1rbol y Las Manos (Tambi\u00e9n podr\u00e1 ver la figura restaurada del lagarto). Algunas de las figuras miden m\u00e1s de 300 metros y la mayor\u00eda s\u00f3lo se pueden apreciar desde el aire. \u00bfQui\u00e9n las hizo y para qu\u00e9, si s\u00f3lo se pueden ver desde el cielo?<\/p>\n<p>Este sobrevuelo promete llevarle a un viaje al pasado, acerc\u00e1ndole a disfrutar profundamente de una de las mayores maravillas de todo el planeta.<\/p>\n<p>Al final del tour; nos despediremos de la fascinante civilizaci\u00f3n Nasca y sus l\u00edneas para luego regresar a la ciudad de los Reyes - Lima.<\/p>\n<h3>Exclusiones en el servicio<\/h3>\n<p>Gu\u00eda de la ruta.<\/p>\n<h3>Disponibilidad<\/h3>\n<p>Diario<\/p>\n<h3>Salidas diarias desde Lima<\/h3>\n<p>Recogida en el vest\u00edbulo del hotel: 6:30 a.m.<\/p>\n<h3>Informaci\u00f3n adicional<\/h3>\n<p>Este tour debe ser reservado al menos 1 semana antes de la fecha de viaje enviando un correo electr\u00f3nico a info@nazcatrips.com. Por favor, p\u00f3ngase en contacto con nosotros en nuestro n\u00famero de whatsapp si tiene alguna pregunta o duda sobre el programa, estaremos encantados de poder explicar mejor el programa por llamada.<\/p>","protected":false},"excerpt":{"rendered":"<h3>Vuelo L\u00edneas de Nazca<\/h3>\n<p>Experimente los mejores sobrevuelos de las L\u00edneas de Nazca a primera hora de la ma\u00f1ana en un avi\u00f3n seguro con pilotos expertos. Cada uno de nuestros vuelos a las L\u00edneas de Nazca se adhiere estrictamente a las directrices establecidas por la DGA. Sobrevuelos con verdaderos embajadores peruanos a las L\u00edneas de Nazca.<\/p>","protected":false},"featured_media":1193,"template":"","meta":{"_acf_changed":false},"product_brand":[],"product_cat":[39,23],"product_tag":[],"class_list":{"0":"post-1192","1":"product","2":"type-product","3":"status-publish","4":"has-post-thumbnail","6":"product_cat-nazca-lines","7":"product_cat-nazca-tour","8":"wt_location-pisco","10":"first","11":"instock","12":"sold-individually","13":"shipping-taxable","14":"purchasable","15":"product-type-simple"},"acf":{"resumo_email":""},"_links":{"self":[{"href":"https:\/\/nazcatrips.com\/es\/wp-json\/wp\/v2\/product\/1192","targetHints":{"allow":["GET"]}}],"collection":[{"href":"https:\/\/nazcatrips.com\/es\/wp-json\/wp\/v2\/product"}],"about":[{"href":"https:\/\/nazcatrips.com\/es\/wp-json\/wp\/v2\/types\/product"}],"wp:featuredmedia":[{"embeddable":true,"href":"https:\/\/nazcatrips.com\/es\/wp-json\/wp\/v2\/media\/1193"}],"wp:attachment":[{"href":"https:\/\/nazcatrips.com\/es\/wp-json\/wp\/v2\/media?parent=1192"}],"wp:term":[{"taxonomy":"product_brand","embeddable":true,"href":"https:\/\/nazcatrips.com\/es\/wp-json\/wp\/v2\/product_brand?post=1192"},{"taxonomy":"product_cat","embeddable":true,"href":"https:\/\/nazcatrips.com\/es\/wp-json\/wp\/v2\/product_cat?post=1192"},{"taxonomy":"product_tag","embeddable":true,"href":"https:\/\/nazcatrips.com\/es\/wp-json\/wp\/v2\/product_tag?post=1192"}],"curies":[{"name":"wp","href":"https:\/\/api.w.org\/{rel}","templated":true}]}}