{"id":1194,"date":"2022-07-26T14:52:20","date_gmt":"2022-07-26T14:52:20","guid":{"rendered":"https:\/\/nazcatrips.webja.pt\/?post_type=product&#038;p=1194"},"modified":"2025-01-07T22:43:24","modified_gmt":"2025-01-07T22:43:24","slug":"nazca-lines-flight-from-pisco","status":"publish","type":"product","link":"https:\/\/nazcatrips.com\/es\/shop\/nazca-lines\/vuelo-lineas-de-nazca-desde-pisco\/","title":{"rendered":"Vuelo Lineas de Nazca desde Pisco"},"content":{"rendered":"<h3>Sobre el Tour<\/h3>\n<p>Disfruta de la mejor experiencia de tu vida, sobrevuela las enigm\u00e1ticas L\u00edneas de Nazca desde Pisco.<\/p>\n<p><strong>\u00bfPor qu\u00e9 reservar esta experiencia?<\/strong><\/p>\n<p>- Sobrevolar\u00e1 una de las formas y l\u00edneas m\u00e1s misteriosas de la tierra: Las L\u00edneas de Nazca<br \/>\n- Las l\u00edneas de Nazca han sido designadas por la UNESCO Patrimonio Cultural de la Humanidad.<br \/>\n- Somos un equipo profesional de .ass con 10 a\u00f1os de experiencia.<br \/>\n- Eficiencia en cada servicio prestado.<\/p>\n<h3>Itinerario<\/h3>\n<p>El d\u00eda de la actividad (sobrevuelo de las L\u00edneas de Nazca desde Pisco) Se le recoger\u00e1 de su hotel en Pisco, paracas o de la terminal de autobuses. Posteriormente, ser\u00e1 trasladado en un veh\u00edculo privado al aeropuerto de Pisco donde abordar\u00e1 una aeronave Cessna Grand Caravan, un avi\u00f3n que puede acomodar c\u00f3modamente hasta 12 pasajeros. Donde el piloto y el copiloto ir\u00e1n a bordo. La aeronave har\u00e1 giros a la izquierda y a la derecha pasando por cada figura 1 vez en cada lado. De esta manera se pueden visualizar claramente todas las figuras.<\/p>\n<p>Una vez que hayamos recibido la autorizaci\u00f3n de la torre de control, despegaremos en direcci\u00f3n al desierto de Nazca, ascendiendo a una altura de 7500 pies, donde podremos observar el hermoso paisaje de la Bah\u00eda de Paracas y el oc\u00e9ano, para luego observar el desierto de Ica. las dunas de arena, llegando al circuito de las L\u00edneas de Nazca, la torre de control autorizar\u00e1 al avi\u00f3n a descender a 2500 pies o 3000 pies (altura de entrada a las L\u00edneas de Nazca) donde se ver\u00e1n 12 figuras.<\/p>\n<p>El \u00e1rea donde se ubican las l\u00edneas de nazca es de 500 km2, donde podr\u00e1 ver las siguientes figuras y l\u00edneas: La Ballena, El Trapecio, El Astronauta, El Mono, El Perro, El Colibr\u00ed, El C\u00f3ndor, La Ara\u00f1a, La Fragata, El Loro, El \u00c1rbol y Las Manos (Tambi\u00e9n podr\u00e1 ver la figura restaurada del lagarto). Algunas de las figuras miden m\u00e1s de 300 metros y la mayor\u00eda s\u00f3lo se pueden apreciar desde el aire. \u00bfQui\u00e9n las hizo y para qu\u00e9, si s\u00f3lo se pueden ver desde el cielo?<\/p>\n<p>Este sobrevuelo promete llevarle a un viaje al pasado, acerc\u00e1ndole a disfrutar profundamente de una de las mayores maravillas de todo el planeta.<\/p>\n<p>Al final del tour; nos despediremos de la fascinante civilizaci\u00f3n Nasca y sus l\u00edneas para luego regresar a la ciudad de los Reyes - Lima.<\/p>\n<p>Agradecidos por habernos elegido para su visita a la milenaria y sorprendente l\u00ednea de Nazca ser\u00e1 el fin de nuestros servicios.<\/p>\n<p>Regreso del Aeropuerto en Pisco.<\/p>\n<p>Al final del sobrevuelo de las L\u00edneas de Nazca se le dejar\u00e1 en su respectivo hotel en Pisco, paracas o en el terminal de autobuses.<\/p>\n<h3>Exclusiones<\/h3>\n<p>Tasa de aeropuerto ($ 4,86 por persona) m\u00e1s ( boleto tur\u00edstico 47 soles peruanos por Persona). Este impuesto debe ser pagado personalmente minutos antes del embarque.<\/p>\n<h3>Disponibilidad<\/h3>\n<p>Diario<\/p>\n<h3>Primera hora de salida y \u00faltimo vuelo<\/h3>\n<p>De 8:00 a 15:00 horas<\/p>\n<h3>Tiempo de retorno<\/h3>\n<p>Temporada baja: Puede tardar 02: .hrs (A veces hay peque\u00f1os retrasos), mientras tanto podemos ver un video sobre las L\u00edneas de Nazca para obtener m\u00e1s informaci\u00f3n (a veces no est\u00e1 disponible) nuestro gu\u00eda le acompa\u00f1\u00f3 y ayudar\u00e1 durante todo el proceso de sobrevuelo. Por lo tanto, usted puede hacer todas las preguntas deseadas a \u00e9l.<\/p>\n<p>Temporada alta: La salida exacta depender\u00e1 de las condiciones meteorol\u00f3gicas y del tr\u00e1fico a\u00e9reo, recuerde que en esta \u00e9poca estamos en invierno.<\/p>\n<h3>Informaci\u00f3n adicional<\/h3>\n<p>Es necesario<\/p>\n<p>Este tour debe ser reservado al menos 01 d\u00eda antes de la fecha de viaje enviando un correo electr\u00f3nico a info@nazcatrips.com.<br \/>\nEstaremos encantados de responder a cualquier pregunta que pueda tener.<\/p>","protected":false},"excerpt":{"rendered":"<h3>\u00bfPor qu\u00e9 reservar esta experiencia?<\/h3>\n<p>Sobrevolar\u00e1 una de las formas y l\u00edneas m\u00e1s misteriosas de la tierra: Las L\u00edneas de Nazca. Las l\u00edneas de Nazca han sido designadas por la UNESCO Patrimonio Cultural de la Humanidad. Somos un equipo profesional de .ass con 15 a\u00f1os de experiencia. Responsabilidad y Seguridad en cada servicio prestado.<\/p>","protected":false},"featured_media":1195,"template":"","meta":{"_acf_changed":false},"product_brand":[],"product_cat":[39,29],"product_tag":[],"class_list":{"0":"post-1194","1":"product","2":"type-product","3":"status-publish","4":"has-post-thumbnail","6":"product_cat-nazca-lines","7":"product_cat-flight","8":"wt_location-pisco","10":"first","11":"instock","12":"sold-individually","13":"shipping-taxable","14":"purchasable","15":"product-type-simple"},"acf":{"resumo_email":""},"_links":{"self":[{"href":"https:\/\/nazcatrips.com\/es\/wp-json\/wp\/v2\/product\/1194","targetHints":{"allow":["GET"]}}],"collection":[{"href":"https:\/\/nazcatrips.com\/es\/wp-json\/wp\/v2\/product"}],"about":[{"href":"https:\/\/nazcatrips.com\/es\/wp-json\/wp\/v2\/types\/product"}],"wp:featuredmedia":[{"embeddable":true,"href":"https:\/\/nazcatrips.com\/es\/wp-json\/wp\/v2\/media\/1195"}],"wp:attachment":[{"href":"https:\/\/nazcatrips.com\/es\/wp-json\/wp\/v2\/media?parent=1194"}],"wp:term":[{"taxonomy":"product_brand","embeddable":true,"href":"https:\/\/nazcatrips.com\/es\/wp-json\/wp\/v2\/product_brand?post=1194"},{"taxonomy":"product_cat","embeddable":true,"href":"https:\/\/nazcatrips.com\/es\/wp-json\/wp\/v2\/product_cat?post=1194"},{"taxonomy":"product_tag","embeddable":true,"href":"https:\/\/nazcatrips.com\/es\/wp-json\/wp\/v2\/product_tag?post=1194"}],"curies":[{"name":"wp","href":"https:\/\/api.w.org\/{rel}","templated":true}]}}