{"id":1198,"date":"2022-07-26T15:05:41","date_gmt":"2022-07-26T15:05:41","guid":{"rendered":"https:\/\/nazcatrips.webja.pt\/?post_type=product&#038;p=1198"},"modified":"2024-10-04T12:01:50","modified_gmt":"2024-10-04T12:01:50","slug":"nazca-lines-tour-from-arequipa-3-days","status":"publish","type":"product","link":"https:\/\/nazcatrips.com\/es\/shop\/nazca-lines\/lineas-de-nazca-tour-desde-arequipa-3-dias\/","title":{"rendered":"Tour de las L\u00edneas de Nazca desde Arequipa (3 d\u00edas)"},"content":{"rendered":"<h3>D\u00cdA 1: Viaje en bus tur\u00edstico de Arequipa a Nazca.<\/h3>\n<p>08:20 pm Comienza nuestro tour hacia las misteriosas l\u00edneas de Nazca. Nuestros clientes ser\u00e1n recogidos de sus hoteles en Cusco y luego trasladados a la estaci\u00f3n de autobuses para tomar un viaje de aproximadamente 9.00 Hrs. 30 Min. Por la carretera panamericana sur.<\/p>\n<p>Incluye este d\u00eda<\/p>\n<p>Recogida en su hotel en Arequipa y traslado a la estaci\u00f3n de autobuses.<br \/>\nBilletes de autob\u00fas tur\u00edstico a Nazca con el Servicio de Cruceros Cruz del Sur.<\/p>\n<h3>DIA 2: Sobrevuelo L\u00edneas de Nazca y Oasis de la Huacachina<\/h3>\n<p>07:00 Hrs. A su llegada a la ciudad de Nazca ser\u00e1 recibido por nuestro gu\u00eda oficial de turismo quien lo asistir\u00e1 y trasladar\u00e1 al aer\u00f3dromo Mar\u00eda Reiche. Una vez reconfirmados los datos con el pasaporte le brindaremos la mejor asesor\u00eda para disfrutar de un gran sobrevuelo a las ancestrales L\u00edneas de Nazca, Antes de ingresar a la zona de salida, Nuestro Gu\u00eda le brindar\u00e1 una contextualizaci\u00f3n hist\u00f3rica de las fascinantes L\u00edneas de Nazca.<\/p>\n<p>El \u00e1rea donde se encuentran las l\u00edneas de Nazca es de 500 km2, donde se ven las siguientes figuras y l\u00edneas: La Ballena, El Trapecio, El Astronauta, El Mono, El Perro, El Colibr\u00ed, El C\u00f3ndor, La Ara\u00f1a, El P\u00e1jaro Fragata, El Loro, El \u00c1rbol y Las Manos (Tambi\u00e9n ver\u00e1s la figura restaurada del lagarto). Algunas de las figuras miden m\u00e1s de 300 metros y la mayor\u00eda s\u00f3lo se pueden apreciar desde el aire. \u00bfPara qui\u00e9n lo hicieron, si s\u00f3lo se pueden ver desde el cielo?<\/p>\n<p>Este sobrevuelo promete llevarle a un viaje al pasado, acerc\u00e1ndole a disfrutar y admirar profundamente una de las mayores maravillas de todo el planeta.<\/p>\n<p>Despu\u00e9s de haber disfrutado de una de las mejores experiencias de su vida. Nuestro gu\u00eda estar\u00e1 atento esperando el aterrizaje. Para luego dirigirse a la ciudad de Nazca para tomar un desayuno adecuado y luego abordar un bus para ir a la ciudad de Ica. El viaje ser\u00e1 de 2hrs y 30 minutos.<\/p>\n<p>15:20 Hrs. Al llegar a la ciudad de Ica, ser\u00e1n asistidos por nuestro gu\u00eda oficial y trasladados al oasis de Am\u00e9rica - Huacachina. Posteriormente realizar\u00e1n un emocionante paseo en buggy (carros de arena) al mismo tiempo que recorrer\u00e1n las laderas de las dunas y podr\u00e1n aventurarse a bajar la duna en tablas o esqu\u00eds. Esto se puede hacer de pie, boca abajo y sentado.<\/p>\n<p>Esta excursi\u00f3n de aventura por las dunas promete llenarte de adrenalina y hacer que tu coraz\u00f3n se acelere a 1000 x horas.<\/p>\n<p>Al finalizar el tour del oasis de la Huacachina nos embarcaremos en un bus para dirigirnos a la ciudad de Paracas donde pasaremos la noche.<\/p>\n<h3>Incluye este d\u00eda<\/h3>\n<p>Recepci\u00f3n y asistencia a la llegada a la ciudad de Nazca por nuestro gu\u00eda oficial.<br \/>\nTraslado al aer\u00f3dromo Maria Reiche.<br \/>\nAsistencia y contextualizaci\u00f3n hist\u00f3rica de las L\u00edneas de Nazca.<br \/>\n35 minutos de sobrevuelo a las L\u00edneas de Nazca.<br \/>\nTasa de aeropuerto.<br \/>\nTraslado a la terminal de Cruz del Sur.<br \/>\nBillete de autob\u00fas tur\u00edstico de Nazca a Ica.<br \/>\nRecepci\u00f3n y asistencia a la llegada a la ciudad de Ica.<br \/>\nTraslado al oasis de Huacachina.<br \/>\nTour en Buggies (carros de arena) y Sandboarding (deporte a bordo) en las dunas de Huacachina.<br \/>\nRecepci\u00f3n al final del Buggie Tour y traslado a la terminal de autobuses.<br \/>\nBillete de autob\u00fas tur\u00edstico de Ica a Paracas.<br \/>\nRecepci\u00f3n y asistencia por parte de nuestro gu\u00eda oficial a su llegada a la ciudad de Paracas.<br \/>\nTraslado a su hotel seleccionado.<\/p>\n<h3>D\u00cdA 3: Islas Ballestas, Reserva Nacional de Paracas y regreso a Lima<\/h3>\n<p>7:15 hrs. Nuestros clientes ser\u00e1n asistidos y trasladados al Puerto de Paracas. \u00a1Luego nos sumergiremos en la excursi\u00f3n en voto a las ya famosas Gal\u00e1pagos del Per\u00fa!<\/p>\n<p>08:00 hrs. Inicio del tour que tendr\u00e1 una duraci\u00f3n de 2.00 hrs. Las Islas Ballestas son la principal atracci\u00f3n de vida silvestre de Paracas. Encontrar\u00e1 muchas especies ex\u00f3ticas de aves y vida marina, algunas \u00fanicas en el Per\u00fa.<\/p>\n<p>Este recorrido de dos horas por las islas m\u00e1s famosas de Per\u00fa permite disfrutar de magn\u00edficas formaciones rocosas esculpidas por la naturaleza y es el hogar de los ping\u00fcinos de Humboldt, los leones marinos de Sudam\u00e9rica y de multitud de aves marinas. Al mismo tiempo podemos ver el famoso Geoglifo el Candelabro. Que nos har\u00e1 admirar y respetar el gran legado hist\u00f3rico de los hombres del antiguo Per\u00fa.<\/p>\n<p>11:00 hrs. Iniciaremos nuestro recorrido hacia la reserva natural de Paracas, la Reserva Nacional de Paracas cuenta con una de las reservas marinas m\u00e1s grandes del Per\u00fa, albergando m\u00e1s de 200 tipos de aves y un gran n\u00famero de especies marinas.<\/p>\n<p>El tour a la Reserva Nacional de Paracas nos har\u00e1 disfrutar no s\u00f3lo de fabulosos paisajes mar\u00edtimos y des\u00e9rticos, sino que tambi\u00e9n podremos conocer al antiguo hombre de Paracas, que habit\u00f3 estas zonas hace m\u00e1s de 2000 a\u00f1os, dejando como evidencia en su necr\u00f3polis una gran diversidad de hermosos tejidos, que asombran al Mundo.<\/p>\n<p>Al final del tour le acompa\u00f1aremos a la estaci\u00f3n de autobuses para hacer la revisi\u00f3n de sus maletas y tomar nuestro autob\u00fas en direcci\u00f3n a Lima.<\/p>\n<p>14:05 pm salida de Paracas a Lima.<\/p>\n<p>A su llegada, alrededor de las 18:00 horas, lo estaremos esperando en el terminal de buses Javier Pravo para trasladarlo a su hotel o al aeropuerto internacional Jorge Ch\u00e1vez.<\/p>\n<p>Agradecidos por habernos elegido y felices de haber podido ayudarles a llevarse los mejores recuerdos de esta peque\u00f1a parte de nuestro Per\u00fa, ser\u00e1 el fin de nuestros servicios.<\/p>\n<h3>Incluye este d\u00eda<\/h3>\n<p>- Recogida en su hotel en Paracas y traslado al muelle de Paracas.<br \/>\n- Tour En votaci\u00f3n a Isla Ballestas.<br \/>\n- Recepci\u00f3n al final de su Tour y traslado para el inicio del Tour de la Reserva Nacional.<br \/>\n- Tour privado a la Reserva Nacional de Paracas.<br \/>\n- Todos los impuestos y entradas tur\u00edsticas.<br \/>\n- Recepci\u00f3n y traslado a la estaci\u00f3n de autobuses.<br \/>\n- Billete de autob\u00fas tur\u00edstico a la ciudad de Lima.<\/p>\n<p>- Recepci\u00f3n en Lima y traslado al Hotel o Aeropuerto Internacional Jorge Ch\u00e1vez.<\/p>\n<h3>Exclusiones<\/h3>\n<p>Gu\u00eda tur\u00edstico en la ruta Paracas - Lima.<br \/>\nComida, desayuno y cena.<\/p>\n<h3>Duraci\u00f3n<\/h3>\n<p>2 d\u00edas y 1 noche.<\/p>\n<h3>Salidas diarias desde Lima<\/h3>\n<p>Desde (1) 06:30 hrs.o (2) 12:30 Hrs.<\/p>\n<p>Importante: se requiere un m\u00ednimo de 2 participantes para esta excursi\u00f3n. Esta excursi\u00f3n le ofrece mayor comodidad y flexibilidad de tiempo.<\/p>\n<h3>Informaci\u00f3n adicional<\/h3>\n<p>Hay 12 asientos VIP en los autobuses; para poder disponer de ellos es necesario reservarlos con antelaci\u00f3n.<br \/>\nEsta excursi\u00f3n debe reservarse al menos una semana antes de la fecha de la excursi\u00f3n.<\/p>","protected":false},"excerpt":{"rendered":"<h3>\u00bfPor qu\u00e9 reservar esta experiencia?<\/h3>\n<p>Sobrevolar\u00e1 una de las formas y l\u00edneas m\u00e1s misteriosas de la tierra: Las L\u00edneas de Nazca. Las l\u00edneas de Nazca han sido designadas por la UNESCO Patrimonio Cultural de la Humanidad. Somos un equipo profesional con 15 a\u00f1os de experiencia. Eficiencia en cada servicio prestado.<\/p>","protected":false},"featured_media":966,"template":"","meta":{"_acf_changed":false},"product_brand":[],"product_cat":[39,23],"product_tag":[],"class_list":{"0":"post-1198","1":"product","2":"type-product","3":"status-publish","4":"has-post-thumbnail","6":"product_cat-nazca-lines","7":"product_cat-nazca-tour","8":"wt_location-arequipa","10":"first","11":"instock","12":"sold-individually","13":"shipping-taxable","14":"purchasable","15":"product-type-simple"},"acf":{"resumo_email":""},"_links":{"self":[{"href":"https:\/\/nazcatrips.com\/es\/wp-json\/wp\/v2\/product\/1198","targetHints":{"allow":["GET"]}}],"collection":[{"href":"https:\/\/nazcatrips.com\/es\/wp-json\/wp\/v2\/product"}],"about":[{"href":"https:\/\/nazcatrips.com\/es\/wp-json\/wp\/v2\/types\/product"}],"wp:featuredmedia":[{"embeddable":true,"href":"https:\/\/nazcatrips.com\/es\/wp-json\/wp\/v2\/media\/966"}],"wp:attachment":[{"href":"https:\/\/nazcatrips.com\/es\/wp-json\/wp\/v2\/media?parent=1198"}],"wp:term":[{"taxonomy":"product_brand","embeddable":true,"href":"https:\/\/nazcatrips.com\/es\/wp-json\/wp\/v2\/product_brand?post=1198"},{"taxonomy":"product_cat","embeddable":true,"href":"https:\/\/nazcatrips.com\/es\/wp-json\/wp\/v2\/product_cat?post=1198"},{"taxonomy":"product_tag","embeddable":true,"href":"https:\/\/nazcatrips.com\/es\/wp-json\/wp\/v2\/product_tag?post=1198"}],"curies":[{"name":"wp","href":"https:\/\/api.w.org\/{rel}","templated":true}]}}