{"id":1205,"date":"2022-07-26T15:16:38","date_gmt":"2022-07-26T15:16:38","guid":{"rendered":"https:\/\/nazcatrips.webja.pt\/?post_type=product&#038;p=1205"},"modified":"2024-03-01T16:11:08","modified_gmt":"2024-03-01T16:11:08","slug":"nazca-lines-tour-from-cusco","status":"publish","type":"product","link":"https:\/\/nazcatrips.com\/es\/shop\/nazca-lines\/tour-lineas-de-nazca-desde-cusco\/","title":{"rendered":"Lineas de Nazca Tour Desde Cusco (2 Dias)"},"content":{"rendered":"<h3>Noche 1: Viaje en autob\u00fas Tourist de Cusco a Nazca<\/h3>\n<p>16:20 Hrs. Inicio de nuestro recorrido hacia las misteriosas l\u00edneas de Nazca. Nuestros clientes ser\u00e1n recogidos de sus hoteles en Cusco y luego trasladados a la estaci\u00f3n de bus para tomar un viaje de aproximadamente 14.00 Hrs. 30 Min. Por la carretera panamericana sur.<\/p>\n<h4>Incluye este d\u00eda<\/h4>\n<p>Recogida en su hotel en Cusco y traslado a la estaci\u00f3n de autobuses.<br \/>\nTourist billetes de autob\u00fas a Nazca con la Cruz del Sur Suite Service (Bus sit 160\u00ba).<\/p>\n<p>Nuestro autob\u00fas saldr\u00e1 a las 17:00 Hrs.<\/p>\n<h3>D\u00cdA 1: Sobrevuelo L\u00edneas de Nazca y Oasis de la Huacachina<\/h3>\n<p>08:30 Hrs. A su llegada a la ciudad de Nazca ser\u00e1 recibido por nuestro gu\u00eda oficial de turismo quien lo asistir\u00e1 y trasladar\u00e1 al aer\u00f3dromo Mar\u00eda Reiche. Una vez reconfirmados los datos con el pasaporte le brindaremos la mejor asesor\u00eda para disfrutar de un gran sobrevuelo a las ancestrales l\u00edneas de Nazca, Antes de ingresar a la sala de embarque, Nuestro Gu\u00eda le brindar\u00e1 una contextualizaci\u00f3n hist\u00f3rica de las fascinantes L\u00edneas de Nazca.<\/p>\n<p>El \u00e1rea donde se ubican las l\u00edneas de nazca es de 500 km2, donde podr\u00e1 ver las siguientes figuras y l\u00edneas: La Ballena, El Trapecio, El Astronauta, El Mono, El Perro, El Colibr\u00ed, El C\u00f3ndor, La Ara\u00f1a, La Fragata, El Loro, El \u00c1rbol y Las Manos (Tambi\u00e9n podr\u00e1 ver la figura restaurada del lagarto). Algunas de las figuras miden m\u00e1s de 300 metros y la mayor\u00eda s\u00f3lo se pueden apreciar desde el aire. \u00bfPara qui\u00e9n lo hicieron, si s\u00f3lo se pueden ver desde el cielo? .<\/p>\n<p>Este sobrevuelo promete llevarle a un viaje al pasado, acerc\u00e1ndole a disfrutar y admirar profundamente una de las mayores maravillas de todo el planeta.<\/p>\n<p>Despu\u00e9s de haber disfrutado de una de las mejores experiencias de su vida. Nuestro gu\u00eda estar\u00e1 atento esperando el aterrizaje. Para luego dirigirnos a la ciudad de Nazca para tomar un desayuno adecuado y luego lo conduciremos en transporte privado a la ciudad de Ica. el viaje ser\u00e1 de 2hrs y 30 minutos.<\/p>\n<p>14:00 Hrs. A su llegada a la ciudad de Ica, ser\u00e1n asistidos por nuestro gu\u00eda oficial y trasladados a su hotel en Ica - Huacachina. Desde las 14:00 Hrs. hasta las 16:00 Hrs. tendr\u00e1n un descanso en su hotel.<\/p>\n<p>A las 16: 00 Hrs. les recogeremos para ir al oasis y realizaremos un emocionante paseo en buggy (carritos de arena) al mismo tiempo que recorrer\u00e1n las laderas de las dunas y podr\u00e1n aventurarse duna abajo sobre tablas o esqu\u00eds. Esto se puede hacer de pie, boca abajo y sentado. ( hacemos este tour a esta hora para disfrutar de la mas bella puesta de sol mientras hacemos buggye y sanboarding)<\/p>\n<p>Esta excursi\u00f3n de aventura por las dunas promete llenarte de adrenalina y hacer que tu coraz\u00f3n se acelere a 1000 x horas.<\/p>\n<p>Al final del tour al oasis de Huacachina lo llevaremos de regreso a su hotel donde pasaremos la noche.<\/p>\n<h4>Incluye este d\u00eda<\/h4>\n<p>Recepci\u00f3n y asistencia a la llegada a la ciudad de Nazca por nuestro gu\u00eda oficial.<br \/>\nTraslado al aer\u00f3dromo Maria Reiche.<br \/>\nAsistencia y contextualizaci\u00f3n hist\u00f3rica de las L\u00edneas de Nazca.<br \/>\n35 minutos de sobrevuelo a las L\u00edneas de Nazca.<br \/>\nTasa de aeropuerto.<br \/>\nTransporte privado a Ica - Huacachina<br \/>\nRecepci\u00f3n y asistencia a la llegada a la ciudad de Ica.<br \/>\nTraslado al oasis de Huacachina.<br \/>\nTour en Buggies (carros de arena) y Sandboarding (deporte a bordo) en las dunas de Huacachina.<br \/>\nRecepci\u00f3n al final del Buggie Tour y traslado a su hotel.<\/p>\n<h3>DIA 2: Islas Ballestas, Reserva Nacional de Paracas y regreso a Lima<\/h3>\n<p>6:30 hrs. Le recogeremos y trasladaremos al embarcadero de Paracas. \u00a1Luego nos sumergiremos en la excursi\u00f3n en voto a las ya famosas Gal\u00e1pagos del Per\u00fa!<\/p>\n<p>08:00 hrs. Inicio del tour que tendr\u00e1 una duraci\u00f3n de 2.00 hrs. Las Islas Ballestas son la principal atracci\u00f3n de vida silvestre de Paracas. Encontrar\u00e1 muchas especies ex\u00f3ticas de aves y vida marina, algunas \u00fanicas en el Per\u00fa.<\/p>\n<p>Este recorrido de dos horas por las islas m\u00e1s famosas de Per\u00fa permite disfrutar de magn\u00edficas formaciones rocosas esculpidas por la naturaleza y es el hogar de los ping\u00fcinos de Humboldt, los leones marinos de Sudam\u00e9rica y de multitud de aves marinas. Al mismo tiempo podemos ver el famoso Geoglifo el Candelabro. Que nos har\u00e1 admirar y respetar el gran legado hist\u00f3rico de los hombres del antiguo Per\u00fa.<\/p>\n<p>11:00 hrs. Iniciaremos nuestro recorrido hacia la reserva natural de Paracas, la Reserva Nacional de Paracas cuenta con una de las reservas marinas m\u00e1s grandes del Per\u00fa, albergando m\u00e1s de 200 tipos de aves y un gran n\u00famero de especies marinas.<\/p>\n<p>El tour a la Reserva Nacional de Paracas nos har\u00e1 disfrutar no s\u00f3lo de fabulosos paisajes mar\u00edtimos y des\u00e9rticos, sino que tambi\u00e9n podremos aprender sobre el antiguo hombre Paracas, quien habit\u00f3 estas zonas hace m\u00e1s de 2000 a\u00f1os, dejando como evidencia en su necr\u00f3polis una gran diversidad de hermosos tejidos, que asombran al Mundo. Despu\u00e9s de esto tendremos un almuerzo y luego lo trasladaremos a la estaci\u00f3n de bus para estar de regreso a la ciudad de los reyes (Lima).<\/p>\n<p>14:10 Hrs. Tomaremos nuestro bus para estar de regreso en Lima.<\/p>\n<p>17:55 Hrs. lo estaremos esperando para trasladarlo a su hotel o Aeropuerto Jorge Ch\u00e1vez. ( A esta hora ser\u00e1 el fin de nuestros servicios :))<\/p>\n<h4>Incluye este d\u00eda<\/h4>\n<p>Recojo de su hotel en Ica y traslado privado al muelle de Paracas.<br \/>\nTour En votaci\u00f3n a Isla Ballestas.<br \/>\nRecepci\u00f3n al final de su Tour y traslado para el inicio del Tour de la Reserva Nacional.<br \/>\nTour privado a la Reserva Nacional de Paracas.<br \/>\nTodos los impuestos y entradas tur\u00edsticas.<br \/>\nRecepci\u00f3n y traslado a la estaci\u00f3n de autobuses.<br \/>\nBillete de autob\u00fas tur\u00edstico a la ciudad de Lima.<\/p>\n<p>Recepci\u00f3n a su llegada y traslado a su hotel o al aeropuerto Jorge chavez<\/p>\n<h4>Exclusiones<\/h4>\n<p>- Gu\u00eda tur\u00edstico en la ruta Paracas - Lima.<br \/>\n- Comida, desayuno y cena.<\/p>\n<p>- Pernocte en Ica.<\/p>\n<h3>Duraci\u00f3n<\/h3>\n<p>2 d\u00edas y 2 noches.<\/p>\n<h3>Salidas diarias desde Lima<\/h3>\n<p>A partir de las (1) 17:00 hrs.<\/p>\n<p>Importante: para esta excursi\u00f3n se requiere un m\u00ednimo de 2 participantes. Este tour le ofrece mayor comodidad y flexibilidad de tiempo. (no obstante podemos realizar la excursi\u00f3n para Viajeros SOLOS con contactos previos)<\/p>\n<h3>Informaci\u00f3n adicional<\/h3>\n<p>Hay 12 asientos VIP en los autobuses; para poder disponer de ellos es necesario reservarlos con antelaci\u00f3n.<br \/>\nEsta excursi\u00f3n debe reservarse al menos una semana antes de la fecha de la excursi\u00f3n.<\/p>\n<p>Agradecidos por habernos elegido para su visita a la milenaria y sorprendente l\u00ednea de Nazca, el gran oasis de Huacachina, las sorprendentes Islas Ballestas y la Reserva Nacional de Paracas. Ser\u00e1 el fin de nuestros servicios.<\/p>","protected":false},"excerpt":{"rendered":"<h3>\u00bfPor qu\u00e9 reservar esta experiencia?<\/h3>\n<p>Sobrevolar\u00e1 una de las formas y l\u00edneas m\u00e1s misteriosas de la Tierra: Las L\u00edneas de Nazca. Las l\u00edneas de Nazca han sido designadas por la UNESCO Patrimonio Cultural de la Humanidad. Somos un equipo profesional de .ass con 15 a\u00f1os de experiencia. RESPONSABILIDAD Y SEGURIDAD en cada servicio prestado. (NAZCA TRIPS PRO-TEAM)<\/p>","protected":false},"featured_media":1206,"template":"","meta":{"_acf_changed":false},"product_brand":[],"product_cat":[39,23],"product_tag":[],"class_list":{"0":"post-1205","1":"product","2":"type-product","3":"status-publish","4":"has-post-thumbnail","6":"product_cat-nazca-lines","7":"product_cat-nazca-tour","8":"wt_location-cusco","10":"first","11":"instock","12":"sold-individually","13":"shipping-taxable","14":"purchasable","15":"product-type-simple"},"acf":{"resumo_email":""},"_links":{"self":[{"href":"https:\/\/nazcatrips.com\/es\/wp-json\/wp\/v2\/product\/1205","targetHints":{"allow":["GET"]}}],"collection":[{"href":"https:\/\/nazcatrips.com\/es\/wp-json\/wp\/v2\/product"}],"about":[{"href":"https:\/\/nazcatrips.com\/es\/wp-json\/wp\/v2\/types\/product"}],"wp:featuredmedia":[{"embeddable":true,"href":"https:\/\/nazcatrips.com\/es\/wp-json\/wp\/v2\/media\/1206"}],"wp:attachment":[{"href":"https:\/\/nazcatrips.com\/es\/wp-json\/wp\/v2\/media?parent=1205"}],"wp:term":[{"taxonomy":"product_brand","embeddable":true,"href":"https:\/\/nazcatrips.com\/es\/wp-json\/wp\/v2\/product_brand?post=1205"},{"taxonomy":"product_cat","embeddable":true,"href":"https:\/\/nazcatrips.com\/es\/wp-json\/wp\/v2\/product_cat?post=1205"},{"taxonomy":"product_tag","embeddable":true,"href":"https:\/\/nazcatrips.com\/es\/wp-json\/wp\/v2\/product_tag?post=1205"}],"curies":[{"name":"wp","href":"https:\/\/api.w.org\/{rel}","templated":true}]}}