{"id":1282,"date":"2022-08-01T13:00:18","date_gmt":"2022-08-01T13:00:18","guid":{"rendered":"https:\/\/nazcatrips.webja.pt\/?post_type=product&#038;p=1282"},"modified":"2025-09-29T18:48:08","modified_gmt":"2025-09-29T18:48:08","slug":"nazca-lines-and-palpa-lines-flight","status":"publish","type":"product","link":"https:\/\/nazcatrips.com\/es\/shop\/nazca-lines\/vuelo-lineas-de-nazca-y-lineas-de-palpa\/","title":{"rendered":"Vuelo a las L\u00edneas de Nazca y L\u00edneas de Palpa"},"content":{"rendered":"<ul>\n<li>IItinerary<\/li>\n<\/ul>\n<p>Actividad del d\u00eda Se le recoger\u00e1 en su hotel en Nazca y se le llevar\u00e1 en un veh\u00edculo con aire acondicionado al aer\u00f3dromo donde abordar\u00e1 una avioneta para un memorable vuelo sobre las l\u00edneas de Nazca y Palpa. Un gu\u00eda biling\u00fce (ingl\u00e9s\/espa\u00f1ol) le acompa\u00f1ar\u00e1 en esta excursi\u00f3n.<\/p>\n<p>Este vuelo sobre las L\u00edneas de Nazca y Palpa cubrir\u00e1 la extensi\u00f3n del pedregoso desierto de Nazca y Palpa, cuya superficie est\u00e1 marcada por gigantescos dibujos y formas geom\u00e9tricas. El vuelo dura exactamente 60 minutos y es la mejor manera de ver estas fascinantes l\u00edneas y figuras.<\/p>\n<p>Es uno de los legados m\u00e1s incre\u00edbles que ha dejado una cultura y s\u00f3lo se puede apreciar desde el cielo a una altura de 1500 pies.<\/p>\n<h3>Incluye<\/h3>\n<p>Recogida y regreso al hotel Transporte de ida y vuelta desde el hotel seleccionado de Nazca.<\/p>\n<p>Si llega desde Arequipa o Cusco, Paracas, Ica o Lima,  solo h\u00e1ganos saber el nombre de la empresa de autobuses y la hora de su llegada para recogerlo.<\/p>\n<p>Gu\u00eda biling\u00fce (ingl\u00e9s\/espa\u00f1ol).<\/p>\n<p>Proyecci\u00f3n de video sobre las L\u00edneas de Nazca en el aeropuerto.<\/p>\n<p>Vuelo tur\u00edstico de 60 minutos sobre las l\u00edneas de Nazca<\/p>\n<h3>Exclusiones<\/h3>\n<p>Tasa de aeropuerto (S\/. 77.00 por persona)<\/p>\n<h3>Disponible<\/h3>\n<p>Vuelos Diarios a las L\u00edneas de Nazca desde el Aeropuerto de Nasca \/ Carretera Panamericana Km.450<\/p>\n<h3>Primera hora de salida y \u00faltimo vuelo<\/h3>\n<p>Los vuelos est\u00e1n disponibles desde:7:00 hrs. a 14:30 hrs.<\/p>\n<p>Pero volar durante la ma\u00f1ana es mucho mejor que volar por la tarde.<\/p>\n<h3>Hora de regreso de su vuelo<\/h3>\n<p>1. Temporada baja: la operaci\u00f3n total de los vuelos puede durar 2 horas (a veces hay peque\u00f1os retrasos antes del vuelo, mientras tanto tendremos tiempo para ir a la maqueta e intentar responder todas sus preguntas e inquietudes.<\/p>\n<p>2. Temporada alta: La salida exacta del vuelo depender\u00e1 de las condiciones meteorol\u00f3gicas y del tr\u00e1fico a\u00e9reo, recuerde que estamos en invierno.<\/p>\n<p>Informaci\u00f3n adicional sobre su vuelo a Nasca:<\/p>\n<p>1. Este vuelo debe reservarse con al menos 1 d\u00eda de antelaci\u00f3n a la fecha de viaje si lo va a hacer a trav\u00e9s de nuestra web.<\/p>\n<p>2. Le pediremos cierta informaci\u00f3n para reservar su vuelo cl\u00e1sico sobre las l\u00edneas de nazca, como :<\/p>\n<p>Nombres completos de los participantes:<br \/>\nNacionalidades:<br \/>\nN\u00fameros de pasaporte:<br \/>\nSiglos:<br \/>\nPeso exacto:<br \/>\nDirecci\u00f3n del hotel en Nasca:<br \/>\nFecha del Vuelo a Nasca y Palpa:<\/p>\n<p>Restricciones de participantes:<\/p>\n<p>Los participantes que pesen m\u00e1s de 90 kg deber\u00e1n reservar un asiento adicional para adaptarse a las restricciones de peso.<\/p>\n<p>Important note: the time flight viewing will be 45 minutes. take note as well is weather influence this flight experience.<\/p>","protected":false},"excerpt":{"rendered":"<h3>1 hora de aventura de vuelo<\/h3>\n<p>Las L\u00edneas de Palpa son figuras que representan a la civilizaci\u00f3n Paracas que datan desde el 700 AC hasta el 200 DC Esta civilizaci\u00f3n desarroll\u00f3 las mayores muestras de arte textil policromado. Adem\u00e1s, fue una de las primeras comunidades humanas en hacer trepanaciones craneales. Alteraron deliberadamente la forma del cr\u00e1neo para hacerlo m\u00e1s largo, cuyo prop\u00f3sito sigue siendo un misterio hasta el d\u00eda de hoy. En este vuelo de 1 hora visualizar\u00e1s las 12 figuras de las l\u00edneas de Nazca + 10 figuras pertenecientes a la civilizaci\u00f3n Paracas como: la familia Paracas, el reloj solar, la estrella, el viajero entre otros.<\/p>","protected":false},"featured_media":966,"template":"","meta":{"_acf_changed":false},"product_brand":[],"product_cat":[39,29],"product_tag":[],"class_list":{"0":"post-1282","1":"product","2":"type-product","3":"status-publish","4":"has-post-thumbnail","6":"product_cat-nazca-lines","7":"product_cat-flight","8":"wt_location-nazca-tour","10":"first","11":"instock","12":"sold-individually","13":"shipping-taxable","14":"purchasable","15":"product-type-simple"},"acf":{"resumo_email":"<h3>Itinerary<\/h3>\r\nDay Activity You will be picked up from your hotel in Nazca and taken in an air-conditioned vehicle to the aerodrome where you will board a light aircraft for a memorable Flight over Nazca and Palpa Lines. A bilingual guide (English\/ Spanish) will accompany you on this tour.\r\n\r\nThis flight over the Nazca Lines and Palpa will cover the expanse of stony Nazca and Palpa desert,the surface of wich is scarred by gigantic drawings and geometrical shapes. The flight last exactly 60 minutes and is the best way to see these fascinating lines and figures.\r\n\r\nIt is one of the most incredible legacies that a culture has left behind and can be appreciated only from the sky to an altitude of 1500 feet."},"_links":{"self":[{"href":"https:\/\/nazcatrips.com\/es\/wp-json\/wp\/v2\/product\/1282","targetHints":{"allow":["GET"]}}],"collection":[{"href":"https:\/\/nazcatrips.com\/es\/wp-json\/wp\/v2\/product"}],"about":[{"href":"https:\/\/nazcatrips.com\/es\/wp-json\/wp\/v2\/types\/product"}],"wp:featuredmedia":[{"embeddable":true,"href":"https:\/\/nazcatrips.com\/es\/wp-json\/wp\/v2\/media\/966"}],"wp:attachment":[{"href":"https:\/\/nazcatrips.com\/es\/wp-json\/wp\/v2\/media?parent=1282"}],"wp:term":[{"taxonomy":"product_brand","embeddable":true,"href":"https:\/\/nazcatrips.com\/es\/wp-json\/wp\/v2\/product_brand?post=1282"},{"taxonomy":"product_cat","embeddable":true,"href":"https:\/\/nazcatrips.com\/es\/wp-json\/wp\/v2\/product_cat?post=1282"},{"taxonomy":"product_tag","embeddable":true,"href":"https:\/\/nazcatrips.com\/es\/wp-json\/wp\/v2\/product_tag?post=1282"}],"curies":[{"name":"wp","href":"https:\/\/api.w.org\/{rel}","templated":true}]}}