{"id":636,"date":"2022-08-01T10:00:50","date_gmt":"2022-08-01T10:00:50","guid":{"rendered":"https:\/\/nazcatrips.webja.pt\/?post_type=product&#038;p=636"},"modified":"2022-08-26T00:44:29","modified_gmt":"2022-08-26T00:44:29","slug":"tour-to-the-petroglyphs-of-chichictara-palpa-peru","status":"publish","type":"product","link":"https:\/\/nazcatrips.com\/es\/shop\/nazca-tour\/tour-a-los-petroglifos-de-chichictara-palpa-peru\/","title":{"rendered":"Excursi\u00f3n a los petroglifos de Chichictara, Palpa, Per\u00fa"},"content":{"rendered":"<h3>Sobre el Tour<\/h3>\n<p>En la regi\u00f3n de Nasca-Palpa se encuentran miles de petroglifos. Muchos de ellos guardan un gran parecido con los geoglifos recientemente descubiertos y fechados en el periodo Paracas (800-200 a. C.), obviamente precursores de los famosos geoglifos del posterior periodo Nasca (200 a. C.-650 d. C.). Mientras que los geoglifos de Nasca son objeto de numerosos trabajos cient\u00edficos, los petroglifos y los geoglifos de Paracas a\u00fan no han sido objeto de investigaci\u00f3n.<\/p>\n<p>Los resultados de las investigaciones indican que los sitios de petroglifos de esta zona eran antiguos lugares de descanso en rutas comerciales de larga distancia que conectaban la regi\u00f3n costera con la sierra y probablemente incluso con la regi\u00f3n amaz\u00f3nica. En este contexto, se arroja nueva luz sobre los petroglifos para las interpretaciones iconogr\u00e1ficas.<\/p>\n<p>Algunos petroglifos de Chichictara ya fueron reconocidos como fi guras t\u00edpicas chav\u00ednoides o paracas hace algunas d\u00e9cadas (Mej\u00eda Xesspe 1972), aqu\u00ed nos centramos principalmente en los resultados relativos a la cultura Paracas arqueol\u00f3gicamente definida (hoy fechada entre el 800 y el 200 a. C.).<\/p>\n<p>Uno de los petroglifos de la roca n\u00famero 6 del sector de Chichictara muestra una representaci\u00f3n similar de la cabeza de Chav\u00edn<\/p>\n<p>En particular, las representaciones de la llamada Cabeza de Chav\u00edn son concluyentes y pueden relacionarse directamente con el petroglifo n\u00famero 6 . Esto es al menos un indicio para la dataci\u00f3n de los petroglifos.<\/p>\n<p>Las investigaciones hasta el per\u00edodo Inicial (1800-800 a.C.) s\u00f3lo se han realizado de forma marginal en la regi\u00f3n de la costa sur y se han concentrado casi exclusivamente en el centro y norte del Per\u00fa. Por lo tanto, no est\u00e1 del todo claro si la cultura Paracas tiene sus ra\u00edces en esta regi\u00f3n, o si es el resultado de una difusi\u00f3n del estilo Chav\u00edn desde la sierra central y norte.<\/p>\n<p>Tambi\u00e9n admiraremos uno de los m\u00e1s bellos petroglifos de La Viuda. Esta roca se llama<\/p>\n<p>\"Las Tres Edades\" = las tres edades.<\/p>\n<h3>\u00bfPor qu\u00e9 reservar esta experiencia?<\/h3>\n<p>Comprender los or\u00edgenes del hombre de la costa peruana y su desarrollo para las interpretaciones de los grandes lienzos realizados en futuras civilizaciones.<\/p>\n<h3>Itinerario<\/h3>\n<p>Se le recoger\u00e1 en su hotel a la hora prevista en Nazca y se le llevar\u00e1 a indiana jones archeological adventure tour.<\/p>\n<p>En el camino admiraremos el paisaje des\u00e9rtico pasando por la zona donde se encuentran las l\u00edneas de Nazca y Pal\u00e1. Nos detendremos en los dos miradores met\u00e1licos: esto para apreciar la composici\u00f3n de las famosas l\u00edneas y figuras de Nazca y Palpa.<\/p>\n<p>Al final visitaremos el museo de Palpa y m\u00e1s tarde subiremos a una peque\u00f1a monta\u00f1a y descubriremos con admiraci\u00f3n los petroglifos de Palpa.<\/p>\n<p>Admirados y con la informaci\u00f3n a\u00fan en proceso, regresaremos a la ciudad de Nazca y le dejaremos en su hotel o en alg\u00fan punto de la ciudad.<\/p>\n<h3>Incluye<\/h3>\n<p>Transporte de ida y vuelta desde el hotel seleccionado en Nazca.<\/p>\n<p>Gu\u00eda\/conductor privado (ingl\u00e9s-espa\u00f1ol-franc\u00e9s-italiano)<\/p>\n<h3>Exclusiones<\/h3>\n<p>Comidas o meriendas.<\/p>\n<h3>Informaci\u00f3n adicional para este recorrido por tierra<\/h3>\n<p>Lleva agua y ropa ligera, \u00a1estamos en el desierto m\u00e1s seco del planeta!<\/p>","protected":false},"excerpt":{"rendered":"<h3>En la regi\u00f3n de Nasca-Palpa se encuentran miles de petroglifos.<\/h3>\n<p>Muchos de ellos guardan un gran parecido con los geoglifos recientemente descubiertos y fechados en el periodo Paracas (800-200 a.C.), obviamente precursores de los famosos geoglifos del posterior periodo Nasca (200 a.C.-650 d.C.). Mientras que los geoglifos de Nasca son objeto de numerosos trabajos cient\u00edficos, los petroglifos y los geoglifos de Paracas a\u00fan no han sido objeto de investigaci\u00f3n.<\/p>","protected":false},"featured_media":947,"template":"","meta":{"_acf_changed":false},"product_brand":[],"product_cat":[23],"product_tag":[],"class_list":{"0":"post-636","1":"product","2":"type-product","3":"status-publish","4":"has-post-thumbnail","6":"product_cat-nazca-tour","7":"wt_location-nazca-tour","9":"first","10":"instock","11":"sold-individually","12":"shipping-taxable","13":"purchasable","14":"product-type-simple"},"acf":{"resumo_email":""},"_links":{"self":[{"href":"https:\/\/nazcatrips.com\/es\/wp-json\/wp\/v2\/product\/636","targetHints":{"allow":["GET"]}}],"collection":[{"href":"https:\/\/nazcatrips.com\/es\/wp-json\/wp\/v2\/product"}],"about":[{"href":"https:\/\/nazcatrips.com\/es\/wp-json\/wp\/v2\/types\/product"}],"wp:featuredmedia":[{"embeddable":true,"href":"https:\/\/nazcatrips.com\/es\/wp-json\/wp\/v2\/media\/947"}],"wp:attachment":[{"href":"https:\/\/nazcatrips.com\/es\/wp-json\/wp\/v2\/media?parent=636"}],"wp:term":[{"taxonomy":"product_brand","embeddable":true,"href":"https:\/\/nazcatrips.com\/es\/wp-json\/wp\/v2\/product_brand?post=636"},{"taxonomy":"product_cat","embeddable":true,"href":"https:\/\/nazcatrips.com\/es\/wp-json\/wp\/v2\/product_cat?post=636"},{"taxonomy":"product_tag","embeddable":true,"href":"https:\/\/nazcatrips.com\/es\/wp-json\/wp\/v2\/product_tag?post=636"}],"curies":[{"name":"wp","href":"https:\/\/api.w.org\/{rel}","templated":true}]}}