{"id":948,"date":"2022-08-01T12:30:11","date_gmt":"2022-08-01T12:30:11","guid":{"rendered":"https:\/\/nazcatrips.webja.pt\/?post_type=product&#038;p=948"},"modified":"2024-01-14T22:50:57","modified_gmt":"2024-01-14T22:50:57","slug":"nazca-lines-viewing-tower-tour","status":"publish","type":"product","link":"https:\/\/nazcatrips.com\/es\/shop\/nazca-lines\/tour-torre-mirador-lineas-de-nazca\/","title":{"rendered":"Tour de la Torre de Observaci\u00f3n de las L\u00edneas de Nazca"},"content":{"rendered":"<h3>Sobre el Tour<\/h3>\n<p>La zona donde se encuentran las l\u00edneas de Nazca tiene 500 km 2 donde hay cientos de figuras y<br \/>\nmiles de l\u00edneas y trapecios. Algunos de ellos son: La ballena, el trapecio, el astronauta, el mono, el perro, el colibr\u00ed, el c\u00f3ndor y la ara\u00f1a,<br \/>\nP\u00e1jaro Fragata, El Loro, El \u00c1rbol y Las Manos. Algunas de las figuras alcanzan m\u00e1s de 300 metros y la mayor\u00eda s\u00f3lo se pueden apreciar desde el aire. \u00bfPara qui\u00e9n se hicieron, si la mayor\u00eda de ellas s\u00f3lo se pueden ver desde el cielo?<\/p>\n<p>Este tour promete llevarle en un viaje al pasado, acerc\u00e1ndole a disfrutar y admirar profundamente una de las mayores maravillas de todo el planeta. Despu\u00e9s de haber disfrutado de una de las mejores experiencias de su vida, le devolveremos a su hotel o a alg\u00fan punto de la ciudad. Agradecido por habernos elegido para su visita a las milenarias y asombrosas l\u00edneas nazca ser\u00e1 el final de nuestros servicios.<\/p>\n<h3>Por qu\u00e9 reservar esta experiencia<\/h3>\n<p>Definitivamente si vienes a Per\u00fa, Nazca es una de las culturas m\u00e1s interesantes del antiguo Per\u00fa. Si no puedes sobrevolarlas, a\u00fan pueden traer maravillosos recuerdos al verlas en el suelo.<\/p>\n<h3>Itinerario de las L\u00edneas de Nazca<\/h3>\n<p>Lo recogeremos de su hotel o estaci\u00f3n de bus y nuestro tour arqueol\u00f3gico nos llevar\u00e1 por la mundialmente famosa carretera Panamericana Sur partiendo de Nazca hacia el norte, admiraremos el paisaje des\u00e9rtico y nos detendremos en un mirador natural, desde donde veremos l\u00edneas y trapecios que convergen hacia esta misma monta\u00f1a. M\u00e1s tarde visitaremos el Museo Mar\u00eda Recihe, donde conoceremos el arduo trabajo que esta espectacular mujer dedic\u00f3 al estudio, preservaci\u00f3n y difusi\u00f3n de las l\u00edneas de Nazca.<\/p>\n<p>La siguiente parada ser\u00e1 la Torre Palpa, desde aqu\u00ed veremos 5 figuras m\u00e1s. Estas figuras seg\u00fan los arque\u00f3logos pertenecen a la Cultura Paracas, estas figuras son conocidas como la Familia Paracas y otros las relacionan con el Dios Astronauta.<\/p>\n<p>En la parte final visitaremos el mirador met\u00e1lico y veremos las figuras de las manos, el \u00e1rbol y el lagarto. (Ver el material con el que se hicieron, escuchar la historia de la mano de un gu\u00eda local es llevarse un recuerdo \u00fanico de uno de los lugares m\u00e1s interesantes del mundo). Admirados y con la informaci\u00f3n a\u00fan en proceso, regresaremos a la ciudad de Nazca y le dejaremos en su hotel o en alg\u00fan lugar de la ciudad. Agradecidos por habernos elegido para su visita a las milenarias y sorprendentes l\u00edneas de Nazca ser\u00e1 el final de nuestros servicios.<\/p>\n<h3>Informaci\u00f3n adicional<\/h3>\n<p>Lleva agua y ropa ligera, \u00a1estamos en el desierto m\u00e1s seco del planeta!<\/p>\n<p>50,00 USD por persona<\/p>","protected":false},"excerpt":{"rendered":"<h3>Acerca de la torre de observaci\u00f3n de las l\u00edneas de Nazca<\/h3>\n<p>Esta breve parada (en un lugar bastante surrealista en medio de un desierto) y la entrada a la torre mirador est\u00e1n incluidas de paso por Nazca. Desde los 13 metros de altura de la torre se pueden ver las formas b\u00e1sicas de tres de las figuras de Nazca.<\/p>\n<p>Este es un enfoque mucho m\u00e1s cercano y personal para presenciar las l\u00edneas, aunque sus tomas no ser\u00e1n tan asombrosas como cuando sube al avi\u00f3n. Adem\u00e1s, nuestro tour le informar\u00e1 sobre los fascinantes antecedentes de la antigua sociedad Nazca y las hip\u00f3tesis predominantes detr\u00e1s de estas enigm\u00e1ticas L\u00edneas.<\/p>","protected":false},"featured_media":949,"template":"","meta":{"_acf_changed":false},"product_brand":[],"product_cat":[39,23],"product_tag":[],"class_list":{"0":"post-948","1":"product","2":"type-product","3":"status-publish","4":"has-post-thumbnail","6":"product_cat-nazca-lines","7":"product_cat-nazca-tour","8":"wt_location-nazca-tour","10":"first","11":"instock","12":"sold-individually","13":"shipping-taxable","14":"purchasable","15":"product-type-simple"},"acf":{"resumo_email":""},"_links":{"self":[{"href":"https:\/\/nazcatrips.com\/es\/wp-json\/wp\/v2\/product\/948","targetHints":{"allow":["GET"]}}],"collection":[{"href":"https:\/\/nazcatrips.com\/es\/wp-json\/wp\/v2\/product"}],"about":[{"href":"https:\/\/nazcatrips.com\/es\/wp-json\/wp\/v2\/types\/product"}],"wp:featuredmedia":[{"embeddable":true,"href":"https:\/\/nazcatrips.com\/es\/wp-json\/wp\/v2\/media\/949"}],"wp:attachment":[{"href":"https:\/\/nazcatrips.com\/es\/wp-json\/wp\/v2\/media?parent=948"}],"wp:term":[{"taxonomy":"product_brand","embeddable":true,"href":"https:\/\/nazcatrips.com\/es\/wp-json\/wp\/v2\/product_brand?post=948"},{"taxonomy":"product_cat","embeddable":true,"href":"https:\/\/nazcatrips.com\/es\/wp-json\/wp\/v2\/product_cat?post=948"},{"taxonomy":"product_tag","embeddable":true,"href":"https:\/\/nazcatrips.com\/es\/wp-json\/wp\/v2\/product_tag?post=948"}],"curies":[{"name":"wp","href":"https:\/\/api.w.org\/{rel}","templated":true}]}}