{"id":950,"date":"2022-08-01T11:00:07","date_gmt":"2022-08-01T11:00:07","guid":{"rendered":"https:\/\/nazcatrips.webja.pt\/?post_type=product&#038;p=950"},"modified":"2022-08-26T00:41:44","modified_gmt":"2022-08-26T00:41:44","slug":"pampa-galeras-national-reserve-tour","status":"publish","type":"product","link":"https:\/\/nazcatrips.com\/es\/shop\/nazca-tour\/tour-reserva-nacional-pampa-galeras\/","title":{"rendered":"Tour de la Reserva Nacional Pampa Galeras"},"content":{"rendered":"<h3>Sobre el Tour<\/h3>\n<p>En la provincia de Lucanas, esta \u00e1rea natural alberga la mayor poblaci\u00f3n de vicu\u00f1as del pa\u00eds y del mundo, concentrada en un espacio muy reducido. Tambi\u00e9n es hogar de animales como el zorro andino, vizcachas y comadrejas, adem\u00e1s del c\u00f3ndor andino, el flamenco andino y el tinam\u00fa andino. Otros atractivos de esta reserva nacional son sus pinturas rupestres, el museo de sitio y el Centro de Interpretaci\u00f3n, donde se exhiben especies de flora y fauna.<\/p>\n<p>La reserva nacional Pampas Galeras protege el h\u00e1bitat de gran altitud de la amenazada vicu\u00f1a, el t\u00edmido y elegante pariente de la alpaca y la llama. Si tienes la suerte de ver una de estas adorables y delicadas criaturas en la naturaleza, es f\u00e1cil entender por qu\u00e9 los incas las consideraban sagradas.<\/p>\n<p>Aunque hab\u00eda unos 2 millones de vicu\u00f1as vagando por las monta\u00f1as en el apogeo del Imperio Inca, los animales de color canela casi fueron cazados hasta la extinci\u00f3n despu\u00e9s de la llegada de los espa\u00f1oles. Los conquistadores buscaban su abrigo de lana extremadamente valioso: el vell\u00f3n lujosamente suave y c\u00e1lido de la vicu\u00f1a es una de las fibras naturales m\u00e1s finas y caras del mundo.<\/p>\n<p>Hoy, Pampas Galeras es uno de los santuarios m\u00e1s grandes que trabajan para proteger a esta hermosa criatura. Unas 5000 vicu\u00f1as viven dentro de los l\u00edmites de la reserva a altitudes de m\u00e1s de 10 000 pies. La reserva nacional tambi\u00e9n ayuda a apoyar a las comunidades andinas rurales que viven en armon\u00eda con la vida silvestre regional. Un m\u00e9todo de conservaci\u00f3n exitoso ha sido dar a los pueblos locales una participaci\u00f3n en la protecci\u00f3n de las vicu\u00f1as.<br \/>\ntrayendo de vuelta la centenaria ceremonia de esquila del chaccu.<\/p>\n<p>Cada junio, los aldeanos acorralan a las vicu\u00f1as, cortan la lana sin da\u00f1ar a los animales y los devuelven a la naturaleza. La esquila suele ir seguida de una fiesta tradicional con m\u00fasica, bebida y baile. Este ritual beneficia a las comunidades monta\u00f1esas aisladas al otorgarles el derecho a vender el costoso vell\u00f3n de los animales, con el beneficio adicional de disuadir a los posibles cazadores furtivos.<\/p>\n<h3>Por qu\u00e9 reservar esta experiencia<\/h3>\n<p>Admira el s\u00edmbolo nacional de la riqueza animal de este pa\u00eds.<\/p>\n<h3>Itinerario<\/h3>\n<p>A la hora indicada iniciaremos nuestro recorrido y recorreremos el desierto y las monta\u00f1as en busca de tan apreciable animal, due\u00f1o de la lana m\u00e1s fina del mundo. Durante el Imperio Inca estaba prohibido matar a la vicu\u00f1a, por lo que la lana se recolectaba en forma humana.<br \/>\nritual de esquila conocido como chaccu, y el vell\u00f3n sedoso solo lo usaba la nobleza. Desafortunadamente, los conquistadores espa\u00f1oles usaron armas para cazar a los lucrativos animales, una pr\u00e1ctica que dur\u00f3 siglos hasta que la vicu\u00f1a fue designada como especie en peligro de extinci\u00f3n en la d\u00e9cada de 1970.<br \/>\nHaremos algunas paradas estrat\u00e9gicas para apreciarlos m\u00e1s de cerca y disfrutar del hermoso paisaje natural.<\/p>\n<p>Admirados y con la informaci\u00f3n a\u00fan en proceso, regresaremos a la ciudad de Nazca y los dejaremos en su hotel o en alg\u00fan lugar de la ciudad. Agradecidos por habernos elegido para su visita a las milenarias y sorprendentes lineas de nazca sera el final de nuestros servicios.<\/p>\n<h3>Exclusiones<\/h3>\n<p>Comidas<\/p>\n<h3>Informaci\u00f3n adicional<\/h3>\n<p>Toma en consideraci\u00f3n que en Nazca estamos a 450 metros sobre el nivel del mar y en Pampas Galeras podemos llegar a los 4100 metros sobre el nivel del mar.<\/p>","protected":false},"excerpt":{"rendered":"<h3>Acerca de Reserva Nacional Pampa Galeras<\/h3>\n<p>La reserva nacional Pampas Galeras, que se encuentra en lo alto de los Andes en el departamento peruano de Ayacucho, protege el h\u00e1bitat de gran altitud de la vicua en peligro de extinci\u00f3n, un pariente t\u00edmido y elegante de la alpaca y la llama. Si tienes la suerte de encontrarte con una de estas lindas y delicadas criaturas en la naturaleza, est\u00e1 claro por qu\u00e9 los incas las veneraban.<\/p>","protected":false},"featured_media":951,"template":"","meta":{"_acf_changed":false},"product_brand":[],"product_cat":[23],"product_tag":[],"class_list":{"0":"post-950","1":"product","2":"type-product","3":"status-publish","4":"has-post-thumbnail","6":"product_cat-nazca-tour","7":"wt_location-nazca-tour","9":"first","10":"instock","11":"sold-individually","12":"shipping-taxable","13":"purchasable","14":"product-type-simple"},"acf":{"resumo_email":""},"_links":{"self":[{"href":"https:\/\/nazcatrips.com\/es\/wp-json\/wp\/v2\/product\/950","targetHints":{"allow":["GET"]}}],"collection":[{"href":"https:\/\/nazcatrips.com\/es\/wp-json\/wp\/v2\/product"}],"about":[{"href":"https:\/\/nazcatrips.com\/es\/wp-json\/wp\/v2\/types\/product"}],"wp:featuredmedia":[{"embeddable":true,"href":"https:\/\/nazcatrips.com\/es\/wp-json\/wp\/v2\/media\/951"}],"wp:attachment":[{"href":"https:\/\/nazcatrips.com\/es\/wp-json\/wp\/v2\/media?parent=950"}],"wp:term":[{"taxonomy":"product_brand","embeddable":true,"href":"https:\/\/nazcatrips.com\/es\/wp-json\/wp\/v2\/product_brand?post=950"},{"taxonomy":"product_cat","embeddable":true,"href":"https:\/\/nazcatrips.com\/es\/wp-json\/wp\/v2\/product_cat?post=950"},{"taxonomy":"product_tag","embeddable":true,"href":"https:\/\/nazcatrips.com\/es\/wp-json\/wp\/v2\/product_tag?post=950"}],"curies":[{"name":"wp","href":"https:\/\/api.w.org\/{rel}","templated":true}]}}