{"id":955,"date":"2022-08-01T12:12:59","date_gmt":"2022-08-01T12:12:59","guid":{"rendered":"https:\/\/nazcatrips.webja.pt\/?post_type=product&#038;p=955"},"modified":"2025-05-12T10:12:54","modified_gmt":"2025-05-12T10:12:54","slug":"historical-tour-to-the-pyramids-of-cahuachi","status":"publish","type":"product","link":"https:\/\/nazcatrips.com\/es\/shop\/nazca-tour\/tour-historico-a-las-piramides-de-cahuachi\/","title":{"rendered":"Recorrido hist\u00f3rico a las pir\u00e1mides de Cahuachi"},"content":{"rendered":"<h3>Sobre el Tour<\/h3>\n<p>Cahuachi, un importante centro ceremonial de la civilizaci\u00f3n Nazca en Per\u00fa, ocupado entre el 200 a. C. y el 600 d. C. El complejo arqueol\u00f3gico cubre un \u00e1rea de 24 kil\u00f3metros cuadrados y dentro de su territorio existen grandes pir\u00e1mides, templos y plataformas.<\/p>\n<p>El centro ceremonial de Cahuachi tiene una gran importancia, ya que fue all\u00ed donde se desarroll\u00f3 la antigua cultura Nazca. Hay mucha evidencia que indica que los constructores de las L\u00edneas de Nazca oraron en Cahuachi, toda esta evidencia est\u00e1 respaldada por la gran variedad de artefactos y restos encontrados en Cahuachi que incluyen calabazas grabadas con dise\u00f1os relacionados con la naturaleza y abstractos, textiles y cer\u00e1mica de la civilizaci\u00f3n nazca, textiles y instrumentos musicales, as\u00ed como los restos de un ni\u00f1o sacrificado y docenas de tumbas que contienen momias que datan de hace 2000 a\u00f1os.<\/p>\n<p>En Cahuachi tambi\u00e9n se encontraron muchas cer\u00e1micas con formas de seres humanos, animales y cuencos, representando una iconograf\u00eda asombrosa, que prueban claramente que todas las figuras grabadas en el desierto de Nazca se asemejan a las encontradas pintadas en las vasijas encontradas en Cahuachi.<\/p>\n<p>Adem\u00e1s, existen muchas l\u00edneas que apuntan desde la zona de las L\u00edneas de Nazca hasta Cahuachi, lo que nos hace creer que las personas que realizaron las L\u00edneas de Nazca ten\u00edan una relaci\u00f3n \u00edntima con este lugar de ceremonias religiosas o utilizaban los caminos como caminos sagrados y religiosos para Llega al desierto de Nazca donde encontrar\u00e1s estas maravillosas l\u00edneas y figuras de Nazca.<\/p>\n<h3>\u00bfPor qu\u00e9 reservar esta experiencia?<\/h3>\n<p>1.Vea y sorpr\u00e9ndase con este lugar de culto que luego se convirti\u00f3 en cementerio<\/p>\n<p>2. Encuentra pieza de cer\u00e1mica y restos arqueol\u00f3gicos de Nazca Early<\/p>\n<h3>Itinerario<\/h3>\n<p>Lo recoger\u00e1n de su hotel en Nazca y lo llevar\u00e1n en un veh\u00edculo con aire acondicionado para un recorrido tur\u00edstico por Cahuachi. Un gu\u00eda biling\u00fce (ingl\u00e9s\/espa\u00f1ol) lo acompa\u00f1ar\u00e1 en este recorrido.<\/p>\n<p>Conduciremos nuestro veh\u00edculo privado hacia el oeste de Nazca hacia la secci\u00f3n inferior del valle de Nazca y pasaremos por campos agr\u00edcolas y un maravilloso paisaje des\u00e9rtico y luego, caminando un poco m\u00e1s, nos encontraremos con muchos fragmentos antiguos de cer\u00e1mica y restos humanos.<\/p>\n<p>Al llegar a Cahuachi, nuestro gu\u00eda local nos mostrar\u00e1 los sectores m\u00e1s importantes de Cahuachi, como la Gran Pir\u00e1mide, el Templo Escalonado y los muchos otros sectores que constituyen los principales atractivos de Cahuachi. Finalmente tomaremos nuestro veh\u00edculo privado para retornar a Nasca.<\/p>\n<p>Al final de la excursi\u00f3n, se le devolver\u00e1 a su hotel en Nazca.<\/p>\n<h3>Exclusiones<\/h3>\n<p>\u2013 1. Comidas y Bebidas<\/p>","protected":false},"excerpt":{"rendered":"<h3>Sobre Las Pir\u00e1mides De Cahuachi<\/h3>\n<p>Debido al desarrollo de la antigua civilizaci\u00f3n Nazca all\u00ed, el centro ceremonial de Cahuachi es sumamente significativo. La gran variedad de artefactos y restos descubiertos en Cahuachi incluyen calabazas grabadas con dise\u00f1os abstractos y relacionados con la naturaleza, textiles y cer\u00e1micas de la civilizaci\u00f3n nazca, textiles e instrumentos musicales, as\u00ed como los restos de un ni\u00f1o sacrificado y docenas de tumbas que contienen momias que datan del a\u00f1o 2000. a\u00f1os. Estos artefactos y restos apoyan la teor\u00eda de que los constructores de las L\u00edneas de Nazca oraron en Cahuachi.<\/p>","protected":false},"featured_media":956,"template":"","meta":{"_acf_changed":false},"product_brand":[],"product_cat":[23],"product_tag":[],"class_list":{"0":"post-955","1":"product","2":"type-product","3":"status-publish","4":"has-post-thumbnail","6":"product_cat-nazca-tour","7":"wt_location-nazca-tour","9":"first","10":"instock","11":"sold-individually","12":"shipping-taxable","13":"purchasable","14":"product-type-simple"},"acf":{"resumo_email":""},"_links":{"self":[{"href":"https:\/\/nazcatrips.com\/es\/wp-json\/wp\/v2\/product\/955","targetHints":{"allow":["GET"]}}],"collection":[{"href":"https:\/\/nazcatrips.com\/es\/wp-json\/wp\/v2\/product"}],"about":[{"href":"https:\/\/nazcatrips.com\/es\/wp-json\/wp\/v2\/types\/product"}],"wp:featuredmedia":[{"embeddable":true,"href":"https:\/\/nazcatrips.com\/es\/wp-json\/wp\/v2\/media\/956"}],"wp:attachment":[{"href":"https:\/\/nazcatrips.com\/es\/wp-json\/wp\/v2\/media?parent=955"}],"wp:term":[{"taxonomy":"product_brand","embeddable":true,"href":"https:\/\/nazcatrips.com\/es\/wp-json\/wp\/v2\/product_brand?post=955"},{"taxonomy":"product_cat","embeddable":true,"href":"https:\/\/nazcatrips.com\/es\/wp-json\/wp\/v2\/product_cat?post=955"},{"taxonomy":"product_tag","embeddable":true,"href":"https:\/\/nazcatrips.com\/es\/wp-json\/wp\/v2\/product_tag?post=955"}],"curies":[{"name":"wp","href":"https:\/\/api.w.org\/{rel}","templated":true}]}}