{"id":958,"date":"2022-08-01T11:05:54","date_gmt":"2022-08-01T11:05:54","guid":{"rendered":"https:\/\/nazcatrips.webja.pt\/?post_type=product&#038;p=958"},"modified":"2025-05-12T10:13:49","modified_gmt":"2025-05-12T10:13:49","slug":"tour-to-cantalloc-aqueducts","status":"publish","type":"product","link":"https:\/\/nazcatrips.com\/es\/shop\/nazca-tour\/tour-a-acueductos-cantalloc\/","title":{"rendered":"Excursi\u00f3n a los Acueductos de Cantalloc"},"content":{"rendered":"<h3>Sobre el Tour<\/h3>\n<p>El Acueducto de Cantalloc es el nombre de una gran atracci\u00f3n en Nazca. Se encuentra en el camino de Nazca a Cusco.<\/p>\n<p>En los Acueductos de Cantalloc donde se encuentra al aire libre tiene una forma de S para frenar el flujo de agua y evitar que corra demasiado r\u00e1pido en \u00e9pocas de inundaci\u00f3n. Los Nazca tambi\u00e9n construyeron accesos, que todav\u00eda hoy dan acceso directo para limpiar y tambi\u00e9n oxigenar el agua que es sorprendentemente fresca.<\/p>\n<p>Sab\u00edan que el agua que bajaba de los Andes flu\u00eda no s\u00f3lo en los r\u00edos, sino tambi\u00e9n en los acu\u00edferos, y aprovecharon inteligentemente estos recursos esenciales. Algunos incluso sostienen que las famosas l\u00edneas de Nazca apuntan en realidad a fuentes subterr\u00e1neas de agua y que los s\u00edmbolos son indicios de lo que puede encontrarse en el \u00e1rido suelo.<\/p>\n<h3>\u00bfPor qu\u00e9 reservar esta experiencia?<\/h3>\n<p>1. Marav\u00edllate y recorre los famosos acueductos de Cantalloc.<\/p>\n<p>2. Descubre c\u00f3mo podr\u00edan recoger el agua de la capa fre\u00e1tica.<\/p>\n<h3>Itinerario<\/h3>\n<p>Actividad del d\u00eda Se le recoger\u00e1 en su hotel en Nazca y se le llevar\u00e1 a la hora indicada en un veh\u00edculo con aire acondicionado a los Acueductos de Cantalloc un gu\u00eda biling\u00fce (ingl\u00e9s\/espa\u00f1ol) le acompa\u00f1ar\u00e1 en este tour.<\/p>\n<p>En el camino antes de llegar al canal de agua vamos a poder parar en un lugar llamado Agujas para observar en estado original unas enormes l\u00edneas y trapecios de Nazca desde la cima de una peque\u00f1a colina.<\/p>\n<p>Despu\u00e9s, continuaremos visitando los antiguos canales de Nazca de Cantalloc. En este lugar caminaremos a lo largo de los enormes agujeros espirales y tambi\u00e9n de los canales. Nuestro gu\u00eda nos explicar\u00e1 c\u00f3mo los antiguos Nazca pudieron construir todos estos canales y luego daremos un paseo por los campos de los alrededores para ver algunos cultivos producidos por el valle de Nazca.<\/p>\n<p>Al final de la excursi\u00f3n, se le devolver\u00e1 a su hotel en Nazca.<\/p>\n<h3>Exclusiones<\/h3>\n<p>- Comidas y bebidas.<\/p>","protected":false},"excerpt":{"rendered":"<h3>Acerca de los Acueductos de Cantalloc<\/h3>\n<p>Para sobrevivir, el hombre siempre ha sido inteligente para adaptarse a condiciones aparentemente imposibles para vivir y en esta ocasi\u00f3n el pueblo de Nazca ha tenido que encontrar la manera de tener acceso al agua en este clima \u00e1rido y des\u00e9rtico de Nazca. En el siglo V se construyeron los acueductos para proporcionar durante a\u00f1os el acceso al agua esencial para la habitabilidad permanente y el riego de la zona.<\/p>\n<p>El agua que corr\u00eda por los acu\u00edferos se canalizaba hacia donde se necesitaba mediante canales subterr\u00e1neos construidos por el hombre. Los caminos conc\u00e9ntricos que bajaban a estos canales subterr\u00e1neos permit\u00edan el acceso directo al agua.<\/p>","protected":false},"featured_media":959,"template":"","meta":{"_acf_changed":false},"product_brand":[],"product_cat":[23],"product_tag":[],"class_list":{"0":"post-958","1":"product","2":"type-product","3":"status-publish","4":"has-post-thumbnail","6":"product_cat-nazca-tour","7":"wt_location-nazca-tour","9":"first","10":"instock","11":"sold-individually","12":"shipping-taxable","13":"purchasable","14":"product-type-simple"},"acf":{"resumo_email":""},"_links":{"self":[{"href":"https:\/\/nazcatrips.com\/es\/wp-json\/wp\/v2\/product\/958","targetHints":{"allow":["GET"]}}],"collection":[{"href":"https:\/\/nazcatrips.com\/es\/wp-json\/wp\/v2\/product"}],"about":[{"href":"https:\/\/nazcatrips.com\/es\/wp-json\/wp\/v2\/types\/product"}],"wp:featuredmedia":[{"embeddable":true,"href":"https:\/\/nazcatrips.com\/es\/wp-json\/wp\/v2\/media\/959"}],"wp:attachment":[{"href":"https:\/\/nazcatrips.com\/es\/wp-json\/wp\/v2\/media?parent=958"}],"wp:term":[{"taxonomy":"product_brand","embeddable":true,"href":"https:\/\/nazcatrips.com\/es\/wp-json\/wp\/v2\/product_brand?post=958"},{"taxonomy":"product_cat","embeddable":true,"href":"https:\/\/nazcatrips.com\/es\/wp-json\/wp\/v2\/product_cat?post=958"},{"taxonomy":"product_tag","embeddable":true,"href":"https:\/\/nazcatrips.com\/es\/wp-json\/wp\/v2\/product_tag?post=958"}],"curies":[{"name":"wp","href":"https:\/\/api.w.org\/{rel}","templated":true}]}}