{"id":963,"date":"2022-08-01T13:05:26","date_gmt":"2022-08-01T13:05:26","guid":{"rendered":"https:\/\/nazcatrips.webja.pt\/?post_type=product&#038;p=963"},"modified":"2026-02-09T14:50:47","modified_gmt":"2026-02-09T14:50:47","slug":"the-grand-experience","status":"publish","type":"product","link":"https:\/\/nazcatrips.com\/es\/shop\/nazca-lines\/la-gran-experiencia\/","title":{"rendered":"La gran experiencia"},"content":{"rendered":"<p>Este recorrido est\u00e1 dirigido a los amantes de la historia antigua, a los que buscan visitar las ruinas de las civilizaciones m\u00e1s sorprendentes del mundo y redescubrir nuestra verdadera historia.<\/p>\n<p>Venir a Per\u00fa es sin\u00f3nimo de arqueolog\u00eda y misterio.<\/p>\n<p>Somos herederos de una de las mayores civilizaciones del mundo entero. Nuestros abuelos lograron alcanzar un vasto conocimiento de las matem\u00e1ticas, la astronom\u00eda, la arquitectura y mucho m\u00e1s.<\/p>\n<p>Como nos recuerda la Virgen (Mar\u00eda Reiche) de las L\u00edneas de Nasca: Tenemos aqu\u00ed el testimonio a gran escala y \u00fanico en el mundo del primer despertar de las Ciencias exactas en la evoluci\u00f3n de la humanidad.<\/p>\n<p>Esta experiencia le permitir\u00e1 conocer a fondo la civilizaci\u00f3n de Nazca.<\/p>\n<p>9:00 am: Le recogeremos en su hotel o estaci\u00f3n de autobuses y volaremos 35 minutos sobre las L\u00edneas de Nazca. (Volar lo antes posible es una de las claves para disfrutar al m\u00e1ximo de este gran legado).<\/p>\n<p>10: am: Visitaremos el centro ceremonial de Cahuachi: Cahuachi se compara como el Vaticano en Roma, o como la Meca en Arabia Saudita. En la \u00e9poca del pueblo de Nazca 200 a.c. y en \u00e9pocas especiales, personas de todo el antiguo Per\u00fa se re\u00fanen buscando llegar a Cahuachi para participar en las Ceremonias. Este lugar tiene 24,2 km de largo y s\u00f3lo menos de 20% lo descubren. Despu\u00e9s de cruzar el desierto m\u00e1s antiguo y seco del planeta, haremos un descanso para almorzar (no incluido en el precio). Dependiendo de su energ\u00eda, podemos continuar con el siguiente recorrido.<\/p>\n<p>Alrededor de las 14:00 horas, regresaremos al sur de la famosa carretera Panamericana y visitaremos la Necr\u00f3polis de Chauchilla: Este lugar fue destruido en su mayor\u00eda por los saqueadores de tumbas, que buscaban oro y tesoros. Sab\u00edan que la antigua costumbre del pueblo nasca era enterrarlos con sus propias pertenencias y tambi\u00e9n con diferentes regalos. Es muy impresionante ver la mayor\u00eda de las evidencias tan bien conservadas, esto debido a la sequ\u00eda de la zona. Viajaremos en el tiempo recordando c\u00f3mo eran los rituales para enterrarlos y su cosmovisi\u00f3n sobre la vida y la muerte.<\/p>\n<p>Por \u00faltimo, pero no menos importante, visitaremos los impresionantes Acueductos de Cantalloc: Admiramos c\u00f3mo los incas fueron capaces de dominar los Andes en una zona muy inh\u00f3spita. Sin embargo, tenemos que mirar hacia atr\u00e1s y admirar a aquellos pueblos preincaicos como los Nascas, los Moches y los Wari. Construyeron el mayor ejemplo de ingenier\u00eda hidr\u00e1ulica, transformando el desierto en un vasto, f\u00e9rtil y pr\u00f3spero valle.<\/p>\n<p>Como amante de la historia antigua, lo recomiendo encarecidamente.<\/p>\n<p>Casi al final del d\u00eda ser\u00e1 el fin de nuestros servicios.<\/p>\n<p>&nbsp;<\/p>\n<p><a href=\"https:\/\/nazcatrips.com\/wp-content\/uploads\/2022\/08\/2020-10-1361.jpg\"><img fetchpriority=\"high\" decoding=\"async\" class=\"alignnone wp-image-3498 size-full\" src=\"https:\/\/nazcatrips.com\/wp-content\/uploads\/2022\/08\/2020-10-1361.jpg\" alt=\"Cahuachi Tour\" width=\"239\" height=\"239\" srcset=\"https:\/\/nazcatrips.com\/wp-content\/uploads\/2022\/08\/2020-10-1361.jpg 239w, https:\/\/nazcatrips.com\/wp-content\/uploads\/2022\/08\/2020-10-1361-150x150.jpg 150w, https:\/\/nazcatrips.com\/wp-content\/uploads\/2022\/08\/2020-10-1361-12x12.jpg 12w, https:\/\/nazcatrips.com\/wp-content\/uploads\/2022\/08\/2020-10-1361-85x85.jpg 85w, https:\/\/nazcatrips.com\/wp-content\/uploads\/2022\/08\/2020-10-1361-100x100.jpg 100w\" sizes=\"(max-width: 239px) 100vw, 239px\" \/><\/a><a href=\"https:\/\/nazcatrips.com\/wp-content\/uploads\/2022\/08\/2020-10-1363.jpg\"><img decoding=\"async\" class=\"alignnone wp-image-3499 size-full\" src=\"https:\/\/nazcatrips.com\/wp-content\/uploads\/2022\/08\/2020-10-1363.jpg\" alt=\"l\u00edneas de Nazca \" width=\"239\" height=\"239\" srcset=\"https:\/\/nazcatrips.com\/wp-content\/uploads\/2022\/08\/2020-10-1363.jpg 239w, https:\/\/nazcatrips.com\/wp-content\/uploads\/2022\/08\/2020-10-1363-150x150.jpg 150w, https:\/\/nazcatrips.com\/wp-content\/uploads\/2022\/08\/2020-10-1363-12x12.jpg 12w, https:\/\/nazcatrips.com\/wp-content\/uploads\/2022\/08\/2020-10-1363-85x85.jpg 85w, https:\/\/nazcatrips.com\/wp-content\/uploads\/2022\/08\/2020-10-1363-100x100.jpg 100w\" sizes=\"(max-width: 239px) 100vw, 239px\" \/><\/a><a href=\"https:\/\/nazcatrips.com\/wp-content\/uploads\/2022\/08\/20181230_160404.jpg\"><img decoding=\"async\" class=\"alignnone wp-image-3500 size-full\" src=\"https:\/\/nazcatrips.com\/wp-content\/uploads\/2022\/08\/20181230_160404.jpg\" alt=\"viajes a nazca\" width=\"239\" height=\"239\" srcset=\"https:\/\/nazcatrips.com\/wp-content\/uploads\/2022\/08\/20181230_160404.jpg 239w, https:\/\/nazcatrips.com\/wp-content\/uploads\/2022\/08\/20181230_160404-150x150.jpg 150w, https:\/\/nazcatrips.com\/wp-content\/uploads\/2022\/08\/20181230_160404-12x12.jpg 12w, https:\/\/nazcatrips.com\/wp-content\/uploads\/2022\/08\/20181230_160404-85x85.jpg 85w, https:\/\/nazcatrips.com\/wp-content\/uploads\/2022\/08\/20181230_160404-100x100.jpg 100w\" sizes=\"(max-width: 239px) 100vw, 239px\" \/><\/a><a href=\"https:\/\/nazcatrips.com\/wp-content\/uploads\/2022\/08\/nazca-tours-Nazca-1-e1668978200678.jpg\"><img loading=\"lazy\" decoding=\"async\" class=\"alignnone wp-image-3504\" src=\"https:\/\/nazcatrips.com\/wp-content\/uploads\/2022\/08\/nazca-tours-Nazca-1-e1668978200678.jpg\" alt=\"\" width=\"382\" height=\"238\" srcset=\"https:\/\/nazcatrips.com\/wp-content\/uploads\/2022\/08\/nazca-tours-Nazca-1-e1668978200678.jpg 239w, https:\/\/nazcatrips.com\/wp-content\/uploads\/2022\/08\/nazca-tours-Nazca-1-e1668978200678-18x12.jpg 18w\" sizes=\"(max-width: 382px) 100vw, 382px\" \/><\/a><\/p>\n<h3>Incluye<\/h3>\n<p>1. Transporte de ida y vuelta desde su hotel en Nazca.<\/p>\n<p>2. Gu\u00eda biling\u00fce ( ingl\u00e9s\/ espa\u00f1ol )<\/p>\n<p>3. Entradas ( Deben ser pagadas por el cliente)<\/p>\n<h3>Exclusiones<\/h3>\n<p>- Comida y bebida.<\/p>\n<p>- 80 soles peruanos Tasa de aeropuerto<\/p>\n<p>- Entradas en los acueductos 10 soles peruanos<\/p>\n<p>- Entradas en el mirador de la torre met\u00e1lica nazca = 6 soles peruanos , palpa = 3 soles peruanos y museo Maria reiche = 5 soles peruanos<\/p>\n<h3>Salidas<\/h3>\n<p>- De:7:00 Hrs A 18:00 Hrs<\/p>\n<h3>Informaci\u00f3n adicional<\/h3>\n<p>Este tour debe ser reservado con al menos 01 semana de antelaci\u00f3n a la fecha del tour.<\/p>","protected":false},"excerpt":{"rendered":"<h3>Acerca de las l\u00edneas de Nazca<\/h3>\n<p>Las L\u00edneas de Nazca son un grupo de enormes geoglifos, que son patrones o motivos tallados en la tierra, que est\u00e1n situados en la llanura costera de Per\u00fa, a unos 400 kil\u00f3metros al sur de Lima. Las L\u00edneas de Nazca, de 2.000 a\u00f1os de antig\u00fcedad, que fueron dibujadas por la antigua civilizaci\u00f3n de Nazca en Sudam\u00e9rica y muestran una variedad de plantas, animales y formas, s\u00f3lo pueden apreciarse completamente desde el aire debido a su enorme escala.<\/p>","protected":false},"featured_media":964,"template":"","meta":{"_acf_changed":false},"product_brand":[],"product_cat":[39,29,23],"product_tag":[],"class_list":{"0":"post-963","1":"product","2":"type-product","3":"status-publish","4":"has-post-thumbnail","6":"product_cat-nazca-lines","7":"product_cat-flight","8":"product_cat-nazca-tour","9":"wt_location-nazca-tour","11":"first","12":"instock","13":"sold-individually","14":"shipping-taxable","15":"purchasable","16":"product-type-simple"},"acf":{"resumo_email":""},"_links":{"self":[{"href":"https:\/\/nazcatrips.com\/es\/wp-json\/wp\/v2\/product\/963","targetHints":{"allow":["GET"]}}],"collection":[{"href":"https:\/\/nazcatrips.com\/es\/wp-json\/wp\/v2\/product"}],"about":[{"href":"https:\/\/nazcatrips.com\/es\/wp-json\/wp\/v2\/types\/product"}],"wp:featuredmedia":[{"embeddable":true,"href":"https:\/\/nazcatrips.com\/es\/wp-json\/wp\/v2\/media\/964"}],"wp:attachment":[{"href":"https:\/\/nazcatrips.com\/es\/wp-json\/wp\/v2\/media?parent=963"}],"wp:term":[{"taxonomy":"product_brand","embeddable":true,"href":"https:\/\/nazcatrips.com\/es\/wp-json\/wp\/v2\/product_brand?post=963"},{"taxonomy":"product_cat","embeddable":true,"href":"https:\/\/nazcatrips.com\/es\/wp-json\/wp\/v2\/product_cat?post=963"},{"taxonomy":"product_tag","embeddable":true,"href":"https:\/\/nazcatrips.com\/es\/wp-json\/wp\/v2\/product_tag?post=963"}],"curies":[{"name":"wp","href":"https:\/\/api.w.org\/{rel}","templated":true}]}}