{"id":968,"date":"2022-07-25T21:58:08","date_gmt":"2022-07-25T21:58:08","guid":{"rendered":"https:\/\/nazcatrips.webja.pt\/?post_type=product&#038;p=968"},"modified":"2026-03-14T22:24:49","modified_gmt":"2026-03-14T22:24:49","slug":"nazca-lines-tour-one-day-tour-program-from-lima-tourist-bus","status":"publish","type":"product","link":"https:\/\/nazcatrips.com\/es\/shop\/nazca-lines\/tour-lineas-de-nazca-un-dia-tour-programa-desde-lima-bus-turistico\/","title":{"rendered":"Tour de 1 d\u00eda a las L\u00edneas de Nazca desde Lima (Bus Tur\u00edstico)"},"content":{"rendered":"<h3 style=\"padding-left: 40px\">Itinerario<\/h3>\n<p>\u00a1Nuestro tour a las l\u00edneas de Nazca desde Lima ser\u00e1 el mejor viaje de tu vida!<\/p>\n<p>21:15 hrs. Nuestros clientes ser\u00e1n recogidos en sus respectivos hoteles, luego seremos trasladados a la terminal de autobuses para un viaje de 7 horas. A trav\u00e9s de la mundialmente famosa carretera Panamericana.<\/p>\n<p>El recorrido ser\u00e1 de 420 kil\u00f3metros, llegando al pueblo de Nazca aproximadamente a las 5:30 am. Donde nuestros clientes ser\u00e1n asistidos por nuestro gu\u00eda oficial de turismo. Quien los trasladara al aeropuerto Maria Reiche.<\/p>\n<p>En el Aeropuerto reconfirmaremos los datos con el pasaporte y le brindaremos los mejores consejos para disfrutar de un gran sobrevuelo a las ancestrales L\u00edneas de Nazca, antes de ingresar a la Zona de salida, Nuestro Gu\u00eda le brindar\u00e1 una contextualizaci\u00f3n hist\u00f3rica de las fascinantes L\u00edneas de Nazca.<\/p>\n<p>La zona en la que se encuentran las l\u00edneas de Nazca tiene 500 km2, donde se pueden ver las siguientes figuras y l\u00edneas: La Ballena, El Trapecio, El Astronauta, El Mono, El Perro, El Colibr\u00ed, El C\u00f3ndor, La Ara\u00f1a, El P\u00e1jaro Fragata, El Loro, El \u00c1rbol y Las Manos (Tambi\u00e9n podr\u00e1s ver la figura restaurada del lagarto). Algunas de las figuras miden m\u00e1s de 300 metros y la mayor\u00eda s\u00f3lo se pueden apreciar desde el aire.<\/p>\n<p>\u00bfQui\u00e9n los hizo y por qu\u00e9 s\u00f3lo ellos pod\u00edan ser vistos desde el cielo?<\/p>\n<p>Este sobrevuelo promete llevarle a un viaje al pasado, acerc\u00e1ndole profundamente a una de las mayores maravillas de todo el planeta.<\/p>\n<p>Despu\u00e9s de haber disfrutado de una de las mejores experiencias de su vida. Nuestro gu\u00eda estar\u00e1 atento esperando el aterrizaje. Para luego conducirlo de regreso al pueblo de Nazca, para disfrutar de un sabroso men\u00fa tur\u00edstico en uno de los restaurantes m\u00e1s recomendados.<\/p>\n<p>Later, we will begin a short terrestrial tour to learn more about the intriguing Nazca civilization. The visit will be to one of the greatest expressions of hydraulic engineering, the famous Cantalloc aqueducts (this tour is not include and cost 50 dollar , include transportation and tour guide ).<\/p>\n<p>Al final de la excursi\u00f3n, volveremos a la ciudad y nos dirigiremos a la terminal de autobuses.<\/p>\n<p>A las 14:10 o 14:15 embarcaremos en el autob\u00fas para el Gran regreso a la ciudad de los reyes.<\/p>\n<p>A su llegada, nuestro conductor\/representante le estar\u00e1 esperando para trasladarle al hotel correspondiente.<\/p>\n<p>Agradecido por habernos elegido para su visita a las milenarias e impresionantes l\u00edneas de Nazca ser\u00e1 el fin de nuestros servicios.<\/p>\n<h3>Exclusiones<\/h3>\n<p>Gu\u00eda de habla inglesa en el camino.<\/p>\n<p>Airport tax 77 peruvian soles.<\/p>\n<p>Ticket entrance of cantalloc aqueducts<\/p>\n<h3>Salida diaria desde Lima<\/h3>\n<p>Recojo del hotel (Miraflores o San Isidro, zonas fuera de ese rango deber\u00e1n ser coordinadas antes de la reserva del tour) a las 21:15 hrs.<br \/>\nEl autob\u00fas sale de Lima a las 22:00 hrs.<\/p>\n<h3>Informaci\u00f3n adicional sobre esta excursi\u00f3n de d\u00eda completo<\/h3>\n<p>Esta excursi\u00f3n de un d\u00eda completo debe reservarse al menos con una semana de antelaci\u00f3n a la salida del viaje.<\/p>","protected":false},"excerpt":{"rendered":"<h3>Sobre Nazca<\/h3>\n<p>En la costa sur de Per\u00fa se encuentran una ciudad y una red de valles llamados Nazca. En la provincia de Nazca, tambi\u00e9n es el nombre de la mayor ciudad que a\u00fan existe. La civilizaci\u00f3n de Nazca, que floreci\u00f3 en la regi\u00f3n entre el 100 a.C. y el 800 d.C., es el origen del nombre.<br \/>\nLas L\u00edneas de Nazca y la ciudad ceremonial de Cahuachi son producto de esta cultura. Tambi\u00e9n construyeron otros acueductos subterr\u00e1neos, conocidos como puquios, como parte de un sistema regional que sigue en uso hoy en d\u00eda. Se cree que la anterior cultura Paracas construy\u00f3 los primeros puquios.<\/p>","protected":false},"featured_media":969,"template":"","meta":{"_acf_changed":false},"product_brand":[],"product_cat":[39,23],"product_tag":[],"class_list":{"0":"post-968","1":"product","2":"type-product","3":"status-publish","4":"has-post-thumbnail","6":"product_cat-nazca-lines","7":"product_cat-nazca-tour","8":"wt_location-lima","10":"first","11":"instock","12":"sold-individually","13":"shipping-taxable","14":"purchasable","15":"product-type-simple"},"acf":{"resumo_email":""},"_links":{"self":[{"href":"https:\/\/nazcatrips.com\/es\/wp-json\/wp\/v2\/product\/968","targetHints":{"allow":["GET"]}}],"collection":[{"href":"https:\/\/nazcatrips.com\/es\/wp-json\/wp\/v2\/product"}],"about":[{"href":"https:\/\/nazcatrips.com\/es\/wp-json\/wp\/v2\/types\/product"}],"wp:featuredmedia":[{"embeddable":true,"href":"https:\/\/nazcatrips.com\/es\/wp-json\/wp\/v2\/media\/969"}],"wp:attachment":[{"href":"https:\/\/nazcatrips.com\/es\/wp-json\/wp\/v2\/media?parent=968"}],"wp:term":[{"taxonomy":"product_brand","embeddable":true,"href":"https:\/\/nazcatrips.com\/es\/wp-json\/wp\/v2\/product_brand?post=968"},{"taxonomy":"product_cat","embeddable":true,"href":"https:\/\/nazcatrips.com\/es\/wp-json\/wp\/v2\/product_cat?post=968"},{"taxonomy":"product_tag","embeddable":true,"href":"https:\/\/nazcatrips.com\/es\/wp-json\/wp\/v2\/product_tag?post=968"}],"curies":[{"name":"wp","href":"https:\/\/api.w.org\/{rel}","templated":true}]}}