{"id":1934,"date":"2022-07-30T13:55:24","date_gmt":"2022-07-30T13:55:24","guid":{"rendered":"https:\/\/nazcatrips.com\/?page_id=1934"},"modified":"2023-05-21T12:18:45","modified_gmt":"2023-05-21T12:18:45","slug":"terms-and-conditions","status":"publish","type":"page","link":"https:\/\/nazcatrips.com\/fr\/termes-et-conditions\/","title":{"rendered":"Termes et conditions"},"content":{"rendered":"<div data-elementor-type=\"wp-page\" data-elementor-id=\"1934\" class=\"elementor elementor-1934\">\n\t\t\t\t\t\t<section class=\"elementor-section elementor-top-section elementor-element elementor-element-7415328 elementor-section-boxed elementor-section-height-default elementor-section-height-default\" data-id=\"7415328\" data-element_type=\"section\" data-e-type=\"section\">\n\t\t\t\t\t\t<div class=\"elementor-container elementor-column-gap-default\">\n\t\t\t\t\t<div class=\"elementor-column elementor-col-100 elementor-top-column elementor-element elementor-element-a42062d\" data-id=\"a42062d\" data-element_type=\"column\" data-e-type=\"column\">\n\t\t\t<div class=\"elementor-widget-wrap elementor-element-populated\">\n\t\t\t\t\t\t<div class=\"elementor-element elementor-element-f71559b elementor-widget elementor-widget-text-editor\" data-id=\"f71559b\" data-element_type=\"widget\" data-e-type=\"widget\" data-widget_type=\"text-editor.default\">\n\t\t\t\t<div class=\"elementor-widget-container\">\n\t\t\t\t\t\t\t\t\t<h1>TERMES ET CONDITIONS<\/h1><h2>GENERALITES<\/h2><p>Ce document a valeur de contrat. \/ le client qui ach\u00e8te les services accepte les termes et conditions pr\u00e9sents. \/ Aucun \u00e9tranger \u00e0 NAZCA TRIPS, n&#039;a la capacit\u00e9 de modifier, limiter ou prolonger la dur\u00e9e de ce contrat.<\/p><h2>D\u00c9CLARATION DE RESPONSABILIT\u00c9<\/h2><p>NAZCA TRIPS n&#039;assume la responsabilit\u00e9 que des faits effectu\u00e9s par notre personnel. \/ Nazca Trips n&#039;est pas responsable de toute action ou \u00e9v\u00e9nement impr\u00e9visible ou in\u00e9vitable. Nous ne sommes pas responsables des actes r\u00e9pr\u00e9hensibles caus\u00e9s par les clients ou des tiers. \/ Nazca Trips n&#039;est pas responsable des intemp\u00e9ries, des accidents, des dommages mat\u00e9riels, de la perte d&#039;effets personnels, des catastrophes naturelles, des co\u00fbts suppl\u00e9mentaires, des gr\u00e8ves, etc. Il est de la responsabilit\u00e9 de chaque client d&#039;avoir une assurance pour couvrir l&#039;un de ces \u00e9v\u00e9nements.<\/p><h2>ANNULATIONS ET CHANGEMENTS D&#039;AFFAIRES<\/h2><p>AGENCE DE VOYAGE ET TOUR OPERATEUR NAZCA TRIPS, se r\u00e9serve le droit d&#039;annuler tout voyage dans les cas suivants :<\/p><p>Si le client n'a pas pay\u00e9 100% du prix total du voyage 7 semaines ( 49 jours ) avant la date du voyage. L'agence peut apporter toute modification au service contractuel. \/ Nous ferons un effort raisonnable pour assurer la vente du voyage. Cependant, nous nous r\u00e9servons le droit de r\u00e9duire ou de modifier l'itin\u00e9raire ou de remplacer les activit\u00e9s, l'h\u00f4tel, les repas et le transport lorsque nous le jugeons n\u00e9cessaire. \/ Nous nous r\u00e9servons le droit d'annuler un voyage \u00e0 tout moment pour une raison qui, \u00e0 notre avis, pourrait compromettre la qualit\u00e9 du voyage ou la s\u00e9curit\u00e9 des passagers ou toute autre circonstance ind\u00e9pendante de notre volont\u00e9 (gr\u00e8ves, protestations, vols annul\u00e9s pour des raisons m\u00e9t\u00e9orologiques).<\/p><h2>MODIFICATION FAITE PAR LES CLIENTS<\/h2><p>Une fois la r\u00e9servation effectu\u00e9e et avoir pay\u00e9 en totalit\u00e9 ou en partie ; il n&#039;y a aucune possibilit\u00e9 d&#039;apporter des modifications, qu&#039;il s&#039;agisse d&#039;informations sur les passagers ou de changement de date de voyage. Ceci selon l&#039;arrangement du Minist\u00e8re de la Culture.<\/p><h2>ANNULATION FAITE PAR LES CLIENTS<\/h2><p>Les annulations ne sont pas possibles, la visite sera report\u00e9e sans d\u00e9lai. \/ Le client est responsable des co\u00fbts ou des d\u00e9penses encourus par le voyageur, sans que cela soit limitatif.  Nous recommandons la souscription d'une assurance voyage ind\u00e9pendante en cas d'urgence m\u00e9dicale ou autre, afin d'avoir le maximum de couverture, de satisfaction et de tranquillit\u00e9 possible.<\/p><h2>ANNULATIONS DES COMPAGNIES A\u00c9RIENNES<\/h2><p>Toutes les annulations de vols sont soumises aux conditions d&#039;annulation impos\u00e9es par les compagnies a\u00e9riennes. \/ Nous agissons en tant que votre agent et nous n&#039;avons aucune responsabilit\u00e9 pour l&#039;ex\u00e9cution des services des compagnies a\u00e9riennes, y compris les accidents, les d\u00e9c\u00e8s, les blessures, les dommages ou les retards de vol.<\/p><h2>DES PRIX<\/h2><p>Tous les paiements affich\u00e9s sur le site Web incluent les frais d&#039;exp\u00e9dition suppl\u00e9mentaires.<\/p><h2>ACCORD<\/h2><p>Ces Termes et Conditions constituent un accord entre toutes les parties concern\u00e9es.<\/p>\t\t\t\t\t\t\t\t<\/div>\n\t\t\t\t<\/div>\n\t\t\t\t\t<\/div>\n\t\t<\/div>\n\t\t\t\t\t<\/div>\n\t\t<\/section>\n\t\t\t\t<\/div>","protected":false},"excerpt":{"rendered":"<p>TERMS AND CONDITIONS GENERALITIES This document has the status of contract. \/ the customer who buys the services accepts the terms and conditions Present. \/ No stranger to NAZCA TRIPS , has the ability to alter , limit or extend the term of this contract. REALESE OF LIABILITY NAZCA TRIPS accepts responsibility only for facts [&hellip;]<\/p>\n","protected":false},"author":1,"featured_media":0,"parent":0,"menu_order":0,"comment_status":"closed","ping_status":"closed","template":"","meta":{"_acf_changed":false,"footnotes":""},"class_list":["post-1934","page","type-page","status-publish","hentry"],"acf":[],"_links":{"self":[{"href":"https:\/\/nazcatrips.com\/fr\/wp-json\/wp\/v2\/pages\/1934","targetHints":{"allow":["GET"]}}],"collection":[{"href":"https:\/\/nazcatrips.com\/fr\/wp-json\/wp\/v2\/pages"}],"about":[{"href":"https:\/\/nazcatrips.com\/fr\/wp-json\/wp\/v2\/types\/page"}],"author":[{"embeddable":true,"href":"https:\/\/nazcatrips.com\/fr\/wp-json\/wp\/v2\/users\/1"}],"replies":[{"embeddable":true,"href":"https:\/\/nazcatrips.com\/fr\/wp-json\/wp\/v2\/comments?post=1934"}],"version-history":[{"count":0,"href":"https:\/\/nazcatrips.com\/fr\/wp-json\/wp\/v2\/pages\/1934\/revisions"}],"wp:attachment":[{"href":"https:\/\/nazcatrips.com\/fr\/wp-json\/wp\/v2\/media?parent=1934"}],"curies":[{"name":"wp","href":"https:\/\/api.w.org\/{rel}","templated":true}]}}