{"id":1188,"date":"2022-07-26T14:15:57","date_gmt":"2022-07-26T14:15:57","guid":{"rendered":"https:\/\/nazcatrips.webja.pt\/?post_type=product&#038;p=1188"},"modified":"2026-04-03T16:14:41","modified_gmt":"2026-04-03T16:14:41","slug":"nazca-lines-islas-ballestas-and-huacachina-oasis-private-transport-from-lima","status":"publish","type":"product","link":"https:\/\/nazcatrips.com\/fr\/shop\/nazca-lines\/lignes-de-nazca-islas-ballestas-et-oasis-huacachina-transport-prive-depuis-lima\/","title":{"rendered":"Nazca Lines, Islas Ballestas et Huacachina Oasis (transport priv\u00e9 depuis Lima)"},"content":{"rendered":"<h3>Itin\u00e9raire<\/h3>\n<p><strong>Jour 01 - Lima \u00e0 Paracas, \u00eeles Ballestas, r\u00e9serve naturelle et oasis de Huacachina.<\/strong><\/p>\n<p>4:15 Hrs. Notre excursion vers les myst\u00e9rieuses lignes de Nazca commencera.<\/p>\n<p>Nos clients seront pris en charge \u00e0 leur h\u00f4tel respectif, ou \u00e0 l'a\u00e9roport de Lima, puis transf\u00e9r\u00e9s \u00e0 Paracas pour un voyage de 3 heures. Et 15 min. Par la c\u00e9l\u00e8bre autoroute panam\u00e9ricaine du Sud.<\/p>\n<p>\u00c0 l'arriv\u00e9e \u00e0 la ville de Paracas, vers 7 h 35. Vous serez assist\u00e9 par notre guide touristique officiel et transf\u00e9r\u00e9 au port de Paracas. Puis nous nous plongerons dans l'excursion en vote vers les d\u00e9j\u00e0 c\u00e9l\u00e8bres Galapagos du P\u00e9rou !<\/p>\n<p>08h00. D\u00e9but de la visite qui durera 2h00. Les \u00eeles Ballestas. Elles constituent la principale attraction faunique de Paracas. Vous y trouverez de nombreuses esp\u00e8ces exotiques d'oiseaux et de vie marine, certaines uniques au P\u00e9rou.<\/p>\n<p>Cette excursion de deux heures sur les \u00eeles les plus c\u00e9l\u00e8bres du P\u00e9rou permet d'admirer de magnifiques formations rocheuses sculpt\u00e9es par la nature et abrite les manchots de Humboldt, les otaries d'Am\u00e9rique du Sud et une multitude d'oiseaux de mer. En m\u00eame temps, nous pouvons voir le c\u00e9l\u00e8bre Geoglifo le Cand\u00e9labre. Ce qui nous fera admirer et respecter le grand h\u00e9ritage historique des hommes de l'ancien P\u00e9rou.<\/p>\n<p>10:00 Hrs. Temps libre Pour prendre un bon petit-d\u00e9jeuner et recharger vos batteries pour la prochaine excursion dans la r\u00e9serve naturelle de Paracas.<\/p>\n<p>11:00 hrs. Nous commencerons notre visite de la r\u00e9serve naturelle de Paracas. La r\u00e9serve nationale de Paracas poss\u00e8de l'une des plus grandes r\u00e9serves marines du P\u00e9rou, abritant plus de 200 types d'oiseaux et un grand nombre d'esp\u00e8ces marines.<\/p>\n<p>La visite de la r\u00e9serve nationale de Paracas nous permettra non seulement de profiter de fabuleux paysages maritimes et d\u00e9sertiques, mais aussi d'en apprendre davantage sur l'ancien homme de Paracas, qui \u00e9tait roux (au P\u00e9rou, nous n'avons pas de cheveux roux ....) et de s'\u00e9tonner de ses cr\u00e2nes allong\u00e9s (certains chercheurs pensent qu'il s'agissait de dieux).<\/p>\n<p>14:00 Hrs. Nous aurons une heure pour d\u00e9jeuner, puis nous irons directement \u00e0 l'oasis de Huacachina \u00e0 Ica ; ce trajet ne durera qu'une heure.<\/p>\n<p>16:00 Hrs. Arriv\u00e9e \u00e0 l'oasis de l'Am\u00e9rique - Huacachina. Plus tard, vous ferez un tour excitant en buggy (voitures de sable) ; en m\u00eame temps, vous traverserez les pentes des dunes et vous pourrez vous aventurer en bas de la dune sur des planches ou des skis. Ceci peut \u00eatre fait debout, \u00e0 plat ventre ou assis.<\/p>\n<p>Ce tour d'aventure dans les dunes de sable promet de vous remplir d'adr\u00e9naline et de faire acc\u00e9l\u00e9rer votre c\u0153ur jusqu'\u00e0 1000 x heures !<\/p>\n<p>\u00c0 la fin du circuit d'aventure, nous vous transf\u00e9rerons \u00e0 votre h\u00f4tel pour y passer la nuit.<\/p>\n<p><strong>Jour 02. Survol des lignes de Nazca, des aqueducs de Cantalloc et retour \u00e0 Lima.<\/strong><\/p>\n<p>07:00 Hrs Nous viendrons vous chercher \u00e0 votre h\u00f4tel et vous transf\u00e9rerons \u00e0 la ville de Nazca. Ce voyage durera 2 heures et 30 minutes.<\/p>\n<p>9:30 Hrs. \u00c0 votre arriv\u00e9e dans la ville des myst\u00e9rieuses lignes Nnazca, vous serez assist\u00e9 par notre guide touristique officiel \u00e0 l'a\u00e9rodrome Mar\u00eda Reiche.<\/p>\n<p>A l'a\u00e9rodrome nous reconfirmerons les donn\u00e9es avec le passeport et nous fournirons les meilleurs conseils pour profiter d'un grand survol des lignes ancestrales de Nazca. Avant d'entrer dans la zone de d\u00e9part, notre guide fournira une contextualisation historique des fascinantes lignes de Nazca.<\/p>\n<p>La zone o\u00f9 se trouvent les lignes nazca est de 500 km2, o\u00f9 vous verrez les figures et les lignes suivantes : La baleine, le trap\u00e8ze, l'astronaute, le singe, le chien, le colibri, le condor, l'araign\u00e9e, la fr\u00e9gate, le perroquet, l'arbre et les mains (vous verrez \u00e9galement la figure restaur\u00e9e du l\u00e9zard). Certaines de ces figures peuvent mesurer plus de 300 m\u00e8tres et la plupart d'entre elles ne peuvent \u00eatre appr\u00e9ci\u00e9es que depuis l'air. Qui les a faites et pour quoi faire, si seulement elles pouvaient \u00eatre vues du ciel ?<\/p>\n<p>Ce survol promet de vous emmener dans un voyage dans le pass\u00e9 et de vous rapprocher de l'une des plus grandes merveilles de la plan\u00e8te.<\/p>\n<p>Apr\u00e8s avoir v\u00e9cu l'une des meilleures exp\u00e9riences de votre vie, notre guide vous attendra \u00e0 l'atterrissage. Pour vous conduire ensuite vers le centre de la ville. Pour d\u00e9guster un savoureux menu touristique dans l'un des restaurants les plus recommand\u00e9s de la ville (ce d\u00e9jeuner n'est pas inclus).<\/p>\n<p>12:00 nous aurons termin\u00e9 notre programme et selon votre choix nous retournerons directement \u00e0 Lima en arrivant entre 5:00 et 6:00 ou en option nous pouvons plus tard faire un petit tour terrestre pour apprendre plus sur l'intrigante civilisation Nasca. La visite sera donn\u00e9e \u00e0 l'une des plus grandes expressions de l'ing\u00e9nierie hydraulique, les c\u00e9l\u00e8bres aqueducs de Cantalloc ou l'intriguant cimeti\u00e8re de Chauchilla. ( si vous avez pris ce tour optionnel ajouter 02 heures de plus au programme) ce tour optionnel co\u00fbte 30 usd par personne.<\/p>\n<p>\u00c0 la fin de l'excursion, nous ferons nos adieux \u00e0 la fascinante civilisation de Nazca et retournerons \u00e0 la ville des rois - Lima.<\/p>\n<p>Merci de nous avoir choisis pour votre visite des mill\u00e9naires et \u00e9tonnantes lignes nazca et de la culture Paracas. Ce sera la fin de nos services.<\/p>\n<h3>Exclusions dans le service<\/h3>\n<p>Guide touristique sur la route.<br \/>\nNuit \u00e0 Ica.<br \/>\nToutes sortes de repas.<\/p>\n<h3>Informations Compl\u00e9mentaires<\/h3>\n<p>Cette excursion doit \u00eatre r\u00e9serv\u00e9e au moins 01 jour avant la date du voyage en envoyant un courriel \u00e0 info@nazcatrips.com .<br \/>\nNous serons heureux de r\u00e9pondre \u00e0 toutes vos questions. Nous avons besoin d'un minimum de 2 clients pour organiser cette excursion.<\/p>","protected":false},"excerpt":{"rendered":"<h3>\u00c0 propos de Islas Ballestas<\/h3>\n<p>La petite ville de Paracas, \u00e0 260 kilom\u00e8tres au sud de Lima, est le point de d\u00e9part pour faire connaissance avec la plus grande zone environnementale du P\u00e9rou : la r\u00e9serve nationale de Paracas. Dans cette r\u00e9gion, une attraction incontournable est un groupe d'\u00eelots appel\u00e9s Islas Ballestas.<\/p>","protected":false},"featured_media":1189,"template":"","meta":{"_acf_changed":false},"product_brand":[],"product_cat":[39,23],"product_tag":[],"class_list":{"0":"post-1188","1":"product","2":"type-product","3":"status-publish","4":"has-post-thumbnail","6":"product_cat-nazca-lines","7":"product_cat-nazca-tour","8":"wt_location-lima","10":"first","11":"instock","12":"sold-individually","13":"shipping-taxable","14":"purchasable","15":"product-type-simple"},"acf":{"resumo_email":""},"_links":{"self":[{"href":"https:\/\/nazcatrips.com\/fr\/wp-json\/wp\/v2\/product\/1188","targetHints":{"allow":["GET"]}}],"collection":[{"href":"https:\/\/nazcatrips.com\/fr\/wp-json\/wp\/v2\/product"}],"about":[{"href":"https:\/\/nazcatrips.com\/fr\/wp-json\/wp\/v2\/types\/product"}],"wp:featuredmedia":[{"embeddable":true,"href":"https:\/\/nazcatrips.com\/fr\/wp-json\/wp\/v2\/media\/1189"}],"wp:attachment":[{"href":"https:\/\/nazcatrips.com\/fr\/wp-json\/wp\/v2\/media?parent=1188"}],"wp:term":[{"taxonomy":"product_brand","embeddable":true,"href":"https:\/\/nazcatrips.com\/fr\/wp-json\/wp\/v2\/product_brand?post=1188"},{"taxonomy":"product_cat","embeddable":true,"href":"https:\/\/nazcatrips.com\/fr\/wp-json\/wp\/v2\/product_cat?post=1188"},{"taxonomy":"product_tag","embeddable":true,"href":"https:\/\/nazcatrips.com\/fr\/wp-json\/wp\/v2\/product_tag?post=1188"}],"curies":[{"name":"wp","href":"https:\/\/api.w.org\/{rel}","templated":true}]}}