{"id":1190,"date":"2022-07-26T14:28:32","date_gmt":"2022-07-26T14:28:32","guid":{"rendered":"https:\/\/nazcatrips.webja.pt\/?post_type=product&#038;p=1190"},"modified":"2025-07-24T19:30:35","modified_gmt":"2025-07-24T19:30:35","slug":"nazca-lines-islas-ballestas-and-huacachina-oasis-tourist-bus-from-lima","status":"publish","type":"product","link":"https:\/\/nazcatrips.com\/fr\/shop\/nazca-lines\/nazca-lines-islas-ballestas-and-huacachina-oasis-bus-touristique-depuis-lima\/","title":{"rendered":"Nazca Lines, Islas Ballestas et Huacachina Oasis (bus touristique depuis Lima)"},"content":{"rendered":"<h3 style=\"padding-left: 40px\">Itin\u00e9raire<\/h3>\n<p><strong>Jour 01 - Lima \u00e0 Paracas, \u00eeles Ballestas, r\u00e9serve naturelle et oasis de Huacachina.<\/strong><\/p>\n<p>4:15 Hrs. Notre Tour vers les myst\u00e9rieuses lignes de Nazca va commencer.<\/p>\n<p>Nos clients seront pris en charge \u00e0 leur h\u00f4tel respectif, puis transf\u00e9r\u00e9s au terminal de bus pour un voyage de 3 heures. Et 15 min. Par la c\u00e9l\u00e8bre autoroute panam\u00e9ricaine du Sud.<\/p>\n<p>Arriv\u00e9e \u00e0 la ville de Paracas \u00e0 environ 7h15. Vous serez assist\u00e9 par notre guide touristique officiel et transf\u00e9r\u00e9 au port de Paracas. Puis nous nous plongerons dans l'excursion en vote vers les d\u00e9j\u00e0 c\u00e9l\u00e8bres Galapagos du P\u00e9rou !<\/p>\n<p>08h00. D\u00e9but de la visite qui durera 2h00. Les \u00eeles Ballestas. Elles constituent la principale attraction faunique de Paracas. Vous y trouverez de nombreuses esp\u00e8ces exotiques d'oiseaux et de vie marine, certaines uniques au P\u00e9rou.<\/p>\n<p>Cette excursion de deux heures sur les \u00eeles les plus c\u00e9l\u00e8bres du P\u00e9rou permet d'admirer de magnifiques formations rocheuses sculpt\u00e9es par la nature et abrite les manchots de Humboldt, les otaries d'Am\u00e9rique du Sud et une multitude d'oiseaux de mer. En m\u00eame temps, nous pouvons voir le c\u00e9l\u00e8bre Geoglifo le Cand\u00e9labre. Ce qui nous fera admirer et respecter le grand h\u00e9ritage historique des hommes de l'ancien P\u00e9rou.<\/p>\n<p>10:00 Hrs. Temps libre Pour prendre un bon petit-d\u00e9jeuner et recharger vos batteries pour la prochaine excursion dans la r\u00e9serve naturelle de Paracas.<\/p>\n<p>11:00 hrs. Nous commencerons notre visite de la r\u00e9serve naturelle de Paracas. La r\u00e9serve nationale de Paracas poss\u00e8de l'une des plus grandes r\u00e9serves marines du P\u00e9rou, abritant plus de 200 types d'oiseaux et un grand nombre d'esp\u00e8ces marines.<\/p>\n<p>La visite de la r\u00e9serve nationale de Paracas nous permettra non seulement de profiter de fabuleux paysages maritimes et d\u00e9sertiques, mais aussi d'en apprendre davantage sur l'ancien homme de Paracas, qui avait les cheveux roux (au P\u00e9rou, nous n'avons pas de cheveux roux.... ) et de s'\u00e9merveiller devant les cr\u00e2nes allong\u00e9s (certains chercheurs pensent qu'il s'agissait de dieux).<\/p>\n<p>14:00 Hrs. Nous aurons une heure pour d\u00e9jeuner, puis ils seront transf\u00e9r\u00e9s au terminal de bus o\u00f9 ils embarqueront pour la ville d'Ica.<\/p>\n<p>4:45 PM A l'arriv\u00e9e dans la ville d'Ica, vous serez assist\u00e9 par notre guide officiel et transf\u00e9r\u00e9 \u00e0 l'oasis de l'Am\u00e9rique - Huacachina. Plus tard, vous ferez un tour excitant en buggy (voitures de sable) ; en m\u00eame temps, vous traverserez les pentes des dunes et vous pourrez vous aventurer en bas de la dune sur des planches ou des skis. Cela peut se faire debout, \u00e0 plat ventre ou assis.<\/p>\n<p>Ce tour d'aventure dans les dunes de sable promet de vous remplir d'adr\u00e9naline et de faire acc\u00e9l\u00e9rer votre c\u0153ur jusqu'\u00e0 1000 x heures !<\/p>\n<p>\u00c0 la fin du circuit d'aventure, nous vous transf\u00e9rerons \u00e0 votre h\u00f4tel pour y passer la nuit.<\/p>\n<p><strong>Jour 02. Survol des lignes de Nazca, des aqueducs de Cantalloc et retour \u00e0 Lima.<\/strong><\/p>\n<p>08:45 Hrs Nous viendrons vous chercher \u00e0 votre h\u00f4tel et vous transf\u00e9rerons au terminal de bus pour votre embarquement et votre voyage ult\u00e9rieur vers la ville de Nazca. Le voyage durera 2 heures et 30 minutes.<\/p>\n<p>11:30 AM A votre arriv\u00e9e dans la ville des myst\u00e9rieuses lignes de Nnazca, vous serez assist\u00e9 par notre guide touristique officiel et transf\u00e9r\u00e9 \u00e0 l'a\u00e9rodrome de Mar\u00eda Reiche.<\/p>\n<p>A l'a\u00e9rodrome nous reconfirmerons les donn\u00e9es avec le passeport et nous fournirons les meilleurs conseils pour profiter d'un grand survol des lignes ancestrales de Nazca. Avant d'entrer dans la zone de d\u00e9part, notre guide fournira une contextualisation historique des fascinantes lignes de Nazca.<\/p>\n<p>La zone o\u00f9 se trouvent les lignes nazca est de 500 km2, o\u00f9 vous verrez les figures et les lignes suivantes : La baleine, le trap\u00e8ze, l'astronaute, le singe, le chien, le colibri, le condor, l'araign\u00e9e, la fr\u00e9gate, le perroquet, l'arbre et les mains (vous verrez \u00e9galement la figure restaur\u00e9e du l\u00e9zard). Certaines de ces figures peuvent mesurer plus de 300 m\u00e8tres et la plupart d'entre elles ne peuvent \u00eatre appr\u00e9ci\u00e9es que depuis l'air. Qui les a faites et pour quoi faire, si seulement elles pouvaient \u00eatre vues du ciel ?<\/p>\n<p>Ce survol promet de vous emmener dans un voyage dans le pass\u00e9 et de vous rapprocher de l'une des plus grandes merveilles de la plan\u00e8te.<\/p>\n<p>Apr\u00e8s avoir v\u00e9cu l'une des meilleures exp\u00e9riences de votre vie, notre guide vous attendra \u00e0 l'atterrissage. Pour vous conduire ensuite vers le centre de la ville. Pour d\u00e9guster un savoureux menu touristique dans l'un des restaurants les plus recommand\u00e9s de la ville.<\/p>\n<p>Plus tard, nous entamerons une courte visite terrestre pour en apprendre davantage sur l'intrigante civilisation Nasca. Nous visiterons l'une des plus grandes expressions du g\u00e9nie hydraulique, les c\u00e9l\u00e8bres aqueducs de Cantalloc ou l'intriguant cimeti\u00e8re de Chauchilla.<\/p>\n<p>\u00c0 la fin de l'excursion, nous retournerons en ville et nous nous rendrons au terminal de bus.<\/p>\n<p>\u00c0 4h10 ou 4h15, vous monterez dans un bus pour votre grand retour dans la cit\u00e9 des rois.<\/p>\n<p>\u00c0 votre arriv\u00e9e, notre chauffeur \/ repr\u00e9sentant vous attendra pour vous transf\u00e9rer \u00e0 votre h\u00f4tel respectif.<\/p>\n<p>Merci de nous avoir choisis pour votre visite des lignes mill\u00e9naires et \u00e9tonnantes de la Nazca ; ce sera la fin de nos services.<\/p>\n<h3>Exclusions dans le service<\/h3>\n<p>Guide touristique dans le bus..<\/p>\n<h3>Disponibilit\u00e9<\/h3>\n<p>du quotidien<\/p>\n<h3>D\u00e9parts quotidiens de Lima<\/h3>\n<p>Ramassage dans le hall de l'h\u00f4tel : 04h15<br \/>\nLe bus commence son voyage \u00e0 05h00 du matin.<\/p>\n<h3>Informations Compl\u00e9mentaires<\/h3>\n<p>Cette excursion doit \u00eatre r\u00e9serv\u00e9e au moins 01 jour avant la date du voyage en envoyant un courriel \u00e0 info@nazcatrips.com.<\/p>","protected":false},"excerpt":{"rendered":"<h3>\u00c0 propos de l'oasis de Huacachina<\/h3>\n<p>Huacachina, dans le sud-ouest du P\u00e9rou, est une ville entour\u00e9e de dunes de sable et d\u00e9velopp\u00e9e autour d'une minuscule oasis. Elle est situ\u00e9e dans le district d'Ica de la province d'Ica, \u00e0 cinq kilom\u00e8tres de la ville d'Ica. En 1991, l'oasis a \u00e9t\u00e9 ajout\u00e9e comme caract\u00e9ristique sur le revers du billet de 50 nuevo sol.<\/p>","protected":false},"featured_media":1191,"template":"","meta":{"_acf_changed":false},"product_brand":[],"product_cat":[39,23],"product_tag":[],"class_list":{"0":"post-1190","1":"product","2":"type-product","3":"status-publish","4":"has-post-thumbnail","6":"product_cat-nazca-lines","7":"product_cat-nazca-tour","8":"wt_location-lima","10":"first","11":"instock","12":"sold-individually","13":"shipping-taxable","14":"purchasable","15":"product-type-simple"},"acf":{"resumo_email":""},"_links":{"self":[{"href":"https:\/\/nazcatrips.com\/fr\/wp-json\/wp\/v2\/product\/1190","targetHints":{"allow":["GET"]}}],"collection":[{"href":"https:\/\/nazcatrips.com\/fr\/wp-json\/wp\/v2\/product"}],"about":[{"href":"https:\/\/nazcatrips.com\/fr\/wp-json\/wp\/v2\/types\/product"}],"wp:featuredmedia":[{"embeddable":true,"href":"https:\/\/nazcatrips.com\/fr\/wp-json\/wp\/v2\/media\/1191"}],"wp:attachment":[{"href":"https:\/\/nazcatrips.com\/fr\/wp-json\/wp\/v2\/media?parent=1190"}],"wp:term":[{"taxonomy":"product_brand","embeddable":true,"href":"https:\/\/nazcatrips.com\/fr\/wp-json\/wp\/v2\/product_brand?post=1190"},{"taxonomy":"product_cat","embeddable":true,"href":"https:\/\/nazcatrips.com\/fr\/wp-json\/wp\/v2\/product_cat?post=1190"},{"taxonomy":"product_tag","embeddable":true,"href":"https:\/\/nazcatrips.com\/fr\/wp-json\/wp\/v2\/product_tag?post=1190"}],"curies":[{"name":"wp","href":"https:\/\/api.w.org\/{rel}","templated":true}]}}