{"id":1192,"date":"2022-07-26T14:42:03","date_gmt":"2022-07-26T14:42:03","guid":{"rendered":"https:\/\/nazcatrips.webja.pt\/?post_type=product&#038;p=1192"},"modified":"2026-03-20T20:35:21","modified_gmt":"2026-03-20T20:35:21","slug":"1-day-tour-program-by-private-transport-nazca-lines-tour-from-lima","status":"publish","type":"product","link":"https:\/\/nazcatrips.com\/fr\/shop\/nazca-lines\/programme-de-visite-d-une-journee-en-transport-prive-lignes-de-nazca-tour-de-lima\/","title":{"rendered":"Programme d&#039;excursion d&#039;une journ\u00e9e en transport priv\u00e9 (excursion des lignes de Nazca au d\u00e9part de Lima)"},"content":{"rendered":"<h3>Itin\u00e9raire<\/h3>\n<p>Cette visite des myst\u00e9rieuses lignes de Nazca est le moyen le plus rapide et le plus facile de voir les lignes de Nazca, qui font partie du patrimoine mondial. Avec ce tour, vous \u00e9conomiserez un temps pr\u00e9cieux de 6 heures de voyage si vous ne pouvez pas visiter la merveilleuse ville de Nazca.<\/p>\n<p>6h30 du matin, notre aventure commencera par le ramassage de nos chers passagers \u00e0 leur h\u00f4tel d\u00e9sign\u00e9, puis leur transfert vers la ville de la civilisation Paracas. Le trajet durera 3 heures et 40 minutes. Par la c\u00e9l\u00e8bre autoroute panam\u00e9ricaine du sud. A votre arriv\u00e9e dans la ville de Paracas, vous serez assist\u00e9 par notre guide officiel. Vous serez ensuite transf\u00e9r\u00e9 \u00e0 l'a\u00e9roport de Pisco, situ\u00e9 \u00e0 proximit\u00e9. L\u00e0, notre guide vous assistera dans les proc\u00e9dures pr\u00e9alables au vol, telles que le paiement de votre taxe d'a\u00e9roport, la pes\u00e9e et l'enregistrement du vol. Notre guide vous fournira \u00e9galement une contextualisation historique des admirables lignes de Nazca. Lorsque votre heure de vol arrivera, vous monterez \u00e0 bord d'un Cessna Grand Caravan moderne, un avion qui peut accueillir confortablement jusqu'\u00e0 12 passagers. Le pilote et le copilote monteront \u00e0 bord. L'avion effectuera des virages \u00e0 gauche et \u00e0 droite en passant par chaque figure une fois de chaque c\u00f4t\u00e9. De cette fa\u00e7on, vous pouvez visualiser clairement toutes les figures.<\/p>\n<p>Une fois que nous aurons re\u00e7u l'autorisation de la tour de contr\u00f4le, nous d\u00e9collerons en direction du d\u00e9sert de Nazca, en montant \u00e0 une altitude de 7500 pieds, o\u00f9 nous pourrons observer le magnifique paysage de la baie de Paracas et de l'oc\u00e9an, puis observer le d\u00e9sert d'Ica. Les dunes de sable, en arrivant au circuit des lignes de Nazca, la tour de contr\u00f4le autorisera l'avion \u00e0 descendre \u00e0 2500 pieds ou 3000 pieds (altitude d'entr\u00e9e des lignes de Nazca) o\u00f9 vous verrez 12 figures.<\/p>\n<p>La zone o\u00f9 se trouvent les lignes de Nazca est de 500 km2, o\u00f9 vous verrez les figures et les lignes suivantes\u00a0: la baleine, le trap\u00e8ze, l&#039;astronaute, le singe, le chien, le colibri, le condor, l&#039;araign\u00e9e, la fr\u00e9gate, le Perroquet, l&#039;arbre et les mains (vous verrez \u00e9galement la figure restaur\u00e9e du l\u00e9zard). Certaines figures peuvent mesurer plus de 300 m\u00e8tres et la plupart d&#039;entre elles ne peuvent \u00eatre appr\u00e9ci\u00e9es que depuis les airs. Qui les a faites et pourquoi, si seulement elles pouvaient \u00eatre vues du ciel ?<\/p>\n<p>Ce survol promet de vous emmener dans un voyage dans le pass\u00e9 et de vous rapprocher de l'une des plus grandes merveilles de la plan\u00e8te.<\/p>\n<p>\u00c0 la fin de la visite, nous ferons nos adieux \u00e0 la fascinante civilisation Nasca et \u00e0 ses lignes pour retourner ensuite \u00e0 la ville des Rois - Lima.<\/p>\n<h3>Exclusions dans le service<\/h3>\n<p>Guide touristique sur l'itin\u00e9raire.<\/p>\n<h3>Disponibilit\u00e9<\/h3>\n<p>du quotidien<\/p>\n<h3>D\u00e9parts quotidiens de Lima<\/h3>\n<p>Prise en charge dans le hall de l'h\u00f4tel : 6 h 30.<\/p>\n<h3>Informations Compl\u00e9mentaires<\/h3>\n<p>Ce circuit doit \u00eatre r\u00e9serv\u00e9 au moins une semaine avant la date du voyage en envoyant un e-mail \u00e0 info@nazcatrips.com. S'il vous pla\u00eet, contactez-nous sur notre num\u00e9ro whatsapp si vous avez des questions ou des pr\u00e9occupations sur le programme, nous sommes heureux d'\u00eatre en mesure de mieux expliquer le programme par t\u00e9l\u00e9phone.<\/p>","protected":false},"excerpt":{"rendered":"<h3>Vol des lignes de Nazca<\/h3>\n<p>Faites l'exp\u00e9rience des meilleurs survols des lignes de Nazca t\u00f4t le matin dans un avion s\u00e9curis\u00e9 avec des pilotes experts. Chacun de nos vols vers les lignes de Nazca respecte strictement les directives \u00e9tablies par la DGA. Survols des lignes de Nazca avec de v\u00e9ritables ambassadeurs p\u00e9ruviens.<\/p>","protected":false},"featured_media":1193,"template":"","meta":{"_acf_changed":false},"product_brand":[],"product_cat":[39,23],"product_tag":[],"class_list":{"0":"post-1192","1":"product","2":"type-product","3":"status-publish","4":"has-post-thumbnail","6":"product_cat-nazca-lines","7":"product_cat-nazca-tour","8":"wt_location-pisco","10":"first","11":"instock","12":"sold-individually","13":"shipping-taxable","14":"purchasable","15":"product-type-simple"},"acf":{"resumo_email":""},"_links":{"self":[{"href":"https:\/\/nazcatrips.com\/fr\/wp-json\/wp\/v2\/product\/1192","targetHints":{"allow":["GET"]}}],"collection":[{"href":"https:\/\/nazcatrips.com\/fr\/wp-json\/wp\/v2\/product"}],"about":[{"href":"https:\/\/nazcatrips.com\/fr\/wp-json\/wp\/v2\/types\/product"}],"wp:featuredmedia":[{"embeddable":true,"href":"https:\/\/nazcatrips.com\/fr\/wp-json\/wp\/v2\/media\/1193"}],"wp:attachment":[{"href":"https:\/\/nazcatrips.com\/fr\/wp-json\/wp\/v2\/media?parent=1192"}],"wp:term":[{"taxonomy":"product_brand","embeddable":true,"href":"https:\/\/nazcatrips.com\/fr\/wp-json\/wp\/v2\/product_brand?post=1192"},{"taxonomy":"product_cat","embeddable":true,"href":"https:\/\/nazcatrips.com\/fr\/wp-json\/wp\/v2\/product_cat?post=1192"},{"taxonomy":"product_tag","embeddable":true,"href":"https:\/\/nazcatrips.com\/fr\/wp-json\/wp\/v2\/product_tag?post=1192"}],"curies":[{"name":"wp","href":"https:\/\/api.w.org\/{rel}","templated":true}]}}