{"id":1194,"date":"2022-07-26T14:52:20","date_gmt":"2022-07-26T14:52:20","guid":{"rendered":"https:\/\/nazcatrips.webja.pt\/?post_type=product&#038;p=1194"},"modified":"2025-01-07T22:43:24","modified_gmt":"2025-01-07T22:43:24","slug":"nazca-lines-flight-from-pisco","status":"publish","type":"product","link":"https:\/\/nazcatrips.com\/fr\/shop\/nazca-lines\/vols-nazca-depuis-pisco\/","title":{"rendered":"Vol des lignes de Nazca au d\u00e9part de Pisco"},"content":{"rendered":"<h3>\u00c0 propos de la visite<\/h3>\n<p>Profitez de la plus grande exp\u00e9rience de votre vie, survolez les \u00e9nigmatiques lignes de Nazca depuis Pisco.<\/p>\n<p><strong>Pourquoi r\u00e9server cette exp\u00e9rience ?<\/strong><\/p>\n<p>\u2022 Vous survolerez l&#039;une des formes et lignes les plus myst\u00e9rieuses de la plan\u00e8te\u00a0: les lignes de Nazca<br \/>\n\u2022 Les lignes de Nazca ont \u00e9t\u00e9 d\u00e9sign\u00e9es par l&#039;UNESCO Patrimoine Culturel de l&#039;Humanit\u00e9.<br \/>\n\u2022 Nous sommes une \u00e9quipe professionnelle de .ass avec 10 ans d&#039;exp\u00e9rience.<br \/>\n\u2022 Efficacit\u00e9 dans chaque service fourni.<\/p>\n<h3>Itin\u00e9raire<\/h3>\n<p>La journ\u00e9e d&#039;activit\u00e9 (survol des lignes de Nazca depuis Pisco) Vous serez pris en charge \u00e0 votre h\u00f4tel \u00e0 Pisco, \u00e0 Paracas ou \u00e0 la gare routi\u00e8re. Plus tard, vous serez conduit dans un v\u00e9hicule priv\u00e9 \u00e0 l&#039;a\u00e9roport de Pisco o\u00f9 vous monterez \u00e0 bord d&#039;un avion Cessna Grand Caravan, un avion pouvant accueillir confortablement jusqu&#039;\u00e0 12 passagers. O\u00f9 le pilote et le copilote monteront \u00e0 bord. L&#039;avion effectuera des virages \u00e0 gauche et \u00e0 droite en passant par chaque figure 1 fois de chaque c\u00f4t\u00e9. De cette fa\u00e7on, vous pouvez visualiser clairement tous les chiffres.<\/p>\n<p>Une fois que nous aurons re\u00e7u l&#039;autorisation de la tour de contr\u00f4le, nous d\u00e9collerons en direction du d\u00e9sert de Nazca, en montant \u00e0 une altitude de 7500 pieds, o\u00f9 nous pourrons observer le magnifique paysage de la baie de Paracas et de l&#039;oc\u00e9an, puis observer le d\u00e9sert d&#039;Ica. les dunes de sable, en arrivant au circuit des lignes de Nazca, la tour de contr\u00f4le autorisera l&#039;avion \u00e0 descendre \u00e0 2500 pieds ou 3000 pieds (altitude d&#039;entr\u00e9e des lignes de Nazca) o\u00f9 vous verrez 12 personnages.<\/p>\n<p>La zone o\u00f9 se trouvent les lignes de Nazca est de 500 km2, o\u00f9 vous verrez les figures et les lignes suivantes\u00a0: la baleine, le trap\u00e8ze, l&#039;astronaute, le singe, le chien, le colibri, le condor, l&#039;araign\u00e9e, la fr\u00e9gate, le Perroquet, l&#039;arbre et les mains (vous verrez \u00e9galement la figure restaur\u00e9e du l\u00e9zard). Certaines figures peuvent mesurer plus de 300 m\u00e8tres et la plupart d&#039;entre elles ne peuvent \u00eatre appr\u00e9ci\u00e9es que depuis les airs. Qui les a faites et pourquoi, si seulement elles pouvaient \u00eatre vues du ciel ?<\/p>\n<p>Ce survol promet de vous emmener dans un voyage dans le pass\u00e9, vous rapprochant de profiter profond\u00e9ment de l&#039;une des plus grandes merveilles de la plan\u00e8te enti\u00e8re.<\/p>\n<p>\u00c0 la fin de la visite, nous ferons nos adieux \u00e0 la fascinante civilisation Nasca et \u00e0 ses lignes pour retourner ensuite \u00e0 la ville des Rois - Lima.<\/p>\n<p>Reconnaissants de nous avoir choisis pour leur visite de la ligne mill\u00e9naire et surprenante de Nazca sera la fin de nos services.<\/p>\n<p>Retour de l&#039;a\u00e9roport de Pisco.<\/p>\n<p>\u00c0 la fin du survol des lignes de Nazca, vous serez d\u00e9pos\u00e9s \u00e0 votre h\u00f4tel respectif \u00e0 Pisco, Paracas ou \u00e0 la gare routi\u00e8re.<\/p>\n<h3>Exclusions<\/h3>\n<p>Taxe d'a\u00e9roport ($ 4,86 par personne) plus ( billet touristique 47 soles p\u00e9ruviens par personne). Cette taxe doit \u00eatre pay\u00e9e personnellement quelques minutes avant l'embarquement.<\/p>\n<h3>Disponibilit\u00e9<\/h3>\n<p>du quotidien<\/p>\n<h3>Heure du premier d\u00e9part et dernier vol<\/h3>\n<p>De 8h00 \u00e0 15h00<\/p>\n<h3>Heure de retour<\/h3>\n<p>Basse saison : Cela peut prendre 02h00 (parfois il y a de courts retards), en attendant nous pouvons voir une vid\u00e9o sur les lignes de Nazca pour obtenir plus d&#039;informations (parfois non disponibles) notre guide vous accompagne et vous assistera pendant tout le processus de survol . Vous pouvez donc lui poser toutes les questions souhait\u00e9es.<\/p>\n<p>Haute saison : Le d\u00e9part exact d\u00e9pendra des conditions m\u00e9t\u00e9orologiques et du trafic a\u00e9rien, n&#039;oubliez pas que nous sommes en hiver \u00e0 cette p\u00e9riode.<\/p>\n<h3>Informations Compl\u00e9mentaires<\/h3>\n<p>C'est n\u00e9cessaire<\/p>\n<p>Cette visite doit \u00eatre r\u00e9serv\u00e9e au moins 01 jour avant la date du voyage en envoyant un e-mail \u00e0 info@nazcatrips.com.<br \/>\nNous serons heureux de r\u00e9pondre \u00e0 toutes vos questions.<\/p>","protected":false},"excerpt":{"rendered":"<h3>Pourquoi r\u00e9server cette exp\u00e9rience ?<\/h3>\n<p>Vous survolerez l'une des formes et lignes les plus myst\u00e9rieuses de la plan\u00e8te : Les lignes de Nazca. Les lignes de Nazca ont \u00e9t\u00e9 d\u00e9sign\u00e9es par l'UNESCO comme patrimoine culturel de l'humanit\u00e9. Nous sommes une \u00e9quipe professionnelle de .ass avec 15 ans d'exp\u00e9rience. Responsabilit\u00e9 et s\u00e9curit\u00e9 dans chaque service fourni.<\/p>","protected":false},"featured_media":1195,"template":"","meta":{"_acf_changed":false},"product_brand":[],"product_cat":[39,29],"product_tag":[],"class_list":{"0":"post-1194","1":"product","2":"type-product","3":"status-publish","4":"has-post-thumbnail","6":"product_cat-nazca-lines","7":"product_cat-flight","8":"wt_location-pisco","10":"first","11":"instock","12":"sold-individually","13":"shipping-taxable","14":"purchasable","15":"product-type-simple"},"acf":{"resumo_email":""},"_links":{"self":[{"href":"https:\/\/nazcatrips.com\/fr\/wp-json\/wp\/v2\/product\/1194","targetHints":{"allow":["GET"]}}],"collection":[{"href":"https:\/\/nazcatrips.com\/fr\/wp-json\/wp\/v2\/product"}],"about":[{"href":"https:\/\/nazcatrips.com\/fr\/wp-json\/wp\/v2\/types\/product"}],"wp:featuredmedia":[{"embeddable":true,"href":"https:\/\/nazcatrips.com\/fr\/wp-json\/wp\/v2\/media\/1195"}],"wp:attachment":[{"href":"https:\/\/nazcatrips.com\/fr\/wp-json\/wp\/v2\/media?parent=1194"}],"wp:term":[{"taxonomy":"product_brand","embeddable":true,"href":"https:\/\/nazcatrips.com\/fr\/wp-json\/wp\/v2\/product_brand?post=1194"},{"taxonomy":"product_cat","embeddable":true,"href":"https:\/\/nazcatrips.com\/fr\/wp-json\/wp\/v2\/product_cat?post=1194"},{"taxonomy":"product_tag","embeddable":true,"href":"https:\/\/nazcatrips.com\/fr\/wp-json\/wp\/v2\/product_tag?post=1194"}],"curies":[{"name":"wp","href":"https:\/\/api.w.org\/{rel}","templated":true}]}}