{"id":1198,"date":"2022-07-26T15:05:41","date_gmt":"2022-07-26T15:05:41","guid":{"rendered":"https:\/\/nazcatrips.webja.pt\/?post_type=product&#038;p=1198"},"modified":"2024-10-04T12:01:50","modified_gmt":"2024-10-04T12:01:50","slug":"nazca-lines-tour-from-arequipa-3-days","status":"publish","type":"product","link":"https:\/\/nazcatrips.com\/fr\/shop\/nazca-lines\/tour-des-lignes-de-nazca-depuis-arequipa-3-jours\/","title":{"rendered":"Visite des lignes de Nazca au d\u00e9part d&#039;Arequipa (3 jours)"},"content":{"rendered":"<h3>JOUR 1 : Voyage en bus touristique d&#039;Arequipa \u00e0 Nazca.<\/h3>\n<p>08:20 pm D\u00e9but de notre excursion vers les myst\u00e9rieuses lignes de Nazca. Nos clients seront pris en charge \u00e0 leur h\u00f4tel \u00e0 Cusco et ensuite transf\u00e9r\u00e9s \u00e0 la gare routi\u00e8re pour prendre un voyage d'environ 9.00 Hrs. 30 Min. Par l'autoroute panam\u00e9ricaine sud.<\/p>\n<p>Inclusions ce jour<\/p>\n<p>Accueil \u00e0 votre h\u00f4tel \u00e0 Arequipa et transfert \u00e0 la gare routi\u00e8re.<br \/>\nBillets de bus touristique pour Nazca avec le service de croisi\u00e8re Cruz del Sur.<\/p>\n<h3>JOUR 2 : Survol des lignes de Nazca et de l&#039;oasis de Huacachina<\/h3>\n<p>07:00 Hrs. A votre arriv\u00e9e dans la ville de Nazca, vous serez accueilli par notre guide touristique officiel qui vous assistera et vous transf\u00e9rera \u00e0 l'a\u00e9rodrome Maria Reiche. Une fois les donn\u00e9es reconfirm\u00e9es avec le passeport, nous vous fournirons les meilleurs conseils pour profiter d'un grand survol des ancestrales Lignes de Nazca. Avant d'entrer dans la zone de d\u00e9part, notre guide vous fournira une contextualisation historique des fascinantes Lignes de Nazca.<\/p>\n<p>La zone o\u00f9 se trouvent les lignes de Nazca est de 500 km2, o\u00f9 vous verrez les figures et lignes suivantes : La baleine, le trap\u00e8ze, l'astronaute, le singe, le chien, le colibri, le condor, l'araign\u00e9e, l'oiseau-frigate, le perroquet, l'arbre et les mains (vous verrez \u00e9galement la figure restaur\u00e9e du l\u00e9zard). Certaines de ces figures peuvent mesurer plus de 300 m\u00e8tres et la plupart d'entre elles ne peuvent \u00eatre appr\u00e9ci\u00e9es que depuis les airs. Pour qui ont-ils fait cela, si seulement on pouvait les voir du ciel ?<\/p>\n<p>Ce survol promet de vous emmener dans un voyage dans le pass\u00e9, vous rapprochant de profiter et d&#039;admirer profond\u00e9ment l&#039;une des plus grandes merveilles de la plan\u00e8te enti\u00e8re.<\/p>\n<p>Apr\u00e8s avoir v\u00e9cu l'une des meilleures exp\u00e9riences de votre vie. Notre guide sera attentif en attendant l'atterrissage. Pour ensuite se rendre \u00e0 la ville de Nazca pour prendre un petit d\u00e9jeuner appropri\u00e9 et ensuite monter dans un bus pour aller \u00e0 la ville d'Ica. Le voyage durera 2 heures et 30 minutes.<\/p>\n<p>15:20 Hrs. \u00c0 votre arriv\u00e9e dans la ville d'Ica, vous serez assist\u00e9 par notre guide officiel et transf\u00e9r\u00e9 \u00e0 l'oasis de l'Am\u00e9rique - Huacachina. Plus tard, ils feront un tour excitant en buggy (charrette de sable) ; en m\u00eame temps, ils traverseront les pentes des dunes et ils pourront s'aventurer en bas de la dune sur des planches ou des skis. Cela peut se faire debout, \u00e0 plat ventre et assis.<\/p>\n<p>Ce tour d'aventure dans les dunes de sable promet de vous remplir d'adr\u00e9naline et de faire acc\u00e9l\u00e9rer votre c\u0153ur jusqu'\u00e0 1000 x heures !<\/p>\n<p>\u00c0 la fin de la visite de l&#039;oasis de Huacachina, nous embarquerons dans un bus pour nous rendre \u00e0 la ville de Paracas o\u00f9 nous passerons la nuit.<\/p>\n<h3>Inclusions ce jour<\/h3>\n<p>Accueil et assistance \u00e0 l&#039;arriv\u00e9e dans la ville de Nazca par notre guide touristique officiel.<br \/>\nTransfert \u00e0 l&#039;a\u00e9rodrome Maria Reiche.<br \/>\nAssistance et contextualisation historique des lignes de Nazca.<br \/>\n35 minutes de survol des lignes de Nazca.<br \/>\nTaxe d'a\u00e9roport.<br \/>\nTransfert au terminal de Cruz del Sur.<br \/>\nBillet de bus touristique de Nazca \u00e0 Ica.<br \/>\nAccueil et assistance \u00e0 l&#039;arriv\u00e9e dans la ville d&#039;Ica.<br \/>\nTransfert \u00e0 l&#039;oasis de Huacachina.<br \/>\nTour en Buggies (charrettes de sable) et Sandboarding (sport \u00e0 bord) dans les dunes de Huacachina.<br \/>\nAccueil \u00e0 la fin du Buggie Tour et transfert \u00e0 la gare routi\u00e8re.<br \/>\nBillet de bus touristique d&#039;Ica \u00e0 Paracas.<br \/>\nAccueil et Assistance par notre guide touristique officiel \u00e0 votre arriv\u00e9e dans la ville de Paracas.<br \/>\nTransfert \u00e0 votre h\u00f4tel s\u00e9lectionn\u00e9.<\/p>\n<h3>JOUR 3 : \u00eeles Ballestas, r\u00e9serve nationale de Paracas et retour \u00e0 Lima<\/h3>\n<p>7h15. Nos clients seront assist\u00e9s et transf\u00e9r\u00e9s au port de Paracas. Ensuite, nous plongerons dans l&#039;excursion en vote aux d\u00e9j\u00e0 c\u00e9l\u00e8bres Galapagos du P\u00e9rou!<\/p>\n<p>08h00. Commencez la visite qui durera 2h00. Les \u00eeles Ballestas sont la principale attraction faunique de Paracas. Vous trouverez de nombreuses esp\u00e8ces exotiques d&#039;oiseaux et de vie marine, certaines uniques au P\u00e9rou.<\/p>\n<p>Cette excursion de deux heures sur les \u00eeles les plus c\u00e9l\u00e8bres du P\u00e9rou permet d'admirer de magnifiques formations rocheuses sculpt\u00e9es par la nature et abrite les manchots de Humboldt, les otaries d'Am\u00e9rique du Sud et une multitude d'oiseaux de mer. En m\u00eame temps, nous pouvons voir le c\u00e9l\u00e8bre Geoglifo le Cand\u00e9labre. Ce qui nous fera admirer et respecter le grand h\u00e9ritage historique des hommes de l'ancien P\u00e9rou.<\/p>\n<p>11:00 hrs. Nous commencerons notre visite de la r\u00e9serve naturelle de Paracas. La r\u00e9serve nationale de Paracas poss\u00e8de l'une des plus grandes r\u00e9serves marines du P\u00e9rou, abritant plus de 200 types d'oiseaux et un grand nombre d'esp\u00e8ces marines.<\/p>\n<p>La visite de la r\u00e9serve nationale de Paracas nous fera profiter non seulement de fabuleux paysages maritimes et d\u00e9sertiques, mais nous pourrons \u00e9galement en apprendre davantage sur l&#039;ancien homme de Paracas, qui a habit\u00e9 ces r\u00e9gions il y a plus de 2000 ans, laissant comme preuve dans sa n\u00e9cropole une grande diversit\u00e9. de beaux tissus, qui \u00e9merveillent le monde.<\/p>\n<p>\u00c0 la fin de l'excursion, nous vous accompagnerons \u00e0 la gare routi\u00e8re pour v\u00e9rifier vos bagages et prendre notre bus en direction de Lima.<\/p>\n<p>14 h 05 : d\u00e9part de Paracas pour Lima.<\/p>\n<p>\u00c0 votre arriv\u00e9e, vers 18h00, nous vous attendrons au terminal de bus Javier Pravo et vous transporterons \u00e0 votre h\u00f4tel ou \u00e0 l'a\u00e9roport international Jorge Chavez.<\/p>\n<p>Reconnaissants de nous avoir choisis et heureux d'avoir pu vous aider \u00e0 emporter les meilleurs souvenirs de ce petit coin de notre P\u00e9rou, ce sera la fin de nos services.<\/p>\n<h3>Inclusions ce jour<\/h3>\n<p>\u2022 Prise en charge \u00e0 votre h\u00f4tel \u00e0 Paracas et transfert au quai de Paracas.<br \/>\n\u2022 Tour En vote \u00e0 Isla Ballestas.<br \/>\n\u2022 Accueil \u00e0 la fin de votre Tour et transfert pour le d\u00e9part du National Reserve Tour.<br \/>\n\u2022 Visite priv\u00e9e de la r\u00e9serve nationale de Paracas.<br \/>\n\u2022 Toutes les taxes et tickets touristiques.<br \/>\n\u2022 Accueil et transfert \u00e0 la gare routi\u00e8re.<br \/>\n\u2022 Billet de bus touristique pour la ville de Lima.<\/p>\n<p>- Accueil \u00e0 Lima et transfert \u00e0 l'h\u00f4tel ou \u00e0 l'a\u00e9roport international Jorge Chavez.<\/p>\n<h3>Exclusions<\/h3>\n<p>Guide touristique sur la route Paracas \u2013 Lima.<br \/>\nD\u00e9jeuner, petit-d\u00e9jeuner et d\u00eener.<\/p>\n<h3>Dur\u00e9e<\/h3>\n<p>2 jours &amp; 1 nuit.<\/p>\n<h3>D\u00e9parts quotidiens de Lima<\/h3>\n<p>De (1) 06h30 \u00e0 (2) 12h30.<\/p>\n<p>Important : un minimum de 2 participants est requis pour cette excursion. Cette visite vous offre un plus grand confort et une plus grande flexibilit\u00e9 de temps.<\/p>\n<h3>Informations Compl\u00e9mentaires<\/h3>\n<p>Il y a 12 si\u00e8ges VIP dans les bus ; pour pouvoir les avoir il faut les r\u00e9server \u00e0 l&#039;avance.<br \/>\nCette visite doit \u00eatre r\u00e9serv\u00e9e au moins une semaine avant la date de la visite.<\/p>","protected":false},"excerpt":{"rendered":"<h3>Pourquoi r\u00e9server cette exp\u00e9rience ?<\/h3>\n<p>Vous survolerez l'une des formes et lignes les plus myst\u00e9rieuses de la plan\u00e8te : Les lignes de Nazca. Les lignes de Nazca ont \u00e9t\u00e9 d\u00e9sign\u00e9es par l'UNESCO comme patrimoine culturel de l'humanit\u00e9. Nous sommes une \u00e9quipe professionnelle avec 15 ans d'exp\u00e9rience. Efficacit\u00e9 dans chaque service fourni.<\/p>","protected":false},"featured_media":966,"template":"","meta":{"_acf_changed":false},"product_brand":[],"product_cat":[39,23],"product_tag":[],"class_list":{"0":"post-1198","1":"product","2":"type-product","3":"status-publish","4":"has-post-thumbnail","6":"product_cat-nazca-lines","7":"product_cat-nazca-tour","8":"wt_location-arequipa","10":"first","11":"instock","12":"sold-individually","13":"shipping-taxable","14":"purchasable","15":"product-type-simple"},"acf":{"resumo_email":""},"_links":{"self":[{"href":"https:\/\/nazcatrips.com\/fr\/wp-json\/wp\/v2\/product\/1198","targetHints":{"allow":["GET"]}}],"collection":[{"href":"https:\/\/nazcatrips.com\/fr\/wp-json\/wp\/v2\/product"}],"about":[{"href":"https:\/\/nazcatrips.com\/fr\/wp-json\/wp\/v2\/types\/product"}],"wp:featuredmedia":[{"embeddable":true,"href":"https:\/\/nazcatrips.com\/fr\/wp-json\/wp\/v2\/media\/966"}],"wp:attachment":[{"href":"https:\/\/nazcatrips.com\/fr\/wp-json\/wp\/v2\/media?parent=1198"}],"wp:term":[{"taxonomy":"product_brand","embeddable":true,"href":"https:\/\/nazcatrips.com\/fr\/wp-json\/wp\/v2\/product_brand?post=1198"},{"taxonomy":"product_cat","embeddable":true,"href":"https:\/\/nazcatrips.com\/fr\/wp-json\/wp\/v2\/product_cat?post=1198"},{"taxonomy":"product_tag","embeddable":true,"href":"https:\/\/nazcatrips.com\/fr\/wp-json\/wp\/v2\/product_tag?post=1198"}],"curies":[{"name":"wp","href":"https:\/\/api.w.org\/{rel}","templated":true}]}}