{"id":1205,"date":"2022-07-26T15:16:38","date_gmt":"2022-07-26T15:16:38","guid":{"rendered":"https:\/\/nazcatrips.webja.pt\/?post_type=product&#038;p=1205"},"modified":"2024-03-01T16:11:08","modified_gmt":"2024-03-01T16:11:08","slug":"nazca-lines-tour-from-cusco","status":"publish","type":"product","link":"https:\/\/nazcatrips.com\/fr\/shop\/nazca-lines\/tour-des-lignes-de-nazca-depuis-cusco-3-jours\/","title":{"rendered":"Lignes de Nazca Tour depuis Cusco (2 jours)"},"content":{"rendered":"<h3>Nuit 1 : Voyage en bus Tourist de Cusco \u00e0 Nazca<\/h3>\n<p>16:20 Hrs. D\u00e9but de notre excursion vers les myst\u00e9rieuses lignes de Nazca. Nos clients seront ramass\u00e9s \u00e0 leurs h\u00f4tels \u00e0 Cusco et transf\u00e9r\u00e9s \u00e0 la station de bus pour un voyage d'environ 14.00 Hrs. 30 Min. Par l'autoroute panam\u00e9ricaine sud.<\/p>\n<h4>Inclusions ce jour<\/h4>\n<p>Prise en charge \u00e0 votre h\u00f4tel \u00e0 Cusco et transfert \u00e0 la gare routi\u00e8re.<br \/>\nBillets de bus Tourist pour Nazca avec le Cruz del Sur Suite Service (Bus sit 160\u00ba).<\/p>\n<p>Notre bus partira \u00e0 17:00 Hrs.<\/p>\n<h3>JOUR 1 : Survol des lignes de Nazca et de l'oasis de Huacachina<\/h3>\n<p>08:30 Hrs. A votre arriv\u00e9e dans la ville de Nazca, vous serez accueillis par notre guide touristique officiel qui vous assistera et vous transf\u00e9rera \u00e0 l'a\u00e9rodrome Maria Reiche. Une fois les donn\u00e9es du passeport reconfirm\u00e9es, nous vous donnerons les meilleurs conseils pour profiter d'un excellent survol des lignes ancestrales de Nazca. Avant d'entrer dans la salle d'embarquement, notre guide vous fournira une contextualisation historique des fascinantes lignes de Nazca.<\/p>\n<p>La zone o\u00f9 se trouvent les lignes de Nazca est de 500 km2, o\u00f9 vous verrez les figures et les lignes suivantes\u00a0: la baleine, le trap\u00e8ze, l&#039;astronaute, le singe, le chien, le colibri, le condor, l&#039;araign\u00e9e, la fr\u00e9gate, le Perroquet, l&#039;arbre et les mains (vous verrez \u00e9galement la figure restaur\u00e9e du l\u00e9zard). Certaines figures peuvent mesurer plus de 300 m\u00e8tres et la plupart d&#039;entre elles ne peuvent \u00eatre appr\u00e9ci\u00e9es que depuis les airs. Pour qui l&#039;ont-ils fait, si seulement ils pouvaient \u00eatre vus du ciel ? .<\/p>\n<p>Ce survol promet de vous emmener dans un voyage dans le pass\u00e9, vous rapprochant de profiter et d&#039;admirer profond\u00e9ment l&#039;une des plus grandes merveilles de la plan\u00e8te enti\u00e8re.<\/p>\n<p>Apr\u00e8s avoir v\u00e9cu l'une des plus belles exp\u00e9riences de votre vie. Notre guide sera attentif et attendra l'atterrissage. Nous nous rendrons ensuite \u00e0 la ville de Nazca pour prendre un petit-d\u00e9jeuner appropri\u00e9, puis nous vous conduirons par transport priv\u00e9 jusqu'\u00e0 la ville d'Ica. Le trajet durera 2 heures et 30 minutes.<\/p>\n<p>14:00 Hrs. A l'arriv\u00e9e dans la ville d'Ica, vous serez assist\u00e9 par notre guide officiel et transf\u00e9r\u00e9 \u00e0 votre h\u00f4tel \u00e0 Ica - Huacachina. De 14:00 Hrs. \u00e0 16:00 Hrs. vous ferez une pause \u00e0 votre h\u00f4tel.<\/p>\n<p>A 16h00, nous viendrons vous chercher pour aller \u00e0 l'oasis et faire une balade passionnante en buggy (charrette de sable). En m\u00eame temps, ils traverseront les pentes des dunes et pourront s'aventurer en bas de la dune sur des planches ou des skis. Cette activit\u00e9 peut se faire debout, \u00e0 plat ventre ou assis. (Nous faisons ce tour \u00e0 cette heure pour profiter du plus beau coucher de soleil pendant que nous faisons du buggye et du sanboarding).<\/p>\n<p>Ce tour d'aventure dans les dunes de sable promet de vous remplir d'adr\u00e9naline et de faire acc\u00e9l\u00e9rer votre c\u0153ur jusqu'\u00e0 1000 x heures !<\/p>\n<p>A la fin de l'excursion dans l'oasis de Huacachina, nous vous ram\u00e8nerons \u00e0 votre h\u00f4tel o\u00f9 nous passerons la nuit.<\/p>\n<h4>Inclusions ce jour<\/h4>\n<p>Accueil et assistance \u00e0 l&#039;arriv\u00e9e dans la ville de Nazca par notre guide touristique officiel.<br \/>\nTransfert \u00e0 l&#039;a\u00e9rodrome Maria Reiche.<br \/>\nAssistance et contextualisation historique des lignes de Nazca.<br \/>\n35 minutes de survol des lignes de Nazca.<br \/>\nTaxe d&#039;aeroport.<br \/>\nTransport priv\u00e9 \u00e0 Ica - Huacachina<br \/>\nAccueil et assistance \u00e0 l&#039;arriv\u00e9e dans la ville d&#039;Ica.<br \/>\nTransfert \u00e0 l&#039;oasis de Huacachina.<br \/>\nTour en Buggies (charrettes de sable) et Sandboarding (sport \u00e0 bord) dans les dunes de Huacachina.<br \/>\nAccueil \u00e0 la fin du Buggie Tour et transfert \u00e0 votre h\u00f4tel.<\/p>\n<h3>JOUR 2 : \u00celes Ballestas, r\u00e9serve nationale de Paracas et retour \u00e0 Lima<\/h3>\n<p>6:30 hrs. Nous viendrons vous chercher et vous transf\u00e9rerons au quai de Paracas. Ensuite, nous nous immergerons dans l'excursion en vote vers les d\u00e9j\u00e0 c\u00e9l\u00e8bres Galapagos du P\u00e9rou !<\/p>\n<p>08h00. Commencez la visite qui durera 2h00. Les \u00eeles Ballestas sont la principale attraction faunique de Paracas. Vous trouverez de nombreuses esp\u00e8ces exotiques d&#039;oiseaux et de vie marine, certaines uniques au P\u00e9rou.<\/p>\n<p>Cette excursion de deux heures sur les \u00eeles les plus c\u00e9l\u00e8bres du P\u00e9rou permet d'admirer de magnifiques formations rocheuses sculpt\u00e9es par la nature et abrite les manchots de Humboldt, les otaries d'Am\u00e9rique du Sud et une multitude d'oiseaux de mer. En m\u00eame temps, nous pouvons voir le c\u00e9l\u00e8bre Geoglifo le Cand\u00e9labre. Ce qui nous fera admirer et respecter le grand h\u00e9ritage historique des hommes de l'ancien P\u00e9rou.<\/p>\n<p>11:00 hrs. Nous commencerons notre visite de la r\u00e9serve naturelle de Paracas. La r\u00e9serve nationale de Paracas poss\u00e8de l'une des plus grandes r\u00e9serves marines du P\u00e9rou, abritant plus de 200 types d'oiseaux et un grand nombre d'esp\u00e8ces marines.<\/p>\n<p>La visite de la r\u00e9serve nationale de Paracas nous permettra non seulement d'appr\u00e9cier de fabuleux paysages maritimes et d\u00e9sertiques, mais aussi d'en apprendre davantage sur l'ancien homme de Paracas, qui a habit\u00e9 ces r\u00e9gions il y a plus de 2000 ans, laissant comme preuve dans sa n\u00e9cropole une grande diversit\u00e9 de beaux tissus, qui \u00e9merveillent le monde entier. Ensuite, nous prendrons un d\u00e9jeuner et nous vous transf\u00e9rerons \u00e0 la gare routi\u00e8re pour retourner \u00e0 la ville des rois (Lima).<\/p>\n<p>14:10 Hrs. Nous prendrons notre bus pour retourner \u00e0 Lima.<\/p>\n<p>17:55 Hrs. nous vous attendrons pour vous transf\u00e9rer \u00e0 votre h\u00f4tel ou \u00e0 l'a\u00e9roport Jorge Chavez. ( C'est \u00e0 ce moment que nos services prendront fin :))<\/p>\n<h4>Inclusions ce jour<\/h4>\n<p>Accueil \u00e0 l'h\u00f4tel \u00e0 Ica et transfert priv\u00e9 au quai de Paracas.<br \/>\nTour En vote \u00e0 Isla Ballestas.<br \/>\nAccueil \u00e0 la fin de votre Tour et transfert pour le d\u00e9part du National Reserve Tour.<br \/>\nVisite priv\u00e9e de la r\u00e9serve nationale de Paracas.<br \/>\nToutes les taxes et tickets touristiques.<br \/>\nAccueil et transfert \u00e0 la gare routi\u00e8re.<br \/>\nBillet de bus touristique pour la ville de Lima.<\/p>\n<p>Accueil \u00e0 l'arriv\u00e9e et transfert \u00e0 l'h\u00f4tel ou \u00e0 l'a\u00e9roport Jorge Chavez.<\/p>\n<h4>Exclusions<\/h4>\n<p>\u2022 Guide touristique sur la route Paracas \u2013 Lima.<br \/>\n\u2022 D\u00e9jeuner, petit-d\u00e9jeuner et d\u00eener.<\/p>\n<p>- Nuit \u00e0 Ica.<\/p>\n<h3>Dur\u00e9e<\/h3>\n<p>2 jours et 2 nuits.<\/p>\n<h3>D\u00e9parts quotidiens de Lima<\/h3>\n<p>\u00c0 partir de (1) 17h00<\/p>\n<p>Important : un minimum de 2 participants est requis pour cette excursion. Cette excursion vous offre plus de confort et de flexibilit\u00e9 dans le temps. (toutefois, nous pouvons organiser l'excursion pour les voyageurs SOLO avec des contacts pr\u00e9alables).<\/p>\n<h3>Informations Compl\u00e9mentaires<\/h3>\n<p>Il y a 12 si\u00e8ges VIP dans les bus ; pour pouvoir les avoir il faut les r\u00e9server \u00e0 l&#039;avance.<br \/>\nCette visite doit \u00eatre r\u00e9serv\u00e9e au moins une semaine avant la date de la visite.<\/p>\n<p>Merci de nous avoir choisis pour leur visite de la ligne mill\u00e9naire et surprenante de Nazca, la grande oasis de Huacachina, les surprenantes \u00eeles Ballestas et la r\u00e9serve nationale de Paracas. Ce sera la fin de nos services.<\/p>","protected":false},"excerpt":{"rendered":"<h3>Pourquoi r\u00e9server cette exp\u00e9rience ?<\/h3>\n<p>Vous survolerez l'une des formes et des lignes les plus myst\u00e9rieuses de la plan\u00e8te : Les lignes de Nazca. Les lignes de Nazca ont \u00e9t\u00e9 class\u00e9es au patrimoine culturel de l'humanit\u00e9 par l'UNESCO. Nous sommes une \u00e9quipe de professionnels avec 15 ans d'exp\u00e9rience. RESPONSABILITE ET SECUTITE dans chaque service fourni. (NAZCA TRIPS PRO-TEAM)<\/p>","protected":false},"featured_media":1206,"template":"","meta":{"_acf_changed":false},"product_brand":[],"product_cat":[39,23],"product_tag":[],"class_list":{"0":"post-1205","1":"product","2":"type-product","3":"status-publish","4":"has-post-thumbnail","6":"product_cat-nazca-lines","7":"product_cat-nazca-tour","8":"wt_location-cusco","10":"first","11":"instock","12":"sold-individually","13":"shipping-taxable","14":"purchasable","15":"product-type-simple"},"acf":{"resumo_email":""},"_links":{"self":[{"href":"https:\/\/nazcatrips.com\/fr\/wp-json\/wp\/v2\/product\/1205","targetHints":{"allow":["GET"]}}],"collection":[{"href":"https:\/\/nazcatrips.com\/fr\/wp-json\/wp\/v2\/product"}],"about":[{"href":"https:\/\/nazcatrips.com\/fr\/wp-json\/wp\/v2\/types\/product"}],"wp:featuredmedia":[{"embeddable":true,"href":"https:\/\/nazcatrips.com\/fr\/wp-json\/wp\/v2\/media\/1206"}],"wp:attachment":[{"href":"https:\/\/nazcatrips.com\/fr\/wp-json\/wp\/v2\/media?parent=1205"}],"wp:term":[{"taxonomy":"product_brand","embeddable":true,"href":"https:\/\/nazcatrips.com\/fr\/wp-json\/wp\/v2\/product_brand?post=1205"},{"taxonomy":"product_cat","embeddable":true,"href":"https:\/\/nazcatrips.com\/fr\/wp-json\/wp\/v2\/product_cat?post=1205"},{"taxonomy":"product_tag","embeddable":true,"href":"https:\/\/nazcatrips.com\/fr\/wp-json\/wp\/v2\/product_tag?post=1205"}],"curies":[{"name":"wp","href":"https:\/\/api.w.org\/{rel}","templated":true}]}}