{"id":1282,"date":"2022-08-01T13:00:18","date_gmt":"2022-08-01T13:00:18","guid":{"rendered":"https:\/\/nazcatrips.webja.pt\/?post_type=product&#038;p=1282"},"modified":"2025-09-29T18:48:08","modified_gmt":"2025-09-29T18:48:08","slug":"nazca-lines-and-palpa-lines-flight","status":"publish","type":"product","link":"https:\/\/nazcatrips.com\/fr\/shop\/nazca-lines\/vol-des-lignes-de-nazca-et-des-lignes-de-palpa\/","title":{"rendered":"Vol des lignes de Nazca et des lignes de Palpa"},"content":{"rendered":"<ul>\n<li>IItinerary<\/li>\n<\/ul>\n<p>Activit\u00e9 du jour Vous serez pris en charge \u00e0 votre h\u00f4tel \u00e0 Nazca et emmen\u00e9 dans un v\u00e9hicule climatis\u00e9 jusqu'\u00e0 l'a\u00e9rodrome o\u00f9 vous monterez \u00e0 bord d'un avion l\u00e9ger pour un vol m\u00e9morable au-dessus des lignes de Nazca et de Palpa. Un guide bilingue (anglais\/espagnol) vous accompagnera lors de cette excursion.<\/p>\n<p>Ce vol au-dessus des lignes de Nazca et de Palpa couvrira l'\u00e9tendue du d\u00e9sert pierreux de Nazca et de Palpa, dont la surface est marqu\u00e9e par de gigantesques dessins et formes g\u00e9om\u00e9triques. Le vol dure exactement 60 minutes et est la meilleure fa\u00e7on de voir ces lignes et figures fascinantes.<\/p>\n<p>C'est l'un des h\u00e9ritages les plus incroyables qu'une culture ait laiss\u00e9 derri\u00e8re elle et il ne peut \u00eatre appr\u00e9ci\u00e9 que depuis le ciel \u00e0 une altitude de 1500 pieds.<\/p>\n<h3>Inclusions<\/h3>\n<p>Prise en charge et retour \u00e0 l'h\u00f4tel Transport aller-retour depuis l'h\u00f4tel s\u00e9lectionn\u00e9 \u00e0 Nazca.<\/p>\n<p>Si vous arrivez d'Arequipa ou de Cusco, il suffit de nous indiquer le nom de la compagnie de bus et l'heure approximative de votre arriv\u00e9e pour que nous venions vous chercher.<\/p>\n<p>Guide bilingue (anglais \/ espagnol).<\/p>\n<p>Projection d'une vid\u00e9o sur les lignes de Nazca \u00e0 l'a\u00e9roport.<\/p>\n<p>Vol touristique de 60 minutes au-dessus des lignes de Nazca<\/p>\n<h3>Exclusions<\/h3>\n<p>Taxe d'a\u00e9roport (S\/. 77.00 par personne)<\/p>\n<h3>Disponible sur<\/h3>\n<p>Vols quotidiens de Nazca Lines depuis l'a\u00e9roport de Nasca \/ Route Panam\u00e9ricaine Km.450<\/p>\n<h3>Premi\u00e8re heure de d\u00e9part et dernier vol<\/h3>\n<p>Le vol est disponible de 7h00 \u00e0 14h30.<\/p>\n<p>Mais il est de loin pr\u00e9f\u00e9rable de voler le matin plut\u00f4t que l'apr\u00e8s-midi.<\/p>\n<h3>Heure de retour de votre vol<\/h3>\n<p>1. Basse saison : l'op\u00e9ration totale pour les vols peut prendre 2 heures (il y a parfois de courts retards avant le vol, entre-temps nous pourrons regarder un film vid\u00e9o pour obtenir plus d'informations sur Nazca Lines).<\/p>\n<p>2. Haute saison : Le d\u00e9part exact du vol d\u00e9pend des conditions m\u00e9t\u00e9orologiques et du trafic a\u00e9rien. N'oubliez pas que nous sommes en hiver.<\/p>\n<p>Informations suppl\u00e9mentaires sur votre vol Nasca :<\/p>\n<p>1. Ce vol doit \u00eatre r\u00e9serv\u00e9 au moins 1 jour avant la date de votre voyage si vous le faites via notre site web.<\/p>\n<p>2. Nous aurons besoin de certaines informations de votre part afin de r\u00e9server votre vol classique sur les lignes nazca telles que :<\/p>\n<p>Noms complets des participants :<br \/>\nNationalit\u00e9s :<br \/>\nNum\u00e9ros de passeport :<br \/>\nL'\u00e2ge :<br \/>\nPoids exact :<br \/>\nAdresse de l'h\u00f4tel \u00e0 Nasca :<br \/>\nDate du vol de Nasca et de Palpa :<\/p>\n<p>Restrictions pour les participants :<\/p>\n<p>Les participants pesant plus de 90 kg (198 livres) doivent r\u00e9server un si\u00e8ge suppl\u00e9mentaire pour tenir compte des restrictions de poids.<\/p>\n<p>Important note: the time flight viewing will be 45 minutes. take note as well is weather influence this flight experience.<\/p>","protected":false},"excerpt":{"rendered":"<h3>1 heure d'aventure en vol<\/h3>\n<p>Les Lignes de Palpa sont des figures qui repr\u00e9sentent la civilisation Paracas qui date de 700 A.C. \u00e0 200 D.C. Cette civilisation a d\u00e9velopp\u00e9 les plus grands \u00e9chantillons d'art textile polychrome. Elle a \u00e9galement \u00e9t\u00e9 l'une des premi\u00e8res communaut\u00e9s humaines \u00e0 pratiquer des tr\u00e9panations cr\u00e2niennes. Ils ont d\u00e9lib\u00e9r\u00e9ment modifi\u00e9 la forme du cr\u00e2ne pour le rendre plus long, ce qui reste un myst\u00e8re jusqu'\u00e0 aujourd'hui. Dans ce vol de 1 heure vous visualiserez les 12 figures des lignes de Nazca + 10 figures appartenant \u00e0 la civilisation Paracas comme : la famille Paracas, l'horloge solaire, l'\u00e9toile, le voyageur entre autres.<\/p>","protected":false},"featured_media":966,"template":"","meta":{"_acf_changed":false},"product_brand":[],"product_cat":[39,29],"product_tag":[],"class_list":{"0":"post-1282","1":"product","2":"type-product","3":"status-publish","4":"has-post-thumbnail","6":"product_cat-nazca-lines","7":"product_cat-flight","8":"wt_location-nazca-tour","10":"first","11":"instock","12":"sold-individually","13":"shipping-taxable","14":"purchasable","15":"product-type-simple"},"acf":{"resumo_email":"<h3>Itinerary<\/h3>\r\nDay Activity You will be picked up from your hotel in Nazca and taken in an air-conditioned vehicle to the aerodrome where you will board a light aircraft for a memorable Flight over Nazca and Palpa Lines. A bilingual guide (English\/ Spanish) will accompany you on this tour.\r\n\r\nThis flight over the Nazca Lines and Palpa will cover the expanse of stony Nazca and Palpa desert,the surface of wich is scarred by gigantic drawings and geometrical shapes. The flight last exactly 60 minutes and is the best way to see these fascinating lines and figures.\r\n\r\nIt is one of the most incredible legacies that a culture has left behind and can be appreciated only from the sky to an altitude of 1500 feet."},"_links":{"self":[{"href":"https:\/\/nazcatrips.com\/fr\/wp-json\/wp\/v2\/product\/1282","targetHints":{"allow":["GET"]}}],"collection":[{"href":"https:\/\/nazcatrips.com\/fr\/wp-json\/wp\/v2\/product"}],"about":[{"href":"https:\/\/nazcatrips.com\/fr\/wp-json\/wp\/v2\/types\/product"}],"wp:featuredmedia":[{"embeddable":true,"href":"https:\/\/nazcatrips.com\/fr\/wp-json\/wp\/v2\/media\/966"}],"wp:attachment":[{"href":"https:\/\/nazcatrips.com\/fr\/wp-json\/wp\/v2\/media?parent=1282"}],"wp:term":[{"taxonomy":"product_brand","embeddable":true,"href":"https:\/\/nazcatrips.com\/fr\/wp-json\/wp\/v2\/product_brand?post=1282"},{"taxonomy":"product_cat","embeddable":true,"href":"https:\/\/nazcatrips.com\/fr\/wp-json\/wp\/v2\/product_cat?post=1282"},{"taxonomy":"product_tag","embeddable":true,"href":"https:\/\/nazcatrips.com\/fr\/wp-json\/wp\/v2\/product_tag?post=1282"}],"curies":[{"name":"wp","href":"https:\/\/api.w.org\/{rel}","templated":true}]}}