{"id":948,"date":"2022-08-01T12:30:11","date_gmt":"2022-08-01T12:30:11","guid":{"rendered":"https:\/\/nazcatrips.webja.pt\/?post_type=product&#038;p=948"},"modified":"2024-01-14T22:50:57","modified_gmt":"2024-01-14T22:50:57","slug":"nazca-lines-viewing-tower-tour","status":"publish","type":"product","link":"https:\/\/nazcatrips.com\/fr\/shop\/nazca-lines\/visite-de-la-tour-d-observation-des-lignes-de-nazca\/","title":{"rendered":"Visite de la tour d&#039;observation des lignes de Nazca"},"content":{"rendered":"<h3>\u00c0 propos de la visite<\/h3>\n<p>La zone o\u00f9 se trouvent les lignes de Nazca a 500 km 2 o\u00f9 l'on trouve des centaines de figures et de<br \/>\ndes milliers de lignes et de trap\u00e8zes. Certains d'entre eux sont : La baleine, le trap\u00e8ze, l'astronaute, le singe, le chien, le colibri, le condor, l'araign\u00e9e,<br \/>\nL'oiseau Fragata, le perroquet, l'arbre et les mains. Certaines de ces figures atteignent plus de 300 m\u00e8tres et la plupart ne peuvent \u00eatre appr\u00e9ci\u00e9es que du haut des airs. Pour qui ont-elles \u00e9t\u00e9 faites, si la plupart d'entre elles ne peuvent \u00eatre vues que du ciel ?<\/p>\n<p>Cette visite promet de vous faire voyager dans le pass\u00e9, de vous rapprocher de l'une des plus grandes merveilles de la plan\u00e8te et de vous permettre de l'admirer profond\u00e9ment. Apr\u00e8s avoir v\u00e9cu l'une des meilleures exp\u00e9riences de votre vie, nous vous ram\u00e8nerons \u00e0 votre h\u00f4tel ou dans un autre endroit de la ville. Nous terminerons nos services en vous remerciant de nous avoir choisis pour votre visite des lignes mill\u00e9naires et \u00e9tonnantes de la Nazca.<\/p>\n<h3>Pourquoi r\u00e9server cette exp\u00e9rience<\/h3>\n<p>Si vous venez au P\u00e9rou, Nazca est certainement l'une des cultures les plus int\u00e9ressantes de l'ancien P\u00e9rou. Si vous ne pouvez pas les survoler, vous garderez de merveilleux souvenirs en les voyant au sol.<\/p>\n<h3>Itin\u00e9raire des lignes de Nazca<\/h3>\n<p>Nous viendrons vous chercher \u00e0 votre h\u00f4tel ou \u00e0 la gare routi\u00e8re et notre visite arch\u00e9ologique nous conduira le long de la c\u00e9l\u00e8bre autoroute sud panam\u00e9ricaine, qui part de Nazca vers le nord. Nous admirerons le paysage d\u00e9sertique et nous nous arr\u00eaterons \u00e0 un point de vue naturel, d'o\u00f9 nous verrons les lignes et les trap\u00e8zes qui convergent vers cette m\u00eame montagne. Plus tard, nous visiterons le mus\u00e9e Maria Recihe, o\u00f9 nous d\u00e9couvrirons le travail acharn\u00e9 que cette femme spectaculaire a consacr\u00e9 \u00e0 l'\u00e9tude, \u00e0 la pr\u00e9servation et \u00e0 la diffusion des lignes de Nazca.<\/p>\n<p>Le prochain arr\u00eat sera la Tour Palpa, d'o\u00f9 nous verrons 5 autres figures ! Selon les arch\u00e9ologues, ces figures appartiennent \u00e0 la culture Paracas, elles sont connues sous le nom de Famille Paracas et d'autres les associent au Dieu Astronaute.<\/p>\n<p>Dans la derni\u00e8re partie, nous visiterons le mirador m\u00e9tallique et nous verrons les figures des mains, de l'arbre et du l\u00e9zard. (Voir le mat\u00e9riel avec lequel elles ont \u00e9t\u00e9 faites, \u00e9couter l'histoire d'un guide local, c'est porter un souvenir unique de l'un des endroits les plus int\u00e9ressants du monde). Admir\u00e9s et avec des informations encore en cours, nous retournerons \u00e0 la ville de Nazca et vous d\u00e9poserons \u00e0 votre h\u00f4tel ou quelque part dans la ville. Reconnaissants de nous avoir choisis pour votre visite aux lignes de la machinerie et de l'\u00e9tonnante Nazca sera la fin de nos services.<\/p>\n<h3>Informations compl\u00e9mentaires<\/h3>\n<p>Apportez de l&#039;eau et des v\u00eatements l\u00e9gers, nous sommes dans le d\u00e9sert le plus aride de la plan\u00e8te !<\/p>\n<p>50,00 USD par personne<\/p>","protected":false},"excerpt":{"rendered":"<h3>\u00c0 propos de la tour d'observation des lignes de Nazca<\/h3>\n<p>Cette br\u00e8ve halte (dans un endroit assez surr\u00e9aliste au milieu d'un d\u00e9sert) et l'entr\u00e9e de la tour d'observation sont incluses dans le passage \u00e0 Nazca. Du haut des 13 m\u00e8tres de la tour, on peut voir les formes de base de trois des figures de Nazca.<\/p>\n<p>Il s'agit d'une approche beaucoup plus proche et personnelle pour observer les lignes, m\u00eame si vos photos ne seront pas aussi \u00e9tonnantes qu'\u00e0 bord de l'avion. En outre, notre excursion vous \u00e9clairera sur le contexte fascinant de l'ancienne soci\u00e9t\u00e9 Nazca et sur les hypoth\u00e8ses qui se cachent derri\u00e8re ces lignes \u00e9nigmatiques.<\/p>","protected":false},"featured_media":949,"template":"","meta":{"_acf_changed":false},"product_brand":[],"product_cat":[39,23],"product_tag":[],"class_list":{"0":"post-948","1":"product","2":"type-product","3":"status-publish","4":"has-post-thumbnail","6":"product_cat-nazca-lines","7":"product_cat-nazca-tour","8":"wt_location-nazca-tour","10":"first","11":"instock","12":"sold-individually","13":"shipping-taxable","14":"purchasable","15":"product-type-simple"},"acf":{"resumo_email":""},"_links":{"self":[{"href":"https:\/\/nazcatrips.com\/fr\/wp-json\/wp\/v2\/product\/948","targetHints":{"allow":["GET"]}}],"collection":[{"href":"https:\/\/nazcatrips.com\/fr\/wp-json\/wp\/v2\/product"}],"about":[{"href":"https:\/\/nazcatrips.com\/fr\/wp-json\/wp\/v2\/types\/product"}],"wp:featuredmedia":[{"embeddable":true,"href":"https:\/\/nazcatrips.com\/fr\/wp-json\/wp\/v2\/media\/949"}],"wp:attachment":[{"href":"https:\/\/nazcatrips.com\/fr\/wp-json\/wp\/v2\/media?parent=948"}],"wp:term":[{"taxonomy":"product_brand","embeddable":true,"href":"https:\/\/nazcatrips.com\/fr\/wp-json\/wp\/v2\/product_brand?post=948"},{"taxonomy":"product_cat","embeddable":true,"href":"https:\/\/nazcatrips.com\/fr\/wp-json\/wp\/v2\/product_cat?post=948"},{"taxonomy":"product_tag","embeddable":true,"href":"https:\/\/nazcatrips.com\/fr\/wp-json\/wp\/v2\/product_tag?post=948"}],"curies":[{"name":"wp","href":"https:\/\/api.w.org\/{rel}","templated":true}]}}