{"id":958,"date":"2022-08-01T11:05:54","date_gmt":"2022-08-01T11:05:54","guid":{"rendered":"https:\/\/nazcatrips.webja.pt\/?post_type=product&#038;p=958"},"modified":"2025-05-12T10:13:49","modified_gmt":"2025-05-12T10:13:49","slug":"tour-to-cantalloc-aqueducts","status":"publish","type":"product","link":"https:\/\/nazcatrips.com\/fr\/shop\/nazca-tour\/visite-des-aqueducs-de-cantalloc\/","title":{"rendered":"Visite des aqueducs de Cantalloc"},"content":{"rendered":"<h3>\u00c0 propos de la visite<\/h3>\n<p>L&#039;aqueduc de Cantalloc est le nom d&#039;une grande attraction \u00e0 Nazca. Il est situ\u00e9 sur le chemin de Nazca \u00e0 Cusco.<\/p>\n<p>Aux Aqueducs de Cantalloc o\u00f9 se trouve l&#039;air libre a une forme en S pour ralentir le d\u00e9bit de l&#039;eau et \u00e9viter qu&#039;elle ne coule trop vite en p\u00e9riode de crue. Les habitants de Nazca ont \u00e9galement construit des points d&#039;acc\u00e8s, qui donnent encore aujourd&#039;hui un acc\u00e8s direct \u00e0 une eau propre et oxyg\u00e9n\u00e9e qui est \u00e9tonnamment fra\u00eeche.<\/p>\n<p>Ils savaient que l&#039;eau qui descendait des Andes coulait non seulement dans les rivi\u00e8res, mais aussi dans les aquif\u00e8res, et exploitaient intelligemment ces ressources essentielles. Certains affirment m\u00eame que les fameuses lignes de Nazca indiquent en fait des sources d&#039;eau souterraines et que les symboles sont des indices de ce que l&#039;on peut trouver dans le sol aride.<\/p>\n<h3>Pourquoi r\u00e9server cette exp\u00e9rience ?<\/h3>\n<p>1. \u00c9merveillez-vous et promenez-vous le long des c\u00e9l\u00e8bres aqueducs de Cantalloc.<\/p>\n<p>2. D\u00e9couvrez comment ils pourraient r\u00e9cup\u00e9rer l&#039;eau de la nappe phr\u00e9atique.<\/p>\n<h3>Itin\u00e9raire<\/h3>\n<p>Activit\u00e9 de jour Vous serez pris en charge \u00e0 votre h\u00f4tel \u00e0 Nazca et conduit \u00e0 l&#039;heure indiqu\u00e9e dans un v\u00e9hicule climatis\u00e9 aux aqueducs de Cantalloc. Un guide bilingue (anglais\/espagnol) vous accompagnera lors de cette visite.<\/p>\n<p>Sur le chemin avant d&#039;arriver au canal d&#039;eau, nous allons pouvoir nous arr\u00eater \u00e0 un endroit appel\u00e9 Needles pour observer dans leur \u00e9tat d&#039;origine une \u00e9norme ligne de Nazca et des trap\u00e8zes du haut d&#039;une petite colline.<\/p>\n<p>Ensuite, nous continuerons \u00e0 visiter les anciens canaux de Nazca de Cantalloc. Sur cet endroit, nous marcherons le long des \u00e9normes trous en spirale et aussi des canaux. Notre guide vous expliquera comment les anciens Nazca pouvaient construire tous ces canaux puis nous irons nous promener dans les champs environnants pour voir quelques cultures produites par la vall\u00e9e de Nazca.<\/p>\n<p>\u00c0 la fin de la visite, vous serez ramen\u00e9 \u00e0 votre h\u00f4tel \u00e0 Nazca.<\/p>\n<h3>Exclusions<\/h3>\n<p>\u2013 Repas et boissons.<\/p>","protected":false},"excerpt":{"rendered":"<h3>A propos des Aqueducs de Cantalloc<\/h3>\n<p>Pour survivre, l&#039;homme a toujours \u00e9t\u00e9 intelligent pour s&#039;adapter \u00e0 des conditions de vie apparemment impossibles et \u00e0 cette occasion, le peuple de Nazca a d\u00fb trouver un moyen d&#039;avoir acc\u00e8s \u00e0 l&#039;eau dans ce climat d\u00e9sertique aride de Nazca. Au 5\u00e8me si\u00e8cle, les aqueducs ont \u00e9t\u00e9 construits pour fournir pendant des ann\u00e9es un acc\u00e8s \u00e0 l&#039;eau essentielle \u00e0 l&#039;habitation permanente et \u00e0 l&#039;irrigation de la r\u00e9gion.<\/p>\n<p>L&#039;eau qui coulait dans les aquif\u00e8res \u00e9tait achemin\u00e9e l\u00e0 o\u00f9 elle \u00e9tait n\u00e9cessaire \u00e0 l&#039;aide de canaux souterrains artificiels. Des chemins concentriques menant \u00e0 ces canaux souterrains permettaient un acc\u00e8s direct \u00e0 l&#039;eau.<\/p>","protected":false},"featured_media":959,"template":"","meta":{"_acf_changed":false},"product_brand":[],"product_cat":[23],"product_tag":[],"class_list":{"0":"post-958","1":"product","2":"type-product","3":"status-publish","4":"has-post-thumbnail","6":"product_cat-nazca-tour","7":"wt_location-nazca-tour","9":"first","10":"instock","11":"sold-individually","12":"shipping-taxable","13":"purchasable","14":"product-type-simple"},"acf":{"resumo_email":""},"_links":{"self":[{"href":"https:\/\/nazcatrips.com\/fr\/wp-json\/wp\/v2\/product\/958","targetHints":{"allow":["GET"]}}],"collection":[{"href":"https:\/\/nazcatrips.com\/fr\/wp-json\/wp\/v2\/product"}],"about":[{"href":"https:\/\/nazcatrips.com\/fr\/wp-json\/wp\/v2\/types\/product"}],"wp:featuredmedia":[{"embeddable":true,"href":"https:\/\/nazcatrips.com\/fr\/wp-json\/wp\/v2\/media\/959"}],"wp:attachment":[{"href":"https:\/\/nazcatrips.com\/fr\/wp-json\/wp\/v2\/media?parent=958"}],"wp:term":[{"taxonomy":"product_brand","embeddable":true,"href":"https:\/\/nazcatrips.com\/fr\/wp-json\/wp\/v2\/product_brand?post=958"},{"taxonomy":"product_cat","embeddable":true,"href":"https:\/\/nazcatrips.com\/fr\/wp-json\/wp\/v2\/product_cat?post=958"},{"taxonomy":"product_tag","embeddable":true,"href":"https:\/\/nazcatrips.com\/fr\/wp-json\/wp\/v2\/product_tag?post=958"}],"curies":[{"name":"wp","href":"https:\/\/api.w.org\/{rel}","templated":true}]}}