{"id":963,"date":"2022-08-01T13:05:26","date_gmt":"2022-08-01T13:05:26","guid":{"rendered":"https:\/\/nazcatrips.webja.pt\/?post_type=product&#038;p=963"},"modified":"2026-02-09T14:50:47","modified_gmt":"2026-02-09T14:50:47","slug":"the-grand-experience","status":"publish","type":"product","link":"https:\/\/nazcatrips.com\/fr\/shop\/nazca-lines\/la-grande-experience\/","title":{"rendered":"La grande exp\u00e9rience"},"content":{"rendered":"<p>Ce circuit est destin\u00e9 aux amateurs d'histoire ancienne, \u00e0 ceux qui souhaitent visiter les ruines des civilisations les plus \u00e9tonnantes du monde et red\u00e9couvrir notre v\u00e9ritable histoire.<\/p>\n<p>Venir au P\u00e9rou est synonyme d'arch\u00e9ologie et de myst\u00e8re.<\/p>\n<p>Nous sommes les h\u00e9ritiers de l'une des plus grandes civilisations du monde entier. Nos grands-parents ont r\u00e9ussi \u00e0 atteindre une vaste connaissance des math\u00e9matiques, de l'astronomie, de l'architecture et bien plus encore.<\/p>\n<p>Comme nous le rappelle la Vierge (Mar\u00eda Reiche) des Lignes de Nasca : Nous avons ici le t\u00e9moignage \u00e0 grande \u00e9chelle et unique au monde du premier \u00e9veil des Sciences exactes dans l'\u00e9volution de l'humanit\u00e9.<\/p>\n<p>Cette exp\u00e9rience vous permettra de conna\u00eetre pleinement et profond\u00e9ment la civilisation Nazca.<\/p>\n<p>9h00 : Nous viendrons vous chercher \u00e0 votre h\u00f4tel ou \u00e0 la gare routi\u00e8re pour un vol de 35 minutes au-dessus des lignes de Nazca. (Voler le plus t\u00f4t possible est l'une des cl\u00e9s pour profiter au maximum de ce grand h\u00e9ritage).<\/p>\n<p>10 h : Nous visiterons le centre c\u00e9r\u00e9moniel de Cahuachi : Cahuachi est comparable au Vatican \u00e0 Rome, ou \u00e0 la Mecque en Arabie Saoudite. A l'\u00e9poque du Peuple Nazca 200 a.c. et dans des moments particuliers, des gens de tout l'ancien P\u00e9rou se rassemblent pour atteindre Cahuachi afin de participer aux c\u00e9r\u00e9monies. Cet endroit est long de 24,2 km et seulement moins de 20% le d\u00e9couvrent. Apr\u00e8s avoir travers\u00e9 le d\u00e9sert le plus ancien et le plus sec de la plan\u00e8te, nous ferons une pause pour le d\u00e9jeuner (non inclus dans le prix). En fonction de votre \u00e9nergie, nous pourrons continuer avec la visite suivante.<\/p>\n<p>Vers 14 h, nous retournerons au sud de la c\u00e9l\u00e8bre route panam\u00e9ricaine et visiterons la n\u00e9cropole de Chauchilla : Cet endroit a \u00e9t\u00e9 en grande partie d\u00e9truit par des pilleurs de tombes, qui cherchaient de l'or et des tr\u00e9sors. Ils savaient que l'ancienne coutume du peuple nasca \u00e9tait d'enterrer les gens avec leurs propres biens et aussi avec diff\u00e9rents cadeaux. Il est tr\u00e8s impressionnant de voir la plupart des preuves si bien conserv\u00e9es, ceci en raison de la s\u00e9cheresse dans la r\u00e9gion. Nous voyagerons dans le temps en nous souvenant de ce qu'\u00e9taient les rituels d'enterrement et de leur vision du monde sur la vie et la mort.<\/p>\n<p>Enfin, nous visiterons les impressionnants aqueducs de Cantalloc : Nous admirons comment les Incas ont pu dominer les Andes dans une r\u00e9gion tr\u00e8s inhospitali\u00e8re. Cependant, nous devons regarder en arri\u00e8re et admirer ces peuples pr\u00e9-incas tels que les Nascas, les Moche et les Wari. Ils ont construit le plus grand exemple d'ing\u00e9nierie hydraulique, transformant le d\u00e9sert en une vaste vall\u00e9e fertile et prosp\u00e8re.<\/p>\n<p>En tant qu'amateur d'histoire ancienne, je le recommande vivement.<\/p>\n<p>Presque \u00e0 la fin de la journ\u00e9e, ce sera la fin de nos services.<\/p>\n<p>&nbsp;<\/p>\n<p><a href=\"https:\/\/nazcatrips.com\/wp-content\/uploads\/2022\/08\/2020-10-1361.jpg\"><img fetchpriority=\"high\" decoding=\"async\" class=\"alignnone wp-image-3498 size-full\" src=\"https:\/\/nazcatrips.com\/wp-content\/uploads\/2022\/08\/2020-10-1361.jpg\" alt=\"Cahuachi Tour\" width=\"239\" height=\"239\" srcset=\"https:\/\/nazcatrips.com\/wp-content\/uploads\/2022\/08\/2020-10-1361.jpg 239w, https:\/\/nazcatrips.com\/wp-content\/uploads\/2022\/08\/2020-10-1361-150x150.jpg 150w, https:\/\/nazcatrips.com\/wp-content\/uploads\/2022\/08\/2020-10-1361-12x12.jpg 12w, https:\/\/nazcatrips.com\/wp-content\/uploads\/2022\/08\/2020-10-1361-85x85.jpg 85w, https:\/\/nazcatrips.com\/wp-content\/uploads\/2022\/08\/2020-10-1361-100x100.jpg 100w\" sizes=\"(max-width: 239px) 100vw, 239px\" \/><\/a><a href=\"https:\/\/nazcatrips.com\/wp-content\/uploads\/2022\/08\/2020-10-1363.jpg\"><img decoding=\"async\" class=\"alignnone wp-image-3499 size-full\" src=\"https:\/\/nazcatrips.com\/wp-content\/uploads\/2022\/08\/2020-10-1363.jpg\" alt=\"lignes de Nazca \" width=\"239\" height=\"239\" srcset=\"https:\/\/nazcatrips.com\/wp-content\/uploads\/2022\/08\/2020-10-1363.jpg 239w, https:\/\/nazcatrips.com\/wp-content\/uploads\/2022\/08\/2020-10-1363-150x150.jpg 150w, https:\/\/nazcatrips.com\/wp-content\/uploads\/2022\/08\/2020-10-1363-12x12.jpg 12w, https:\/\/nazcatrips.com\/wp-content\/uploads\/2022\/08\/2020-10-1363-85x85.jpg 85w, https:\/\/nazcatrips.com\/wp-content\/uploads\/2022\/08\/2020-10-1363-100x100.jpg 100w\" sizes=\"(max-width: 239px) 100vw, 239px\" \/><\/a><a href=\"https:\/\/nazcatrips.com\/wp-content\/uploads\/2022\/08\/20181230_160404.jpg\"><img decoding=\"async\" class=\"alignnone wp-image-3500 size-full\" src=\"https:\/\/nazcatrips.com\/wp-content\/uploads\/2022\/08\/20181230_160404.jpg\" alt=\"visites de nazca\" width=\"239\" height=\"239\" srcset=\"https:\/\/nazcatrips.com\/wp-content\/uploads\/2022\/08\/20181230_160404.jpg 239w, https:\/\/nazcatrips.com\/wp-content\/uploads\/2022\/08\/20181230_160404-150x150.jpg 150w, https:\/\/nazcatrips.com\/wp-content\/uploads\/2022\/08\/20181230_160404-12x12.jpg 12w, https:\/\/nazcatrips.com\/wp-content\/uploads\/2022\/08\/20181230_160404-85x85.jpg 85w, https:\/\/nazcatrips.com\/wp-content\/uploads\/2022\/08\/20181230_160404-100x100.jpg 100w\" sizes=\"(max-width: 239px) 100vw, 239px\" \/><\/a><a href=\"https:\/\/nazcatrips.com\/wp-content\/uploads\/2022\/08\/nazca-tours-Nazca-1-e1668978200678.jpg\"><img loading=\"lazy\" decoding=\"async\" class=\"alignnone wp-image-3504\" src=\"https:\/\/nazcatrips.com\/wp-content\/uploads\/2022\/08\/nazca-tours-Nazca-1-e1668978200678.jpg\" alt=\"\" width=\"382\" height=\"238\" srcset=\"https:\/\/nazcatrips.com\/wp-content\/uploads\/2022\/08\/nazca-tours-Nazca-1-e1668978200678.jpg 239w, https:\/\/nazcatrips.com\/wp-content\/uploads\/2022\/08\/nazca-tours-Nazca-1-e1668978200678-18x12.jpg 18w\" sizes=\"(max-width: 382px) 100vw, 382px\" \/><\/a><\/p>\n<h3>Inclusions<\/h3>\n<p>1. Prise en charge et retour \u00e0 l'h\u00f4tel depuis votre h\u00f4tel de Nazca.<\/p>\n<p>2. Guide bilingue (anglais\/espagnol)<\/p>\n<p>3. Entr\u00e9es (\u00e0 la charge du client)<\/p>\n<h3>Exclusions<\/h3>\n<p>- Nourriture et boisson.<\/p>\n<p>- 80 soles p\u00e9ruviens Taxe d'a\u00e9roport<\/p>\n<p>- Entr\u00e9es sur les acueducts 10 soles p\u00e9ruviens<\/p>\n<p>- Entr\u00e9es dans la tour m\u00e9tallique point de vue nazca = 6 soles p\u00e9ruviens , palpa = 3 soles p\u00e9ruviens et mus\u00e9e Maria reiche = 5 soles p\u00e9ruviens<\/p>\n<h3>D\u00e9parts<\/h3>\n<p>- De : 7:00 Hrs \u00e0 18:00 Hrs<\/p>\n<h3>Informations compl\u00e9mentaires<\/h3>\n<p>Cette visite doit \u00eatre r\u00e9serv\u00e9e au moins une semaine avant la date de votre visite.<\/p>","protected":false},"excerpt":{"rendered":"<h3>\u00c0 propos de Nazca Lines<\/h3>\n<p>Les lignes de Nazca sont un groupe d'\u00e9normes g\u00e9oglyphes, qui sont des motifs ou des dessins grav\u00e9s dans la terre, situ\u00e9s dans la plaine c\u00f4ti\u00e8re du P\u00e9rou, \u00e0 environ 400 kilom\u00e8tres au sud de Lima. Les lignes de Nazca, vieilles de 2 000 ans, ont \u00e9t\u00e9 dessin\u00e9es par l'ancienne civilisation de Nazca en Am\u00e9rique du Sud et montrent une vari\u00e9t\u00e9 de plantes, d'animaux et de formes. Elles ne peuvent \u00eatre compl\u00e8tement appr\u00e9ci\u00e9es que depuis l'air en raison de leur \u00e9norme \u00e9chelle.<\/p>","protected":false},"featured_media":964,"template":"","meta":{"_acf_changed":false},"product_brand":[],"product_cat":[39,29,23],"product_tag":[],"class_list":{"0":"post-963","1":"product","2":"type-product","3":"status-publish","4":"has-post-thumbnail","6":"product_cat-nazca-lines","7":"product_cat-flight","8":"product_cat-nazca-tour","9":"wt_location-nazca-tour","11":"first","12":"instock","13":"sold-individually","14":"shipping-taxable","15":"purchasable","16":"product-type-simple"},"acf":{"resumo_email":""},"_links":{"self":[{"href":"https:\/\/nazcatrips.com\/fr\/wp-json\/wp\/v2\/product\/963","targetHints":{"allow":["GET"]}}],"collection":[{"href":"https:\/\/nazcatrips.com\/fr\/wp-json\/wp\/v2\/product"}],"about":[{"href":"https:\/\/nazcatrips.com\/fr\/wp-json\/wp\/v2\/types\/product"}],"wp:featuredmedia":[{"embeddable":true,"href":"https:\/\/nazcatrips.com\/fr\/wp-json\/wp\/v2\/media\/964"}],"wp:attachment":[{"href":"https:\/\/nazcatrips.com\/fr\/wp-json\/wp\/v2\/media?parent=963"}],"wp:term":[{"taxonomy":"product_brand","embeddable":true,"href":"https:\/\/nazcatrips.com\/fr\/wp-json\/wp\/v2\/product_brand?post=963"},{"taxonomy":"product_cat","embeddable":true,"href":"https:\/\/nazcatrips.com\/fr\/wp-json\/wp\/v2\/product_cat?post=963"},{"taxonomy":"product_tag","embeddable":true,"href":"https:\/\/nazcatrips.com\/fr\/wp-json\/wp\/v2\/product_tag?post=963"}],"curies":[{"name":"wp","href":"https:\/\/api.w.org\/{rel}","templated":true}]}}