{"id":970,"date":"2022-07-25T21:59:22","date_gmt":"2022-07-25T21:59:22","guid":{"rendered":"https:\/\/nazcatrips.webja.pt\/?post_type=product&#038;p=970"},"modified":"2025-09-29T21:31:43","modified_gmt":"2025-09-29T21:31:43","slug":"nazca-lines-tour-from-lima-private-transport","status":"publish","type":"product","link":"https:\/\/nazcatrips.com\/fr\/shop\/nazca-lines\/tour-des-lignes-de-nazca-depuis-lima-transport-prive\/","title":{"rendered":"Excursion d&#039;une journ\u00e9e aux lignes de Nazca depuis Lima (transport priv\u00e9)"},"content":{"rendered":"<ol>\n<li>Faites l'exp\u00e9rience de la meilleure et de la plus s\u00fbre excursion sur les lignes de Nazca depuis Lima avec l'\u00e9quipe Nazcatrips Pro-Team.<\/li>\n<\/ol>\n<p>4:30 hrs. Nos clients seront pris en charge \u00e0 leur h\u00f4tel respectif dans le centre de la ville. <strong>Lima<\/strong>Il faut ensuite emprunter l'autoroute panam\u00e9ricaine et se rendre \u00e0 l'h\u00f4tel de ville de renomm\u00e9e mondiale <strong>Nazca<\/strong> La ville. L'itin\u00e9raire est long de 420 kilom\u00e8tres et dure 5 heures. L'arriv\u00e9e se fera vers 9h30. Pendant le trajet vers l'extraordinaire et intriguant village de Kampala, la ville de Kampala sera le point de d\u00e9part de la randonn\u00e9e. <strong>Nazca<\/strong> <strong>civilisation<\/strong> Nous traverserons de longs et \u00e9tonnants d\u00e9serts, ainsi que de petites vall\u00e9es comme celle du Rio Grande \u00e0 Palpa. <strong>lignes<\/strong> de <strong>Nazca<\/strong> Nous passerons \u00e9galement par la vall\u00e9e d'Ingenio, o\u00f9 se trouve une grande partie des lignes et des figures de Nazca connues dans le monde entier, ainsi que le mausol\u00e9e de l'humble, combattante, math\u00e9maticienne et curieuse Mar\u00eda Reiche Newman. Une Allemande qui a consacr\u00e9 toute sa vie \u00e0 la protection et \u00e0 la diffusion de ce grand h\u00e9ritage mill\u00e9naire. Elle d\u00e9fend la th\u00e9orie du grand calendrier astronomique.<\/p>\n<p>A notre arriv\u00e9e \u00e0 l'a\u00e9rodrome de Maria Reiche, nous serons cordialement assist\u00e9s par notre guide touristique officiel local, qui nous accompagnera tout au long du processus de l'aventure a\u00e9rienne.<\/p>\n<p>Une fois les donn\u00e9es reconfirm\u00e9es avec le passeport, nous vous fournirons les meilleurs conseils pour profiter d&#039;un excellent survol des lignes ancestrales de Nazca. Avant d&#039;entrer dans la zone de d\u00e9part, notre guide fournira une contextualisation historique des fascinantes lignes de Nazca.<\/p>\n<p>La zone o\u00f9 se trouvent les lignes de Nazca est de 500 km2, o\u00f9 vous verrez les figures et les lignes suivantes\u00a0: la baleine, le trap\u00e8ze, l&#039;astronaute, le singe, le chien, le colibri, le condor, l&#039;araign\u00e9e, la fr\u00e9gate, le Perroquet, l&#039;arbre et les mains (vous verrez \u00e9galement la figure restaur\u00e9e du l\u00e9zard). Certaines figures peuvent mesurer plus de 300 m\u00e8tres et la plupart d&#039;entre elles ne peuvent \u00eatre appr\u00e9ci\u00e9es que depuis les airs. Qui les a cr\u00e9\u00e9s, et pourquoi seulement pouvaient-ils \u00eatre vus du ciel ?<\/p>\n<p>Ce survol promet de vous emmener dans un voyage dans le pass\u00e9, vous rapprochant ainsi profond\u00e9ment de l'une des plus grandes merveilles de la plan\u00e8te enti\u00e8re.<\/p>\n<p>Apr\u00e8s avoir v\u00e9cu l'une des meilleures exp\u00e9riences de votre vie, notre guide vous emm\u00e8nera au centre de la ville o\u00f9 vous pourrez d\u00e9guster un savoureux repas p\u00e9ruvien dans l'un des restaurants les plus recommand\u00e9s de Nazca (ce d\u00e9jeuner n'est pas inclus).<\/p>\n<p>A la fin du d\u00e9jeuner, nous visiterons le grand ouvrage hydraulique des aqueducs de Cantalloc.<\/p>\n<p>Une fois la visite des aqueducs de cantalloc termin\u00e9e, nous retournerons dans la ville des rois.<\/p>\n<p>Sur la route du retour vers Lima, nous ferons deux courts arr\u00eats au point de vue m\u00e9tallique de Nazca pour voir la figure des mains et de l'arbre \u00e0 seulement 15 m\u00e8tres de hauteur. Cette courte visite nous permettra de voir le mat\u00e9riau et la profondeur des lignes de Nazca. Nous nous arr\u00eaterons \u00e9galement au point de vue m\u00e9tallique de Palpa, o\u00f9 de nouvelles lignes et figures ont \u00e9t\u00e9 d\u00e9couvertes, connues sous le nom de Famille Paracas, curieuses repr\u00e9sentations d'\u00eatres anthropomorphes. (Vous pouvez \u00e9galement choisir de ne pas vous arr\u00eater aux tours m\u00e9talliques et de visiter l'oasis de Huacachina et de pratiquer le sandboarding).<\/p>\n<p>Enfin, nous dirons au revoir \u00e0 cette terre merveilleuse et nous retournerons \u00e0 Lima.<\/p>\n<p>Reconnaissant de nous avoir choisi pour votre visite aux lignes mill\u00e9naires et surprenantes de Nazca sera la fin de nos services.<\/p>\n<h3>Exclusions<\/h3>\n<p>Gratitude<\/p>\n<h3>Disponible sur<\/h3>\n<p>du quotidien<\/p>\n<h3>D\u00e9part quotidien de Lima<\/h3>\n<p>A partir de : 04h30.<\/p>\n<h3>Informations suppl\u00e9mentaires sur votre excursion d&#039;une journ\u00e9e compl\u00e8te<\/h3>\n<p>Cette excursion d'une journ\u00e9e enti\u00e8re doit \u00eatre r\u00e9serv\u00e9e au moins 2 jours avant le d\u00e9part de l'excursion.<\/p>","protected":false},"excerpt":{"rendered":"<h3>\u00c0 propos de Nazca<\/h3>\n<p>Une ville et un r\u00e9seau de vall\u00e9es appel\u00e9s Nazca sont situ\u00e9s sur la c\u00f4te sud du P\u00e9rou. Dans la province de Nazca, c'est \u00e9galement le nom de la plus grande ville encore existante. La civilisation Nazca, qui a prosp\u00e9r\u00e9 dans la r\u00e9gion entre 100 avant J.-C. et 800 apr\u00e8s J.-C., est \u00e0 l'origine de ce nom.<\/p>\n<p>Les lignes de Nazca et la ville c\u00e9r\u00e9moniale de Cahuachi sont des produits de cette culture. Ils ont \u00e9galement construit d'autres aqueducs souterrains, connus sous le nom de puquios, dans le cadre d'un syst\u00e8me r\u00e9gional qui est toujours utilis\u00e9 aujourd'hui. On pense que la culture ant\u00e9rieure de Paracas a construit les premiers puquios.<\/p>","protected":false},"featured_media":971,"template":"","meta":{"_acf_changed":false},"product_brand":[],"product_cat":[39,23],"product_tag":[],"class_list":{"0":"post-970","1":"product","2":"type-product","3":"status-publish","4":"has-post-thumbnail","6":"product_cat-nazca-lines","7":"product_cat-nazca-tour","8":"wt_location-lima","10":"first","11":"instock","12":"sold-individually","13":"shipping-taxable","14":"purchasable","15":"product-type-simple"},"acf":{"resumo_email":"<ol>\r\n \t<li style=\"list-style-type: none\">\r\n<ol>\r\n \t<li><\/li>\r\n<\/ol>\r\n<\/li>\r\n<\/ol>"},"_links":{"self":[{"href":"https:\/\/nazcatrips.com\/fr\/wp-json\/wp\/v2\/product\/970","targetHints":{"allow":["GET"]}}],"collection":[{"href":"https:\/\/nazcatrips.com\/fr\/wp-json\/wp\/v2\/product"}],"about":[{"href":"https:\/\/nazcatrips.com\/fr\/wp-json\/wp\/v2\/types\/product"}],"wp:featuredmedia":[{"embeddable":true,"href":"https:\/\/nazcatrips.com\/fr\/wp-json\/wp\/v2\/media\/971"}],"wp:attachment":[{"href":"https:\/\/nazcatrips.com\/fr\/wp-json\/wp\/v2\/media?parent=970"}],"wp:term":[{"taxonomy":"product_brand","embeddable":true,"href":"https:\/\/nazcatrips.com\/fr\/wp-json\/wp\/v2\/product_brand?post=970"},{"taxonomy":"product_cat","embeddable":true,"href":"https:\/\/nazcatrips.com\/fr\/wp-json\/wp\/v2\/product_cat?post=970"},{"taxonomy":"product_tag","embeddable":true,"href":"https:\/\/nazcatrips.com\/fr\/wp-json\/wp\/v2\/product_tag?post=970"}],"curies":[{"name":"wp","href":"https:\/\/api.w.org\/{rel}","templated":true}]}}