{"id":636,"date":"2022-08-01T10:00:50","date_gmt":"2022-08-01T10:00:50","guid":{"rendered":"https:\/\/nazcatrips.webja.pt\/?post_type=product&#038;p=636"},"modified":"2022-08-26T00:44:29","modified_gmt":"2022-08-26T00:44:29","slug":"tour-to-the-petroglyphs-of-chichictara-palpa-peru","status":"publish","type":"product","link":"https:\/\/nazcatrips.com\/it\/shop\/nazca-tour\/tour-to-petroglifi-di-chichictara-palpa-peru\/","title":{"rendered":"Tour ai petroglifi di Chichictara, Palpa, Per\u00f9"},"content":{"rendered":"<h3>A proposito del Tour<\/h3>\n<p>Migliaia di petroglifi si trovano nella regione di Nasca-Palpa. Molti di essi hanno una grande somiglianza con i geoglifi recentemente scoperti datati al periodo Paracas (800\u2013200 a.C.), ovviamente i precursori dei famosi geoglifi del successivo periodo Nasca (200 a.C.\u2013650 d.C.). Mentre i geoglifi di Nasca sono al centro di numerose opere scientifi che, petroglifi e geoglifi di Paracas non sono ancora stati oggetto di indagine.<\/p>\n<p>I risultati delle indagini indicano che i siti di petroglifi in quest&#039;area erano antichi luoghi di sosta su rotte commerciali a lunga distanza che collegavano la regione costiera con gli altopiani e probabilmente anche la regione amazzonica. In questo contesto, si getta nuova luce sui petroglifi per interpretazioni iconografiche.<\/p>\n<p>Alcuni petroglifi di Chichictara erano gi\u00e0 stati riconosciuti come tipiche figure Chavinoid o Paracas alcuni decenni fa (Mej\u00eda Xesspe 1972), qui l&#039;attenzione si concentra principalmente sui risultati riguardanti la cultura di Paracas, definita archeologicamente (oggi datata dall&#039;800 al 200 aC).<\/p>\n<p>Uno dei petroglifi sulla roccia numero 6 del settore di Chichictara mostra una rappresentazione simile della testa di Chav\u00edn<\/p>\n<p>In particolare, le raffigurazioni della cosiddetta Testa di Chav\u00edn sono conclusive e possono essere direttamente collegate al petroglifo numero 6 . Questa \u00e8 almeno un&#039;indicazione per la datazione dei petroglifi.<\/p>\n<p>La ricerca fino al periodo iniziale (1800\u2013800 aC) \u00e8 stata condotta solo marginalmente nella regione costiera meridionale ed era quasi esclusivamente concentrata nel Per\u00f9 centrale e settentrionale. Quindi, non \u00e8 del tutto chiaro se la cultura di Paracas abbia le sue radici in questa regione, o se sia il risultato di una diffusione dello stile Chav\u00edn dagli altopiani centrali e settentrionali.<\/p>\n<p>Inoltre ammireremo uno dei petroglifi pi\u00f9 belli di La Viuda. Questa roccia si chiama<\/p>\n<p>\u201cLas Tres Edades\u201d = le tre et\u00e0.<\/p>\n<h3>Perch\u00e9 prenotare questa esperienza?<\/h3>\n<p>Comprendere le origini dell&#039;uomo della costa peruviana e il suo sviluppo per le interpretazioni delle grandi tele realizzate nelle civilt\u00e0 future.<\/p>\n<h3>Itinerario<\/h3>\n<p>Sarai prelevato dal tuo hotel all&#039;ora programmata a Nazca e portato nel tour di avventura archeologica di Indiana Jones.<\/p>\n<p>Lungo la strada ammireremo il paesaggio desertico passando per l&#039;area in cui si trovano le linee di Nazca e Pal\u00e1. Ci fermeremo ai due punti di vista metallici: questo per apprezzare la composizione delle famose linee e figure di Nazca e Palpa.<\/p>\n<p>Alla fine visiteremo il museo della Palpa e poi saliremo su una piccolissima montagna e scopriremo con ammirazione i petroglifi della Palpa!<\/p>\n<p>Ammirati e con le informazioni ancora in elaborazione, torneremo nella citt\u00e0 di Nazca e ti lasceremo al tuo hotel o in un punto della citt\u00e0.<\/p>\n<h3>Inclusioni<\/h3>\n<p>Trasferimento di andata e ritorno dall&#039;hotel Trasferimento da un hotel selezionato di Nazca.<\/p>\n<p>Guida\/autista privato (inglese-spagnolo-francese-italiano)<\/p>\n<h3>Esclusioni<\/h3>\n<p>Pasti o spuntini.<\/p>\n<h3>Ulteriori informazioni per questo tour della terra<\/h3>\n<p>Porta acqua e vestiti leggeri, siamo nel deserto pi\u00f9 arido del pianeta!<\/p>","protected":false},"excerpt":{"rendered":"<h3>Migliaia di petroglifi si trovano nella regione di Nasca-Palpa.<\/h3>\n<p>Molti di essi hanno una grande somiglianza con i geoglifi recentemente scoperti datati al periodo Paracas (800\u2013200 a.C.), ovviamente i precursori dei famosi geoglifi del successivo periodo Nasca (200 a.C.\u2013650 d.C.). Mentre i geoglifi di Nasca sono al centro di numerose opere scientifi che, petroglifi e geoglifi di Paracas non sono ancora stati oggetto di indagine.<\/p>","protected":false},"featured_media":947,"template":"","meta":{"_acf_changed":false},"product_brand":[],"product_cat":[23],"product_tag":[],"class_list":{"0":"post-636","1":"product","2":"type-product","3":"status-publish","4":"has-post-thumbnail","6":"product_cat-nazca-tour","7":"wt_location-nazca-tour","9":"first","10":"instock","11":"sold-individually","12":"shipping-taxable","13":"purchasable","14":"product-type-simple"},"acf":{"resumo_email":""},"_links":{"self":[{"href":"https:\/\/nazcatrips.com\/it\/wp-json\/wp\/v2\/product\/636","targetHints":{"allow":["GET"]}}],"collection":[{"href":"https:\/\/nazcatrips.com\/it\/wp-json\/wp\/v2\/product"}],"about":[{"href":"https:\/\/nazcatrips.com\/it\/wp-json\/wp\/v2\/types\/product"}],"wp:featuredmedia":[{"embeddable":true,"href":"https:\/\/nazcatrips.com\/it\/wp-json\/wp\/v2\/media\/947"}],"wp:attachment":[{"href":"https:\/\/nazcatrips.com\/it\/wp-json\/wp\/v2\/media?parent=636"}],"wp:term":[{"taxonomy":"product_brand","embeddable":true,"href":"https:\/\/nazcatrips.com\/it\/wp-json\/wp\/v2\/product_brand?post=636"},{"taxonomy":"product_cat","embeddable":true,"href":"https:\/\/nazcatrips.com\/it\/wp-json\/wp\/v2\/product_cat?post=636"},{"taxonomy":"product_tag","embeddable":true,"href":"https:\/\/nazcatrips.com\/it\/wp-json\/wp\/v2\/product_tag?post=636"}],"curies":[{"name":"wp","href":"https:\/\/api.w.org\/{rel}","templated":true}]}}