{"id":950,"date":"2022-08-01T11:00:07","date_gmt":"2022-08-01T11:00:07","guid":{"rendered":"https:\/\/nazcatrips.webja.pt\/?post_type=product&#038;p=950"},"modified":"2022-08-26T00:41:44","modified_gmt":"2022-08-26T00:41:44","slug":"pampa-galeras-national-reserve-tour","status":"publish","type":"product","link":"https:\/\/nazcatrips.com\/it\/shop\/nazca-tour\/pampa-galeras-tour-della-riserva-nazionale\/","title":{"rendered":"Tour della riserva nazionale di Pampa Galeras"},"content":{"rendered":"<h3>A proposito del Tour<\/h3>\n<p>Nella provincia di Lucanas, quest&#039;area naturale contiene la pi\u00f9 grande popolazione di vigogne del paese e del mondo, concentrata in uno spazio molto piccolo. Ospita anche animali come la volpe andina, i vizcachas e le donnole, oltre al condor andino, al fenicottero andino e al tinamou andino. Altre attrazioni di questa riserva nazionale sono le pitture rupestri, il museo del sito e il Centro di interpretazione, dove sono esposte specie di flora e fauna.<\/p>\n<p>La riserva nazionale di Pampas Galeras protegge l&#039;habitat d&#039;alta quota della vigogna minacciata, la parente timida ed elegante dell&#039;alpaca e del lama. Se sei abbastanza fortunato da vedere una di queste adorabili e delicate creature in natura, \u00e8 facile capire perch\u00e9 gli Incas le consideravano sacre.<\/p>\n<p>Sebbene ci fossero circa 2 milioni di vigogne che vagavano per le montagne al culmine dell&#039;Impero Inca, gli animali color cannella furono quasi cacciati fino all&#039;estinzione dopo l&#039;arrivo degli spagnoli. I conquistadores cercavano il loro cappotto di lana estremamente prezioso: il vello lussuosamente morbido e caldo della vigogna \u00e8 una delle fibre naturali pi\u00f9 belle e costose del mondo.<\/p>\n<p>Oggi, Pampas Galeras \u00e8 uno dei pi\u00f9 grandi santuari che lavorano per proteggere questa adorabile creatura. Circa 5.000 vigogne vivono entro i confini della riserva ad altitudini di oltre 10.000 piedi. La riserva nazionale aiuta anche a sostenere le comunit\u00e0 rurali andine che vivono in armonia con la fauna selvatica regionale. Un metodo di conservazione di successo \u00e8 stato quello di dare ai villaggi locali un interesse nella protezione delle vigogne<br \/>\nriportando la secolare cerimonia della tosatura del chaccu.<\/p>\n<p>Ogni giugno, gli abitanti del villaggio radunano la vigogna, tosano la lana senza danneggiare gli animali e li rilasciano in natura. La tosatura \u00e8 spesso seguita da una festa tradizionale con musica, bevute e balli. Questo rituale avvantaggia le comunit\u00e0 montane isolate, dando loro il diritto di vendere il costoso vello degli animali, con l&#039;ulteriore vantaggio di scoraggiare i potenziali bracconieri.<\/p>\n<h3>Perch\u00e9 prenotare questa esperienza<\/h3>\n<p>Ammira il simbolo nazionale della ricchezza animale di questo paese.<\/p>\n<h3>Itinerario<\/h3>\n<p>All&#039;ora indicata inizieremo il nostro tour e attraverseremo il deserto e le montagne alla ricerca di un animale cos\u00ec apprezzabile, proprietario della lana pi\u00f9 pregiata del mondo. Durante l&#039;impero Inca era proibito uccidere la vigogna, quindi la lana veniva raccolta in modo umano<br \/>\nrituale di tosatura noto come chaccu e il vello setoso era indossato solo dalla nobilt\u00e0. Sfortunatamente, i conquistadores spagnoli usarono le armi per cacciare gli animali redditizi, una pratica che dur\u00f2 per secoli fino a quando la vigogna fu designata come specie in via di estinzione negli anni &#039;70.<br \/>\nFaremo delle soste strategiche per apprezzarle pi\u00f9 da vicino e goderci il bellissimo paesaggio naturale.<\/p>\n<p>Ammirati e con le informazioni ancora in elaborazione, torneremo nella citt\u00e0 di Nazca e ti lasceremo al tuo hotel o da qualche parte in citt\u00e0. Grato per averci scelto per la tua visita alle millenarie e sorprendenti linee di nazca sar\u00e0 la fine dei nostri servizi.<\/p>\n<h3>Esclusioni<\/h3>\n<p>Pasti<\/p>\n<h3>Informazioni addizionali<\/h3>\n<p>Tieni presente che a Nazca siamo a 450 metri sul livello del mare e a Pampas Galeras possiamo raggiungere i 4100 metri sul livello del mare.<\/p>","protected":false},"excerpt":{"rendered":"<h3>Informazioni sulla Riserva Nazionale di Pampa Galeras<\/h3>\n<p>La riserva nazionale di Pampas Galeras, che si trova in alto sulle Ande nel dipartimento peruviano di Ayacucho, custodisce l&#039;habitat d&#039;alta quota della vigogna in via di estinzione, una parente timida e aggraziata dell&#039;alpaca e del lama. Se sei abbastanza fortunato da imbatterti in una di queste adorabili e delicate creature allo stato brado, \u00e8 chiaro il motivo per cui gli Inca le veneravano.<\/p>","protected":false},"featured_media":951,"template":"","meta":{"_acf_changed":false},"product_brand":[],"product_cat":[23],"product_tag":[],"class_list":{"0":"post-950","1":"product","2":"type-product","3":"status-publish","4":"has-post-thumbnail","6":"product_cat-nazca-tour","7":"wt_location-nazca-tour","9":"first","10":"instock","11":"sold-individually","12":"shipping-taxable","13":"purchasable","14":"product-type-simple"},"acf":{"resumo_email":""},"_links":{"self":[{"href":"https:\/\/nazcatrips.com\/it\/wp-json\/wp\/v2\/product\/950","targetHints":{"allow":["GET"]}}],"collection":[{"href":"https:\/\/nazcatrips.com\/it\/wp-json\/wp\/v2\/product"}],"about":[{"href":"https:\/\/nazcatrips.com\/it\/wp-json\/wp\/v2\/types\/product"}],"wp:featuredmedia":[{"embeddable":true,"href":"https:\/\/nazcatrips.com\/it\/wp-json\/wp\/v2\/media\/951"}],"wp:attachment":[{"href":"https:\/\/nazcatrips.com\/it\/wp-json\/wp\/v2\/media?parent=950"}],"wp:term":[{"taxonomy":"product_brand","embeddable":true,"href":"https:\/\/nazcatrips.com\/it\/wp-json\/wp\/v2\/product_brand?post=950"},{"taxonomy":"product_cat","embeddable":true,"href":"https:\/\/nazcatrips.com\/it\/wp-json\/wp\/v2\/product_cat?post=950"},{"taxonomy":"product_tag","embeddable":true,"href":"https:\/\/nazcatrips.com\/it\/wp-json\/wp\/v2\/product_tag?post=950"}],"curies":[{"name":"wp","href":"https:\/\/api.w.org\/{rel}","templated":true}]}}