{"id":955,"date":"2022-08-01T12:12:59","date_gmt":"2022-08-01T12:12:59","guid":{"rendered":"https:\/\/nazcatrips.webja.pt\/?post_type=product&#038;p=955"},"modified":"2025-05-12T10:12:54","modified_gmt":"2025-05-12T10:12:54","slug":"historical-tour-to-the-pyramids-of-cahuachi","status":"publish","type":"product","link":"https:\/\/nazcatrips.com\/it\/shop\/nazca-tour\/tour-storico-alle-piramidi-di-cahuachi\/","title":{"rendered":"Tour storico alle piramidi di Cahuachi"},"content":{"rendered":"<h3>A proposito del Tour<\/h3>\n<p>Cahuachi, un importante centro cerimoniale della civilt\u00e0 di Nazca in Per\u00f9, occup\u00f2 tra il 200 aC e il 600 dC. Il complesso archeologico copre un&#039;area di 24 chilometri quadrati e all&#039;interno del suo territorio esistono grandi piramidi, templi e piattaforme.<\/p>\n<p>Il centro cerimoniale di Cahuachi ha una grande importanza, poich\u00e9 \u00e8 l\u00ec che si \u00e8 sviluppata l&#039;antica cultura di Nazca. Ci sono molte prove che indicano che i costruttori delle Linee di Nazca pregarono a Cahuachi, tutte queste prove sono supportate dalla vasta gamma di manufatti e resti trovati a Cahuachi includono zucche incise con disegni astratti e legati alla natura, tessuti e ceramiche della civilt\u00e0 di Nazca, tessuti e strumenti musicali, oltre ai resti di un bambino sacrificale e decine di tombe contenenti mummie risalenti a 2000 anni fa.<\/p>\n<p>A Cahuachi sono state trovate anche molte ceramiche che mostrano forme di esseri umani, animali e ciotole, raffiguranti un&#039;iconografia sorprendente, che dimostra chiaramente che tutte le figure incise sul deserto di Nazca assomigliano a quelle trovate dipinte sui vasi trovati a Cahuachi.<\/p>\n<p>Inoltre, ci sono molte linee che puntano dall&#039;area delle Linee di Nazca a Cahuachi, il che ci fa credere che le persone che hanno creato le linee di Nazca avevano un rapporto intimo con questo luogo di cerimonie religiose o usavano le strade come sentieri sacri e religiosi per raggiungi il deserto di Nazca dove trovi queste meravigliose linee e figure di Nazca.<\/p>\n<h3>Perch\u00e9 prenotare questa esperienza?<\/h3>\n<p>1. Guarda e lasciati stupire da questo luogo di culto che poi divenne cimitero<\/p>\n<p>2. Trova pezzi di ceramica e resti archeologici di Nazca Early<\/p>\n<h3>Itinerario<\/h3>\n<p>Sarai prelevato dal tuo hotel a Nazca e portato in un veicolo con aria condizionata per un giro turistico di Cahuachi. Una guida bilingue (inglese\/spagnolo) ti accompagner\u00e0 in questo tour.<\/p>\n<p>Guideremo il nostro veicolo privato a ovest di Nazca verso la parte inferiore della valle di Nazca e attraverseremo campi agricoli e un meraviglioso paesaggio desertico, quindi camminando un po&#039; pi\u00f9 incontreremo molti frammenti antichi di ceramica e resti umani.<\/p>\n<p>Arrivando al Cahuachi la nostra guida locale ci mostrer\u00e0 i settori pi\u00f9 importanti di Cahuachi, come la Grande Piramide, il Tempio a gradini e i molti altri settori che costituiscono le principali attrazioni di Cahuachi. Infine prenderemo il nostro veicolo privato per tornare a Nasca.<\/p>\n<p>Alla fine del tour, verrai riconsegnato al tuo hotel a Nazca.<\/p>\n<h3>Esclusioni<\/h3>\n<p>\u2013 1. Pasti e bevande<\/p>","protected":false},"excerpt":{"rendered":"<h3>A proposito delle piramidi di Cahuachi<\/h3>\n<p>A causa dello sviluppo dell&#039;antica civilt\u00e0 di Nazca l\u00ec, il centro cerimoniale di Cahuachi \u00e8 estremamente significativo. La vasta gamma di manufatti e resti scoperti a Cahuachi include zucche incise con disegni astratti e legati alla natura, tessuti e ceramiche della civilt\u00e0 nazca, tessuti e strumenti musicali, nonch\u00e9 i resti di un bambino sacrificale e dozzine di tombe contenenti mummie risalenti al 2000 anni. Questi manufatti e resti supportano tutti la teoria secondo cui i costruttori delle Linee di Nazca pregarono a Cahuachi.<\/p>","protected":false},"featured_media":956,"template":"","meta":{"_acf_changed":false},"product_brand":[],"product_cat":[23],"product_tag":[],"class_list":{"0":"post-955","1":"product","2":"type-product","3":"status-publish","4":"has-post-thumbnail","6":"product_cat-nazca-tour","7":"wt_location-nazca-tour","9":"first","10":"instock","11":"sold-individually","12":"shipping-taxable","13":"purchasable","14":"product-type-simple"},"acf":{"resumo_email":""},"_links":{"self":[{"href":"https:\/\/nazcatrips.com\/it\/wp-json\/wp\/v2\/product\/955","targetHints":{"allow":["GET"]}}],"collection":[{"href":"https:\/\/nazcatrips.com\/it\/wp-json\/wp\/v2\/product"}],"about":[{"href":"https:\/\/nazcatrips.com\/it\/wp-json\/wp\/v2\/types\/product"}],"wp:featuredmedia":[{"embeddable":true,"href":"https:\/\/nazcatrips.com\/it\/wp-json\/wp\/v2\/media\/956"}],"wp:attachment":[{"href":"https:\/\/nazcatrips.com\/it\/wp-json\/wp\/v2\/media?parent=955"}],"wp:term":[{"taxonomy":"product_brand","embeddable":true,"href":"https:\/\/nazcatrips.com\/it\/wp-json\/wp\/v2\/product_brand?post=955"},{"taxonomy":"product_cat","embeddable":true,"href":"https:\/\/nazcatrips.com\/it\/wp-json\/wp\/v2\/product_cat?post=955"},{"taxonomy":"product_tag","embeddable":true,"href":"https:\/\/nazcatrips.com\/it\/wp-json\/wp\/v2\/product_tag?post=955"}],"curies":[{"name":"wp","href":"https:\/\/api.w.org\/{rel}","templated":true}]}}