{"id":961,"date":"2022-08-01T11:27:33","date_gmt":"2022-08-01T11:27:33","guid":{"rendered":"https:\/\/nazcatrips.webja.pt\/?post_type=product&#038;p=961"},"modified":"2025-05-12T10:11:55","modified_gmt":"2025-05-12T10:11:55","slug":"chauchilla-cemetery-tour","status":"publish","type":"product","link":"https:\/\/nazcatrips.com\/it\/shop\/nazca-tour\/tour-to-chauchilla-cementery\/","title":{"rendered":"Cimitero di Chauchilla Tour"},"content":{"rendered":"<h3>A proposito del Tour<\/h3>\n<p>La civilt\u00e0 di Nazca aveva l&#039;abitudine di seppellire la propria gente. Grazie a questa pratica, il popolo di Nazca ha lasciato ceramiche quasi intatte, tessuti colorati, mummie, teschi e dispositivi. Ne erano consapevoli fin dalla fine del XX secolo ladri e ladri locali; le uniche cose che hanno lasciato nel deserto sono state le mummie e gli effetti personali minori. Le mummie sono riorganizzate ed esposte all&#039;interno di 12 tombe sotterranee, anche se frammenti di stoffa, vasellame e frammenti di ossa ricoprono ancora il terreno al di fuori del sentiero delimitato.<\/p>\n<p>Gli antichi coloni di Nazca avevano anche l&#039;usanza di seppellire la loro gente in posizione fetale e sempre rivolta verso oriente e seppellire con i loro possedimenti possibilmente con qualche idea fantastica di potersi avvalere in qualche futuro prossimo come molte civilt\u00e0 fiorite nel sud Per\u00f9.<\/p>\n<h3>Perch\u00e9 prenotare questa esperienza?<\/h3>\n<p>1. Osserva e lasciati stupire da questo cimitero di Chauchilla che contiene mummie e resti archeologici.<br \/>\n2. Goditi il caldo e il fantastico paesaggio del deserto di Nazca<\/p>\n<h3>Itinerario<\/h3>\n<p>Sarai prelevato dal tuo hotel a Nazca e portato nel nostro veicolo climatizzato per un giro turistico del cimitero di Chauchilla. Una guida bilingue (inglese\/spagnolo) ti accompagner\u00e0 in questo tour.<\/p>\n<p>Inizieremo il nostro tour prima facendo una sosta nel luogo in cui un maestro artigiano ci dar\u00e0 una buona spiegazione delle ceramiche di Nazca per saperne di pi\u00f9 sull&#039;iconografia e anche su come l&#039;antico popolo di Nazca realizzava ceramiche colorate e belle.<\/p>\n<p>Continuando il nostro tour ci dirigeremo a sud di Nazca, seguendo il percorso Panamericano per circa 21 chilometri e poi faremo una deviazione su una strada dissestata di 7 chilometri che porta al cimitero archeologico di Chauchilla.<\/p>\n<p>Nel cimitero di Chauchilla visiteremo diverse tombe contenenti antichi frammenti di ceramica e resti umani. E anche la nostra guida ci mostrer\u00e0 tombe dove le persone non sono state per scoprire cosa ci sono.<\/p>\n<p>I nostri clienti prenderanno anche il sole godendosi uno splendido paesaggio desertico.<\/p>\n<p>Alla fine del tour, verrai riconsegnato al tuo hotel a Nazca.<\/p>\n<h3>Esclusioni<\/h3>\n<p>-Pasti e bevande.<\/p>","protected":false},"excerpt":{"rendered":"<h3>A proposito di Cimitero di Chauchilla<\/h3>\n<p>Il cimitero di Chauchilla, 30 km a sud di Nazca, soddisfer\u00e0 qualsiasi esigenza di vedere ossa, teschi e mummie antiche. Risalenti alla tarda civilt\u00e0 di Nazca intorno all&#039;800 d.C., ladri di tombe e archeologi hanno evidenziato la precedente scoperta della civilt\u00e0 di Nazca nel deserto di Nazca. I corpi dell&#039;antico popolo di Nazca sono stati conservati nel cimitero di Chauchilla. Il clima arido della regione ha contribuito a preservare quei corpi.<\/p>","protected":false},"featured_media":962,"template":"","meta":{"_acf_changed":false},"product_brand":[],"product_cat":[23],"product_tag":[],"class_list":{"0":"post-961","1":"product","2":"type-product","3":"status-publish","4":"has-post-thumbnail","6":"product_cat-nazca-tour","7":"wt_location-nazca-tour","9":"first","10":"instock","11":"sold-individually","12":"shipping-taxable","13":"purchasable","14":"product-type-simple"},"acf":{"resumo_email":""},"_links":{"self":[{"href":"https:\/\/nazcatrips.com\/it\/wp-json\/wp\/v2\/product\/961","targetHints":{"allow":["GET"]}}],"collection":[{"href":"https:\/\/nazcatrips.com\/it\/wp-json\/wp\/v2\/product"}],"about":[{"href":"https:\/\/nazcatrips.com\/it\/wp-json\/wp\/v2\/types\/product"}],"wp:featuredmedia":[{"embeddable":true,"href":"https:\/\/nazcatrips.com\/it\/wp-json\/wp\/v2\/media\/962"}],"wp:attachment":[{"href":"https:\/\/nazcatrips.com\/it\/wp-json\/wp\/v2\/media?parent=961"}],"wp:term":[{"taxonomy":"product_brand","embeddable":true,"href":"https:\/\/nazcatrips.com\/it\/wp-json\/wp\/v2\/product_brand?post=961"},{"taxonomy":"product_cat","embeddable":true,"href":"https:\/\/nazcatrips.com\/it\/wp-json\/wp\/v2\/product_cat?post=961"},{"taxonomy":"product_tag","embeddable":true,"href":"https:\/\/nazcatrips.com\/it\/wp-json\/wp\/v2\/product_tag?post=961"}],"curies":[{"name":"wp","href":"https:\/\/api.w.org\/{rel}","templated":true}]}}