{"id":1934,"date":"2022-07-30T13:55:24","date_gmt":"2022-07-30T13:55:24","guid":{"rendered":"https:\/\/nazcatrips.com\/?page_id=1934"},"modified":"2023-05-21T12:18:45","modified_gmt":"2023-05-21T12:18:45","slug":"terms-and-conditions","status":"publish","type":"page","link":"https:\/\/nazcatrips.com\/pt\/termos-e-condicoes\/","title":{"rendered":"Termos e Condi\u00e7\u00f5es"},"content":{"rendered":"<div data-elementor-type=\"wp-page\" data-elementor-id=\"1934\" class=\"elementor elementor-1934\">\n\t\t\t\t\t\t<section class=\"elementor-section elementor-top-section elementor-element elementor-element-7415328 elementor-section-boxed elementor-section-height-default elementor-section-height-default\" data-id=\"7415328\" data-element_type=\"section\" data-e-type=\"section\">\n\t\t\t\t\t\t<div class=\"elementor-container elementor-column-gap-default\">\n\t\t\t\t\t<div class=\"elementor-column elementor-col-100 elementor-top-column elementor-element elementor-element-a42062d\" data-id=\"a42062d\" data-element_type=\"column\" data-e-type=\"column\">\n\t\t\t<div class=\"elementor-widget-wrap elementor-element-populated\">\n\t\t\t\t\t\t<div class=\"elementor-element elementor-element-f71559b elementor-widget elementor-widget-text-editor\" data-id=\"f71559b\" data-element_type=\"widget\" data-e-type=\"widget\" data-widget_type=\"text-editor.default\">\n\t\t\t\t<div class=\"elementor-widget-container\">\n\t\t\t\t\t\t\t\t\t<h1>TERMOS E CONDI\u00c7\u00d5ES<\/h1><h2>GENERALIDADES<\/h2><p>Este documento tem o status de contrato. \/ o cliente que adquire os servi\u00e7os aceita os termos e condi\u00e7\u00f5es presentes. \/ Nenhum estranho \u00e0 NAZCA TRIPS, tem a faculdade de alterar, limitar ou prorrogar a vig\u00eancia deste contrato.<\/p><h2>REALIZA\u00c7\u00c3O DE RESPONSABILIDADE<\/h2><p>A NAZCA TRIPS se responsabiliza apenas por fatos realizados por nossa equipe. \/ A Nazca Trips n\u00e3o se responsabiliza por qualquer a\u00e7\u00e3o ou evento imprevis\u00edvel ou inevit\u00e1vel. N\u00e3o nos responsabilizamos por irregularidades causadas por clientes ou terceiros. \/ A Nazca Trips n\u00e3o se responsabiliza por mau tempo, acidentes, danos materiais, perda de objetos pessoais, desastres naturais, custos adicionais, greves, etc. \u00c9 da responsabilidade de cada cliente ter um seguro para cobrir qualquer um destes eventos.<\/p><h2>CANCELAMENTOS E MUDAN\u00c7AS DE NEG\u00d3CIOS<\/h2><p>NAZCA TRIPS AG\u00caNCIA DE VIAGENS E OPERADOR DE TURISMO, reserva-se o direito de cancelar qualquer viagem nos seguintes casos:<\/p><p>Se o cliente n\u00e3o efectuar o pagamento de 100% do pre\u00e7o total da viagem 7 semanas (49 dias) antes da data da viagem. A ag\u00eancia pode efectuar qualquer altera\u00e7\u00e3o ao servi\u00e7o contratado. \/ A ag\u00eancia pode efectuar qualquer altera\u00e7\u00e3o ao servi\u00e7o contratado. No entanto, reservamo-nos o direito de reduzir ou modificar o itiner\u00e1rio ou substituir actividades, hotel, refei\u00e7\u00f5es e transporte quando considerarmos necess\u00e1rio. \/ Reservamo-nos o direito de cancelar uma viagem a qualquer momento por uma raz\u00e3o que, na nossa opini\u00e3o, possa comprometer a qualidade da viagem ou a seguran\u00e7a dos passageiros ou quaisquer outras circunst\u00e2ncias fora do nosso controlo (greves, protestos, voos cancelados por condi\u00e7\u00f5es meteorol\u00f3gicas).<\/p><h2>MODIFICA\u00c7\u00c3O FEITA PELOS CLIENTES<\/h2><p>Uma vez efectuada a reserva e paga total ou parcialmente; n\u00e3o h\u00e1 possibilidade de fazer qualquer altera\u00e7\u00e3o, seja na informa\u00e7\u00e3o do passageiro ou altera\u00e7\u00e3o da data da viagem. Isso de acordo com o arranjo do Minist\u00e9rio da Cultura.<\/p><h2>CANCELAMENTO FEITO PELOS CLIENTES<\/h2><p>O cancelamento n\u00e3o \u00e9 poss\u00edvel, a viagem ser\u00e1 adiada sem prazo. \/ O cliente \u00e9 respons\u00e1vel pelos custos ou despesas incorridos, n\u00e3o limitados a.  Recomendamos a aquisi\u00e7\u00e3o de um seguro de viagem independente em caso de emerg\u00eancia m\u00e9dica ou outra, de forma a ter a m\u00e1xima cobertura, satisfa\u00e7\u00e3o e tranquilidade poss\u00edvel.<\/p><h2>CANCELAMENTOS DE COMPANHIAS A\u00c9REAS<\/h2><p>Todos os cancelamentos de voos est\u00e3o sujeitos \u00e0 condi\u00e7\u00e3o de cancelamento imposta pelas companhias a\u00e9reas. \/ Estamos atuando como seu agente e n\u00e3o temos nenhuma responsabilidade pela execu\u00e7\u00e3o dos servi\u00e7os das Companhias A\u00e9reas, incluindo acidentes, morte, ferimentos, danos ou atraso de voo.<\/p><h2>PRE\u00c7OS<\/h2><p>Todos os shows de pagamento no site incluem as taxas de envio extras.<\/p><h2>ACORDO<\/h2><p>Estes Termos e Condi\u00e7\u00f5es constituem um acordo entre todas as partes envolvidas.<\/p>\t\t\t\t\t\t\t\t<\/div>\n\t\t\t\t<\/div>\n\t\t\t\t\t<\/div>\n\t\t<\/div>\n\t\t\t\t\t<\/div>\n\t\t<\/section>\n\t\t\t\t<\/div>","protected":false},"excerpt":{"rendered":"<p>TERMS AND CONDITIONS GENERALITIES This document has the status of contract. \/ the customer who buys the services accepts the terms and conditions Present. \/ No stranger to NAZCA TRIPS , has the ability to alter , limit or extend the term of this contract. REALESE OF LIABILITY NAZCA TRIPS accepts responsibility only for facts [&hellip;]<\/p>\n","protected":false},"author":1,"featured_media":0,"parent":0,"menu_order":0,"comment_status":"closed","ping_status":"closed","template":"","meta":{"_acf_changed":false,"footnotes":""},"class_list":["post-1934","page","type-page","status-publish","hentry"],"acf":[],"_links":{"self":[{"href":"https:\/\/nazcatrips.com\/pt\/wp-json\/wp\/v2\/pages\/1934","targetHints":{"allow":["GET"]}}],"collection":[{"href":"https:\/\/nazcatrips.com\/pt\/wp-json\/wp\/v2\/pages"}],"about":[{"href":"https:\/\/nazcatrips.com\/pt\/wp-json\/wp\/v2\/types\/page"}],"author":[{"embeddable":true,"href":"https:\/\/nazcatrips.com\/pt\/wp-json\/wp\/v2\/users\/1"}],"replies":[{"embeddable":true,"href":"https:\/\/nazcatrips.com\/pt\/wp-json\/wp\/v2\/comments?post=1934"}],"version-history":[{"count":0,"href":"https:\/\/nazcatrips.com\/pt\/wp-json\/wp\/v2\/pages\/1934\/revisions"}],"wp:attachment":[{"href":"https:\/\/nazcatrips.com\/pt\/wp-json\/wp\/v2\/media?parent=1934"}],"curies":[{"name":"wp","href":"https:\/\/api.w.org\/{rel}","templated":true}]}}