{"id":1190,"date":"2022-07-26T14:28:32","date_gmt":"2022-07-26T14:28:32","guid":{"rendered":"https:\/\/nazcatrips.webja.pt\/?post_type=product&#038;p=1190"},"modified":"2025-07-24T19:30:35","modified_gmt":"2025-07-24T19:30:35","slug":"nazca-lines-islas-ballestas-and-huacachina-oasis-tourist-bus-from-lima","status":"publish","type":"product","link":"https:\/\/nazcatrips.com\/pt\/shop\/nazca-lines\/nazca-lines-islas-ballestas-and-huacachina-oasis-tourist-bus-from-lima\/","title":{"rendered":"Linhas de Nazca, Islas Ballestas e Huacachina Oasis (\u00f4nibus tur\u00edstico de Lima)"},"content":{"rendered":"<h3 style=\"padding-left: 40px\">Itiner\u00e1rio<\/h3>\n<p><strong>Dia 01.- Lima para Paracas, Ilhas Ballestas, Reserva Natural e O\u00e1sis Huacachina.<\/strong><\/p>\n<p>4:15 Hrs. O nosso Tour para as misteriosas Linhas Nazca vai come\u00e7ar.<\/p>\n<p>Nossos clientes ser\u00e3o buscados em seus respectivos hot\u00e9is e depois transferidos para o terminal de \u00f4nibus para uma viagem de 3 horas. E 15 Min. Pela mundialmente famosa rodovia Panamericana Sul.<\/p>\n<p>Chegada \u00e0 cidade de Paracas aproximadamente \u00e0s 7:15 horas. Voc\u00ea ser\u00e1 assistido por nosso guia tur\u00edstico oficial e transferido para o porto de Paracas. Em seguida, submergiremos na excurs\u00e3o em vota\u00e7\u00e3o \u00e0s j\u00e1 famosas Gal\u00e1pagos do Peru!<\/p>\n<p>08:00h. Comece o passeio que durar\u00e1 2:00 horas. As Ilhas Ballestas. Eles s\u00e3o a principal atra\u00e7\u00e3o da vida selvagem de Paracas. Voc\u00ea encontrar\u00e1 muitas esp\u00e9cies ex\u00f3ticas de p\u00e1ssaros e vida marinha, algumas \u00fanicas no Peru.<\/p>\n<p>Este passeio de duas horas pelas ilhas mais famosas do Peru permite desfrutar de magn\u00edficas forma\u00e7\u00f5es rochosas esculpidas pela natureza e abriga os pinguins de Humboldt, os le\u00f5es marinhos da Am\u00e9rica do Sul e uma infinidade de aves marinhas. Ao mesmo tempo podemos ver o famoso Geoglifo o Candelabro. O que nos far\u00e1 admirar e respeitar o grande legado hist\u00f3rico dos homens do antigo Peru.<\/p>\n<p>10:00 Hrs. Tempo Livre Para tomar um bom caf\u00e9 da manh\u00e3 e recarregar as baterias para o pr\u00f3ximo Tour \u00e0 Reserva Natural de Paracas.<\/p>\n<p>11:00h. Come\u00e7aremos nosso passeio pela reserva natural de Paracas, a Reserva Nacional de Paracas possui uma das maiores reservas marinhas do Peru, hospedando mais de 200 tipos de aves e um grande n\u00famero de esp\u00e9cies marinhas.<\/p>\n<p>O passeio \u00e0 Reserva Nacional de Paracas nos far\u00e1 desfrutar n\u00e3o apenas de fabulosas paisagens mar\u00edtimas e des\u00e9rticas, mas tamb\u00e9m podemos aprender sobre o antigo homem de Paracas, que tinha cabelos ruivos (no Peru n\u00e3o temos cabelos ruivos\u2026. ) bem se surpreender com os cr\u00e2nios alongados (alguns pesquisadores acreditam que eles eram deuses).<\/p>\n<p>14:00 Hrs. Teremos uma hora para almo\u00e7ar, depois ser\u00e3o transferidos para o terminal de \u00f4nibus onde embarcar\u00e3o para a cidade de Ica.<\/p>\n<p>16h45 Ao chegar na cidade de Ica, voc\u00ea ser\u00e1 assistido por nosso guia oficial e transferido para o o\u00e1sis da Am\u00e9rica \u2013 Huacachina. Mais tarde, voc\u00ea far\u00e1 um emocionante passeio de buggy (carros de areia) ao mesmo tempo em que atravessar\u00e1 as encostas das dunas e poder\u00e1 se aventurar pela duna em pranchas ou esquis. Isso pode ser feito em p\u00e9, de barriga para baixo ou sentado.<\/p>\n<p>Este passeio de aventura nas dunas de areia promete encher voc\u00ea de adrenalina e fazer seu cora\u00e7\u00e3o acelerar em at\u00e9 1000 x horas!<\/p>\n<p>No final do passeio de aventura, vamos transferi-lo para o seu hotel para passar a noite.<\/p>\n<p><strong>Dia 02. Sobrevoo Linhas de Nazca, Aquedutos Cantalloc E retorno a Lima.<\/strong><\/p>\n<p>08:45 Hrs Vamos busc\u00e1-lo em seu hotel e transferi-lo para o terminal de \u00f4nibus para seu embarque e posterior viagem \u00e0 cidade de Nazca. A viagem ter\u00e1 a dura\u00e7\u00e3o de 2 horas e 30 minutos.<\/p>\n<p>11h30 \u00c0 chegada \u00e0 cidade das Linhas Misteriosas de Nnazca , voc\u00ea ser\u00e1 assistido por nosso Guia de Turismo oficial e transferido para o aer\u00f3dromo Mar\u00eda Reiche.<\/p>\n<p>No aer\u00f3dromo reconfirmaremos os dados com o passaporte e daremos os melhores conselhos para desfrutar de um \u00f3timo sobrevoo \u00e0s linhas ancestrais de Nazca. Antes de entrar na zona de embarque, nosso guia fornecer\u00e1 uma contextualiza\u00e7\u00e3o hist\u00f3rica das fascinantes linhas de Nazca.<\/p>\n<p>A \u00e1rea onde est\u00e3o localizadas as linhas de nazca \u00e9 de 500 km2, onde voc\u00ea ver\u00e1 as seguintes figuras e linhas: A Baleia, Trap\u00e9zio, O Astronauta, O Macaco, O Cachorro, O Beija-flor, O Condor, A Aranha, O P\u00e1ssaro Fragata, O Papagaio, A \u00c1rvore e as M\u00e3os (Voc\u00ea tamb\u00e9m ver\u00e1 a figura restaurada do lagarto). Algumas das figuras podem medir mais de 300 metros e a maioria s\u00f3 pode ser apreciada do ar. Quem os fez e para qu\u00ea, se ao menos pudessem ser vistos do c\u00e9u?<\/p>\n<p>Este sobrevoo promete lev\u00e1-lo a uma viagem ao passado, aproximando-o para desfrutar profundamente de uma das maiores maravilhas de todo o planeta.<\/p>\n<p>Depois de ter desfrutado de uma das melhores experi\u00eancias de sua vida. nosso guia estar\u00e1 atento esperando o desembarque. Para mais tarde lev\u00e1-lo para o centro da cidade. Para desfrutar de um saboroso menu tur\u00edstico em um dos restaurantes mais recomendados da cidade.<\/p>\n<p>Mais tarde, iniciaremos um pequeno passeio terrestre para aprender mais sobre a intrigante civiliza\u00e7\u00e3o Nasca. A visita ser\u00e1 dada a uma das maiores express\u00f5es da engenharia hidr\u00e1ulica, os famosos aquedutos de Cantalloc ou o intrigante cemit\u00e9rio de Chauchilla.<\/p>\n<p>No final do passeio; Retornaremos \u00e0 cidade e depois iremos ao terminal de \u00f4nibus.<\/p>\n<p>\u00c0s 16h10 ou 16h15 embarcaremos em um \u00f4nibus para seu grande retorno \u00e0 cidade dos reis.<\/p>\n<p>Ap\u00f3s a sua chegada, nosso motorista\/representante estar\u00e1 esperando por voc\u00ea para o traslado ao seu respectivo hotel.<\/p>\n<p>Grato por nos escolher para sua visita \u00e0s milenares e incr\u00edveis linhas de nazca, ser\u00e1 o fim de nossos servi\u00e7os.<\/p>\n<h3>Exclus\u00f5es no servi\u00e7o<\/h3>\n<p>Guia tur\u00edstico no \u00f4nibus..<\/p>\n<h3>Disponibilidade<\/h3>\n<p>Di\u00e1rio<\/p>\n<h3>Sa\u00eddas di\u00e1rias de Lima<\/h3>\n<p>Recolha no \u00e1trio do hotel: 04:15<br \/>\nO autocarro come\u00e7a a sua viagem \u00e0s 05:00 da manh\u00e3.<\/p>\n<h3>informa\u00e7\u00e3o adicional<\/h3>\n<p>Este passeio deve ser reservado com pelo menos 01 dia de anteced\u00eancia da data da viagem enviando um e-mail para info@nazcatrips.com.<\/p>","protected":false},"excerpt":{"rendered":"<h3>Sobre o Huacachina Oasis<\/h3>\n<p>Huacachina, no sudoeste do Peru, \u00e9 uma cidade cercada por dunas de areia e desenvolvida em torno de um pequeno o\u00e1sis. Est\u00e1 localizado no distrito de Ica da prov\u00edncia de Ica, a cinco quil\u00f4metros da cidade de Ica. Em 1991, o o\u00e1sis foi adicionado como um recurso no verso da nota de 50 nuevo sol.<\/p>","protected":false},"featured_media":1191,"template":"","meta":{"_acf_changed":false},"product_brand":[],"product_cat":[39,23],"product_tag":[],"class_list":{"0":"post-1190","1":"product","2":"type-product","3":"status-publish","4":"has-post-thumbnail","6":"product_cat-nazca-lines","7":"product_cat-nazca-tour","8":"wt_location-lima","10":"first","11":"instock","12":"sold-individually","13":"shipping-taxable","14":"purchasable","15":"product-type-simple"},"acf":{"resumo_email":""},"_links":{"self":[{"href":"https:\/\/nazcatrips.com\/pt\/wp-json\/wp\/v2\/product\/1190","targetHints":{"allow":["GET"]}}],"collection":[{"href":"https:\/\/nazcatrips.com\/pt\/wp-json\/wp\/v2\/product"}],"about":[{"href":"https:\/\/nazcatrips.com\/pt\/wp-json\/wp\/v2\/types\/product"}],"wp:featuredmedia":[{"embeddable":true,"href":"https:\/\/nazcatrips.com\/pt\/wp-json\/wp\/v2\/media\/1191"}],"wp:attachment":[{"href":"https:\/\/nazcatrips.com\/pt\/wp-json\/wp\/v2\/media?parent=1190"}],"wp:term":[{"taxonomy":"product_brand","embeddable":true,"href":"https:\/\/nazcatrips.com\/pt\/wp-json\/wp\/v2\/product_brand?post=1190"},{"taxonomy":"product_cat","embeddable":true,"href":"https:\/\/nazcatrips.com\/pt\/wp-json\/wp\/v2\/product_cat?post=1190"},{"taxonomy":"product_tag","embeddable":true,"href":"https:\/\/nazcatrips.com\/pt\/wp-json\/wp\/v2\/product_tag?post=1190"}],"curies":[{"name":"wp","href":"https:\/\/api.w.org\/{rel}","templated":true}]}}