{"id":1192,"date":"2022-07-26T14:42:03","date_gmt":"2022-07-26T14:42:03","guid":{"rendered":"https:\/\/nazcatrips.webja.pt\/?post_type=product&#038;p=1192"},"modified":"2026-03-20T20:35:21","modified_gmt":"2026-03-20T20:35:21","slug":"1-day-tour-program-by-private-transport-nazca-lines-tour-from-lima","status":"publish","type":"product","link":"https:\/\/nazcatrips.com\/pt\/shop\/nazca-lines\/1-day-tour-program-by-private-transport-nazca-lines-tour-from-lima\/","title":{"rendered":"Programa de Excurs\u00e3o de 1 Dia em Transporte Privado (Excurs\u00e3o Linhas de Nazca de Lima)"},"content":{"rendered":"<h3>Itiner\u00e1rio<\/h3>\n<p>Este passeio \u00e0s misteriosas Linhas de Nazca \u00e9 a maneira mais r\u00e1pida e f\u00e1cil de ver as Linhas Wolrd Heritage Nszca. Com este passeio, voc\u00ea economizar\u00e1 uma preciosa viagem no tempo de 6 horas se n\u00e3o puder visitar a maravilhosa cidade de nazca.<\/p>\n<p>6:30 am nossa aventura come\u00e7ar\u00e1 com a coleta de nossos queridos passageiros em seu hotel designado e depois transferidos para a cidade da Civiliza\u00e7\u00e3o Paracas. A viagem de percurso durar\u00e1 3 horas e 40 minutos. Pela famosa rodovia Panamericana ao sul. , ao chegar \u00e0 cidade de Paracas, voc\u00ea ser\u00e1 assistido por nosso guia tur\u00edstico oficial. Mais tarde, voc\u00ea ser\u00e1 transferido para o aeroporto pr\u00f3ximo de Pisco. Onde o nosso guia ir\u00e1 auxili\u00e1-lo nos procedimentos pr\u00e9vios ao voo, como o pagamento da sua taxa aeroportu\u00e1ria, pesagem e registro do voo. Nosso guia tamb\u00e9m fornecer\u00e1 uma contextualiza\u00e7\u00e3o hist\u00f3rica das admir\u00e1veis linhas de Nazca. Quando chegar a hora do seu voo, voc\u00ea embarcar\u00e1 em um moderno Cessna Grand Caravan, um avi\u00e3o que pode acomodar confortavelmente at\u00e9 12 passageiros. Onde o piloto e o co-piloto ir\u00e3o a bordo. A aeronave far\u00e1 curvas para a esquerda e para a direita passando por cada figura 1 vez de cada lado. Desta forma, voc\u00ea pode visualizar claramente todas as figuras.<\/p>\n<p>Assim que recebermos a autoriza\u00e7\u00e3o da torre de controle, decolaremos em dire\u00e7\u00e3o ao deserto de Nazca, subindo a uma altitude de 7.500 p\u00e9s, onde poderemos observar a bela paisagem da Ba\u00eda de Paracas e do oceano, e depois observar o deserto de Ica. As dunas de areia, chegando ao circuito das Linhas de Nazca, a torre de controle autorizar\u00e1 o avi\u00e3o a descer a 2500 p\u00e9s ou 3000 p\u00e9s (altitude de entrada para as Linhas de Nazca) onde voc\u00ea ver\u00e1 12 figuras.<\/p>\n<p>A \u00e1rea onde est\u00e3o localizadas as linhas de nazca \u00e9 de 500 km2, onde voc\u00ea ver\u00e1 as seguintes figuras e linhas: A Baleia, Trap\u00e9zio, O Astronauta, O Macaco, O Cachorro, O Beija-flor, O Condor, A Aranha, O P\u00e1ssaro Fragata, O Papagaio, A \u00c1rvore e as M\u00e3os (Voc\u00ea tamb\u00e9m ver\u00e1 a figura restaurada do lagarto). Algumas das figuras podem medir mais de 300 metros e a maioria s\u00f3 pode ser apreciada do ar. Quem os fez e para qu\u00ea, se ao menos pudessem ser vistos do c\u00e9u?<\/p>\n<p>Este sobrevoo promete lev\u00e1-lo a uma viagem ao passado, aproximando-o para desfrutar profundamente de uma das maiores maravilhas de todo o planeta.<\/p>\n<p>No final do passeio; Despedimo-nos da fascinante civiliza\u00e7\u00e3o Nasca e das suas linhas para depois regressarmos \u00e0 cidade dos Reis \u2013 Lima.<\/p>\n<h3>Exclus\u00f5es no servi\u00e7o<\/h3>\n<p>Guia de turismo na rota.<\/p>\n<h3>Disponibilidade<\/h3>\n<p>Di\u00e1rio<\/p>\n<h3>Sa\u00eddas di\u00e1rias de Lima<\/h3>\n<p>Pick up do hotel Lobby: 6h30<\/p>\n<h3>informa\u00e7\u00e3o adicional<\/h3>\n<p>Esta viagem deve ser reservada pelo menos 1 semana antes da data da viagem, enviando um e-mail para info@nazcatrips.com. Por favor, contacte-nos atrav\u00e9s do nosso n\u00famero whatsapp se tiver quaisquer perguntas ou preocupa\u00e7\u00f5es sobre o programa, teremos todo o prazer em poder explicar melhor o programa por telefone.<\/p>","protected":false},"excerpt":{"rendered":"<h3>Voo Linhas de Nazca<\/h3>\n<p>Experimente os maiores sobrev\u00f4os das Linhas de Nazca no in\u00edcio da manh\u00e3 em uma aeronave segura com pilotos experientes. Cada um de nossos voos para as Linhas de Nazca segue estritamente as diretrizes estabelecidas pela DGA. Sobrevoos com verdadeiros embaixadores peruanos nas Linhas de Nazca.<\/p>","protected":false},"featured_media":1193,"template":"","meta":{"_acf_changed":false},"product_brand":[],"product_cat":[39,23],"product_tag":[],"class_list":{"0":"post-1192","1":"product","2":"type-product","3":"status-publish","4":"has-post-thumbnail","6":"product_cat-nazca-lines","7":"product_cat-nazca-tour","8":"wt_location-pisco","10":"first","11":"instock","12":"sold-individually","13":"shipping-taxable","14":"purchasable","15":"product-type-simple"},"acf":{"resumo_email":""},"_links":{"self":[{"href":"https:\/\/nazcatrips.com\/pt\/wp-json\/wp\/v2\/product\/1192","targetHints":{"allow":["GET"]}}],"collection":[{"href":"https:\/\/nazcatrips.com\/pt\/wp-json\/wp\/v2\/product"}],"about":[{"href":"https:\/\/nazcatrips.com\/pt\/wp-json\/wp\/v2\/types\/product"}],"wp:featuredmedia":[{"embeddable":true,"href":"https:\/\/nazcatrips.com\/pt\/wp-json\/wp\/v2\/media\/1193"}],"wp:attachment":[{"href":"https:\/\/nazcatrips.com\/pt\/wp-json\/wp\/v2\/media?parent=1192"}],"wp:term":[{"taxonomy":"product_brand","embeddable":true,"href":"https:\/\/nazcatrips.com\/pt\/wp-json\/wp\/v2\/product_brand?post=1192"},{"taxonomy":"product_cat","embeddable":true,"href":"https:\/\/nazcatrips.com\/pt\/wp-json\/wp\/v2\/product_cat?post=1192"},{"taxonomy":"product_tag","embeddable":true,"href":"https:\/\/nazcatrips.com\/pt\/wp-json\/wp\/v2\/product_tag?post=1192"}],"curies":[{"name":"wp","href":"https:\/\/api.w.org\/{rel}","templated":true}]}}