{"id":1194,"date":"2022-07-26T14:52:20","date_gmt":"2022-07-26T14:52:20","guid":{"rendered":"https:\/\/nazcatrips.webja.pt\/?post_type=product&#038;p=1194"},"modified":"2025-01-07T22:43:24","modified_gmt":"2025-01-07T22:43:24","slug":"nazca-lines-flight-from-pisco","status":"publish","type":"product","link":"https:\/\/nazcatrips.com\/pt\/shop\/nazca-lines\/nazca-flights-from-pisco\/","title":{"rendered":"V\u00f4o das Linhas de Nazca de Pisco"},"content":{"rendered":"<h3>Sobre o passeio<\/h3>\n<p>Desfrute da maior experi\u00eancia de sua vida, sobrevoe as enigm\u00e1ticas Linhas de Nazca de Pisco.<\/p>\n<p><strong>Por que reservar esta experi\u00eancia?<\/strong><\/p>\n<p>\u2022 Voc\u00ea voar\u00e1 sobre uma das formas e linhas mais misteriosas da Terra: As Linhas de Nazca<br \/>\n\u2022 As linhas de Nazca foram designadas pelo Patrim\u00f4nio Cultural da Humanidade da UNESCO.<br \/>\n\u2022 Somos uma equipe profissional de .ass com 10 anos de experi\u00eancia.<br \/>\n\u2022 Efici\u00eancia em cada servi\u00e7o prestado.<\/p>\n<h3>Itiner\u00e1rio<\/h3>\n<p>O Dia da Atividade (sobrevoo sobre as Linhas de Nazca de Pisco) Voc\u00ea ser\u00e1 buscado em seu hotel em Pisco, paracas ou no terminal de \u00f4nibus. Mais tarde, voc\u00ea ser\u00e1 levado em um ve\u00edculo particular para o aeroporto de Pisco, onde embarcar\u00e1 em um avi\u00e3o Cessna Grand Caravan, um avi\u00e3o que pode acomodar confortavelmente at\u00e9 12 passageiros. Onde o piloto e o co-piloto ir\u00e3o a bordo. A aeronave far\u00e1 curvas \u00e0 esquerda e \u00e0 direita passando por cada figura 1 vez de cada lado. Desta forma, voc\u00ea pode visualizar claramente todas as figuras.<\/p>\n<p>Assim que recebermos a autoriza\u00e7\u00e3o da torre de controle, decolaremos em dire\u00e7\u00e3o ao deserto de Nazca, subindo a uma altitude de 7.500 p\u00e9s, onde poderemos observar a bela paisagem da Ba\u00eda de Paracas e do oceano, e depois observar o deserto de Ica. as dunas de areia, chegando ao circuito das Linhas de Nazca, a torre de controle autorizar\u00e1 o avi\u00e3o a descer a 2500 p\u00e9s ou 3000 p\u00e9s (altitude de entrada para as Linhas de Nazca) onde voc\u00ea ver\u00e1 12 figuras.<\/p>\n<p>A \u00e1rea onde est\u00e3o localizadas as linhas de nazca \u00e9 de 500 km2, onde voc\u00ea ver\u00e1 as seguintes figuras e linhas: A Baleia, Trap\u00e9zio, O Astronauta, O Macaco, O Cachorro, O Beija-flor, O Condor, A Aranha, O P\u00e1ssaro Fragata, O Papagaio, A \u00c1rvore e as M\u00e3os (Voc\u00ea tamb\u00e9m ver\u00e1 a figura restaurada do lagarto). Algumas das figuras podem medir mais de 300 metros e a maioria s\u00f3 pode ser apreciada do ar. Quem os fez e para qu\u00ea, se ao menos pudessem ser vistos do c\u00e9u?<\/p>\n<p>Este sobrevoo promete lev\u00e1-lo a uma viagem ao passado, aproximando-o de desfrutar profundamente de uma das maiores maravilhas de todo o planeta.<\/p>\n<p>No final do passeio; Despedimo-nos da fascinante civiliza\u00e7\u00e3o Nasca e das suas linhas para depois regressarmos \u00e0 cidade dos Reis \u2013 Lima.<\/p>\n<p>Gratos por nos terem escolhido para a sua visita \u00e0 milenar e surpreendente linha de Nazca ser\u00e1 o Fim dos nossos servi\u00e7os.<\/p>\n<p>Retorno do Aeroporto de Pisco.<\/p>\n<p>No final do sobrevoo das Linhas de Nazca, voc\u00ea ser\u00e1 deixado em seu respectivo hotel em Pisco, Paracas ou no terminal de \u00f4nibus.<\/p>\n<h3>Exclus\u00f5es<\/h3>\n<p>Taxa de aeroporto ($ 4,86 por pessoa) mais ( bilhete tur\u00edstico 47 solas peruanas por pessoa). Esta taxa deve ser paga pessoalmente minutos antes do embarque.<\/p>\n<h3>Disponibilidade<\/h3>\n<p>Di\u00e1rio<\/p>\n<h3>Primeira hora de partida e \u00faltimo voo<\/h3>\n<p>Das 8:00h \u00e0s 15:00h<\/p>\n<h3>Hora de retorno<\/h3>\n<p>Baixa Temporada: Pode demorar 02: .hrs (\u00e0s vezes h\u00e1 pequenos atrasos), enquanto isso podemos ver um v\u00eddeo sobre as Linhas de Nazca para obter mais informa\u00e7\u00f5es (\u00e0s vezes n\u00e3o dispon\u00edveis) nosso guia o acompanhou e ajudar\u00e1 durante todo o processo de sobrevoo . Portanto, voc\u00ea pode fazer todas as perguntas desejadas para ele.<\/p>\n<p>Alta temporada: A partida exata depender\u00e1 das condi\u00e7\u00f5es clim\u00e1ticas e do tr\u00e1fego a\u00e9reo, lembre-se de que estamos no inverno neste momento.<\/p>\n<h3>informa\u00e7\u00e3o adicional<\/h3>\n<p>\u00c9 necess\u00e1rio<\/p>\n<p>Este passeio deve ser reservado com pelo menos 01 dia de anteced\u00eancia da data da viagem enviando um e-mail para info@nazcatrips.com.<br \/>\nFicaremos felizes em responder a quaisquer perguntas que voc\u00ea possa ter.<\/p>","protected":false},"excerpt":{"rendered":"<h3>Por que reservar esta experi\u00eancia?<\/h3>\n<p>Sobrevoar\u00e1 uma das formas e linhas mais misteriosas da terra: As Linhas de Nazca. As Linhas de Nazca foram designadas pela UNESCO como Patrim\u00f3nio Cultural da Humanidade. Somos uma equipa profissional de .ass com 15 anos de experi\u00eancia. Responsabilidade e Seguran\u00e7a em cada servi\u00e7o prestado.<\/p>","protected":false},"featured_media":1195,"template":"","meta":{"_acf_changed":false},"product_brand":[],"product_cat":[39,29],"product_tag":[],"class_list":{"0":"post-1194","1":"product","2":"type-product","3":"status-publish","4":"has-post-thumbnail","6":"product_cat-nazca-lines","7":"product_cat-flight","8":"wt_location-pisco","10":"first","11":"instock","12":"sold-individually","13":"shipping-taxable","14":"purchasable","15":"product-type-simple"},"acf":{"resumo_email":""},"_links":{"self":[{"href":"https:\/\/nazcatrips.com\/pt\/wp-json\/wp\/v2\/product\/1194","targetHints":{"allow":["GET"]}}],"collection":[{"href":"https:\/\/nazcatrips.com\/pt\/wp-json\/wp\/v2\/product"}],"about":[{"href":"https:\/\/nazcatrips.com\/pt\/wp-json\/wp\/v2\/types\/product"}],"wp:featuredmedia":[{"embeddable":true,"href":"https:\/\/nazcatrips.com\/pt\/wp-json\/wp\/v2\/media\/1195"}],"wp:attachment":[{"href":"https:\/\/nazcatrips.com\/pt\/wp-json\/wp\/v2\/media?parent=1194"}],"wp:term":[{"taxonomy":"product_brand","embeddable":true,"href":"https:\/\/nazcatrips.com\/pt\/wp-json\/wp\/v2\/product_brand?post=1194"},{"taxonomy":"product_cat","embeddable":true,"href":"https:\/\/nazcatrips.com\/pt\/wp-json\/wp\/v2\/product_cat?post=1194"},{"taxonomy":"product_tag","embeddable":true,"href":"https:\/\/nazcatrips.com\/pt\/wp-json\/wp\/v2\/product_tag?post=1194"}],"curies":[{"name":"wp","href":"https:\/\/api.w.org\/{rel}","templated":true}]}}