{"id":1205,"date":"2022-07-26T15:16:38","date_gmt":"2022-07-26T15:16:38","guid":{"rendered":"https:\/\/nazcatrips.webja.pt\/?post_type=product&#038;p=1205"},"modified":"2024-03-01T16:11:08","modified_gmt":"2024-03-01T16:11:08","slug":"nazca-lines-tour-from-cusco","status":"publish","type":"product","link":"https:\/\/nazcatrips.com\/pt\/shop\/nazca-lines\/tour-linhas-de-nazca-desde-cusco\/","title":{"rendered":"Linhas de Nazca Tour de Cusco (2 dias)"},"content":{"rendered":"<h3>Noite 1: Viagem no autocarro Tourist de Cusco a Nazca<\/h3>\n<p>16:20 Hrs. Come\u00e7amos o nosso passeio em dire\u00e7\u00e3o \u00e0s misteriosas linhas de Nazca. Os nossos clientes ser\u00e3o recolhidos nos seus hot\u00e9is em Cusco e depois transferidos para a esta\u00e7\u00e3o de autocarros para fazer uma viagem de aproximadamente 14.00 Hrs. 30 min. Pela rodovia sul pan-americana.<\/p>\n<h4>Inclus\u00f5es neste dia<\/h4>\n<p>Pick up em seu hotel em Cusco e traslado \u00e0 rodovi\u00e1ria.<br \/>\nBilhetes de autocarro Tourist para Nazca com o Cruz del Sur Suite Service (Bus sit 160\u00ba).<\/p>\n<p>O nosso autocarro parte \u00e0s 17:00 horas.<\/p>\n<h3>DIA 1: Sobrevoo das Linhas de Nazca e do O\u00e1sis de Huacachina<\/h3>\n<p>08:30 Hrs. \u00c0 chegada \u00e0 cidade de Nazca ser\u00e1 recebido pelo nosso guia tur\u00edstico oficial que o assistir\u00e1 e o transferir\u00e1 para o aer\u00f3dromo Maria Reiche. Uma vez reconfirmados os dados com o passaporte, forneceremos os melhores conselhos para desfrutar de um grande sobrevoo \u00e0s linhas ancestrais de Nazca. Antes de entrar na sala de embarque, nosso guia fornecer\u00e1 uma contextualiza\u00e7\u00e3o hist\u00f3rica das fascinantes Linhas de Nazca.<\/p>\n<p>A \u00e1rea onde est\u00e3o localizadas as linhas de nazca \u00e9 de 500 km2, onde voc\u00ea ver\u00e1 as seguintes figuras e linhas: A Baleia, Trap\u00e9zio, O Astronauta, O Macaco, O Cachorro, O Beija-flor, O Condor, A Aranha, O P\u00e1ssaro Fragata, O Papagaio, A \u00c1rvore e as M\u00e3os (Voc\u00ea tamb\u00e9m ver\u00e1 a figura restaurada do lagarto). Algumas das figuras podem medir mais de 300 metros e a maioria s\u00f3 pode ser apreciada do ar. Para quem eles fizeram isso, se ao menos pudessem ser vistos do c\u00e9u? .<\/p>\n<p>Este sobrevoo promete lev\u00e1-lo a uma viagem ao passado, aproximando-o de desfrutar e admirar profundamente uma das maiores maravilhas de todo o planeta.<\/p>\n<p>Depois de ter vivido uma das melhores experi\u00eancias da sua vida. O nosso guia estar\u00e1 atento \u00e0 espera da aterragem. Em seguida, dirigimos para a cidade de Nazca para tomar um pequeno-almo\u00e7o apropriado e, em seguida, vamos lev\u00e1-lo atrav\u00e9s de transporte privado para a cidade de Ica. a viagem ser\u00e1 de 2 horas e 30 minutos.<\/p>\n<p>14:00 hrs. \u00c0 chegada \u00e0 cidade de Ica, ser\u00e3o assistidos pelo nosso guia tur\u00edstico oficial e transferidos para o vosso hotel em Ica - Huacachina. Das 14:00 Hrs. at\u00e9 \u00e0s 16:00 Hrs. ter\u00e3o um descanso no vosso hotel.<\/p>\n<p>\u00c0s 16:00 Hrs. iremos busc\u00e1-los para irmos at\u00e9 ao o\u00e1sis e faremos um passeio emocionante em buggy (carrinhos de areia) ao mesmo tempo que atravessar\u00e3o as encostas das dunas e poder\u00e3o aventurar-se a descer a duna em pranchas ou esquis. Isto pode ser feito de p\u00e9, de barriga para baixo e sentado. (fazemos esta excurs\u00e3o a esta hora para apreciar o mais belo p\u00f4r do sol enquanto fazemos buggye e sanboard)<\/p>\n<p>Este passeio de aventura nas dunas de areia promete encher voc\u00ea de adrenalina e fazer seu cora\u00e7\u00e3o acelerar em at\u00e9 1000 x horas!<\/p>\n<p>No final da excurs\u00e3o ao o\u00e1sis de Huacachina, lev\u00e1-lo-emos de volta ao seu hotel onde passaremos a noite.<\/p>\n<h4>Inclus\u00f5es neste dia<\/h4>\n<p>Recep\u00e7\u00e3o e assist\u00eancia na chegada \u00e0 cidade de Nazca pelo nosso guia oficial.<br \/>\nTraslado ao Aer\u00f3dromo Maria Reiche.<br \/>\nAssist\u00eancia e contextualiza\u00e7\u00e3o hist\u00f3rica das Linhas de Nazca.<br \/>\n35 minutos de sobrevoo para as Linhas de Nazca.<br \/>\nTaxa de aeroporto.<br \/>\nTransporte privado para Ica - Huacachina<br \/>\nRecep\u00e7\u00e3o e Assist\u00eancia na chegada \u00e0 cidade de Ica.<br \/>\nTraslado ao o\u00e1sis de Huacachina.<br \/>\nPasseio em Buggies (carrinhos de areia) e Sandboard (esporte a bordo) nas dunas de Huacachina.<br \/>\nRece\u00e7\u00e3o no final do Buggie Tour e transfer para o seu hotel.<\/p>\n<h3>DIA 2: Ilhas Ballestas, Reserva Nacional de Paracas e regresso a Lima<\/h3>\n<p>6:30 hrs. Iremos busc\u00e1-lo e transferi-lo para o cais de Paracas. Depois submergiremos na excurs\u00e3o em voto \u00e0s j\u00e1 famosas Gal\u00e1pagos do Peru!<\/p>\n<p>08:00h. Comece o passeio que durar\u00e1 2:00 horas. As Ilhas Ballestas s\u00e3o a principal atra\u00e7\u00e3o da vida selvagem de Paracas. Voc\u00ea encontrar\u00e1 muitas esp\u00e9cies ex\u00f3ticas de p\u00e1ssaros e vida marinha, algumas \u00fanicas no Peru.<\/p>\n<p>Este passeio de duas horas pelas ilhas mais famosas do Peru permite desfrutar de magn\u00edficas forma\u00e7\u00f5es rochosas esculpidas pela natureza e abriga os pinguins de Humboldt, os le\u00f5es marinhos da Am\u00e9rica do Sul e uma infinidade de aves marinhas. Ao mesmo tempo podemos ver o famoso Geoglifo o Candelabro. O que nos far\u00e1 admirar e respeitar o grande legado hist\u00f3rico dos homens do antigo Peru.<\/p>\n<p>11:00h. Come\u00e7aremos nosso passeio pela reserva natural de Paracas, a Reserva Nacional de Paracas possui uma das maiores reservas marinhas do Peru, hospedando mais de 200 tipos de aves e um grande n\u00famero de esp\u00e9cies marinhas.<\/p>\n<p>A excurs\u00e3o \u00e0 Reserva Nacional de Paracas nos far\u00e1 desfrutar n\u00e3o apenas de fabulosas paisagens mar\u00edtimas e des\u00e9rticas, mas tamb\u00e9m podemos aprender sobre o antigo homem de Paracas, que habitou essas \u00e1reas h\u00e1 mais de 2000 anos, deixando como evid\u00eancia em sua necr\u00f3pole uma grande diversidade de belos tecidos, que surpreendem o mundo. Depois disso, teremos um almo\u00e7o e, em seguida, transferi-lo para a esta\u00e7\u00e3o de autocarros para voltar para a cidade dos reis (Lima).<\/p>\n<p>14:10 Hrs. Apanharemos o nosso autocarro para regressar a Lima.<\/p>\n<p>17:55 Hrs. estaremos \u00e0 vossa espera para vos transferir para o vosso hotel ou para o Aeroporto Jorge Chavez. ( Nesta altura ser\u00e1 o fim dos nossos servi\u00e7os :))<\/p>\n<h4>Inclus\u00f5es neste dia<\/h4>\n<p>Recolha no seu hotel em Ica e transporte privado para o cais de Paracas.<br \/>\nTour Em vota\u00e7\u00e3o para Isla Ballestas.<br \/>\nRecep\u00e7\u00e3o no final do seu Tour e traslado para o in\u00edcio do Tour da Reserva Nacional.<br \/>\nExcurs\u00e3o privada \u00e0 Reserva Nacional de Paracas.<br \/>\nTodos os impostos e bilhetes tur\u00edsticos.<br \/>\nRecep\u00e7\u00e3o e transfer para a rodovi\u00e1ria.<br \/>\nBilhete de \u00f4nibus tur\u00edstico para a cidade de Lima.<\/p>\n<p>Rece\u00e7\u00e3o \u00e0 chegada e transfer para o hotel ou para o aeroporto Jorge Chavez<\/p>\n<h4>Exclus\u00f5es<\/h4>\n<p>\u2022 Guia tur\u00edstico na rota Paracas \u2013 Lima.<br \/>\n\u2022 Almo\u00e7o, caf\u00e9 da manh\u00e3 e jantar.<\/p>\n<p>- Pernoita em Ica.<\/p>\n<h3>Dura\u00e7\u00e3o<\/h3>\n<p>2 dias e 2 noites.<\/p>\n<h3>Sa\u00eddas di\u00e1rias de Lima<\/h3>\n<p>A partir de (1) 17:00 hrs.<\/p>\n<p>Importante: \u00e9 necess\u00e1rio um m\u00ednimo de 2 participantes para esta excurs\u00e3o. Esta excurs\u00e3o oferece-lhe maior conforto e flexibilidade de tempo. (no entanto, podemos organizar a excurs\u00e3o para SOLO Travelers com contactos pr\u00e9vios)<\/p>\n<h3>informa\u00e7\u00e3o adicional<\/h3>\n<p>H\u00e1 12 assentos VIP nos \u00f4nibus; para poder t\u00ea-los \u00e9 necess\u00e1rio reserv\u00e1-los com anteced\u00eancia.<br \/>\nEste passeio deve ser reservado pelo menos 1 semana antes da data do passeio.<\/p>\n<p>Agradecidos por terem nos escolhido para sua visita \u00e0 linha milenar e surpreendente de Nazca, o grande o\u00e1sis de Huacachina, as surpreendentes Ilhas Ballestas e a Reserva Nacional de Paracas. Ser\u00e1 o Fim dos nossos Servi\u00e7os.<\/p>","protected":false},"excerpt":{"rendered":"<h3>Por que reservar esta experi\u00eancia?<\/h3>\n<p>Voar\u00e1s sobre uma das formas e linhas mais misteriosas da Terra: As Linhas de Nazca. As linhas de Nazca foram designadas pela UNESCO como Patrim\u00f3nio Cultural da Humanidade. Somos uma equipa profissional de .ass com 15 anos de experi\u00eancia. RESPONSABILIDADE E SEGURAN\u00c7A em cada servi\u00e7o prestado. (NAZCA TRIPS PRO-TEAM)<\/p>","protected":false},"featured_media":1206,"template":"","meta":{"_acf_changed":false},"product_brand":[],"product_cat":[39,23],"product_tag":[],"class_list":{"0":"post-1205","1":"product","2":"type-product","3":"status-publish","4":"has-post-thumbnail","6":"product_cat-nazca-lines","7":"product_cat-nazca-tour","8":"wt_location-cusco","10":"first","11":"instock","12":"sold-individually","13":"shipping-taxable","14":"purchasable","15":"product-type-simple"},"acf":{"resumo_email":""},"_links":{"self":[{"href":"https:\/\/nazcatrips.com\/pt\/wp-json\/wp\/v2\/product\/1205","targetHints":{"allow":["GET"]}}],"collection":[{"href":"https:\/\/nazcatrips.com\/pt\/wp-json\/wp\/v2\/product"}],"about":[{"href":"https:\/\/nazcatrips.com\/pt\/wp-json\/wp\/v2\/types\/product"}],"wp:featuredmedia":[{"embeddable":true,"href":"https:\/\/nazcatrips.com\/pt\/wp-json\/wp\/v2\/media\/1206"}],"wp:attachment":[{"href":"https:\/\/nazcatrips.com\/pt\/wp-json\/wp\/v2\/media?parent=1205"}],"wp:term":[{"taxonomy":"product_brand","embeddable":true,"href":"https:\/\/nazcatrips.com\/pt\/wp-json\/wp\/v2\/product_brand?post=1205"},{"taxonomy":"product_cat","embeddable":true,"href":"https:\/\/nazcatrips.com\/pt\/wp-json\/wp\/v2\/product_cat?post=1205"},{"taxonomy":"product_tag","embeddable":true,"href":"https:\/\/nazcatrips.com\/pt\/wp-json\/wp\/v2\/product_tag?post=1205"}],"curies":[{"name":"wp","href":"https:\/\/api.w.org\/{rel}","templated":true}]}}